{"id":2629,"date":"2022-06-13T19:37:05","date_gmt":"2022-06-13T16:37:05","guid":{"rendered":"https:\/\/rocketplay-game.com\/table-games\/"},"modified":"2025-11-21T12:58:47","modified_gmt":"2025-11-21T09:58:47","slug":"table-games","status":"publish","type":"page","link":"https:\/\/rocketplay-game.com\/pt-br\/table-games\/","title":{"rendered":"Jogos de mesa de jogo online no RocketPlay Casino"},"content":{"rendered":"<p>Apesar do fato de que a categoria mais popular de jogos de azar virtuais hoje s\u00e3o os slots de v\u00eddeo, muitos desses amantes de risco e emo\u00e7\u00e3o preferem jogos de mesa de apostas online.<\/p>\n<p>Os jogos de mesa de cassino RocketPlay s\u00e3o um dos entretenimentos mais antigos da humanidade, que n\u00e3o perde sua popularidade h\u00e1 s\u00e9culos. Essa popularidade se deve a uma variedade de raz\u00f5es, das quais voc\u00ea aprender\u00e1 aqui, o cassino oficial online RocketPlay.<\/p>\n<p><img loading=\"lazy\" decoding=\"async\" class=\"aligncenter wp-image-244\" src=\"https:\/\/rocketplay-game.com\/wp-content\/uploads\/2022\/06\/rocketplay-site-300x114.png\" alt=\"Jogos de mesa de jogo online no RocketPlay Casino\" width=\"800\" height=\"303\" srcset=\"https:\/\/rocketplay-game.com\/wp-content\/uploads\/2022\/06\/rocketplay-site-300x114.png 300w, https:\/\/rocketplay-game.com\/wp-content\/uploads\/2022\/06\/rocketplay-site-768x291.png 768w, https:\/\/rocketplay-game.com\/wp-content\/uploads\/2022\/06\/rocketplay-site.png 930w\" sizes=\"auto, (max-width: 800px) 100vw, 800px\" \/><\/p>\n<h2>Jogos de mesa populares online no RocketPlay Casino<\/h2>\n<p>De acordo com as realidades atuais da vida moderna, a maior parte do entretenimento de jogos de azar mudou para a esfera online. Se voc\u00ea pertence ao grupo de pessoas que n\u00e3o se recusam a tentar o favor da fortuna na mesa de jogo &#8211; especialmente para voc\u00ea, os jogos de mesa de cassino RocketPlay online dos principais fornecedores do mundo.<\/p>\n<p>Nesta se\u00e7\u00e3o, voc\u00ea pode jogar poker online gratuitamente sem registro ou com dinheiro real. Al\u00e9m disso, especialmente para voc\u00ea, aqui est\u00e1 o jogo de cartas bacar\u00e1, a vers\u00e3o europ\u00e9ia e americana da roleta, o jogo de cartas vinte e um online (tamb\u00e9m conhecido como blackjack) e muito mais. Nesta se\u00e7\u00e3o, reunimos os melhores jogos de mesa de cassino RocketPlay mais populares, que podem ser encontrados nas salas de jogos em todo o mundo.<\/p>\n<h2>Jogos de mesa RocketPlay<\/h2>\n<p>Jogando na vers\u00e3o demo, os iniciantes podem aprender cuidadosamente os aspectos te\u00f3ricos e as caracter\u00edsticas de uma determinada m\u00e1quina e os jogadores mais experientes &#8211; para praticar suas pr\u00f3prias habilidades e desenvolver estrat\u00e9gias individuais de vit\u00f3ria.<\/p>\n<p>Todas as m\u00e1quinas submetidas s\u00e3o caracterizadas por gr\u00e1ficos de alta qualidade e muito realistas, o que contribui para a cria\u00e7\u00e3o da atmosfera da presen\u00e7a real do jogador na sala do cassino.<\/p>\n<p>\u00c9 por isso que, em primeiro lugar, os provedores mundiais, como Microgaming ou TomHorn Games &#8211; os principais desenvolvedores de emuladores de jogos de mesa, como p\u00f4quer, roleta online, etc., prestam aten\u00e7\u00e3o \u00e0 qualidade dos gr\u00e1ficos, bem como \u00e0 m\u00fasica . Al\u00e9m disso, apresentados no site RocketPlay, os jogos de mesa de cassino gratuitos possuem uma interface intuitiva que simplifica o processo de aprendizado como usu\u00e1rio.<\/p>\n<p>Qualquer jogador que visita o estabelecimento de jogo virtual, quer passar um tempo interessante e desfrutar da atmosfera de risco, e \u00e9 isso que ele pode fazer com jogos de mesa de cassino online RocketPlay com dinheiro real. Fazendo apostas reais, voc\u00ea tem a chance de se tornar o dono de um grande pr\u00eamio. Para isso, basta se <a href=\"https:\/\/rocketplay-game.com\/pt-br\/registration\/\">cadastrar<\/a> no site RocketPlay, e depositar da forma que for conveniente.<\/p>\n<h2>Vantagens dos jogos de mesa sobre os slots de v\u00eddeo<\/h2>\n<p>Apesar do fato de que aqueles que est\u00e3o apenas se familiarizando com o mundo do jogo virtual, o aplicativo de jogos de mesa de cassino RocketPlay parece muito complicado e eles preferem slots de v\u00eddeo brilhantes e coloridos, essa decis\u00e3o \u00e9 um pouco errada.<\/p>\n<p>Esta categoria oferece \u00e0 aten\u00e7\u00e3o dos jogadores uma grande variedade de entretenimento, entre os quais voc\u00ea pode encontrar op\u00e7\u00f5es com regras complexas e jogos simples que exigem apenas fazer uma aposta e pressionar o bot\u00e3o Iniciar.<\/p>\n<p>Os principais desenvolvedores equiparam seus produtos com regras detalhadas, atrav\u00e9s das quais mesmo o jogador que encontra esses jogos pela primeira vez pode entender facilmente o gerenciamento e todos os recursos do gerenciamento.<\/p>\n<h2>Jogo de mesa de roleta no cassino online RocketPlay<\/h2>\n<p>E quando voc\u00ea descobrir todas as regras e come\u00e7ar a jogar &#8211; o processo o absorver\u00e1 completamente. Ao contr\u00e1rio das m\u00e1quinas ca\u00e7a-n\u00edqueis onde o resultado \u00e9 100% dependente da boa vontade da Fortune, nos jogos de mesa a vantagem est\u00e1 do lado do jogador. E isso n\u00e3o \u00e9 uma fantasia dos desenvolvedores, mas um fato realmente comprovado.<\/p>\n<p><img loading=\"lazy\" decoding=\"async\" class=\"aligncenter wp-image-4629\" src=\"https:\/\/rocketplay-game.com\/wp-content\/uploads\/2024\/02\/2222.png\" alt=\"Jogos de mesa de jogo online no RocketPlay Casino 2\" width=\"800\" height=\"431\" srcset=\"https:\/\/rocketplay-game.com\/wp-content\/uploads\/2024\/02\/2222.png 1343w, https:\/\/rocketplay-game.com\/wp-content\/uploads\/2024\/02\/2222-300x162.png 300w, https:\/\/rocketplay-game.com\/wp-content\/uploads\/2024\/02\/2222-1024x551.png 1024w, https:\/\/rocketplay-game.com\/wp-content\/uploads\/2024\/02\/2222-768x413.png 768w\" sizes=\"auto, (max-width: 800px) 100vw, 800px\" \/><\/p>\n<p>Todo mundo sabe que a base de qualquer slot de v\u00eddeo \u00e9 um gerador de n\u00fameros aleat\u00f3rios &#8211; um dispositivo que cria uma sequ\u00eancia aleat\u00f3ria de n\u00fameros. O resultado \u00e9 exibido como uma combina\u00e7\u00e3o de s\u00edmbolos nas bobinas. Nesse caso, cada desenvolvedor de ca\u00e7a-n\u00edqueis inicialmente prometeu retornos percentuais aos jogadores. Nas melhores slots, que pode encontrar na sec\u00e7\u00e3o relevante do nosso site, esta percentagem \u00e9 de cerca de 95%.<\/p>\n<p>No entanto, o entretenimento desta categoria e casino premium para os jogadores \u00e9 muito menor. Al\u00e9m disso, o participante pode ter em suas m\u00e3os o controle absoluto do processo e do jogo. Em todos os cassinos online populares de jogos de mesa, o resultado da jogabilidade \u00e9 amplamente determinado n\u00e3o apenas pela sorte do jogador, mas tamb\u00e9m depende proporcionalmente das escolhas feitas por ele.<\/p>\n<p>O processo, cujo resultado depende das pr\u00f3prias decis\u00f5es do usu\u00e1rio, traz uma experi\u00eancia muito mais viva e rica, enchendo o sangue de adrenalina. Portanto, s\u00e3o os jogos de mesa de cassino que est\u00e3o associados a jogadores experientes com uma sensa\u00e7\u00e3o muito mais v\u00edvida da atmosfera de risco e emo\u00e7\u00e3o.<\/p>\n<h2>Uma varia\u00e7\u00e3o do jogo de cartas de mesa &#8211; video poker<\/h2>\n<p>Outra vantagem importante \u00e9 a dura\u00e7\u00e3o do jogo. Enquanto os rolos geralmente giram por alguns segundos, um jogo de cartas no Three Card <a href=\"https:\/\/rocketplay-game.com\/pt-br\/poker\/\">Poker<\/a> pode durar muito mais tempo. Voc\u00ea pode pegar o seu pr\u00f3prio, conveniente para o seu pr\u00f3prio ritmo de jogo, por exemplo, no slot Baccara (Baccarat).<\/p>\n<h3>Como escolher um jogo de tabuleiro?<\/h3>\n<p>Escolhendo um entretenimento adequado, voc\u00ea deve prestar aten\u00e7\u00e3o aos seguintes recursos principais:<\/p>\n<ul>\n<li>gr\u00e1ficos de alta qualidade;<\/li>\n<li>A capacidade de jogar a partir de um <a href=\"https:\/\/rocketplay-game.com\/mobile-version\/\">dispositivo m\u00f3vel,<\/a> que oferece suporte para a tecnologia inovadora HTML5 &#8211; para que voc\u00ea possa desfrutar de seus jogos favoritos a qualquer momento, em qualquer local conveniente;<\/li>\n<li>funcionamento est\u00e1vel &#8211; como nesse entretenimento o resultado depende muito das t\u00e1ticas utilizadas pelo jogador, qualquer falha ou interrup\u00e7\u00e3o da conex\u00e3o pode ser fatal;<\/li>\n<li>mec\u00e2nica realista da jogabilidade, que permite aos participantes aproveitar ao m\u00e1ximo o processo de jogo e cria uma atmosfera real de presen\u00e7a na sala de jogos do cassino;<\/li>\n<li>o cumprimento dos padr\u00f5es internacionais de jogo permite que usu\u00e1rios de diferentes pa\u00edses participem do jogo, sem pensar nas diferen\u00e7as nas regras.<\/li>\n<\/ul>\n<p>O cassino de b\u00f4nus sem dep\u00f3sito para jogos de mesa RocketPlay cumpre totalmente todas as caracter\u00edsticas acima. Ent\u00e3o, basta abrir o jogo que voc\u00ea gosta &#8211; e desfrutar da atmosfera emocionante de emo\u00e7\u00e3o e risco com o cassino online RocketPlay!<\/p>\n<p><img loading=\"lazy\" decoding=\"async\" class=\"aligncenter wp-image-4638\" src=\"https:\/\/rocketplay-game.com\/wp-content\/uploads\/2024\/02\/33333.png\" alt=\"Jogos de mesa de jogo online no RocketPlay Casino 3\" width=\"800\" height=\"393\" srcset=\"https:\/\/rocketplay-game.com\/wp-content\/uploads\/2024\/02\/33333.png 1348w, https:\/\/rocketplay-game.com\/wp-content\/uploads\/2024\/02\/33333-300x147.png 300w, https:\/\/rocketplay-game.com\/wp-content\/uploads\/2024\/02\/33333-1024x503.png 1024w, https:\/\/rocketplay-game.com\/wp-content\/uploads\/2024\/02\/33333-768x377.png 768w\" sizes=\"auto, (max-width: 800px) 100vw, 800px\" \/><\/p>\n<h2>Perguntas frequentes sobre o cassino de jogos de mesa<\/h2>\n<h3>O que s\u00e3o jogos de mesa de cassino?<\/h3>\n<p>Os jogos de mesa s\u00e3o emuladores virtuais dos jogos de cartas e roleta mais populares implementados com um grau m\u00e1ximo de realismo, bem como jogos ao vivo com dealer ao vivo. Aqui o jogador pode influenciar o resultado da rodada com suas pr\u00f3prias decis\u00f5es e habilidades, e a implementa\u00e7\u00e3o de alta qualidade cria uma atmosfera real de presen\u00e7a na sala de jogo real.<\/p>\n<h3>Quais jogos de mesa podem ser jogados no cassino online RocketPlay?<\/h3>\n<p>O cassino online RocketPlay oferece todos os tipos populares de jogos de mesa a dinheiro: cartas (p\u00f4quer, blackjack e bacar\u00e1), roleta (francesa, americana e europeia), dados, raspadinha e outros. Uma categoria separada s\u00e3o os jogos com dealers ao vivo (Live Casino): dados, bacar\u00e1, p\u00f4quer, bem como loterias e roda da fortuna. Se voc\u00ea olhar para os jogos individuais, existem jogos de mesa de azar online dos provedores Tom Horn, Microgaming, Playtech, Playson, Amatic e BetGames TV.<\/p>\n<h3>Qual jogo de mesa escolher para jogar por dinheiro?<\/h3>\n<p>A quest\u00e3o de escolher o melhor jogo de mesa online &#8211; cartas ou roleta &#8211; para jogar com apostas reais \u00e9 individual. Uma vez que, ao contr\u00e1rio dos slots de v\u00eddeo, onde a jogabilidade \u00e9 praticamente id\u00eantica, cada esp\u00e9cie tem seu pr\u00f3prio car\u00e1ter \u00fanico. Al\u00e9m disso, preste aten\u00e7\u00e3o \u00e0 porcentagem de pagamento de um determinado modelo (para videop\u00f4quer e m\u00e1quinas ca\u00e7a-n\u00edqueis com roleta), um indicador que afeta diretamente a lucratividade do seu jogo. Os jogadores experientes geralmente escolhem Aces and Faces Poker, Roleta Francesa, Bet-on-Poker e Deuces Wild.<\/p>\n<h3>Quais jogos de mesa de cassino online s\u00e3o melhores: roleta, cartas ou dados?<\/h3>\n<p>\u00c9 imposs\u00edvel responder inequivocamente \u00e0 quest\u00e3o de quais jogos de mesa de cassino online s\u00e3o melhores, pois \u00e9 uma quest\u00e3o de prefer\u00eancia individual. Se voc\u00ea tomar como base a popularidade geral deste tipo de ca\u00e7a-n\u00edqueis entre os jogadores, os mais populares s\u00e3o as cartas, nomeadamente o videop\u00f4quer, a partir do qual o blackjack virtual praticamente acompanha o ritmo. A roleta tamb\u00e9m n\u00e3o perde sua posi\u00e7\u00e3o na encarna\u00e7\u00e3o virtual, justificando seu \u201ct\u00edtulo real\u201d.<\/p>\n<h3>Posso jogar jogos de mesa de azar de gra\u00e7a?<\/h3>\n<p>No site oficial do cassino RocketPlay, voc\u00ea pode experimentar qualquer m\u00e1quina de mesa no modo de demonstra\u00e7\u00e3o gratuito. O jogo de demonstra\u00e7\u00e3o n\u00e3o exige cadastro no site ou dep\u00f3sito, e est\u00e1 dispon\u00edvel para todos os visitantes do projeto, basta escolher o modelo adequado e prosseguir para o jogo.<\/p>\n","protected":false},"excerpt":{"rendered":"<p>Apesar do fato de que a categoria mais popular de jogos de azar virtuais hoje s\u00e3o os slots de v\u00eddeo, muitos desses amantes de risco e emo\u00e7\u00e3o preferem jogos de mesa de apostas online. Os jogos de mesa de cassino RocketPlay s\u00e3o um dos entretenimentos mais antigos da humanidade, que n\u00e3o perde sua popularidade h\u00e1&#8230;<\/p>\n","protected":false},"author":1,"featured_media":0,"parent":0,"menu_order":0,"comment_status":"closed","ping_status":"closed","template":"page-with-bonus.php","meta":{"_acf_changed":false,"_kad_post_transparent":"default","_kad_post_title":"default","_kad_post_layout":"default","_kad_post_sidebar_id":"","_kad_post_content_style":"default","_kad_post_vertical_padding":"default","_kad_post_feature":"","_kad_post_feature_position":"","_kad_post_header":false,"_kad_post_footer":false,"footnotes":""},"class_list":["post-2629","page","type-page","status-publish","hentry"],"acf":[],"rttpg_featured_image_url":null,"rttpg_author":{"display_name":"Tom","author_link":"https:\/\/rocketplay-game.com\/pt-br\/author\/pemvas95n89x\/"},"rttpg_comment":0,"rttpg_category":null,"rttpg_excerpt":"Apesar do fato de que a categoria mais popular de jogos de azar virtuais hoje s\u00e3o os slots de v\u00eddeo, muitos desses amantes de risco e emo\u00e7\u00e3o preferem jogos de mesa de apostas online. Os jogos de mesa de cassino RocketPlay s\u00e3o um dos entretenimentos mais antigos da humanidade, que n\u00e3o perde sua popularidade h\u00e1...","_links":{"self":[{"href":"https:\/\/rocketplay-game.com\/pt-br\/wp-json\/wp\/v2\/pages\/2629","targetHints":{"allow":["GET"]}}],"collection":[{"href":"https:\/\/rocketplay-game.com\/pt-br\/wp-json\/wp\/v2\/pages"}],"about":[{"href":"https:\/\/rocketplay-game.com\/pt-br\/wp-json\/wp\/v2\/types\/page"}],"author":[{"embeddable":true,"href":"https:\/\/rocketplay-game.com\/pt-br\/wp-json\/wp\/v2\/users\/1"}],"replies":[{"embeddable":true,"href":"https:\/\/rocketplay-game.com\/pt-br\/wp-json\/wp\/v2\/comments?post=2629"}],"version-history":[{"count":3,"href":"https:\/\/rocketplay-game.com\/pt-br\/wp-json\/wp\/v2\/pages\/2629\/revisions"}],"predecessor-version":[{"id":5208,"href":"https:\/\/rocketplay-game.com\/pt-br\/wp-json\/wp\/v2\/pages\/2629\/revisions\/5208"}],"wp:attachment":[{"href":"https:\/\/rocketplay-game.com\/pt-br\/wp-json\/wp\/v2\/media?parent=2629"}],"curies":[{"name":"wp","href":"https:\/\/api.w.org\/{rel}","templated":true}]}}