{"id":2633,"date":"2022-06-13T18:04:06","date_gmt":"2022-06-13T15:04:06","guid":{"rendered":"https:\/\/rocketplay-game.com\/bingo\/"},"modified":"2022-10-30T00:51:54","modified_gmt":"2022-10-29T21:51:54","slug":"bingo","status":"publish","type":"page","link":"https:\/\/rocketplay-game.com\/pt-br\/bingo\/","title":{"rendered":"Como Jogar Bingo no RocketPlay Casino"},"content":{"rendered":"<p>Se voc\u00ea nunca jogou o bingo online gr\u00e1tis <a href=\"https:\/\/rocketplay-game.com\/pt-br\/\">RocketPlay<\/a> antes, voc\u00ea ainda pode entender facilmente as regras do jogo, pois o Bingo \u00e9 um jogo de jackpot simples com muitas pessoas competindo em cada cavalo por um (ou mais) pr\u00eamios vencedores. No entanto, existem v\u00e1rios formatos diferentes em que este jogo pode ser jogado, e cada um usa regras ligeiramente diferentes.<\/p>\n<p>Neste jogo, os jogadores compram cartas com uma grade de cinco por cinco. Quinze n\u00fameros referem-se a cada uma das cinco colunas, e geralmente cada coluna est\u00e1 associada a uma das letras B-I-N-G-O. Por exemplo, B cont\u00e9m os n\u00fameros 1-15, I cont\u00e9m os n\u00fameros 16-30, etc. Os cart\u00f5es cont\u00eam n\u00fameros atribu\u00eddos aleatoriamente em cada coluna do intervalo apropriado. Em muitas variedades de revis\u00e3o de bingo online RocketPlay, o campo central \u00e9 fornecido aos jogadores no in\u00edcio do jogo como um &#8220;quadrado livre&#8221;, que serve principalmente para acelerar o jogo de alguma forma.<\/p>\n<p><img loading=\"lazy\" decoding=\"async\" class=\"aligncenter wp-image-220\" src=\"https:\/\/rocketplay-game.com\/wp-content\/uploads\/2022\/06\/rocketplaycasino-300x113.webp\" alt=\"\" width=\"800\" height=\"300\" srcset=\"https:\/\/rocketplay-game.com\/wp-content\/uploads\/2022\/06\/rocketplaycasino-300x113.webp 300w, https:\/\/rocketplay-game.com\/wp-content\/uploads\/2022\/06\/rocketplaycasino-1024x384.webp 1024w, https:\/\/rocketplay-game.com\/wp-content\/uploads\/2022\/06\/rocketplaycasino-768x288.webp 768w, https:\/\/rocketplay-game.com\/wp-content\/uploads\/2022\/06\/rocketplaycasino.webp 1140w\" sizes=\"auto, (max-width: 800px) 100vw, 800px\" \/><\/p>\n<p>O apresentador anuncia os n\u00fameros, um a um, e os jogadores marcam os campos correspondentes em seus cart\u00f5es quando esses n\u00fameros coincidem. O objetivo do jogo \u00e9 ser o primeiro jogador a preencher os n\u00fameros necess\u00e1rios para um determinado jogo. Na maioria das vezes, os jogadores precisam preencher uma linha horizontal, vertical ou diagonal de cinco campos seguidos. V\u00e1rias outras pe\u00e7as tamb\u00e9m s\u00e3o poss\u00edveis: losangos, quatro cantos, molduras, letras, cobertura total dos campos (o chamado &#8220;apag\u00e3o&#8221;). Em geral, qualquer pe\u00e7a pode ser usada, desde que os jogadores entendam o que \u00e9 necess\u00e1rio para obter uma vit\u00f3ria. Tradicionalmente, depois que um jogador fecha sua pe\u00e7a, ele deve gritar &#8220;BINGO!&#8221;, ap\u00f3s o que o anfitri\u00e3o verificar\u00e1 o bilhete do jogador e o jogador receber\u00e1 um pr\u00eamio por esse jogo ou pe\u00e7a.<\/p>\n<p>Em grande parte do mundo, especialmente na Brasil, uma varia\u00e7\u00e3o do jogo chamada 90-Ball Bingo \u00e9 principalmente comum. Neste caso, os jogadores recebem cartas com tr\u00eas linhas e nove colunas. No entanto, haver\u00e1 apenas cinco n\u00fameros por coluna (os campos restantes ficar\u00e3o em branco), o que significa que a carta de cada jogador conter\u00e1 15 n\u00fameros. Os n\u00fameros em cada coluna est\u00e3o associados a diferentes grupos de cerca de dez n\u00fameros: a primeira coluna pode conter apenas n\u00fameros de 1 a 9, a segunda coluna pode conter n\u00fameros de 10 a 19 e a nona coluna conter\u00e1 n\u00fameros de 80 a 90.<\/p>\n<p>No jogo de b\u00f4nus de bingo online RocketPlay regular, tr\u00eas pr\u00eamios diferentes s\u00e3o concedidos. O primeiro e menor pr\u00eamio \u00e9 dado ao vencedor por &#8220;uma linha&#8221;, que \u00e9 o primeiro jogador a adivinhar todos os cinco n\u00fameros em uma linha horizontal em seu cart\u00e3o. O segundo pr\u00eamio provis\u00f3rio \u00e9 dado ao jogador que preencher duas linhas (dez campos no total &#8211; os chamados pontos). Finalmente, o grande pr\u00eamio vai para o primeiro jogador (ou jogadores) a obter um &#8220;full house&#8221; verificando corretamente todos os 15 n\u00fameros em seu cart\u00e3o.<\/p>\n<p>Outras vers\u00f5es do jogo tamb\u00e9m s\u00e3o comuns, mesmo que sejam menos populares que as duas op\u00e7\u00f5es principais. Os cart\u00f5es de jogos de bingo 80-Ball RocketPlay online usam uma figura de quatro por quatro, mas este jogo \u00e9 mais um jogo de 75 bolas, com o objetivo para os jogadores que desejam ganhar um pr\u00eamio geralmente cobrir todas as linhas ou pe\u00e7as. Uma vers\u00e3o deste jogo, 30-Ball, \u00e9 uma vers\u00e3o &#8220;r\u00e1pida&#8221; do jogo: os jogadores geralmente recebem uma carta de tr\u00eas contra tr\u00eas, e a primeira pessoa a preencher a carta inteira ganha o pr\u00eamio desse cone.<\/p>\n<h2>Preenchendo seu cart\u00e3o virtual<\/h2>\n<p>O RocketPlay jogar bingo online foi lan\u00e7ado no final dos anos noventa, com as primeiras vers\u00f5es do jogo aparecendo online por volta de 1996. Muitos desses jogos eram gratuitos, alguns ofereciam pr\u00eamios (geralmente n\u00e3o em dinheiro) para os vencedores. O Bingo com dinheiro real s\u00f3 come\u00e7ou a se espalhar online depois que muitas outras formas de jogo online, como o poker online, se tornaram bem-sucedidas na primeira d\u00e9cada do s\u00e9culo XXI.<\/p>\n<p>Hoje, os jogadores podem escolher entre dezenas de sites respeit\u00e1veis, confi\u00e1veis \u200b\u200be populares, como o bingo online RocketPlay Brasil.<\/p>\n<p>Os formatos mais populares s\u00e3o com 75 e 90 bolas. A distribui\u00e7\u00e3o de tipos de jogos individuais depende de quais regi\u00f5es um determinado site \u00e9 direcionado: ent\u00e3o, se o p\u00fablico principal do site for americano ou canadense, o formato B-I-N-G-O provavelmente ser\u00e1 dominante.<\/p>\n<p>A maioria dos sistemas de software cont\u00e9m recursos comuns que os jogadores podem usar para organizar melhor seu jogo. E enquanto cada jogador geralmente tem a op\u00e7\u00e3o de marcar manualmente as cartas (tornando o jogo mais pr\u00f3ximo do modo ao vivo), h\u00e1 tamb\u00e9m um recurso &#8220;autolabel&#8221; que faz isso funcionar automaticamente &#8211; um recurso que \u00e9 especialmente \u00fatil ao jogar com muitas cartas.<\/p>\n<p>Falando em quem joga com muitas cartas e n\u00e3o consegue acompanhar todas, existem sites que oferecem maneiras de marcar suas principais a\u00e7\u00f5es quando voc\u00ea ganha um golpe. Normalmente, \u00e9 oferecido um certo mecanismo de classifica\u00e7\u00e3o que move suas cartas mais bem-sucedidas para o topo, permitindo que voc\u00ea veja imediatamente o qu\u00e3o perto voc\u00ea est\u00e1 de formar uma pe\u00e7a vencedora.<\/p>\n<p><img loading=\"lazy\" decoding=\"async\" class=\"aligncenter wp-image-219\" src=\"https:\/\/rocketplay-game.com\/wp-content\/uploads\/2022\/06\/2832_rocketplay-game-selection-300x176.webp\" alt=\"\" width=\"800\" height=\"471\" srcset=\"https:\/\/rocketplay-game.com\/wp-content\/uploads\/2022\/06\/2832_rocketplay-game-selection-300x176.webp 300w, https:\/\/rocketplay-game.com\/wp-content\/uploads\/2022\/06\/2832_rocketplay-game-selection.webp 680w\" sizes=\"auto, (max-width: 800px) 100vw, 800px\" \/><\/p>\n<h2>Como come\u00e7ar?<\/h2>\n<p>Se voc\u00ea decidiu tentar a sorte no bingo online RocketPlay, voc\u00ea tomou a decis\u00e3o certa. O site oferece jogo de bingo online RocketPlay com dinheiro real em seu territ\u00f3rio.<\/p>\n<p>Depois de abrir uma conta, voc\u00ea precisar\u00e1 encontrar uma maneira de fazer um dep\u00f3sito nela. Para o jogo de bingo online sem dep\u00f3sito RocketPlay, existem v\u00e1rias op\u00e7\u00f5es banc\u00e1rias usadas para jogos de azar na Internet e s\u00e3o mais ou menos as mesmas oferecidas nos <a href=\"https:\/\/rocketplay-game.com\/pt-br\/casino\/\">cassinos online<\/a>. Se voc\u00ea n\u00e3o estiver familiarizado com eles, aqui est\u00e3o as explica\u00e7\u00f5es dos m\u00e9todos mais usados \u200b\u200bpelos jogadores:<\/p>\n<ul>\n<li>Cart\u00f5es de Cr\u00e9dito: Posso usar cart\u00f5es de cr\u00e9dito para esta finalidade? Visa e MasterCard s\u00e3o amplamente aceitos no mundo do jogo online, embora eles queiram que seus cart\u00f5es sejam usados \u200b\u200bem tais sites depende dos bancos emissores. Isso significa que voc\u00ea pode descobrir que alguns cart\u00f5es n\u00e3o s\u00e3o processados \u200b\u200bem alguns dos sites nos quais voc\u00ea deseja apostar.<\/li>\n<li>Carteiras Eletr\u00f4nicas: Esses servi\u00e7os permitem que voc\u00ea mantenha dinheiro em uma &#8220;carteira&#8221; virtual que voc\u00ea pode usar para fazer dep\u00f3sitos, processar saques ou enviar dinheiro de volta para sua conta banc\u00e1ria. Normalmente, uma carteira eletr\u00f4nica se conecta \u00e0 sua conta banc\u00e1ria, cart\u00e3o de cr\u00e9dito ou outra fonte de financiamento e, em seguida, voc\u00ea pode usar a carteira eletr\u00f4nica para coordenar todas as suas transa\u00e7\u00f5es banc\u00e1rias. Skrill e Neteller s\u00e3o carteiras eletr\u00f4nicas populares no mundo dos jogos, e o PayPal (talvez a carteira eletr\u00f4nica mais famosa para fins gerais) tamb\u00e9m \u00e9 aceito em alguns sites.<\/li>\n<li>Transfer\u00eancias banc\u00e1rias: Se voc\u00ea n\u00e3o quiser lidar com intermedi\u00e1rios, voc\u00ea pode simplesmente transferir fundos diretamente do seu banco para o site certo.<\/li>\n<li>Vouchers\/cart\u00f5es pr\u00e9-pagos: Voc\u00ea pode querer usar dinheiro para financiar seu jogo, mas n\u00e3o pode simplesmente pegar alguns d\u00f3lares e envi\u00e1-los para seu site favorito. Em vez disso, voc\u00ea pode comprar um produto pr\u00e9-pago, que receber\u00e1 junto com um c\u00f3digo para usar no site desejado para financiar sua conta. Um grande exemplo \u00e9 Ukash. \u00c9 um voucher que \u00e9 vendido em mil locais de varejo. PaySafeCard \u00e9 outra op\u00e7\u00e3o popular para fazer dep\u00f3sitos pr\u00e9-pagos.<\/li>\n<\/ul>\n<p>Estas s\u00e3o apenas algumas das muitas maneiras de financiar sua conta. O recebimento de seus pagamentos geralmente \u00e9 feito de maneira semelhante &#8211; al\u00e9m disso, a maioria dos operadores ficar\u00e1 feliz em enviar um cheque por correio, se essa for a melhor maneira de receber seus ganhos. Se voc\u00ea j\u00e1 tem uma conta e tem saldo para completar, poder\u00e1 comprar cart\u00f5es e jogar seu primeiro jogo em apenas alguns minutos!<\/p>\n<p>No que diz respeito ao software, o RocketPlay \u00e9 suportado por plataformas de pagamento instant\u00e2neo que podem ser acessadas diretamente do seu navegador da web. Atualmente, como acontece com outros tipos de jogos de azar na Internet, houve um aumento significativo no interesse pelo Bingo m\u00f3vel. O RocketPlay Casino oferece um aplicativo que pode ser acessado diretamente do seu <a href=\"https:\/\/rocketplay-game.com\/pt-br\/mobile-version\/\">smartphone<\/a> ou tablet, permitindo que voc\u00ea entre e jogue algumas apostas enquanto estiver conectado \u00e0 Internet.<\/p>\n","protected":false},"excerpt":{"rendered":"<p>Se voc\u00ea nunca jogou o bingo online gr\u00e1tis RocketPlay antes, voc\u00ea ainda pode entender facilmente as regras do jogo, pois o Bingo \u00e9 um jogo de jackpot simples com muitas pessoas competindo em cada cavalo por um (ou mais) pr\u00eamios vencedores. No entanto, existem v\u00e1rios formatos diferentes em que este jogo pode ser jogado, e&#8230;<\/p>\n","protected":false},"author":1,"featured_media":0,"parent":0,"menu_order":0,"comment_status":"closed","ping_status":"closed","template":"page-with-bonus.php","meta":{"_acf_changed":false,"_kad_post_transparent":"default","_kad_post_title":"default","_kad_post_layout":"default","_kad_post_sidebar_id":"","_kad_post_content_style":"default","_kad_post_vertical_padding":"default","_kad_post_feature":"","_kad_post_feature_position":"","_kad_post_header":false,"_kad_post_footer":false,"footnotes":""},"class_list":["post-2633","page","type-page","status-publish","hentry"],"acf":[],"rttpg_featured_image_url":null,"rttpg_author":{"display_name":"Tom","author_link":"https:\/\/rocketplay-game.com\/pt-br\/author\/pemvas95n89x\/"},"rttpg_comment":0,"rttpg_category":null,"rttpg_excerpt":"Se voc\u00ea nunca jogou o bingo online gr\u00e1tis RocketPlay antes, voc\u00ea ainda pode entender facilmente as regras do jogo, pois o Bingo \u00e9 um jogo de jackpot simples com muitas pessoas competindo em cada cavalo por um (ou mais) pr\u00eamios vencedores. No entanto, existem v\u00e1rios formatos diferentes em que este jogo pode ser jogado, e...","_links":{"self":[{"href":"https:\/\/rocketplay-game.com\/pt-br\/wp-json\/wp\/v2\/pages\/2633","targetHints":{"allow":["GET"]}}],"collection":[{"href":"https:\/\/rocketplay-game.com\/pt-br\/wp-json\/wp\/v2\/pages"}],"about":[{"href":"https:\/\/rocketplay-game.com\/pt-br\/wp-json\/wp\/v2\/types\/page"}],"author":[{"embeddable":true,"href":"https:\/\/rocketplay-game.com\/pt-br\/wp-json\/wp\/v2\/users\/1"}],"replies":[{"embeddable":true,"href":"https:\/\/rocketplay-game.com\/pt-br\/wp-json\/wp\/v2\/comments?post=2633"}],"version-history":[{"count":2,"href":"https:\/\/rocketplay-game.com\/pt-br\/wp-json\/wp\/v2\/pages\/2633\/revisions"}],"predecessor-version":[{"id":2635,"href":"https:\/\/rocketplay-game.com\/pt-br\/wp-json\/wp\/v2\/pages\/2633\/revisions\/2635"}],"wp:attachment":[{"href":"https:\/\/rocketplay-game.com\/pt-br\/wp-json\/wp\/v2\/media?parent=2633"}],"curies":[{"name":"wp","href":"https:\/\/api.w.org\/{rel}","templated":true}]}}