{"id":2645,"date":"2022-08-18T17:06:40","date_gmt":"2022-08-18T14:06:40","guid":{"rendered":"https:\/\/rocketplay-game.com\/slots\/"},"modified":"2025-11-21T13:46:19","modified_gmt":"2025-11-21T10:46:19","slug":"slots","status":"publish","type":"page","link":"https:\/\/rocketplay-game.com\/pt-br\/slots\/","title":{"rendered":"Slots Rocketplay Roared"},"content":{"rendered":"<p>Toda vez que um novo jogo de ca\u00e7a-n\u00edqueis \u00e9 lan\u00e7ado no mercado, e na verdade antes de ser lan\u00e7ado, os cassinos online e empresas independentes publicam suas an\u00e1lises com base nos coment\u00e1rios, coment\u00e1rios e opini\u00f5es dos jogadores. As revis\u00f5es podem ser encontradas online para cada jogo de slot que j\u00e1 foi lan\u00e7ado ou est\u00e1 prestes a ser lan\u00e7ado. Analisamos as m\u00e1quinas ca\u00e7a-n\u00edqueis com base em muitos crit\u00e9rios, como o n\u00famero de bobinas e linhas de pagamento, tamanho do jackpot, s\u00edmbolos nas bobinas e recursos especiais, e prestamos aten\u00e7\u00e3o em quem fez a m\u00e1quina ca\u00e7a-n\u00edqueis.<\/p>\n<p>Se voc\u00ea n\u00e3o \u00e9 completamente novo no cen\u00e1rio de jogos de cassino online, voc\u00ea pode saber que pode jogar ca\u00e7a-n\u00edqueis online n\u00e3o apenas por dinheiro real, mas tamb\u00e9m de gra\u00e7a e por divers\u00e3o. Isso \u00e9 ideal para os jogadores, pois eles podem experimentar os slots antes de usar seu pr\u00f3prio dinheiro virtual. As avalia\u00e7\u00f5es o ajudar\u00e3o a entender tudo sobre os ca\u00e7a-n\u00edqueis e o que os outros pensam deles, e o jogo gratuito o ajudar\u00e1 a praticar at\u00e9 que voc\u00ea se sinta confort\u00e1vel o suficiente para experiment\u00e1-lo com dinheiro real.<\/p>\n<p>O n\u00famero de jogos de slot online est\u00e1 aumentando dia a dia, e agora existem centenas, sen\u00e3o milhares de jogos para escolher, o que pode ser confuso! As an\u00e1lises de slots oferecem aos jogadores a sensa\u00e7\u00e3o do jogo, tema, gr\u00e1ficos, her\u00f3is e a facilidade de ganhar. Voc\u00ea ficar\u00e1 surpreso com o que pode descobrir sobre um jogo de ca\u00e7a-n\u00edqueis lendo sua an\u00e1lise.<\/p>\n<p>Como funcionam os cassinos online, como eles ganham dinheiro e quanto os jogadores perdem, diz ao RocketPlay<\/p>\n<p><img loading=\"lazy\" decoding=\"async\" class=\"aligncenter wp-image-346 size-large\" style=\"text-align: center; font-family: var(--global-body-font-family);\" src=\"https:\/\/rocketplay-game.com\/wp-content\/uploads\/2022\/08\/slots-online-1024x576.jpg\" alt=\"slots online\" width=\"1024\" height=\"576\" srcset=\"https:\/\/rocketplay-game.com\/wp-content\/uploads\/2022\/08\/slots-online-1024x576.jpg 1024w, https:\/\/rocketplay-game.com\/wp-content\/uploads\/2022\/08\/slots-online-300x169.jpg 300w, https:\/\/rocketplay-game.com\/wp-content\/uploads\/2022\/08\/slots-online-768x432.jpg 768w, https:\/\/rocketplay-game.com\/wp-content\/uploads\/2022\/08\/slots-online-1536x864.jpg 1536w, https:\/\/rocketplay-game.com\/wp-content\/uploads\/2022\/08\/slots-online.jpg 1920w\" sizes=\"auto, (max-width: 1024px) 100vw, 1024px\" \/><\/p>\n<h2>As melhores an\u00e1lises de slots online<\/h2>\n<p>Depois de ler uma boa revis\u00e3o de slots online, voc\u00ea estar\u00e1 pronto para pular direto para o jogo de slots comprovado que n\u00e3o apenas lhe dar\u00e1 muita divers\u00e3o, mas tamb\u00e9m lhe dar\u00e1 a chance de acumular algumas vit\u00f3rias muito necess\u00e1rias!<\/p>\n<h2>Recursos de b\u00f4nus e desenvolvedores de software<\/h2>\n<p>Se voc\u00ea \u00e9 um entusiasta experiente de ca\u00e7a-n\u00edqueis, provavelmente pode saber quais jogos s\u00e3o feitos por quais designers apenas observando a apar\u00eancia e a estrutura do jogo. Para aqueles que ainda n\u00e3o s\u00e3o especialistas, as an\u00e1lises de slots oferecem todos os detalhes da configura\u00e7\u00e3o do slot, valor da moeda, n\u00famero de linhas de pagamento e quanto pode ser ganho com cada s\u00edmbolo quando ele atinge os rolos. As an\u00e1lises de ca\u00e7a-n\u00edqueis tamb\u00e9m falam sobre o jackpot progressivo que voc\u00ea pode ganhar, seu tamanho e outras informa\u00e7\u00f5es interessantes, como se o ca\u00e7a-n\u00edqueis tem jogo autom\u00e1tico ou um recurso de jogo que pode adicionar um n\u00edvel totalmente novo \u00e0 sua experi\u00eancia de jogo.<\/p>\n<h2>Os melhores fornecedores de software de ca\u00e7a-n\u00edqueis<\/h2>\n<p>A Microgaming \u00e9 um dos fornecedores mais antigos de jogos de slot online, operando desde 1994. Eles s\u00e3o respons\u00e1veis \u200b\u200bpor jogos ic\u00f4nicos como Thunderstruck, Avalon, Game of Thrones e Jurassic World. Leia mais sobre este provedor na p\u00e1gina do nosso cassino Microgaming.<\/p>\n<p><strong>Coment\u00e1rios sobre slots:<\/strong><\/p>\n<ul>\n<li><a href=\"https:\/\/rocketplay-game.com\/slots\/mega-moolah\/\">Mega Moolah<\/a><\/li>\n<li><a href=\"https:\/\/rocketplay-game.com\/slots\/money-train-2\/\">Mei Tran 2<\/a><\/li>\n<li><a href=\"https:\/\/rocketplay-game.com\/slots\/book-of-ra-deluxe\/\">Livro de Ra Deluhe<\/a><\/li>\n<li><a href=\"https:\/\/rocketplay-game.com\/slots\/cash-pig\/\">P\u00e1g<\/a><\/li>\n<\/ul>\n","protected":false},"excerpt":{"rendered":"<p>Toda vez que um novo jogo de ca\u00e7a-n\u00edqueis \u00e9 lan\u00e7ado no mercado, e na verdade antes de ser lan\u00e7ado, os cassinos online e empresas independentes publicam suas an\u00e1lises com base nos coment\u00e1rios, coment\u00e1rios e opini\u00f5es dos jogadores. As revis\u00f5es podem ser encontradas online para cada jogo de slot que j\u00e1 foi lan\u00e7ado ou est\u00e1 prestes&#8230;<\/p>\n","protected":false},"author":1,"featured_media":0,"parent":0,"menu_order":0,"comment_status":"closed","ping_status":"closed","template":"page-with-slot.php","meta":{"_acf_changed":false,"_kad_post_transparent":"default","_kad_post_title":"default","_kad_post_layout":"default","_kad_post_sidebar_id":"","_kad_post_content_style":"default","_kad_post_vertical_padding":"default","_kad_post_feature":"","_kad_post_feature_position":"","_kad_post_header":false,"_kad_post_footer":false,"footnotes":""},"class_list":["post-2645","page","type-page","status-publish","hentry"],"acf":[],"rttpg_featured_image_url":null,"rttpg_author":{"display_name":"Tom","author_link":"https:\/\/rocketplay-game.com\/pt-br\/author\/pemvas95n89x\/"},"rttpg_comment":0,"rttpg_category":null,"rttpg_excerpt":"Toda vez que um novo jogo de ca\u00e7a-n\u00edqueis \u00e9 lan\u00e7ado no mercado, e na verdade antes de ser lan\u00e7ado, os cassinos online e empresas independentes publicam suas an\u00e1lises com base nos coment\u00e1rios, coment\u00e1rios e opini\u00f5es dos jogadores. As revis\u00f5es podem ser encontradas online para cada jogo de slot que j\u00e1 foi lan\u00e7ado ou est\u00e1 prestes...","_links":{"self":[{"href":"https:\/\/rocketplay-game.com\/pt-br\/wp-json\/wp\/v2\/pages\/2645","targetHints":{"allow":["GET"]}}],"collection":[{"href":"https:\/\/rocketplay-game.com\/pt-br\/wp-json\/wp\/v2\/pages"}],"about":[{"href":"https:\/\/rocketplay-game.com\/pt-br\/wp-json\/wp\/v2\/types\/page"}],"author":[{"embeddable":true,"href":"https:\/\/rocketplay-game.com\/pt-br\/wp-json\/wp\/v2\/users\/1"}],"replies":[{"embeddable":true,"href":"https:\/\/rocketplay-game.com\/pt-br\/wp-json\/wp\/v2\/comments?post=2645"}],"version-history":[{"count":2,"href":"https:\/\/rocketplay-game.com\/pt-br\/wp-json\/wp\/v2\/pages\/2645\/revisions"}],"predecessor-version":[{"id":2647,"href":"https:\/\/rocketplay-game.com\/pt-br\/wp-json\/wp\/v2\/pages\/2645\/revisions\/2647"}],"wp:attachment":[{"href":"https:\/\/rocketplay-game.com\/pt-br\/wp-json\/wp\/v2\/media?parent=2645"}],"curies":[{"name":"wp","href":"https:\/\/api.w.org\/{rel}","templated":true}]}}