{"id":2649,"date":"2022-10-03T13:29:24","date_gmt":"2022-10-03T10:29:24","guid":{"rendered":"https:\/\/rocketplay-game.com\/slots\/cash-pig\/"},"modified":"2022-10-30T01:41:00","modified_gmt":"2022-10-29T22:41:00","slug":"cash-pig","status":"publish","type":"page","link":"https:\/\/rocketplay-game.com\/pt-br\/slots\/cash-pig\/","title":{"rendered":"Chash Pg no Rocketplay"},"content":{"rendered":"<p>O slot Rocket Play Cash Pig \u00e9 um playground rec\u00e9m-surgido da equipe de desenvolvimento da Booming Games. Come\u00e7ou em 2021. Esta plataforma inclui a possibilidade de um jogo de treino sem qualquer compromisso. Este playground \u00e9 caracterizado pela extrema volatilidade dos pre\u00e7os. Inclui 5 discos e 4 dire\u00e7\u00f5es. Possui at\u00e9 trinta esquemas lucrativos e um multiplicador exorbitante &#8211; 8 mil.<\/p>\n<p>O recente aparecimento do slot online Rocket Play Cash Pig n\u00e3o impede o desenvolvimento de sua popularidade. Quem gosta de guardar tudo em uma jarra vai gostar desse entretenimento. Contribuindo lucrativamente com finan\u00e7as para todos os tipos de objetos. Claro, existe a possibilidade de incorrer em uma perda, mas voc\u00ea tamb\u00e9m pode obter um grande jackpot, ent\u00e3o cinquenta e cinquenta.<\/p>\n<p>Depois de se decidir, voc\u00ea encontrar\u00e1 for\u00e7as em si mesmo para aumentar o tamanho de suas contribui\u00e7\u00f5es, gra\u00e7as \u00e0 maior volatilidade da pol\u00edtica de pre\u00e7os dos objetos que acumulou na caixa. Portanto, quanto mais voc\u00ea acumulou, mais lucrativo ser\u00e1 o seu lucro. Seu dividendo m\u00e1ximo, neste caso, \u00e9 o valor da contribui\u00e7\u00e3o com um multiplicador de 8 mil. Afinal, a aposta mais alta \u00e9 de 54 moedas. Mas para a aposta m\u00ednima (0,3 moedas) &#8211; isso tamb\u00e9m \u00e9 uma boa renda.<\/p>\n<p style=\"text-align: center;\"><img loading=\"lazy\" decoding=\"async\" class=\"aligncenter wp-image-500 size-full\" src=\"https:\/\/rocketplay-game.com\/wp-content\/uploads\/2022\/10\/cash-pig.jpeg\" alt=\"cash pig\" width=\"730\" height=\"500\" srcset=\"https:\/\/rocketplay-game.com\/wp-content\/uploads\/2022\/10\/cash-pig.jpeg 730w, https:\/\/rocketplay-game.com\/wp-content\/uploads\/2022\/10\/cash-pig-300x205.jpeg 300w\" sizes=\"auto, (max-width: 730px) 100vw, 730px\" \/><\/p>\n<h2>Como Jogar Cash Pig<\/h2>\n<p>Se a revis\u00e3o do slot Rocket Play Cash Pig for realizada, o campo de jogo foi projetado em um esquema de cores discreto. O desenho expressivo n\u00e3o deixar\u00e1 nenhum elemento despercebido. Elementos de rota\u00e7\u00e3o est\u00e3o esperando por voc\u00ea nos lugares mais inusitados: no telhado do topo da nuvem, no topo da Torre Eiffel, na cesta de um bal\u00e3o alto e ao redor da paisagem de uma metr\u00f3pole s\u00f3lida. Aqui est\u00e1 uma plataforma para voc\u00ea ganhar dinheiro. Aposte, gire e arrisque. Um confort\u00e1vel console de coordena\u00e7\u00e3o ir\u00e1 ajud\u00e1-lo a:<\/p>\n<ul>\n<li>A imagem de uma seta circular no bot\u00e3o verde significa o in\u00edcio das <a href=\"https:\/\/rocketplay-game.com\/pt-br\/free-spins\/\">rodadas gr\u00e1tis<\/a> do Rocket Play Cash Pig.<\/li>\n<li>Abaixo est\u00e1 uma tela para os detalhes da sua conta.<\/li>\n<li>Nas proximidades, h\u00e1 um sinal de mais, respons\u00e1vel pelo som, a interrup\u00e7\u00e3o do acompanhamento musical, o dep\u00f3sito m\u00e1ximo de fundos com um clique e a introdu\u00e7\u00e3o de cinquenta revolu\u00e7\u00f5es autom\u00e1ticas no jogo.<\/li>\n<li>Um pouco mais adiante est\u00e1 o escudo para ajustar a quantidade de entrada.<\/li>\n<li>H\u00e1 um \u00edcone de not\u00edcias na parte superior da plataforma de jogos para se familiarizar com as condi\u00e7\u00f5es do jogo, tamanhos de entrada, etc.<\/li>\n<li>Ao instalar um aplicativo m\u00f3vel para a plataforma de jogos, \u00e9 poss\u00edvel participar do jogo de qualquer gadget que voc\u00ea possua em um local conveniente para voc\u00ea.<\/li>\n<\/ul>\n<h2>B\u00f4nus Cash Pig<\/h2>\n<p>A base do jogo tem trinta op\u00e7\u00f5es lucrativas. Eles podem estar localizados n\u00e3o apenas em alguma dire\u00e7\u00e3o, mas tamb\u00e9m em qualquer forma. Para uma op\u00e7\u00e3o lucrativa, voc\u00ea precisa coletar de 3 a 5 sinais equivalentes. S\u00edmbolos a serem observados:<\/p>\n<ul>\n<li>O sinal de porco \u00e9 um cofrinho, o que significa que as economias de moedas anteriores s\u00e3o transferidas para o seu dep\u00f3sito.<\/li>\n<li>Uma garrafa de champanhe em um ou cinco discos oferece rota\u00e7\u00f5es extras.<\/li>\n<li>O sinal Wild \u00e9 um diamante s\u00f3lido que pode substituir cada imagem para formar um esquema lucrativo.<\/li>\n<\/ul>\n<p>H\u00e1 um <a href=\"https:\/\/rocketplay-game.com\/pt-br\/bonus\/\">b\u00f4nus<\/a> Rocket Play Cash Pig para voc\u00ea. Este playground tem tr\u00eas rodadas de incentivo:<\/p>\n<ul>\n<li>Grande atualiza\u00e7\u00e3o. Entra em jogo inesperadamente, transformando sinais simples em valiosos.<\/li>\n<li>Eliminador Menor. Tamb\u00e9m aparece inesperadamente e elimina os sinais de or\u00e7amento do playground.<\/li>\n<li>Cofrinho. Entra no jogo quando seis ou mais moedas caem. Ent\u00e3o 3 per\u00edodos come\u00e7am a criar ra\u00edzes, por sua vez, quando a pr\u00f3xima moeda aparece. Fico feliz que uma moeda separada d\u00ea lucro.<\/li>\n<\/ul>\n<h2>Perguntas frequentes<\/h2>\n<h3>Como ganhar dinheiro?<\/h3>\n<p>Para participar do jogo de slot Rocket Play Cash Pig, voc\u00ea precisa ativar sua conta e fazer um dep\u00f3sito.<\/p>\n<h3>Como jogar Cash Pig sem investimento?<\/h3>\n<p>Existem rodadas de treinamento nesta plataforma de jogos sem qualquer obriga\u00e7\u00e3o.<\/p>\n<h3>Essa plataforma possui um banco grande e \u00e9 poss\u00edvel sacar?<\/h3>\n<p>Neste site, h\u00e1 um bom jackpot com um multiplicador de 8 mil.<\/p>\n<h3>Qual \u00e9 a taxa de retorno para este entretenimento?<\/h3>\n<p>As perspectivas de ganho s\u00e3o bastante grandes. A taxa de revers\u00e3o deste playground \u00e9 muito alta &#8211; 96,03%.<\/p>\n","protected":false},"excerpt":{"rendered":"<p>O slot Rocket Play Cash Pig \u00e9 um playground rec\u00e9m-surgido da equipe de desenvolvimento da Booming Games. Come\u00e7ou em 2021. Esta plataforma inclui a possibilidade de um jogo de treino sem qualquer compromisso. Este playground \u00e9 caracterizado pela extrema volatilidade dos pre\u00e7os. Inclui 5 discos e 4 dire\u00e7\u00f5es. Possui at\u00e9 trinta esquemas lucrativos e um&#8230;<\/p>\n","protected":false},"author":1,"featured_media":0,"parent":2645,"menu_order":0,"comment_status":"closed","ping_status":"closed","template":"page-with-slot.php","meta":{"_acf_changed":false,"_kad_post_transparent":"default","_kad_post_title":"default","_kad_post_layout":"default","_kad_post_sidebar_id":"","_kad_post_content_style":"default","_kad_post_vertical_padding":"default","_kad_post_feature":"","_kad_post_feature_position":"","_kad_post_header":false,"_kad_post_footer":false,"footnotes":""},"class_list":["post-2649","page","type-page","status-publish","hentry"],"acf":[],"rttpg_featured_image_url":null,"rttpg_author":{"display_name":"Tom","author_link":"https:\/\/rocketplay-game.com\/pt-br\/author\/pemvas95n89x\/"},"rttpg_comment":0,"rttpg_category":null,"rttpg_excerpt":"O slot Rocket Play Cash Pig \u00e9 um playground rec\u00e9m-surgido da equipe de desenvolvimento da Booming Games. Come\u00e7ou em 2021. Esta plataforma inclui a possibilidade de um jogo de treino sem qualquer compromisso. Este playground \u00e9 caracterizado pela extrema volatilidade dos pre\u00e7os. Inclui 5 discos e 4 dire\u00e7\u00f5es. Possui at\u00e9 trinta esquemas lucrativos e um...","_links":{"self":[{"href":"https:\/\/rocketplay-game.com\/pt-br\/wp-json\/wp\/v2\/pages\/2649","targetHints":{"allow":["GET"]}}],"collection":[{"href":"https:\/\/rocketplay-game.com\/pt-br\/wp-json\/wp\/v2\/pages"}],"about":[{"href":"https:\/\/rocketplay-game.com\/pt-br\/wp-json\/wp\/v2\/types\/page"}],"author":[{"embeddable":true,"href":"https:\/\/rocketplay-game.com\/pt-br\/wp-json\/wp\/v2\/users\/1"}],"replies":[{"embeddable":true,"href":"https:\/\/rocketplay-game.com\/pt-br\/wp-json\/wp\/v2\/comments?post=2649"}],"version-history":[{"count":2,"href":"https:\/\/rocketplay-game.com\/pt-br\/wp-json\/wp\/v2\/pages\/2649\/revisions"}],"predecessor-version":[{"id":2651,"href":"https:\/\/rocketplay-game.com\/pt-br\/wp-json\/wp\/v2\/pages\/2649\/revisions\/2651"}],"up":[{"embeddable":true,"href":"https:\/\/rocketplay-game.com\/pt-br\/wp-json\/wp\/v2\/pages\/2645"}],"wp:attachment":[{"href":"https:\/\/rocketplay-game.com\/pt-br\/wp-json\/wp\/v2\/media?parent=2649"}],"curies":[{"name":"wp","href":"https:\/\/api.w.org\/{rel}","templated":true}]}}