{"id":2653,"date":"2022-10-03T13:39:15","date_gmt":"2022-10-03T10:39:15","guid":{"rendered":"https:\/\/rocketplay-game.com\/slots\/elvis-frog-vegas\/"},"modified":"2023-01-17T22:32:41","modified_gmt":"2023-01-17T19:32:41","slug":"elvis-frog-vegas","status":"publish","type":"page","link":"https:\/\/rocketplay-game.com\/pt-br\/slots\/elvis-frog-vegas\/","title":{"rendered":"Elvis Sapo em Vegas"},"content":{"rendered":"<p><img loading=\"lazy\" decoding=\"async\" class=\"alignleft wp-image-503 size-medium\" src=\"https:\/\/rocketplay-game.com\/wp-content\/uploads\/2022\/10\/elvis-frog-rocketplay-202x300.png\" alt=\"Elvis Frog Rocketplay\" width=\"202\" height=\"300\" srcset=\"https:\/\/rocketplay-game.com\/wp-content\/uploads\/2022\/10\/elvis-frog-rocketplay-202x300.png 202w, https:\/\/rocketplay-game.com\/wp-content\/uploads\/2022\/10\/elvis-frog-rocketplay.png 389w\" sizes=\"auto, (max-width: 202px) 100vw, 202px\" \/><\/p>\n<p>Voc\u00ea pode fazer uma tentativa de teste no slot Rocket Play Elvis Frog in Vegas sem investimento. O jogo de slot Rocket Play Elvis Frog in Vegas \u00e9 conhecido por sua taxa de retorno de 96%. Tamb\u00e9m possui cinco discos circulantes e vinte e cinco dire\u00e7\u00f5es de compensa\u00e7\u00e3o. H\u00e1 um jogo premium, turnovers preferenciais e s\u00edmbolos Wild e Scatter, mas nenhum multiplicador.<\/p>\n<p>O playground tem um modo autom\u00e1tico e um mecanismo de promo\u00e7\u00e3o ativo. No simulador, o sapo \u00e9 o personagem principal. Mergulhando neste jogo, voc\u00ea visitar\u00e1 Las Vegas, na apresenta\u00e7\u00e3o de Elvis, o sapo, tocando rock and roll. Divertindo-se de cora\u00e7\u00e3o, voc\u00ea pode levantar uma boa quantia que multiplica sua contribui\u00e7\u00e3o por duas mil e quinhentas vezes.<\/p>\n<h2>RTP e Volatilidade<\/h2>\n<p>Ap\u00f3s a revis\u00e3o do slot Rocket Play Elvis Frog in Vegas, o campo tem 5 discos girat\u00f3rios e 25 linhas de lucro. Para ganhar, voc\u00ea precisa alinhar na ordem da pontua\u00e7\u00e3o de 3 ou mais sinais equivalentes. Tendo feito uma entrada de dois e meio a vinte e cinco euros para promo\u00e7\u00e3o, voc\u00ea pode participar da jogabilidade em qualquer gadget. O simulador apresenta baixo grau de risco financeiro; a porcentagem de retorno \u00e9 de 96, e o saque m\u00e1ximo para uma promo\u00e7\u00e3o pode ser duas mil e quinhentas vezes mais do que o seu dep\u00f3sito.<\/p>\n<h2>Como jogar<\/h2>\n<p>O principal sinal do simulador de slot online Rocket Play Elvis Frog in Vegas \u00e9 o Elvis Frog, que substitui todos os outros sinais para coletar o esquema vencedor. Se der certo em uma promo\u00e7\u00e3o, voc\u00ea ganha tours adicionais. O sinal da moeda (moeda de ouro) cai no jogo principal e durante os ciclos de gra\u00e7a. Quando o n\u00famero necess\u00e1rio desses sinais for formado, um pr\u00eamio garantido estar\u00e1 dispon\u00edvel para voc\u00ea.<\/p>\n<p>Cinco ciclos adicionais sem apostas ficam dispon\u00edveis para voc\u00ea, que podem ser novamente inseridos no jogo quando mais 3 signos aparecerem. Em ciclos adicionais, aparece a op\u00e7\u00e3o Blazing Reels, o que significa o aparecimento de um s\u00edmbolo grande ao combinar 2,3 e 4 bobinas. Pode lhe trazer um bom lucro. Coin Respin &#8211; esta fun\u00e7\u00e3o \u00e9 iniciada quando pelo menos 6 moedas de dinheiro aparecem no campo de jogo, que toma seus lugares. E outras janelas est\u00e3o vazias. Com o tempo, tr\u00eas reinicializa\u00e7\u00f5es estar\u00e3o dispon\u00edveis para voc\u00ea preencher as janelas vazias com moedas.<\/p>\n<p>No momento em que a moeda cai na janela, as tentativas retornam \u00e0s suas posi\u00e7\u00f5es iniciais. Este processo continua at\u00e9 que todas as caixas vazias sejam preenchidas. No final, o valor de todas as moedas \u00e9 transferido para o seu dep\u00f3sito. Durante esta posi\u00e7\u00e3o de jogo, voc\u00ea pode ter a sorte de ganhar um dos pr\u00eamios, sendo o principal o Mega. Voc\u00ea pode recuper\u00e1-lo se todas as janelas vazias estiverem cheias de moedas de ouro. \u00c9 uma plataforma divertida para jogar com um web design decente, \u00f3timos recursos e recompensas satisfat\u00f3rias.<\/p>\n<p style=\"text-align: center;\"><img loading=\"lazy\" decoding=\"async\" class=\"aligncenter wp-image-504 size-full\" src=\"https:\/\/rocketplay-game.com\/wp-content\/uploads\/2022\/10\/elvis-frog-in-vegas.jpeg\" alt=\"Elvis Frog In Vegas\" width=\"736\" height=\"248\" srcset=\"https:\/\/rocketplay-game.com\/wp-content\/uploads\/2022\/10\/elvis-frog-in-vegas.jpeg 736w, https:\/\/rocketplay-game.com\/wp-content\/uploads\/2022\/10\/elvis-frog-in-vegas-300x101.jpeg 300w\" sizes=\"auto, (max-width: 736px) 100vw, 736px\" \/><\/p>\n<h2>Perguntas frequentes<\/h2>\n<h3>Quais b\u00f4nus o ca\u00e7a-n\u00edqueis oferece?<\/h3>\n<p>As rodadas gr\u00e1tis de Rocket Play Elvis Frog in Vegas s\u00e3o uma oferta especial. Consiste em ganhar a chance de um jogador jogar rodadas adicionais gratuitamente. Com base em todas as combina\u00e7\u00f5es vencedoras, os ganhos finais s\u00e3o somados. O dinheiro recebido pode ser usado a seu crit\u00e9rio &#8211; coloque-o na retirada ou continue a fazer apostas.<\/p>\n<h3>Quais s\u00e3o os benef\u00edcios dos b\u00f4nus?<\/h3>\n<p>M\u00e1quinas ca\u00e7a-n\u00edqueis com surpresas s\u00e3o populares entre jogadores iniciantes e profissionais. Sua demanda se deve a uma s\u00e9rie de vantagens. O primeiro deles \u00e9 a introdu\u00e7\u00e3o de entusiasmo na jogabilidade. Torna-se mais emocionante. A segunda vantagem \u00e9 um aumento nas chances de receber uma grande quantia. Por exemplo, no b\u00f4nus Rocket Play Elvis Frog in Vegas, entre as rodadas gr\u00e1tis, algumas combina\u00e7\u00f5es vencedoras com uma grande vit\u00f3ria podem cair.<\/p>\n<p><strong>Leia tamb\u00e9m sobre:<\/strong><\/p>\n<ul>\n<li><a href=\"https:\/\/rocketplay-game.com\/slots\/hit-gold-hold-and-win\/\">Acerte o ouro! Ouro e vit\u00f3ria<\/a><\/li>\n<li><a href=\"https:\/\/rocketplay-game.com\/slots\/queen-and-dragons\/\">Chuen e os Drag\u00f5es<\/a><\/li>\n<\/ul>\n","protected":false},"excerpt":{"rendered":"<p>Voc\u00ea pode fazer uma tentativa de teste no slot Rocket Play Elvis Frog in Vegas sem investimento. O jogo de slot Rocket Play Elvis Frog in Vegas \u00e9 conhecido por sua taxa de retorno de 96%. Tamb\u00e9m possui cinco discos circulantes e vinte e cinco dire\u00e7\u00f5es de compensa\u00e7\u00e3o. H\u00e1 um jogo premium, turnovers preferenciais e&#8230;<\/p>\n","protected":false},"author":1,"featured_media":0,"parent":2645,"menu_order":0,"comment_status":"closed","ping_status":"closed","template":"page-with-slot.php","meta":{"_acf_changed":false,"_kad_post_transparent":"default","_kad_post_title":"default","_kad_post_layout":"default","_kad_post_sidebar_id":"","_kad_post_content_style":"default","_kad_post_vertical_padding":"default","_kad_post_feature":"","_kad_post_feature_position":"","_kad_post_header":false,"_kad_post_footer":false,"footnotes":""},"class_list":["post-2653","page","type-page","status-publish","hentry"],"acf":[],"rttpg_featured_image_url":null,"rttpg_author":{"display_name":"Tom","author_link":"https:\/\/rocketplay-game.com\/pt-br\/author\/pemvas95n89x\/"},"rttpg_comment":0,"rttpg_category":null,"rttpg_excerpt":"Voc\u00ea pode fazer uma tentativa de teste no slot Rocket Play Elvis Frog in Vegas sem investimento. O jogo de slot Rocket Play Elvis Frog in Vegas \u00e9 conhecido por sua taxa de retorno de 96%. Tamb\u00e9m possui cinco discos circulantes e vinte e cinco dire\u00e7\u00f5es de compensa\u00e7\u00e3o. H\u00e1 um jogo premium, turnovers preferenciais e...","_links":{"self":[{"href":"https:\/\/rocketplay-game.com\/pt-br\/wp-json\/wp\/v2\/pages\/2653","targetHints":{"allow":["GET"]}}],"collection":[{"href":"https:\/\/rocketplay-game.com\/pt-br\/wp-json\/wp\/v2\/pages"}],"about":[{"href":"https:\/\/rocketplay-game.com\/pt-br\/wp-json\/wp\/v2\/types\/page"}],"author":[{"embeddable":true,"href":"https:\/\/rocketplay-game.com\/pt-br\/wp-json\/wp\/v2\/users\/1"}],"replies":[{"embeddable":true,"href":"https:\/\/rocketplay-game.com\/pt-br\/wp-json\/wp\/v2\/comments?post=2653"}],"version-history":[{"count":1,"href":"https:\/\/rocketplay-game.com\/pt-br\/wp-json\/wp\/v2\/pages\/2653\/revisions"}],"predecessor-version":[{"id":2655,"href":"https:\/\/rocketplay-game.com\/pt-br\/wp-json\/wp\/v2\/pages\/2653\/revisions\/2655"}],"up":[{"embeddable":true,"href":"https:\/\/rocketplay-game.com\/pt-br\/wp-json\/wp\/v2\/pages\/2645"}],"wp:attachment":[{"href":"https:\/\/rocketplay-game.com\/pt-br\/wp-json\/wp\/v2\/media?parent=2653"}],"curies":[{"name":"wp","href":"https:\/\/api.w.org\/{rel}","templated":true}]}}