{"id":2657,"date":"2022-10-03T13:50:30","date_gmt":"2022-10-03T10:50:30","guid":{"rendered":"https:\/\/rocketplay-game.com\/slots\/hit-gold-hold-and-win\/"},"modified":"2025-11-25T23:06:39","modified_gmt":"2025-11-25T20:06:39","slug":"hit-gold-hold-and-win","status":"publish","type":"page","link":"https:\/\/rocketplay-game.com\/pt-br\/slots\/hit-gold-hold-and-win\/","title":{"rendered":"Acerte o ouro! Segure e Ganhe"},"content":{"rendered":"<p><img loading=\"lazy\" decoding=\"async\" class=\"size-medium wp-image-507 alignleft\" src=\"https:\/\/rocketplay-game.com\/wp-content\/uploads\/2022\/10\/hit-the-gold-hold-and-win-300x232.png\" alt=\"Hit The Gold! Hold And Win\" width=\"300\" height=\"232\" srcset=\"https:\/\/rocketplay-game.com\/wp-content\/uploads\/2022\/10\/hit-the-gold-hold-and-win-300x232.png 300w, https:\/\/rocketplay-game.com\/wp-content\/uploads\/2022\/10\/hit-the-gold-hold-and-win.png 320w\" sizes=\"auto, (max-width: 300px) 100vw, 300px\" \/><\/p>\n<p>Simulador Rocket Play Acerte o ouro! O slot Hold and Win \u00e9 um conceito emocionante trazido \u00e0 vida pelo mundialmente famoso criador de tecnologia de jogos Booongo em junho de 2021. Os desenvolvedores exploraram o processo de minera\u00e7\u00e3o de ouro no jogo. Os personagens principais do roteiro s\u00e3o um mineiro e seu cachorro, que procuram uma mina de ouro. Os participantes da jogabilidade tentam ajudar o personagem principal usando os sinais centrais do jogo. Confira as regras do jogo de apostas e tente jogar um jogo de treino sem arriscar seu dinheiro.<\/p>\n<h2>Porcentagem e Varia\u00e7\u00e3o de Retorno<\/h2>\n<p>Rocket Play Acerte o ouro! O slot online Hold and Win atrai com v\u00e1rios par\u00e2metros. O jogo tem um retorno de 95,66%. O simulador da Booongo inclui cinco c\u00edrculos circulantes e vinte e cinco dire\u00e7\u00f5es de compensa\u00e7\u00e3o. O limite m\u00e1ximo de lucro \u00e9 o valor do dep\u00f3sito de x2000. Uma varia\u00e7\u00e3o do HTML5 foi desenvolvida para <a href=\"https:\/\/rocketplay-game.com\/pt-br\/mobile-version\/\">aplicativos m\u00f3veis<\/a>, o que possibilita a participa\u00e7\u00e3o no jogo de qualquer dispositivo port\u00e1til.<\/p>\n<p>Rocket Play Acerte o ouro! O jogo de slot Hold and Win deve ser de interesse para potenciais jogadores da Internet. A plataforma possui uma s\u00e9rie de sinais que ajudar\u00e3o o usu\u00e1rio a vencer. Conhe\u00e7a-os:<\/p>\n<ul>\n<li>C\u00e3o, amigo e protetor do personagem principal.<\/li>\n<li>Saco de areia.<\/li>\n<li>Fragmentos dourados.<\/li>\n<li>Kylo para minera\u00e7\u00e3o de ouro;<\/li>\n<li>Letras latinas A, K, Q e J!<\/li>\n<\/ul>\n<p>O participante da a\u00e7\u00e3o do jogo elabora um esquema a partir dessas designa\u00e7\u00f5es para obter multiplicadores. Para obter um bom lucro com este playground, use os principais sinais de m\u00e1quinas de jogos. H\u00e1 muitos sinais como este:<\/p>\n<ul>\n<li>Imagem de dispers\u00e3o &#8211; trilhos ferrovi\u00e1rios;<\/li>\n<li>Sinal selvagem &#8211; mineiro de ouro;<\/li>\n<li>O sinal de b\u00f4nus \u00e9 uma ficha de ouro.<\/li>\n<\/ul>\n<p>O s\u00edmbolo de dispers\u00e3o aparece nos tr\u00eas cilindros do meio, que inclui um evento para extrair ciclos de rota\u00e7\u00e3o sem apostas (Rocket Play Hit the Gold! Hold and Win bonus) no jogo.<\/p>\n<h2>Caracter\u00edsticas da jogabilidade<\/h2>\n<p>Para jogar o jogo em simuladores, a ativa\u00e7\u00e3o n\u00e3o \u00e9 necess\u00e1ria. Para isso, existe uma rodada de treinamento utilizada por iniciantes no in\u00edcio. Nesta rodada, os jogadores rec\u00e9m-chegados finalmente decidem se querem jogar ou n\u00e3o. Os jogadores em potencial que desejam lucrar com o procedimento do jogo devem ativar e inserir o valor em sua conta. Em seguida, entramos em um jogo de apostas s\u00e9rio.<\/p>\n<p>A reinicializa\u00e7\u00e3o \u00e9 aberta quando tr\u00eas barras de ouro est\u00e3o na plataforma de jogos. Agora voc\u00ea tem oito rodadas extras. Quando mais seis moedas de ouro chegam ao mesmo lugar, ent\u00e3o o jogo de <a href=\"https:\/\/rocketplay-game.com\/pt-br\/bonus\/\">b\u00f4nus<\/a> entra em jogo, com a sa\u00edda de tr\u00eas rein\u00edcios. \u00c9 Rocket Play Acerte o ouro! Segure e ganhe b\u00f4nus de slot. Uma barra de ouro individual equivale a reiniciar o tambor. Na rodada premium, no campo de jogo, aparece uma cifra de recompensa, que traz um grande pr\u00eamio em jogo. Tendo coletado quinze hier\u00f3glifos de b\u00f4nus, \u00e9 realmente poss\u00edvel ganhar um jackpot ultrajante.<\/p>\n<p style=\"text-align: center;\"><img loading=\"lazy\" decoding=\"async\" class=\"aligncenter wp-image-508 size-full\" src=\"https:\/\/rocketplay-game.com\/wp-content\/uploads\/2022\/10\/hit-the-gold-hold-and-win.jpeg\" alt=\"Hit The Gold! Hold And Win\" width=\"730\" height=\"487\" srcset=\"https:\/\/rocketplay-game.com\/wp-content\/uploads\/2022\/10\/hit-the-gold-hold-and-win.jpeg 730w, https:\/\/rocketplay-game.com\/wp-content\/uploads\/2022\/10\/hit-the-gold-hold-and-win-300x200.jpeg 300w\" sizes=\"auto, (max-width: 730px) 100vw, 730px\" \/><\/p>\n<h2>Opini\u00e3o de um &#8216;expert<\/h2>\n<p>O bandido de um bra\u00e7o s\u00f3 foi inventado e trazido \u00e0 vida pela conhecida empresa Booongo. Continua o tema dos garimpeiros e f\u00e3s da plataforma de jogos Aztec Gold. Ao girar o tambor no campo de jogo Strike Gold, h\u00e1 uma oportunidade de obter um bom lucro. Este simulador \u00e9 conhecido por boas taxas de retorno, recompensas emocionantes e multiplicadores poderosos.<\/p>\n<p>Se voc\u00ea gastar Rocket Play, acerte o ouro! Revis\u00e3o de slot Hold and Win, o design da web do simulador causa uma impress\u00e3o v\u00edvida e imagens n\u00edtidas atraem os jogadores. Um cen\u00e1rio intrigante, jogabilidade acess\u00edvel e sistemas de pontua\u00e7\u00e3o atraentes atraem o interesse de jogadores em potencial.<\/p>\n<p>Se voc\u00ea n\u00e3o quer arriscar suas finan\u00e7as, voc\u00ea pode experimentar a vers\u00e3o demo. Assim, voc\u00ea estudar\u00e1 o funcionamento do dispositivo e entender\u00e1 as especificidades do jogo. Somente depois de se sentir confiante, voc\u00ea poder\u00e1 fazer apostas e lutar por ganhos em dinheiro real.<\/p>\n","protected":false},"excerpt":{"rendered":"<p>Simulador Rocket Play Acerte o ouro! O slot Hold and Win \u00e9 um conceito emocionante trazido \u00e0 vida pelo mundialmente famoso criador de tecnologia de jogos Booongo em junho de 2021. Os desenvolvedores exploraram o processo de minera\u00e7\u00e3o de ouro no jogo. Os personagens principais do roteiro s\u00e3o um mineiro e seu cachorro, que procuram&#8230;<\/p>\n","protected":false},"author":1,"featured_media":0,"parent":2645,"menu_order":0,"comment_status":"closed","ping_status":"closed","template":"page-with-slot.php","meta":{"_acf_changed":false,"_kad_post_transparent":"default","_kad_post_title":"default","_kad_post_layout":"default","_kad_post_sidebar_id":"","_kad_post_content_style":"default","_kad_post_vertical_padding":"default","_kad_post_feature":"","_kad_post_feature_position":"","_kad_post_header":false,"_kad_post_footer":false,"footnotes":""},"class_list":["post-2657","page","type-page","status-publish","hentry"],"acf":[],"rttpg_featured_image_url":null,"rttpg_author":{"display_name":"Tom","author_link":"https:\/\/rocketplay-game.com\/pt-br\/author\/pemvas95n89x\/"},"rttpg_comment":0,"rttpg_category":null,"rttpg_excerpt":"Simulador Rocket Play Acerte o ouro! O slot Hold and Win \u00e9 um conceito emocionante trazido \u00e0 vida pelo mundialmente famoso criador de tecnologia de jogos Booongo em junho de 2021. Os desenvolvedores exploraram o processo de minera\u00e7\u00e3o de ouro no jogo. Os personagens principais do roteiro s\u00e3o um mineiro e seu cachorro, que procuram...","_links":{"self":[{"href":"https:\/\/rocketplay-game.com\/pt-br\/wp-json\/wp\/v2\/pages\/2657","targetHints":{"allow":["GET"]}}],"collection":[{"href":"https:\/\/rocketplay-game.com\/pt-br\/wp-json\/wp\/v2\/pages"}],"about":[{"href":"https:\/\/rocketplay-game.com\/pt-br\/wp-json\/wp\/v2\/types\/page"}],"author":[{"embeddable":true,"href":"https:\/\/rocketplay-game.com\/pt-br\/wp-json\/wp\/v2\/users\/1"}],"replies":[{"embeddable":true,"href":"https:\/\/rocketplay-game.com\/pt-br\/wp-json\/wp\/v2\/comments?post=2657"}],"version-history":[{"count":1,"href":"https:\/\/rocketplay-game.com\/pt-br\/wp-json\/wp\/v2\/pages\/2657\/revisions"}],"predecessor-version":[{"id":2659,"href":"https:\/\/rocketplay-game.com\/pt-br\/wp-json\/wp\/v2\/pages\/2657\/revisions\/2659"}],"up":[{"embeddable":true,"href":"https:\/\/rocketplay-game.com\/pt-br\/wp-json\/wp\/v2\/pages\/2645"}],"wp:attachment":[{"href":"https:\/\/rocketplay-game.com\/pt-br\/wp-json\/wp\/v2\/media?parent=2657"}],"curies":[{"name":"wp","href":"https:\/\/api.w.org\/{rel}","templated":true}]}}