{"id":2661,"date":"2022-10-03T13:58:41","date_gmt":"2022-10-03T10:58:41","guid":{"rendered":"https:\/\/rocketplay-game.com\/slots\/queen-and-dragons\/"},"modified":"2022-10-30T01:52:24","modified_gmt":"2022-10-29T22:52:24","slug":"queen-and-dragons","status":"publish","type":"page","link":"https:\/\/rocketplay-game.com\/pt-br\/slots\/queen-and-dragons\/","title":{"rendered":"An\u00e1lise do ca\u00e7a-n\u00edqueis online Queen and the Dragons"},"content":{"rendered":"<p><img loading=\"lazy\" decoding=\"async\" class=\"size-medium wp-image-511 alignleft\" src=\"https:\/\/rocketplay-game.com\/wp-content\/uploads\/2022\/10\/queenandthedragons-223x300.jpeg\" alt=\"Queen And The Dragons\" width=\"223\" height=\"300\" srcset=\"https:\/\/rocketplay-game.com\/wp-content\/uploads\/2022\/10\/queenandthedragons-223x300.jpeg 223w, https:\/\/rocketplay-game.com\/wp-content\/uploads\/2022\/10\/queenandthedragons.jpeg 432w\" sizes=\"auto, (max-width: 223px) 100vw, 223px\" \/><\/p>\n<p>O gangster mec\u00e2nico Rocket Play Queen and the Dragons do desenvolvedor IGT oferece a oportunidade de jogar um jogo de treinamento sem apostas.<\/p>\n<p>O simulador online de slots Rocket Play Queen and the Dragons tem os seguintes par\u00e2metros: 96,47% de retorno, cinco discos circulantes, 25 dire\u00e7\u00f5es de pagamento, a volatilidade dos pre\u00e7os do jogo \u00e9 desconhecida. N\u00e3o h\u00e1 rodadas adicionais no slot, e n\u00e3o h\u00e1 multiplicadores e recompensas. Imagens Wild e Scatter s\u00e3o usadas na jogabilidade. A rainha e os drag\u00f5es bandidos de um bra\u00e7o t\u00eam mecanismos de giros autom\u00e1ticos e instant\u00e2neos. O n\u00famero de dep\u00f3sitos varia de $ 0,25 a $ 125.<\/p>\n<p>A provedora de servi\u00e7os de jogos IG Tech est\u00e1 seduzindo os participantes a entrar no mundo m\u00e1gico da imagina\u00e7\u00e3o com a simula\u00e7\u00e3o da Rainha e dos Drag\u00f5es, acompanhada de v\u00eddeos deliciosos. Esta m\u00e1quina de jogo peculiar ir\u00e1 encant\u00e1-lo com a presen\u00e7a de drag\u00f5es fant\u00e1sticos, um per\u00edodo de rotatividade preferencial e uma renda substancial.<\/p>\n<h2>Recursos e s\u00edmbolos de slot<\/h2>\n<p>O jogo de slot Rocket Play Queen and the Dragons tem uma configura\u00e7\u00e3o trivial &#8211; um campo de jogo 5&#215;3 e 25 dire\u00e7\u00f5es de pagamento garantidas. O bandido mec\u00e2nico suporta entradas de 0,25 a 125 moedas ou em uma moeda equivalente conveniente para o jogador. Ao criar um esquema de cinco imagens Wild, \u00e9 poss\u00edvel obter o lucro m\u00e1ximo para este slot \u2013 x16 do valor de entrada. 96,47% \u00e9 a porcentagem de retorno.<\/p>\n<p>A m\u00e1quina de jogos tem um per\u00edodo de treinamento, sem apostas ao vivo e seu pr\u00f3prio <a href=\"https:\/\/rocketplay-game.com\/pt-br\/mobile-version\/\">aplicativo m\u00f3vel<\/a>. Os protagonistas deste mundo de jogo de fantasia s\u00e3o uma imperatriz com cabelos ruivos e pupilas de drag\u00e3o. Para ativar a a\u00e7\u00e3o do jogo, decida o valor do dep\u00f3sito e clique em &#8220;Iniciar&#8221;.<\/p>\n<p>Se voc\u00ea mantiver o dedo nesta tecla por alguns segundos, o mecanismo de jogo autom\u00e1tico ser\u00e1 iniciado. Os pagamentos s\u00e3o recebidos desde os primeiros giros se voc\u00ea tiver um esquema de 2 signos caros (rainha e drag\u00f5es) ou 3 or\u00e7ament\u00e1rios (naipes de cartas) lado a lado em uma linha din\u00e2mica.<\/p>\n<p>Tendo realizado a revis\u00e3o do slot Rocket Play Queen and the Dragons, vemos que o design da plataforma para o jogo \u00e9 despretensioso; h\u00e1 apenas bobinas nele. Mas as imagens e os elementos que as acompanham s\u00e3o apresentados artisticamente, o que deixa uma impress\u00e3o duradoura.<\/p>\n<p>O arranjo musical apoia a dire\u00e7\u00e3o m\u00e1gica do jogo. Ao criar um esquema vencedor, todas as suas partes s\u00e3o reencarnadas em uma c\u00f3pia de desenho animado, o que possibilita conhecer melhor os personagens. Aprendemos que um drag\u00e3o azul vive na \u00e1gua e um drag\u00e3o verde vive nas montanhas.<\/p>\n<h2>Rodadas B\u00f4nus Rainha e os Drag\u00f5es<\/h2>\n<p>No Queen and the Dragons, assim como em outros slots, existem s\u00edmbolos Wild e Scatter. O sinal selvagem tende a substituir todas as outras figuras em esquemas lucrativos. E se 3 acertos de dispers\u00e3o, ele inicia cinco <a href=\"https:\/\/rocketplay-game.com\/pt-br\/free-spins\/\">rodadas gr\u00e1tis<\/a> do Rocket Play Queen and the Dragons, que s\u00e3o a \u00fanica recompensa desse bandido de um bra\u00e7o s\u00f3.<\/p>\n<p>Mas isso pode ser compensado pelo fato de que, antes dos ciclos gratuitos, o participante pode procurar uma promo\u00e7\u00e3o para si &#8211; multiplicadores de renda de x1 a x5. Quanto maior a raz\u00e3o, menor a probabilidade de ocorrer. Cada scatter freelancer na quadra introduz mais tr\u00eas rodadas limitadas no jogo; seu n\u00famero n\u00e3o \u00e9 limitado.<\/p>\n<p>Queen and the Dragons \u00e9 um gangster mec\u00e2nico estereotipado com cinco c\u00edrculos girat\u00f3rios, um enredo m\u00e1gico e cen\u00e1rios despretensiosos. N\u00e3o h\u00e1 oportunidades de incentivo suficientes, mas os multiplicadores ajudar\u00e3o na rotatividade preferencial. As m\u00e1quinas de jogos modernas s\u00e3o feitas com extras legais que s\u00e3o tediosos, e Queen and Dragons \u00e9 um jogo de entretenimento sem frescuras que lhe d\u00e1 a oportunidade de relaxar.<\/p>\n<p style=\"text-align: center;\"><img loading=\"lazy\" decoding=\"async\" class=\"aligncenter wp-image-512 size-full\" src=\"https:\/\/rocketplay-game.com\/wp-content\/uploads\/2022\/10\/queen_and_dragons.jpeg\" alt=\"queen and dragons\" width=\"680\" height=\"511\" srcset=\"https:\/\/rocketplay-game.com\/wp-content\/uploads\/2022\/10\/queen_and_dragons.jpeg 680w, https:\/\/rocketplay-game.com\/wp-content\/uploads\/2022\/10\/queen_and_dragons-300x225.jpeg 300w, https:\/\/rocketplay-game.com\/wp-content\/uploads\/2022\/10\/queen_and_dragons-600x450.jpeg 600w\" sizes=\"auto, (max-width: 680px) 100vw, 680px\" \/><\/p>\n<h2>Perguntas frequentes<\/h2>\n<h3>\u00c9 gr\u00e1tis para jogar?<\/h3>\n<p>Claro, este simulador tem um tour de treinamento que voc\u00ea pode jogar sem qualquer compromisso. Para sua informa\u00e7\u00e3o, o web studio da IGT fornece acesso a jogos de treinamento em todos os sites.<\/p>\n<h3>Voc\u00ea pode jogar no celular?<\/h3>\n<p>Ao baixar o aplicativo m\u00f3vel &#8220;Queen and Dragons&#8221;, o jogo fica dispon\u00edvel em todos os gadgets.<\/p>\n<h3>O que \u00e9 RTP?<\/h3>\n<p>A porcentagem de compensa\u00e7\u00e3o do jogo \u00e9 chamada de RTP. A plataforma de jogos Queen and the Dragons tem um retorno de 96,47%; em um futuro pr\u00f3ximo, esse g\u00e2ngster de um bra\u00e7o s\u00f3 vai ficar com 3,53% de todos os dep\u00f3sitos em dinheiro dos jogadores.<\/p>\n<h3>O que \u00e9 volatilidade?<\/h3>\n<p>A volatilidade do slot \u00e9 um par\u00e2metro que mostra com que frequ\u00eancia e quanto voc\u00ea pode ganhar em um determinado simulador. Gangsters mec\u00e2nicos com baixo n\u00edvel de volatilidade permitem que os jogadores tenham dividendos modestos, mas constantes.<\/p>\n","protected":false},"excerpt":{"rendered":"<p>O gangster mec\u00e2nico Rocket Play Queen and the Dragons do desenvolvedor IGT oferece a oportunidade de jogar um jogo de treinamento sem apostas. O simulador online de slots Rocket Play Queen and the Dragons tem os seguintes par\u00e2metros: 96,47% de retorno, cinco discos circulantes, 25 dire\u00e7\u00f5es de pagamento, a volatilidade dos pre\u00e7os do jogo \u00e9&#8230;<\/p>\n","protected":false},"author":1,"featured_media":0,"parent":2645,"menu_order":0,"comment_status":"closed","ping_status":"closed","template":"page-with-slot.php","meta":{"_acf_changed":false,"_kad_post_transparent":"default","_kad_post_title":"default","_kad_post_layout":"default","_kad_post_sidebar_id":"","_kad_post_content_style":"default","_kad_post_vertical_padding":"default","_kad_post_feature":"","_kad_post_feature_position":"","_kad_post_header":false,"_kad_post_footer":false,"footnotes":""},"class_list":["post-2661","page","type-page","status-publish","hentry"],"acf":[],"rttpg_featured_image_url":null,"rttpg_author":{"display_name":"Tom","author_link":"https:\/\/rocketplay-game.com\/pt-br\/author\/pemvas95n89x\/"},"rttpg_comment":0,"rttpg_category":null,"rttpg_excerpt":"O gangster mec\u00e2nico Rocket Play Queen and the Dragons do desenvolvedor IGT oferece a oportunidade de jogar um jogo de treinamento sem apostas. O simulador online de slots Rocket Play Queen and the Dragons tem os seguintes par\u00e2metros: 96,47% de retorno, cinco discos circulantes, 25 dire\u00e7\u00f5es de pagamento, a volatilidade dos pre\u00e7os do jogo \u00e9...","_links":{"self":[{"href":"https:\/\/rocketplay-game.com\/pt-br\/wp-json\/wp\/v2\/pages\/2661","targetHints":{"allow":["GET"]}}],"collection":[{"href":"https:\/\/rocketplay-game.com\/pt-br\/wp-json\/wp\/v2\/pages"}],"about":[{"href":"https:\/\/rocketplay-game.com\/pt-br\/wp-json\/wp\/v2\/types\/page"}],"author":[{"embeddable":true,"href":"https:\/\/rocketplay-game.com\/pt-br\/wp-json\/wp\/v2\/users\/1"}],"replies":[{"embeddable":true,"href":"https:\/\/rocketplay-game.com\/pt-br\/wp-json\/wp\/v2\/comments?post=2661"}],"version-history":[{"count":2,"href":"https:\/\/rocketplay-game.com\/pt-br\/wp-json\/wp\/v2\/pages\/2661\/revisions"}],"predecessor-version":[{"id":2663,"href":"https:\/\/rocketplay-game.com\/pt-br\/wp-json\/wp\/v2\/pages\/2661\/revisions\/2663"}],"up":[{"embeddable":true,"href":"https:\/\/rocketplay-game.com\/pt-br\/wp-json\/wp\/v2\/pages\/2645"}],"wp:attachment":[{"href":"https:\/\/rocketplay-game.com\/pt-br\/wp-json\/wp\/v2\/media?parent=2661"}],"curies":[{"name":"wp","href":"https:\/\/api.w.org\/{rel}","templated":true}]}}