{"id":2912,"date":"2022-08-18T17:57:39","date_gmt":"2022-08-18T14:57:39","guid":{"rendered":"https:\/\/rocketplay-game.com\/slots\/book-of-ra-deluxe\/"},"modified":"2023-01-17T22:28:26","modified_gmt":"2023-01-17T19:28:26","slug":"book-of-ra-deluxe","status":"publish","type":"page","link":"https:\/\/rocketplay-game.com\/pt-br\/slots\/book-of-ra-deluxe\/","title":{"rendered":"Revis\u00e3o Book of Ra Deluxe Slot"},"content":{"rendered":"<p>O slot Book of Ra Deluxe tornou-se um exemplo cl\u00e1ssico de quanto um jogo pode ser amado pelos usu\u00e1rios. O tema e o enredo levam os usu\u00e1rios ao antigo Egito. Cores, acompanhamento musical e design s\u00e3o feitos levando em considera\u00e7\u00e3o todas as pequenas coisas que transmitem plenamente o estilo e o clima daquela \u00e9poca e local de a\u00e7\u00e3o. Trazemos \u00e0 sua aten\u00e7\u00e3o uma breve resenha do Book of Ra Deluxe, que o ajudar\u00e1 a entender a ess\u00eancia do processo.<\/p>\n<p style=\"text-align: center;\"><img loading=\"lazy\" decoding=\"async\" class=\"aligncenter wp-image-368 size-full\" src=\"https:\/\/rocketplay-game.com\/wp-content\/uploads\/2022\/08\/book-of-ra-deluxe-logo.jpeg\" alt=\"Book of Ra Deluxe logo\" width=\"770\" height=\"462\" srcset=\"https:\/\/rocketplay-game.com\/wp-content\/uploads\/2022\/08\/book-of-ra-deluxe-logo.jpeg 770w, https:\/\/rocketplay-game.com\/wp-content\/uploads\/2022\/08\/book-of-ra-deluxe-logo-300x180.jpeg 300w, https:\/\/rocketplay-game.com\/wp-content\/uploads\/2022\/08\/book-of-ra-deluxe-logo-768x461.jpeg 768w\" sizes=\"auto, (max-width: 770px) 100vw, 770px\" \/><\/p>\n<h2>Book of Ra Deluxe Slot RTP, Detalhes e Limites de Apostas<\/h2>\n<p>A aposta m\u00e1xima por combina\u00e7\u00e3o vencedora \u00e9 de \u00a318. H\u00e1 tamb\u00e9m um \u201cjogo de chance\u201d dispon\u00edvel no slot, que permite que voc\u00ea se arrisque totalmente. Qualquer valor de aposta est\u00e1 dispon\u00edvel para isso &#8211; do m\u00ednimo ao m\u00e1ximo.<\/p>\n<p>Outra vantagem da m\u00e1quina \u00e9 o fornecimento de rodadas gr\u00e1tis. Antes disso, um personagem ser\u00e1 selecionado aleatoriamente. N\u00e3o importa em que posi\u00e7\u00e3o caia, os ganhos ser\u00e3o creditados.<\/p>\n<table border=\"0\" cellspacing=\"0\" cellpadding=\"0\">\n<colgroup>\n<col \/>\n<col \/> <\/colgroup>\n<tbody>\n<tr>\n<td>Caracter\u00edsticas<\/td>\n<td>Detalhes<\/td>\n<\/tr>\n<tr>\n<td>Quantidade de rodas<\/td>\n<td>5<\/td>\n<\/tr>\n<tr>\n<td>Quantidade de linhas<\/td>\n<td>3<\/td>\n<\/tr>\n<tr>\n<td>Linhas de pagamento<\/td>\n<td>9<\/td>\n<\/tr>\n<tr>\n<td>Aposta m\u00ednima<\/td>\n<td>0,20 moedas<\/td>\n<\/tr>\n<tr>\n<td>Aposta m\u00e1xima<\/td>\n<td>18 notas<\/td>\n<\/tr>\n<tr>\n<td>Recompensas m\u00e1ximas<\/td>\n<td>factor 10014,1<\/td>\n<\/tr>\n<tr>\n<td>Vers\u00e3o m\u00f3vel<\/td>\n<td>+<\/td>\n<\/tr>\n<tr>\n<td>Volatilidade<\/td>\n<td>alta<\/td>\n<\/tr>\n<tr>\n<td>Desenvolvedora<\/td>\n<td>Novomatic<\/td>\n<\/tr>\n<tr>\n<td>RTP<\/td>\n<td>92,13%<\/td>\n<\/tr>\n<\/tbody>\n<\/table>\n<p>O cassino online apresenta dois m\u00e9todos de lan\u00e7amento &#8211; demo do Book of Ra Deluxe e por dinheiro real.<\/p>\n<p>A vers\u00e3o demo \u00e9 uma \u00f3tima op\u00e7\u00e3o para conhecer o processo do jogo, mergulhar em sua ess\u00eancia, aprender as regras e sutilezas e desenvolver sua pr\u00f3pria estrat\u00e9gia. Nem um centavo ser\u00e1 gasto, mesmo se voc\u00ea perder. O jogo online gratuito do Book of Ra Deluxe \u00e9 adequado para iniciantes e para aqueles que est\u00e3o apenas entrando no processo de jogo. Ideal para introdu\u00e7\u00e3o, mas n\u00e3o o suficiente para desenvolvimento e perspectiva de longo prazo.<\/p>\n<h2>Tema &#8211; descubra os verdadeiros tesouros dos fara\u00f3s<\/h2>\n<p>O jogo online do Book of Ra \u00e9 poss\u00edvel a partir de qualquer gadget dispon\u00edvel com acesso \u00e0 Internet. Book of Ra Deluxe Android, Windows ou iOS \u00e9 igualmente adequado para um jogo impec\u00e1vel. Na tela de trabalho da m\u00e1quina, o jogador v\u00ea um campo com 5 carret\u00e9is em 3 linhas. \u00c9 poss\u00edvel lan\u00e7ar 9 linhas vencedoras. A combina\u00e7\u00e3o consiste em diferentes caracteres. Basicamente, o jogo apresenta imagens t\u00edpicas do Egito. Mas um sinal especial \u00e9 o Explorador de chap\u00e9u. Uma linha com 2-5 dessas imagens dar\u00e1 um alto custo. Cada usu\u00e1rio pode calcular as chances de quanto voc\u00ea pode ganhar com o Book of Ra online olhando a tabela de resultados:<\/p>\n<ul>\n<li>Se 5 Exploradores aparecerem na mesma linha de uma vez, o valor do pagamento ser\u00e1 multiplicado por 5000 vezes a aposta inicial;<\/li>\n<li>Para 5 Fara\u00f3s, o jogador aumentar\u00e1 o valor da aposta em 2.000 vezes;<\/li>\n<li>5 Horus trar\u00e1 uma vit\u00f3ria de 750 vezes mais do que o que est\u00e1 em jogo;<\/li>\n<li>No caso de coletar 5 naipes de cartas, a aposta ser\u00e1 multiplicada por 100-150 vezes;<\/li>\n<li>A presen\u00e7a de um scatter (s\u00edmbolo curinga) na linha no valor de 5 pe\u00e7as aumentar\u00e1 o dep\u00f3sito gasto em 1800 vezes!<\/li>\n<\/ul>\n<p>O s\u00edmbolo curinga pode pousar em qualquer uma das linhas. Nesse caso, ele assume o papel de curinga e pode substituir qualquer outro signo. Portanto, \u00e9 muito mais f\u00e1cil coletar uma combina\u00e7\u00e3o vencedora e voc\u00ea pode ter mais chances para isso. O \u00edcone do livro no Livro de Carneiros desempenha o papel de um selvagem e um disperso ao mesmo tempo. O jogador ganhar\u00e1 desde que pelo menos 3 s\u00edmbolos apare\u00e7am no carretel em qualquer posi\u00e7\u00e3o em uma rodada.<\/p>\n<p>O recurso de combinar o scatter e o wild em um sinal permite que voc\u00ea evite bloquear a combina\u00e7\u00e3o vencedora. Al\u00e9m disso, gra\u00e7as ao recurso de \u201cdupla chance\u201d do slot, voc\u00ea pode dobrar o valor do jackpot. Mas, ao mesmo tempo, h\u00e1 uma grande chance de perder.<\/p>\n<p style=\"text-align: center;\"><img loading=\"lazy\" decoding=\"async\" class=\"aligncenter wp-image-369 size-full\" src=\"https:\/\/rocketplay-game.com\/wp-content\/uploads\/2022\/08\/book-of-ra-deluxe-slot.jpeg\" alt=\"Book of Ra Deluxe slot\" width=\"770\" height=\"462\" srcset=\"https:\/\/rocketplay-game.com\/wp-content\/uploads\/2022\/08\/book-of-ra-deluxe-slot.jpeg 770w, https:\/\/rocketplay-game.com\/wp-content\/uploads\/2022\/08\/book-of-ra-deluxe-slot-300x180.jpeg 300w, https:\/\/rocketplay-game.com\/wp-content\/uploads\/2022\/08\/book-of-ra-deluxe-slot-768x461.jpeg 768w\" sizes=\"auto, (max-width: 770px) 100vw, 770px\" \/><\/p>\n<h2>Recursos de b\u00f4nus do Book of Ra Deluxe<\/h2>\n<p>A m\u00e1quina possui b\u00f4nus e promo\u00e7\u00f5es rent\u00e1veis \u200b\u200bque ajudar\u00e3o a aproximar os ganhos. Em primeiro lugar, este \u00e9 o Book of Ra Deluxe rodadas gr\u00e1tis sem dep\u00f3sito. Antes de iniciar as rodadas gr\u00e1tis, os jogadores s\u00e3o solicitados a selecionar um s\u00edmbolo de b\u00f4nus, que \u00e9 determinado automaticamente. Ele tamb\u00e9m continua a atuar como um s\u00edmbolo de base padr\u00e3o quando qualquer linha \u00e9 ativada.<\/p>\n<p>Em segundo lugar, depois de receber qualquer combina\u00e7\u00e3o vencedora, os usu\u00e1rios podem aproveitar rodadas arriscadas, que dobrar\u00e3o seus ganhos em caso de sucesso. Para fazer isso, os jogadores precisam escolher a cor certa para o naipe de cartas.<\/p>\n<h2>Perguntas frequentes sobre o Livro de Ra Deluxe<\/h2>\n<h3>Existem jogos de b\u00f4nus?<\/h3>\n<p>Prev\u00ea o fornecimento de um jogo de b\u00f3nus. Isso \u00e9 feito se o jogador tiver pelo menos 3 scatters em uma rodada.<\/p>\n<h3>Existe uma vers\u00e3o m\u00f3vel?<\/h3>\n<p>Sim, a vers\u00e3o m\u00f3vel est\u00e1 dispon\u00edvel para todos os jogadores. Para us\u00e1-lo, voc\u00ea precisa ter um smartphone com acesso \u00e0 Internet. De um celular, voc\u00ea pode visitar o slot por meio de um navegador ou aplicativo.<\/p>\n<h3>Como obter uma vit\u00f3ria no jogo?<\/h3>\n<p>Como em qualquer outro jogo de azar semelhante, voc\u00ea precisa ter sorte para ganhar. Mas, al\u00e9m disso, aten\u00e7\u00e3o e prud\u00eancia se tornar\u00e3o fatores importantes. Aprenda bem as regras, experimente a vers\u00e3o gratuita e seja ativo.<\/p>\n<p><strong>Coment\u00e1rios sobre slots:<\/strong><\/p>\n<ul>\n<li><a href=\"https:\/\/rocketplay-game.com\/slots\/king-of-the-nile\/\">Rei do Nilo<\/a><\/li>\n<li><a href=\"https:\/\/rocketplay-game.com\/slots\/wolf-treasure\/\">Tesouro do Lobo<\/a><\/li>\n<\/ul>\n","protected":false},"excerpt":{"rendered":"<p>O slot Book of Ra Deluxe tornou-se um exemplo cl\u00e1ssico de quanto um jogo pode ser amado pelos usu\u00e1rios. O tema e o enredo levam os usu\u00e1rios ao antigo Egito. Cores, acompanhamento musical e design s\u00e3o feitos levando em considera\u00e7\u00e3o todas as pequenas coisas que transmitem plenamente o estilo e o clima daquela \u00e9poca e&#8230;<\/p>\n","protected":false},"author":1,"featured_media":0,"parent":2645,"menu_order":0,"comment_status":"closed","ping_status":"closed","template":"page-with-slot.php","meta":{"_acf_changed":false,"_kad_post_transparent":"default","_kad_post_title":"default","_kad_post_layout":"default","_kad_post_sidebar_id":"","_kad_post_content_style":"default","_kad_post_vertical_padding":"default","_kad_post_feature":"","_kad_post_feature_position":"","_kad_post_header":false,"_kad_post_footer":false,"footnotes":""},"class_list":["post-2912","page","type-page","status-publish","hentry"],"acf":[],"rttpg_featured_image_url":null,"rttpg_author":{"display_name":"Tom","author_link":"https:\/\/rocketplay-game.com\/pt-br\/author\/pemvas95n89x\/"},"rttpg_comment":0,"rttpg_category":null,"rttpg_excerpt":"O slot Book of Ra Deluxe tornou-se um exemplo cl\u00e1ssico de quanto um jogo pode ser amado pelos usu\u00e1rios. O tema e o enredo levam os usu\u00e1rios ao antigo Egito. Cores, acompanhamento musical e design s\u00e3o feitos levando em considera\u00e7\u00e3o todas as pequenas coisas que transmitem plenamente o estilo e o clima daquela \u00e9poca e...","_links":{"self":[{"href":"https:\/\/rocketplay-game.com\/pt-br\/wp-json\/wp\/v2\/pages\/2912","targetHints":{"allow":["GET"]}}],"collection":[{"href":"https:\/\/rocketplay-game.com\/pt-br\/wp-json\/wp\/v2\/pages"}],"about":[{"href":"https:\/\/rocketplay-game.com\/pt-br\/wp-json\/wp\/v2\/types\/page"}],"author":[{"embeddable":true,"href":"https:\/\/rocketplay-game.com\/pt-br\/wp-json\/wp\/v2\/users\/1"}],"replies":[{"embeddable":true,"href":"https:\/\/rocketplay-game.com\/pt-br\/wp-json\/wp\/v2\/comments?post=2912"}],"version-history":[{"count":2,"href":"https:\/\/rocketplay-game.com\/pt-br\/wp-json\/wp\/v2\/pages\/2912\/revisions"}],"predecessor-version":[{"id":2914,"href":"https:\/\/rocketplay-game.com\/pt-br\/wp-json\/wp\/v2\/pages\/2912\/revisions\/2914"}],"up":[{"embeddable":true,"href":"https:\/\/rocketplay-game.com\/pt-br\/wp-json\/wp\/v2\/pages\/2645"}],"wp:attachment":[{"href":"https:\/\/rocketplay-game.com\/pt-br\/wp-json\/wp\/v2\/media?parent=2912"}],"curies":[{"name":"wp","href":"https:\/\/api.w.org\/{rel}","templated":true}]}}