{"id":2916,"date":"2022-08-18T16:13:45","date_gmt":"2022-08-18T13:13:45","guid":{"rendered":"https:\/\/rocketplay-game.com\/slots\/indian-dreaming\/"},"modified":"2025-11-21T13:50:26","modified_gmt":"2025-11-21T10:50:26","slug":"indian-dreaming","status":"publish","type":"page","link":"https:\/\/rocketplay-game.com\/pt-br\/slots\/indian-dreaming\/","title":{"rendered":"Revise o ca\u00e7a-n\u00edqueis Indian Dreaming"},"content":{"rendered":"<p>A m\u00e1quina de ca\u00e7a-n\u00edqueis Indian Dreaming foi inspirada na cultura e nas tradi\u00e7\u00f5es dos nativos americanos. \u00c9 um slot de v\u00eddeo lan\u00e7ado pelo Aristocrat Studio, um desenvolvedor de jogos e software da Brasil.<\/p>\n<p>O jogo tem 9 linhas que o ajudar\u00e3o a ganhar. O slot em si foi lan\u00e7ado em 1999 e ainda goza de grande popularidade e amor entre os jogadores. Tudo gra\u00e7as aos pagamentos frequentes e altos e ao recurso de rodadas gr\u00e1tis, que pode dar at\u00e9 45 b\u00f4nus.<\/p>\n<p>Voc\u00ea pode se juntar \u00e0 tribo e ficar lado a lado com o chefe nesta aventura. Procure ganhar pagamentos duplos quando um determinado s\u00edmbolo for incorporado \u00e0 sua combina\u00e7\u00e3o nos rolos.<\/p>\n<p>Os gr\u00e1ficos podem parecer um pouco desatualizados para voc\u00ea, mas para os f\u00e3s retr\u00f4, esse slot \u00e9 exatamente o que voc\u00ea precisa. Al\u00e9m disso, o slot pode oferecer um jackpot fixo de 9.000 moedas. Portanto, recomendamos o download do Indian Dreaming.<\/p>\n<p style=\"text-align: center;\"><img loading=\"lazy\" decoding=\"async\" class=\"aligncenter wp-image-335 size-full\" src=\"https:\/\/rocketplay-game.com\/wp-content\/uploads\/2022\/08\/indian-dreaming-logo.png\" alt=\"indian dreaming logo\" width=\"730\" height=\"564\" srcset=\"https:\/\/rocketplay-game.com\/wp-content\/uploads\/2022\/08\/indian-dreaming-logo.png 730w, https:\/\/rocketplay-game.com\/wp-content\/uploads\/2022\/08\/indian-dreaming-logo-300x232.png 300w\" sizes=\"auto, (max-width: 730px) 100vw, 730px\" \/><\/p>\n<h2>S\u00edmbolos e valores dos sonhos indianos<\/h2>\n<p>Ao jogar os ca\u00e7a-n\u00edqueis gratuitos Indian Dreaming, voc\u00ea encontrar\u00e1 duas categorias de s\u00edmbolos. A primeira categoria inclui s\u00edmbolos como um machado, um totem, um b\u00fafalo e um chefe. O l\u00edder \u00e9 o s\u00edmbolo mais valioso nesta categoria. O pagamento do jackpot de 9.000 moedas estar\u00e1 esperando por voc\u00ea se voc\u00ea coletar 5 l\u00edderes no carretel de uma s\u00f3 vez.<\/p>\n<p>A pr\u00f3xima categoria s\u00e3o personagens de baixo n\u00edvel. Eles s\u00e3o representados pelos valores de poker A, Q, K e pelos n\u00fameros 10 e 9. O s\u00edmbolo mais caro desta categoria, o \u00e1s, traz at\u00e9 200 moedas se for poss\u00edvel coletar um cinco. Naturalmente, depende se a linha de pagamento estava ativa naquele momento.<\/p>\n<p>Se falamos sobre o s\u00edmbolo Scatter, sua imagem \u00e9 um apanhador de sonhos.<\/p>\n<p>A perda de tr\u00eas s\u00edmbolos de dispers\u00e3o dar\u00e1 ao jogador 10 rodadas gr\u00e1tis. Quatro s\u00edmbolos j\u00e1 lhe dar\u00e3o 15 rodadas gr\u00e1tis e, se voc\u00ea tiver sorte e cinco s\u00edmbolos ca\u00edrem, 20 rodadas est\u00e3o esperando por voc\u00ea.<\/p>\n<p>Al\u00e9m disso, voc\u00ea receber\u00e1 outro multiplicador de 3x para qualquer forma de ganhar em uma s\u00e9rie de rodadas de b\u00f4nus se encontrar tr\u00eas scatters. Esse recurso pode ser aumentado para um multiplicador de 15x se voc\u00ea obtiver cinco dispers\u00f5es.<\/p>\n<h2>Indian Dreaming Slot RTP\/Volatilidade<\/h2>\n<p>O slot tem uma porcentagem de pagamento bastante boa. Voc\u00ea pode encontrar op\u00e7\u00f5es de apostas com uma porcentagem menor e tamb\u00e9m uma maior. O slot Indian Dreaming para Android ir\u00e1 agrad\u00e1-lo com um RTP de 94%, o que lhe dar\u00e1 uma boa chance de ganhar suas apostas. Al\u00e9m disso, existem muitos s\u00edmbolos e rodadas gr\u00e1tis que tamb\u00e9m o ajudar\u00e3o a se aproximar do pr\u00eamio t\u00e3o esperado.<\/p>\n<p>Com tudo isso, vale ressaltar que a volatilidade neste slot \u00e9 considerada m\u00e9dia, para que cada jogador possa tentar a sorte. Juntamente com esses indicadores de volatilidade e RTP, voc\u00ea ter\u00e1 todas as chances e ainda mais de obter um pagamento bom e agrad\u00e1vel, o que definitivamente lhe dar\u00e1 n\u00e3o apenas emo\u00e7\u00f5es positivas, mas tamb\u00e9m bloquear\u00e1 suas apostas.<\/p>\n<h2><img loading=\"lazy\" decoding=\"async\" class=\"aligncenter wp-image-338 size-large\" style=\"text-align: center; font-family: var(--global-body-font-family); font-size: 16px; font-weight: normal;\" src=\"https:\/\/rocketplay-game.com\/wp-content\/uploads\/2022\/08\/indian-dreaming-1024x576.png\" alt=\"indian dreaming\" width=\"1024\" height=\"576\" srcset=\"https:\/\/rocketplay-game.com\/wp-content\/uploads\/2022\/08\/indian-dreaming-1024x576.png 1024w, https:\/\/rocketplay-game.com\/wp-content\/uploads\/2022\/08\/indian-dreaming-300x169.png 300w, https:\/\/rocketplay-game.com\/wp-content\/uploads\/2022\/08\/indian-dreaming-768x432.png 768w, https:\/\/rocketplay-game.com\/wp-content\/uploads\/2022\/08\/indian-dreaming-1536x864.png 1536w, https:\/\/rocketplay-game.com\/wp-content\/uploads\/2022\/08\/indian-dreaming.png 1920w\" sizes=\"auto, (max-width: 1024px) 100vw, 1024px\" \/><\/h2>\n<h2>Jogue Indian Dreaming no celular<\/h2>\n<p>Com a crescente popularidade dos jogos para celular nos cassinos online, as empresas est\u00e3o lan\u00e7ando cada vez mais seus jogos n\u00e3o apenas para computadores de mesa, mas tamb\u00e9m para clientes que usam telefone ou tablet. Se o jogo foi lan\u00e7ado imediatamente apenas em um computador, neste caso, os est\u00fadios est\u00e3o trabalhando na adapta\u00e7\u00e3o do jogo porque uma grande porcentagem de todos os jogadores s\u00e3o jogadores m\u00f3veis.<\/p>\n<p>O est\u00fadio Aristocrat fez o mesmo, ent\u00e3o voc\u00ea pode facilmente jogar Indian Dreaming online neste slot a partir da vers\u00e3o m\u00f3vel do site com dinheiro real. Ele se ajustar\u00e1 convenientemente \u00e0 tela do seu telefone de qualquer tamanho. Gra\u00e7as a isso, voc\u00ea poder\u00e1 passar o tempo em seu slot favorito a qualquer momento quando for conveniente para voc\u00ea.<\/p>\n<h2>Perguntas frequentes sobre o sonho indiano<\/h2>\n<h3>\u00c9 poss\u00edvel jogar o ca\u00e7a-n\u00edqueis de gra\u00e7a?<\/h3>\n<p>A empresa Aristocrat adiciona o modo de demonstra\u00e7\u00e3o em muitos de seus slots porque, gra\u00e7as a ele, muitos jogadores podem se familiarizar com todas as fun\u00e7\u00f5es e jogabilidade sem arriscar seu pr\u00f3prio dinheiro e experimentar emo\u00e7\u00f5es n\u00e3o menos agrad\u00e1veis. Ap\u00f3s o modo de demonstra\u00e7\u00e3o, voc\u00ea sempre pode alternar para o modo completo com apostas e ganhos reais.<\/p>\n<h3>Este slot \u00e9 progressivo?<\/h3>\n<p>O slot de dinheiro real Indian Dreaming tem seu pr\u00f3prio jackpot, que \u00e9 calculado no valor de 9.000 moedas e \u00e9 ativado gra\u00e7as a 5 s\u00edmbolos do l\u00edder nos rolos. No entanto, vale a pena notar que este n\u00e3o \u00e9 um jackpot progressivo. Portanto, a m\u00e1quina ca\u00e7a-n\u00edqueis n\u00e3o pode ser considerada progressiva. O jackpot \u00e9 fixado aqui e voc\u00ea tem muitas chances de obt\u00ea-lo.<\/p>\n<h3>Qual \u00e9 a varia\u00e7\u00e3o de apostas no slot?<\/h3>\n<p>O slot tem um intervalo do valor que voc\u00ea pode apostar, come\u00e7ando em 0,09 moedas e terminando com uma aposta m\u00e1xima de 90 moedas. E tamb\u00e9m, existem multiplicadores no jogo. Portanto, apesar das pequenas apostas, voc\u00ea pode obter bons pagamentos quando os rolos terminarem sua rota\u00e7\u00e3o.<\/p>\n<p><strong>Coment\u00e1rios sobre slots:<\/strong><\/p>\n<ul>\n<li><a href=\"https:\/\/rocketplay-game.com\/slots\/book-of-ra-deluxe\/\">Livro De R\u00e1 Deluxe<\/a><\/li>\n<li><a href=\"https:\/\/rocketplay-game.com\/slots\/king-of-the-nile\/\">Rei do Nilo<\/a><\/li>\n<li><a href=\"https:\/\/rocketplay-game.com\/slots\/hit-gold-hold-and-win\/\">Acerte o ouro! Segure e Ganhe<\/a><\/li>\n<\/ul>\n","protected":false},"excerpt":{"rendered":"<p>A m\u00e1quina de ca\u00e7a-n\u00edqueis Indian Dreaming foi inspirada na cultura e nas tradi\u00e7\u00f5es dos nativos americanos. \u00c9 um slot de v\u00eddeo lan\u00e7ado pelo Aristocrat Studio, um desenvolvedor de jogos e software da Brasil. O jogo tem 9 linhas que o ajudar\u00e3o a ganhar. O slot em si foi lan\u00e7ado em 1999 e ainda goza de&#8230;<\/p>\n","protected":false},"author":1,"featured_media":0,"parent":2645,"menu_order":0,"comment_status":"closed","ping_status":"closed","template":"page-with-slot.php","meta":{"_acf_changed":false,"_kad_post_transparent":"default","_kad_post_title":"default","_kad_post_layout":"default","_kad_post_sidebar_id":"","_kad_post_content_style":"default","_kad_post_vertical_padding":"default","_kad_post_feature":"","_kad_post_feature_position":"","_kad_post_header":false,"_kad_post_footer":false,"footnotes":""},"class_list":["post-2916","page","type-page","status-publish","hentry"],"acf":[],"rttpg_featured_image_url":null,"rttpg_author":{"display_name":"Tom","author_link":"https:\/\/rocketplay-game.com\/pt-br\/author\/pemvas95n89x\/"},"rttpg_comment":0,"rttpg_category":null,"rttpg_excerpt":"A m\u00e1quina de ca\u00e7a-n\u00edqueis Indian Dreaming foi inspirada na cultura e nas tradi\u00e7\u00f5es dos nativos americanos. \u00c9 um slot de v\u00eddeo lan\u00e7ado pelo Aristocrat Studio, um desenvolvedor de jogos e software da Brasil. O jogo tem 9 linhas que o ajudar\u00e3o a ganhar. O slot em si foi lan\u00e7ado em 1999 e ainda goza de...","_links":{"self":[{"href":"https:\/\/rocketplay-game.com\/pt-br\/wp-json\/wp\/v2\/pages\/2916","targetHints":{"allow":["GET"]}}],"collection":[{"href":"https:\/\/rocketplay-game.com\/pt-br\/wp-json\/wp\/v2\/pages"}],"about":[{"href":"https:\/\/rocketplay-game.com\/pt-br\/wp-json\/wp\/v2\/types\/page"}],"author":[{"embeddable":true,"href":"https:\/\/rocketplay-game.com\/pt-br\/wp-json\/wp\/v2\/users\/1"}],"replies":[{"embeddable":true,"href":"https:\/\/rocketplay-game.com\/pt-br\/wp-json\/wp\/v2\/comments?post=2916"}],"version-history":[{"count":2,"href":"https:\/\/rocketplay-game.com\/pt-br\/wp-json\/wp\/v2\/pages\/2916\/revisions"}],"predecessor-version":[{"id":2922,"href":"https:\/\/rocketplay-game.com\/pt-br\/wp-json\/wp\/v2\/pages\/2916\/revisions\/2922"}],"up":[{"embeddable":true,"href":"https:\/\/rocketplay-game.com\/pt-br\/wp-json\/wp\/v2\/pages\/2645"}],"wp:attachment":[{"href":"https:\/\/rocketplay-game.com\/pt-br\/wp-json\/wp\/v2\/media?parent=2916"}],"curies":[{"name":"wp","href":"https:\/\/api.w.org\/{rel}","templated":true}]}}