{"id":2924,"date":"2022-08-18T17:46:19","date_gmt":"2022-08-18T14:46:19","guid":{"rendered":"https:\/\/rocketplay-game.com\/slots\/king-of-the-nile\/"},"modified":"2022-10-31T00:42:49","modified_gmt":"2022-10-30T21:42:49","slug":"king-of-the-nile","status":"publish","type":"page","link":"https:\/\/rocketplay-game.com\/pt-br\/slots\/king-of-the-nile\/","title":{"rendered":"Revis\u00e3o do ca\u00e7a-n\u00edqueis Rei do Nilo"},"content":{"rendered":"<p>Os pokies King of the Nile existem desde 1997 e s\u00e3o os favoritos de muitos jogadores at\u00e9 hoje. Pela primeira vez, o slot ficou dispon\u00edvel para jogadores de cassinos comuns na Brasil. Logo, o ca\u00e7a-n\u00edqueis apareceu na vers\u00e3o online e foi distribu\u00eddo para cassinos de todo o mundo.<\/p>\n<p>Se voc\u00ea olhar para o aplicativo Rei do Nilo hoje, os gr\u00e1ficos e anima\u00e7\u00f5es estar\u00e3o francamente desatualizados. No entanto, o slot continua sendo um excelente cl\u00e1ssico para jogadores de cassino que realmente n\u00e3o preferem jogar jogos modernos repletos de gr\u00e1ficos e efeitos 3D. A jogabilidade neste slot ser\u00e1 simples e descontra\u00edda.<\/p>\n<p>Tal como acontece com muitos slots daqueles tempos, o campo de jogo consiste em 5 por 3 cilindros. O fundo de tons marrons complementa a atmosfera des\u00e9rtica porque esse \u00e9 o tema principal do slot.<\/p>\n<p style=\"text-align: center;\"><img loading=\"lazy\" decoding=\"async\" class=\"aligncenter wp-image-365 size-full\" src=\"https:\/\/rocketplay-game.com\/wp-content\/uploads\/2022\/08\/king-of-the-nile-logo.jpeg\" alt=\"king of the nile logo\" width=\"625\" height=\"416\" srcset=\"https:\/\/rocketplay-game.com\/wp-content\/uploads\/2022\/08\/king-of-the-nile-logo.jpeg 625w, https:\/\/rocketplay-game.com\/wp-content\/uploads\/2022\/08\/king-of-the-nile-logo-300x200.jpeg 300w\" sizes=\"auto, (max-width: 625px) 100vw, 625px\" \/><\/p>\n<h2>S\u00edmbolos e valores do Rei do Nilo<\/h2>\n<p>O slot King of the Nile tem 8 recursos de b\u00f4nus adicionais, e eles tamb\u00e9m incluem jokers e rodadas gr\u00e1tis. Esta m\u00e1quina ca\u00e7a-n\u00edqueis tem um \u00edcone Scatter que acionar\u00e1 a rodada de b\u00f4nus. E embora o jogo tenha apenas a s\u00e9rie usual de rodadas gr\u00e1tis, o jogo atrair\u00e1 e poder\u00e1 interessar muitos jogadores que realmente amam o jogo.<\/p>\n<p>Todas as oito fun\u00e7\u00f5es do slot de demonstra\u00e7\u00e3o King of the Nile est\u00e3o intimamente relacionadas entre si durante o jogo. Claro, h\u00e1 um s\u00edmbolo selvagem, e ele atua como o \u00edcone de um fara\u00f3; por sua a\u00e7\u00e3o, substitui todos os \u00edcones restantes, mas apenas com exce\u00e7\u00e3o da pir\u00e2mide, pois atua como um s\u00edmbolo de dispers\u00e3o.<\/p>\n<p>Caso o usu\u00e1rio encontre pelo menos 3 scatters, uma rodada de rodadas gr\u00e1tis \u00e9 acionada automaticamente. Dependendo de quantos scatters voc\u00ea conseguiu coletar em uma combina\u00e7\u00e3o, o n\u00famero de rodadas recebidas tamb\u00e9m ser\u00e1 diferente. Com 3 scatters, voc\u00ea ter\u00e1 uma s\u00e9rie de 15 rodadas, 4 s\u00edmbolos j\u00e1 poder\u00e3o lan\u00e7ar 20 rodadas e, consequentemente, 25 rodadas para uma combina\u00e7\u00e3o completa de 5 scatters coletados simultaneamente nas bobinas.<\/p>\n<h2>Rei do Nilo Slot RTP\/Volatilidade<\/h2>\n<p>Se voc\u00ea levantar uma quest\u00e3o que diz respeito ao indicador RTP, voc\u00ea est\u00e1 esperando por indicadores borrados para obter informa\u00e7\u00f5es na Internet. Na verdade, isso se deve ao fato de que a porcentagem de retorno para o jogador varia constantemente, varia de n\u00famero para n\u00famero e depende de quais pagamentos os jogadores recebem no King of the Nile online gratuitamente.<\/p>\n<p>Esse fator pode assustar muitos jogadores modernos que est\u00e3o acostumados com especificidades, e eles sabem com certeza se podem contar com pagamentos agrad\u00e1veis \u200b\u200bou, por exemplo, jackpots apenas observando a porcentagem de RTP.<\/p>\n<p>Apesar disso, os jogadores que est\u00e3o familiarizados com o slot e t\u00eam experi\u00eancia em jog\u00e1-lo, ou aqueles que n\u00e3o t\u00eam medo de arriscar e se familiarizam regularmente com novas m\u00e1quinas ca\u00e7a-n\u00edqueis, al\u00e9m de cl\u00e1ssicos, permanecem satisfeitos ap\u00f3s o jogo e reabastecem seu bankroll.<\/p>\n<h2>Jogue Rei do Nilo no celular<\/h2>\n<p>Anteriormente, como o slot era bastante antigo, n\u00e3o era poss\u00edvel jogar em dispositivos m\u00f3veis e n\u00e3o havia grande necessidade disso. Agora, muitos jogadores querem jogar gratuitamente a partir de um telefone ou tablet, para que voc\u00ea possa encontrar facilmente um cassino online onde esse slot estar\u00e1 dispon\u00edvel em uma vers\u00e3o adaptada para dispositivos m\u00f3veis. Vale a pena considerar que, para poder jogar, voc\u00ea n\u00e3o precisa baixar o pokie King of the Nile e instalar software adicional. Basta abrir o navegador e clicar no bot\u00e3o &#8220;Jogar&#8221;.<\/p>\n<h2>Perguntas frequentes sobre o Rei do Nilo<\/h2>\n<h3>Como jogar o ca\u00e7a-n\u00edqueis King of The Nile de gra\u00e7a?<\/h3>\n<p>Existe uma vers\u00e3o demo do ca\u00e7a-n\u00edqueis, que voc\u00ea pode usar para se familiarizar com as fun\u00e7\u00f5es e o processo do jogo. Voc\u00ea n\u00e3o precisar\u00e1 perder e arriscar seu pr\u00f3prio dinheiro real. Ao mesmo tempo, voc\u00ea ter\u00e1 uma experi\u00eancia completa, Golden Ring e tudo o que o slot tem a oferecer. No entanto, os pagamentos ser\u00e3o apenas virtuais e voc\u00ea ainda ter\u00e1 que fazer apostas reais para obter lucro real.<\/p>\n<h3>Quais s\u00e3o as apostas no jogo King of The Nile?<\/h3>\n<p>Este slot n\u00e3o requer grandes apostas no King of the Nile Brasil, e voc\u00ea pode come\u00e7ar a girar as bobinas com apenas 0,02 centavos por linha, e o valor m\u00e1ximo permitido ser\u00e1 uma aposta de 120 cr\u00e9ditos. Esta \u00e9 uma boa variedade de apostas porque tanto os jogadores pequenos quanto os experientes com uma grande banca poder\u00e3o jogar.<\/p>\n<h3>Como jogar slot Mega Moolah Brasil?<\/h3>\n<p>O slot n\u00e3o tem mec\u00e2nica complicada, ent\u00e3o para iniciar o jogo, voc\u00ea s\u00f3 precisa decidir por quais quantias deseja jogar. Escolha inicialmente quantas linhas de pagamento ser\u00e3o envolvidas; pode haver um m\u00e1ximo de 20 linhas em um jogo. Em seguida, voc\u00ea deve decidir e fazer uma aposta que ser\u00e1 realizada em sua rodada. No final, para iniciar as bobinas, pressione o bot\u00e3o Girar.<\/p>\n<p><strong>Coment\u00e1rios sobre slots:<\/strong><\/p>\n<ul>\n<li><a href=\"https:\/\/rocketplay-game.com\/slots\/mega-moolah\/\">Mega Moolah<\/a><\/li>\n<li><a href=\"https:\/\/rocketplay-game.com\/slots\/money-train-2\/\">Trem do Dinheiro 2<\/a><\/li>\n<\/ul>\n","protected":false},"excerpt":{"rendered":"<p>Os pokies King of the Nile existem desde 1997 e s\u00e3o os favoritos de muitos jogadores at\u00e9 hoje. Pela primeira vez, o slot ficou dispon\u00edvel para jogadores de cassinos comuns na Brasil. Logo, o ca\u00e7a-n\u00edqueis apareceu na vers\u00e3o online e foi distribu\u00eddo para cassinos de todo o mundo. Se voc\u00ea olhar para o aplicativo Rei&#8230;<\/p>\n","protected":false},"author":1,"featured_media":0,"parent":2645,"menu_order":0,"comment_status":"closed","ping_status":"closed","template":"page-with-slot.php","meta":{"_acf_changed":false,"_kad_post_transparent":"default","_kad_post_title":"default","_kad_post_layout":"default","_kad_post_sidebar_id":"","_kad_post_content_style":"default","_kad_post_vertical_padding":"default","_kad_post_feature":"","_kad_post_feature_position":"","_kad_post_header":false,"_kad_post_footer":false,"footnotes":""},"class_list":["post-2924","page","type-page","status-publish","hentry"],"acf":[],"rttpg_featured_image_url":null,"rttpg_author":{"display_name":"Tom","author_link":"https:\/\/rocketplay-game.com\/pt-br\/author\/pemvas95n89x\/"},"rttpg_comment":0,"rttpg_category":null,"rttpg_excerpt":"Os pokies King of the Nile existem desde 1997 e s\u00e3o os favoritos de muitos jogadores at\u00e9 hoje. Pela primeira vez, o slot ficou dispon\u00edvel para jogadores de cassinos comuns na Brasil. Logo, o ca\u00e7a-n\u00edqueis apareceu na vers\u00e3o online e foi distribu\u00eddo para cassinos de todo o mundo. Se voc\u00ea olhar para o aplicativo Rei...","_links":{"self":[{"href":"https:\/\/rocketplay-game.com\/pt-br\/wp-json\/wp\/v2\/pages\/2924","targetHints":{"allow":["GET"]}}],"collection":[{"href":"https:\/\/rocketplay-game.com\/pt-br\/wp-json\/wp\/v2\/pages"}],"about":[{"href":"https:\/\/rocketplay-game.com\/pt-br\/wp-json\/wp\/v2\/types\/page"}],"author":[{"embeddable":true,"href":"https:\/\/rocketplay-game.com\/pt-br\/wp-json\/wp\/v2\/users\/1"}],"replies":[{"embeddable":true,"href":"https:\/\/rocketplay-game.com\/pt-br\/wp-json\/wp\/v2\/comments?post=2924"}],"version-history":[{"count":2,"href":"https:\/\/rocketplay-game.com\/pt-br\/wp-json\/wp\/v2\/pages\/2924\/revisions"}],"predecessor-version":[{"id":2926,"href":"https:\/\/rocketplay-game.com\/pt-br\/wp-json\/wp\/v2\/pages\/2924\/revisions\/2926"}],"up":[{"embeddable":true,"href":"https:\/\/rocketplay-game.com\/pt-br\/wp-json\/wp\/v2\/pages\/2645"}],"wp:attachment":[{"href":"https:\/\/rocketplay-game.com\/pt-br\/wp-json\/wp\/v2\/media?parent=2924"}],"curies":[{"name":"wp","href":"https:\/\/api.w.org\/{rel}","templated":true}]}}