{"id":2928,"date":"2022-08-18T17:30:43","date_gmt":"2022-08-18T14:30:43","guid":{"rendered":"https:\/\/rocketplay-game.com\/slots\/mega-moolah\/"},"modified":"2022-10-31T00:48:44","modified_gmt":"2022-10-30T21:48:44","slug":"mega-moolah","status":"publish","type":"page","link":"https:\/\/rocketplay-game.com\/pt-br\/slots\/mega-moolah\/","title":{"rendered":"Revise o slot Mega Moolah"},"content":{"rendered":"<p><img loading=\"lazy\" decoding=\"async\" class=\"size-medium wp-image-356 alignright\" src=\"https:\/\/rocketplay-game.com\/wp-content\/uploads\/2022\/08\/mega-moolah-logo-300x167.png\" alt=\"Mega Moolah logo\" width=\"300\" height=\"167\" srcset=\"https:\/\/rocketplay-game.com\/wp-content\/uploads\/2022\/08\/mega-moolah-logo-300x167.png 300w, https:\/\/rocketplay-game.com\/wp-content\/uploads\/2022\/08\/mega-moolah-logo-1024x569.png 1024w, https:\/\/rocketplay-game.com\/wp-content\/uploads\/2022\/08\/mega-moolah-logo-768x426.png 768w, https:\/\/rocketplay-game.com\/wp-content\/uploads\/2022\/08\/mega-moolah-logo.png 1140w\" sizes=\"auto, (max-width: 300px) 100vw, 300px\" \/><\/p>\n<p>Todo jogador que est\u00e1 pelo menos um pouco familiarizado com cassinos online ou joga ativamente j\u00e1 ouviu falar sobre o incrivelmente popular slot Mega Moolah Brasil pelo menos uma vez. Esta m\u00e1quina ca\u00e7a-n\u00edqueis foi desenvolvida pela Microgaming e certamente trouxe grande sucesso para os desenvolvedores. O slot inclui quatro mega jackpots diferentes, que tamb\u00e9m s\u00e3o progressivos. E este slot ocupa uma posi\u00e7\u00e3o de lideran\u00e7a na lista dos slots mais pagos. As quantias que os jogadores podem ganhar aqui est\u00e3o simplesmente al\u00e9m do reino das possibilidades.<\/p>\n<p>A m\u00e1quina ca\u00e7a-n\u00edqueis n\u00e3o difere em gr\u00e1ficos modernos e brilhantes, n\u00e3o esque\u00e7a que foi criada h\u00e1 muito tempo, em 2006.<\/p>\n<p>O tema e o design do Mega Moolah mobile levam voc\u00ea \u00e0s plan\u00edcies africanas, um saf\u00e1ri de vida selvagem. O slot tamb\u00e9m \u00e9 o mais antigo da Microgaming, mas at\u00e9 agora n\u00e3o perdeu sua popularidade e trouxe grandes ganhos.<\/p>\n<p>O espa\u00e7o de jogo que o slot Mega Moolah oferece \u00e9 bastante padr\u00e3o para um slot feito na forma de um v\u00eddeo. Voc\u00ea ser\u00e1 recebido por uma grade com 5 carret\u00e9is girat\u00f3rios e 3 linhas lado a lado. Al\u00e9m disso, 25 linhas de pagamento ajust\u00e1veis \u200b\u200bs\u00e3o anexadas \u00e0s bobinas, o que permite personalizar e ajustar convenientemente quantas linhas voc\u00ea deseja ativar para um giro perfeito.<\/p>\n<h2>S\u00edmbolos e valores do Mega Moolah<\/h2>\n<p>S\u00edmbolos coloridos, valores de A a 10 e animais selvagens mais caros ir\u00e3o encontr\u00e1-lo regularmente nos rolos. Entre eles est\u00e3o b\u00fafalos, girafas, zebras e outros. O s\u00edmbolo mais lucrativo \u00e9 o elefante. Quanto mais elefantes sua combina\u00e7\u00e3o fizer nos rolos, maior ser\u00e1 o pagamento \u00e0 sua espera. Para 5 s\u00edmbolos ao mesmo tempo, voc\u00ea pode obter 30 vezes mais do que sua aposta.<\/p>\n<p>O le\u00e3o \u00e9 um s\u00edmbolo selvagem. Com tudo isso, \u00e9 pago 0,6, 5 ou 60 ou tudo 600 vezes mais do que sua aposta. E, claro, o multiplicador depende da combina\u00e7\u00e3o. Al\u00e9m disso, o s\u00edmbolo curinga substitui todos os s\u00edmbolos padr\u00e3o. Um le\u00e3o selvagem emparelhado com uma combina\u00e7\u00e3o vencedora e um s\u00edmbolo padr\u00e3o aumentar\u00e1 seus ganhos em 2 vezes e dobrar\u00e1. Al\u00e9m disso, o cassino online Mega Moolah oferece aos jogadores 2 recursos de b\u00f4nus.<\/p>\n<p>Voc\u00ea ter\u00e1 um b\u00f4nus, o recurso de rodadas gr\u00e1tis Mega Moolah 80, onde um multiplicador de 3x ser\u00e1 aplicado a todos os seus ganhos. Aten\u00e7\u00e3o especial \u00e9 dada ao jogo de b\u00f4nus do jackpot, que \u00e9 lan\u00e7ado de forma absolutamente aleat\u00f3ria. Nele, voc\u00ea pode girar a roda da fortuna, e isso o ajudar\u00e1 a ganhar 1 de 4 jackpots progressivos.<\/p>\n<h2>Mega Moolah Slot RTP\/Volatilidade<\/h2>\n<p>Este slot tem chances mais do que suficientes para ganhar. E isso n\u00e3o \u00e9 apenas por causa dos muitos b\u00f4nus, c\u00f3digo de rodadas adicionais, multiplicadores e a roda da fortuna. Um indicador de baixa volatilidade ajuda voc\u00ea a ganhar. A varia\u00e7\u00e3o do slot Mega Moolah \u00e9 de 46,36%, o que permite que quase metade dos jogadores receba pagamentos frequentes sem problemas.<\/p>\n<p>Se estamos falando sobre a porcentagem de retorno para o jogador, o indicador chega a 93%, e este \u00e9 um excelente indicador para um slot progressivo, especialmente quando a demonstra\u00e7\u00e3o do jogo atinge at\u00e9 4 jackpots! O pagamento pode exceder sua aposta em 1955 vezes.<\/p>\n<p style=\"text-align: center;\"><img loading=\"lazy\" decoding=\"async\" class=\"aligncenter wp-image-357 size-full\" src=\"https:\/\/rocketplay-game.com\/wp-content\/uploads\/2022\/08\/mega-moolah-slot.jpeg\" alt=\"Mega Moolah slot\" width=\"900\" height=\"500\" srcset=\"https:\/\/rocketplay-game.com\/wp-content\/uploads\/2022\/08\/mega-moolah-slot.jpeg 900w, https:\/\/rocketplay-game.com\/wp-content\/uploads\/2022\/08\/mega-moolah-slot-300x167.jpeg 300w, https:\/\/rocketplay-game.com\/wp-content\/uploads\/2022\/08\/mega-moolah-slot-768x427.jpeg 768w\" sizes=\"auto, (max-width: 900px) 100vw, 900px\" \/><\/p>\n<h2>Jogue Mega Moolah no celular<\/h2>\n<p>Seria surpreendente se um slot com tanta popularidade n\u00e3o estivesse dispon\u00edvel em dispositivos m\u00f3veis. A Microgaming segue as tecnologias mais recentes e acompanha os tempos. Gra\u00e7as a isso, voc\u00ea pode facilmente jogar Mega Moolah por dinheiro real e usar a interface convenientemente; al\u00e9m disso, o espa\u00e7o do jogo n\u00e3o \u00e9 t\u00e3o grande e \u00e9 conveniente navegar por ele. E os gr\u00e1ficos n\u00e3o s\u00e3o carregados, n\u00e3o transbordando de elementos desnecess\u00e1rios, para que o slot funcione rapidamente e os jogadores n\u00e3o percebam nenhuma preocupa\u00e7\u00e3o.<\/p>\n<h2>Perguntas frequentes sobre o Mega Moolah<\/h2>\n<h3>Existe um slot Mega Moolah sem um jackpot progressivo?<\/h3>\n<p>Existe uma variante do slot, mas n\u00e3o \u00e9 t\u00e3o popular porque voc\u00ea n\u00e3o poder\u00e1 obter pagamentos t\u00e3o grandes. E o indicador Mega Moolah RTP foi reduzido para 88%. O que tamb\u00e9m n\u00e3o atrai jogadores acostumados a slots modernos com indicadores acima de 90%.<\/p>\n<h3>Qual \u00e9 o jackpot m\u00e1ximo ganho no slot Mega Moolah?<\/h3>\n<p>No slot Mega Moolah Brasil, foi registrado o jackpot m\u00e1ximo total, que foi compartilhado por 4 jogadores em 2013. O valor desse jackpot foi superior a US $ 13 milh\u00f5es. Se pegarmos o b\u00f4nus de estat\u00edsticas em todo o mundo, os valores ser\u00e3o v\u00e1rias vezes maiores.<\/p>\n<h3>Existe um modo de reprodu\u00e7\u00e3o autom\u00e1tica no slot Mega Moolah?<\/h3>\n<p>Precisamente! O slot tem uma fun\u00e7\u00e3o que inicia um jogo autom\u00e1tico. Voc\u00ea pode configurar independentemente quantas vezes o jogo ser\u00e1 iniciado e tamb\u00e9m em quais taxas. Nas configura\u00e7\u00f5es de n\u00famero de jogos, o m\u00ednimo dispon\u00edvel \u00e9 de 10 jogos e o m\u00e1ximo ser\u00e1 de 100.<\/p>\n<p><strong>Coment\u00e1rios sobre slots:<\/strong><\/p>\n<ul>\n<li><a href=\"https:\/\/rocketplay-game.com\/slots\/5-dragons\/\">5 Drag\u00f5es<\/a><\/li>\n<li><a href=\"https:\/\/rocketplay-game.com\/slots\/indian-dreaming\/\">Sonho indiano<\/a><\/li>\n<li><a href=\"https:\/\/rocketplay-game.com\/slots\/sun-of-fortune\/\">Sol da Fortuna<\/a><\/li>\n<\/ul>\n","protected":false},"excerpt":{"rendered":"<p>Todo jogador que est\u00e1 pelo menos um pouco familiarizado com cassinos online ou joga ativamente j\u00e1 ouviu falar sobre o incrivelmente popular slot Mega Moolah Brasil pelo menos uma vez. Esta m\u00e1quina ca\u00e7a-n\u00edqueis foi desenvolvida pela Microgaming e certamente trouxe grande sucesso para os desenvolvedores. O slot inclui quatro mega jackpots diferentes, que tamb\u00e9m s\u00e3o&#8230;<\/p>\n","protected":false},"author":1,"featured_media":0,"parent":2645,"menu_order":0,"comment_status":"closed","ping_status":"closed","template":"page-with-slot.php","meta":{"_acf_changed":false,"_kad_post_transparent":"default","_kad_post_title":"default","_kad_post_layout":"default","_kad_post_sidebar_id":"","_kad_post_content_style":"default","_kad_post_vertical_padding":"default","_kad_post_feature":"","_kad_post_feature_position":"","_kad_post_header":false,"_kad_post_footer":false,"footnotes":""},"class_list":["post-2928","page","type-page","status-publish","hentry"],"acf":[],"rttpg_featured_image_url":null,"rttpg_author":{"display_name":"Tom","author_link":"https:\/\/rocketplay-game.com\/pt-br\/author\/pemvas95n89x\/"},"rttpg_comment":0,"rttpg_category":null,"rttpg_excerpt":"Todo jogador que est\u00e1 pelo menos um pouco familiarizado com cassinos online ou joga ativamente j\u00e1 ouviu falar sobre o incrivelmente popular slot Mega Moolah Brasil pelo menos uma vez. Esta m\u00e1quina ca\u00e7a-n\u00edqueis foi desenvolvida pela Microgaming e certamente trouxe grande sucesso para os desenvolvedores. O slot inclui quatro mega jackpots diferentes, que tamb\u00e9m s\u00e3o...","_links":{"self":[{"href":"https:\/\/rocketplay-game.com\/pt-br\/wp-json\/wp\/v2\/pages\/2928","targetHints":{"allow":["GET"]}}],"collection":[{"href":"https:\/\/rocketplay-game.com\/pt-br\/wp-json\/wp\/v2\/pages"}],"about":[{"href":"https:\/\/rocketplay-game.com\/pt-br\/wp-json\/wp\/v2\/types\/page"}],"author":[{"embeddable":true,"href":"https:\/\/rocketplay-game.com\/pt-br\/wp-json\/wp\/v2\/users\/1"}],"replies":[{"embeddable":true,"href":"https:\/\/rocketplay-game.com\/pt-br\/wp-json\/wp\/v2\/comments?post=2928"}],"version-history":[{"count":2,"href":"https:\/\/rocketplay-game.com\/pt-br\/wp-json\/wp\/v2\/pages\/2928\/revisions"}],"predecessor-version":[{"id":2930,"href":"https:\/\/rocketplay-game.com\/pt-br\/wp-json\/wp\/v2\/pages\/2928\/revisions\/2930"}],"up":[{"embeddable":true,"href":"https:\/\/rocketplay-game.com\/pt-br\/wp-json\/wp\/v2\/pages\/2645"}],"wp:attachment":[{"href":"https:\/\/rocketplay-game.com\/pt-br\/wp-json\/wp\/v2\/media?parent=2928"}],"curies":[{"name":"wp","href":"https:\/\/api.w.org\/{rel}","templated":true}]}}