{"id":2933,"date":"2022-08-18T17:35:57","date_gmt":"2022-08-18T14:35:57","guid":{"rendered":"https:\/\/rocketplay-game.com\/slots\/money-train-2\/"},"modified":"2022-10-31T02:34:57","modified_gmt":"2022-10-30T23:34:57","slug":"money-train-2","status":"publish","type":"page","link":"https:\/\/rocketplay-game.com\/pt-br\/slots\/money-train-2\/","title":{"rendered":"Revise Money Train 2 Slot"},"content":{"rendered":"<p>O slot exclusivo Money Train 2 Brasil foi apresentado ao p\u00fablico em 2020. O slot acabou sendo muito popular entre os jogadores, o que levou o est\u00fadio Relax Gaming a um grande sucesso.<\/p>\n<p>Na segunda vers\u00e3o do popular ca\u00e7a-n\u00edqueis, a empresa desenvolvedora realizou alguns momentos corretivos que deram \u00e0 m\u00e1quina ainda mais aprova\u00e7\u00e3o dos jogadores. E o mais importante, os recursos de maior sucesso ainda est\u00e3o presentes na segunda s\u00e9rie do slot.<\/p>\n<p>Assim que voc\u00ea abre o slot, voc\u00ea \u00e9 absorvido pela atmosfera do Ocidente, futurista, saturada de elementos steampunk. O trem \u00e9 preenchido com muitos elementos relevantes, como engrenagens e tubos. E a m\u00fasica e os sons que o cercam adicionam ainda mais sensa\u00e7\u00e3o de presen\u00e7a.<\/p>\n<p>A zona de jogo consiste em 5 cilindros e, ao mesmo tempo, oferece at\u00e9 40 linhas de pagamento que voc\u00ea pode usar para aumentar as chances de ganhar.<\/p>\n<p>Mergulhe em uma longa jornada por uma cidade quente e deserta em seu colorido trem steampunk! Saiba mais sobre o jogo gr\u00e1tis Money Train 2 com dinheiro real abaixo.<\/p>\n<p style=\"text-align: center;\"><img loading=\"lazy\" decoding=\"async\" class=\"wp-image-361 size-full aligncenter\" src=\"https:\/\/rocketplay-game.com\/wp-content\/uploads\/2022\/08\/money-train-2-logo.jpeg\" alt=\"Money Train 2 logo\" width=\"800\" height=\"600\" srcset=\"https:\/\/rocketplay-game.com\/wp-content\/uploads\/2022\/08\/money-train-2-logo.jpeg 800w, https:\/\/rocketplay-game.com\/wp-content\/uploads\/2022\/08\/money-train-2-logo-300x225.jpeg 300w, https:\/\/rocketplay-game.com\/wp-content\/uploads\/2022\/08\/money-train-2-logo-768x576.jpeg 768w, https:\/\/rocketplay-game.com\/wp-content\/uploads\/2022\/08\/money-train-2-logo-600x450.jpeg 600w\" sizes=\"auto, (max-width: 800px) 100vw, 800px\" \/><\/p>\n<h2>S\u00edmbolos do dispositivo e seu valor para o jogador<\/h2>\n<p>Existem v\u00e1rios s\u00edmbolos na demonstra\u00e7\u00e3o do Money Train 2 que podem aumentar suas apostas vencedoras, ajud\u00e1-lo a fazer combina\u00e7\u00f5es e dar-lhe mais chances de ganhar. O s\u00edmbolo curinga \u00e9 o mais lucrativo e desej\u00e1vel, possui o maior n\u00famero de multiplicadores e, gra\u00e7as a ele, voc\u00ea pode contar com o maior pr\u00eamio.<\/p>\n<p>Ap\u00f3s o s\u00edmbolo selvagem, existem s\u00edmbolos como necromante, colecionador, atirador de elite e pagador. Em seguida est\u00e3o os s\u00edmbolos da p\u00e1, cora\u00e7\u00e3o e diamante.<\/p>\n<p>Ao coletar as combina\u00e7\u00f5es corretas de s\u00edmbolos, voc\u00ea pode obter uma s\u00e9rie de rodadas gr\u00e1tis, rodadas gr\u00e1tis ou um aumento no campo de jogo de 5 para 7 cilindros.<\/p>\n<p>Quanto mais s\u00edmbolos voc\u00ea conseguir coletar, as ofertas de b\u00f4nus mais lucrativas estar\u00e3o esperando por voc\u00ea no final.<\/p>\n<p>O ca\u00e7a-n\u00edqueis tamb\u00e9m tem uma rodada de b\u00f4nus Money Cart que tem seus pr\u00f3prios recursos exclusivos; come\u00e7ando com Pagador, ele adiciona significado e valor a cada s\u00edmbolo pegajoso que est\u00e1 no carretel. O colecionador tem o direito de definir o custo dos personagens que s\u00e3o vis\u00edveis para ele. Ao mesmo tempo, o colecionador coletar\u00e1 os multiplicadores e passar\u00e1 seu valor total para outros s\u00edmbolos.<\/p>\n<p>O s\u00edmbolo do sniper dobrar\u00e1 os valores, variando de tr\u00eas a oito s\u00edmbolos aleat\u00f3rios no Money Train 2 gr\u00e1tis.<\/p>\n<p>N\u00e3o se esque\u00e7a do necromante, que retornar\u00e1 de 2 a 7 s\u00edmbolos que j\u00e1 foram usados \u200b\u200bpara adicionar multiplicadores adicionais \u00e0s suas duas rodadas que se seguir\u00e3o.<\/p>\n<h2>Money Train 2 Slot RTP\/Volatilidade<\/h2>\n<p>Uma melhoria not\u00e1vel na segunda vers\u00e3o do slot afetou o indicador RTP. Agora, a porcentagem de retorno para o jogador \u00e9 de 96,4% e, se voc\u00ea ativar a fun\u00e7\u00e3o de compra de b\u00f4nus, o RTP saltar\u00e1 para um recorde de 98%.<\/p>\n<p>A volatilidade, no entanto, \u00e9 extremamente alta. Portanto, tenha cuidado porque, no jogo de b\u00f4nus, voc\u00ea pode esperar absolutamente qualquer coisa. O jogo ser\u00e1 intenso e energ\u00e9tico, e cada jogador poder\u00e1 experimentar exatamente as emo\u00e7\u00f5es pelas quais se esfor\u00e7a durante o jogo.<\/p>\n<p style=\"text-align: center;\"><img loading=\"lazy\" decoding=\"async\" class=\"aligncenter wp-image-362 size-full\" src=\"https:\/\/rocketplay-game.com\/wp-content\/uploads\/2022\/08\/money-train-2-slot.jpeg\" alt=\"Money Train 2 slot\" width=\"838\" height=\"471\" srcset=\"https:\/\/rocketplay-game.com\/wp-content\/uploads\/2022\/08\/money-train-2-slot.jpeg 838w, https:\/\/rocketplay-game.com\/wp-content\/uploads\/2022\/08\/money-train-2-slot-300x169.jpeg 300w, https:\/\/rocketplay-game.com\/wp-content\/uploads\/2022\/08\/money-train-2-slot-768x432.jpeg 768w\" sizes=\"auto, (max-width: 838px) 100vw, 838px\" \/><\/p>\n<h2>Trem de dinheiro fict\u00edcio 2 no celular<\/h2>\n<p>No mundo moderno, muitas empresas e cassinos online adicionam adapta\u00e7\u00e3o para dispositivos m\u00f3veis aos seus slots. O est\u00fadio de desenvolvedores Relax Gaming, juntamente com seu popular slot Money Train 2, tamb\u00e9m oferece essa oportunidade a muitos jogadores. Afinal, quanto mais plataformas suportarem o slot para o jogo, mais os jogadores poder\u00e3o aproveitar a jogabilidade e muitos b\u00f4nus que ocorrem durante o jogo.<\/p>\n<p>Para um jogo confort\u00e1vel, voc\u00ea n\u00e3o precisa baixar nada, basta iniciar a m\u00e1quina no navegador e aproveitar.<\/p>\n<h2>Perguntas frequentes sobre o Trem do Dinheiro 2<\/h2>\n<h3>Como funciona a fun\u00e7\u00e3o respin no Money Train 2?<\/h3>\n<p>Se voc\u00ea conseguir pegar s\u00edmbolos regulares em um dos rolos do slot, poder\u00e1 ativar esse recurso. Neste caso, o multiplicador ser\u00e1 mostrado na tela. Esses indicadores s\u00e3o adicionados e ajudam a acumular novas rodadas para o jogador. A porcentagem inteira fica brava at\u00e9 voc\u00ea receber seus ganhos. Se a nova rodada n\u00e3o trouxer uma vit\u00f3ria, ela ajudar\u00e1 a aumentar o multiplicador em uma unidade.<\/p>\n<h3>Posso jogar Money Train 2 de gra\u00e7a?<\/h3>\n<p>Voc\u00ea pode jogar o modo Money Train 2 sem arriscar seu pr\u00f3prio dinheiro. Esta \u00e9 uma \u00f3tima solu\u00e7\u00e3o para aqueles jogadores que desejam verificar inicialmente se gostam do slot. Conhe\u00e7a melhor os carret\u00e9is e experimente toda a jogabilidade por conta pr\u00f3pria.<\/p>\n<h3>Qual \u00e9 o s\u00edmbolo mais lucrativo no slot?<\/h3>\n<p>O s\u00edmbolo mais bem pago que voc\u00ea encontrar\u00e1 no jogo \u00e9 o s\u00edmbolo wild. Se voc\u00ea fizer a aposta m\u00e1xima e coletar todos os 5 s\u00edmbolos nas bobinas, neste caso, o multiplicador ser\u00e1 um recorde de 20.000x. Os mesmos multiplicadores podem ser encontrados com o s\u00edmbolo do necromante.<\/p>\n<p><strong>Coment\u00e1rios sobre slots:<\/strong><\/p>\n<ul>\n<li><a href=\"https:\/\/rocketplay-game.com\/slots\/more-chilli\/\">Mais pimenta<\/a><\/li>\n<li><a href=\"https:\/\/rocketplay-game.com\/slots\/queen-of-the-nile\/\">Rainha do Nilo<\/a><\/li>\n<\/ul>\n","protected":false},"excerpt":{"rendered":"<p>O slot exclusivo Money Train 2 Brasil foi apresentado ao p\u00fablico em 2020. O slot acabou sendo muito popular entre os jogadores, o que levou o est\u00fadio Relax Gaming a um grande sucesso. Na segunda vers\u00e3o do popular ca\u00e7a-n\u00edqueis, a empresa desenvolvedora realizou alguns momentos corretivos que deram \u00e0 m\u00e1quina ainda mais aprova\u00e7\u00e3o dos jogadores&#8230;.<\/p>\n","protected":false},"author":1,"featured_media":0,"parent":2645,"menu_order":0,"comment_status":"closed","ping_status":"closed","template":"page-with-slot.php","meta":{"_acf_changed":false,"_kad_post_transparent":"default","_kad_post_title":"default","_kad_post_layout":"default","_kad_post_sidebar_id":"","_kad_post_content_style":"default","_kad_post_vertical_padding":"default","_kad_post_feature":"","_kad_post_feature_position":"","_kad_post_header":false,"_kad_post_footer":false,"footnotes":""},"class_list":["post-2933","page","type-page","status-publish","hentry"],"acf":[],"rttpg_featured_image_url":null,"rttpg_author":{"display_name":"Tom","author_link":"https:\/\/rocketplay-game.com\/pt-br\/author\/pemvas95n89x\/"},"rttpg_comment":0,"rttpg_category":null,"rttpg_excerpt":"O slot exclusivo Money Train 2 Brasil foi apresentado ao p\u00fablico em 2020. O slot acabou sendo muito popular entre os jogadores, o que levou o est\u00fadio Relax Gaming a um grande sucesso. Na segunda vers\u00e3o do popular ca\u00e7a-n\u00edqueis, a empresa desenvolvedora realizou alguns momentos corretivos que deram \u00e0 m\u00e1quina ainda mais aprova\u00e7\u00e3o dos jogadores....","_links":{"self":[{"href":"https:\/\/rocketplay-game.com\/pt-br\/wp-json\/wp\/v2\/pages\/2933","targetHints":{"allow":["GET"]}}],"collection":[{"href":"https:\/\/rocketplay-game.com\/pt-br\/wp-json\/wp\/v2\/pages"}],"about":[{"href":"https:\/\/rocketplay-game.com\/pt-br\/wp-json\/wp\/v2\/types\/page"}],"author":[{"embeddable":true,"href":"https:\/\/rocketplay-game.com\/pt-br\/wp-json\/wp\/v2\/users\/1"}],"replies":[{"embeddable":true,"href":"https:\/\/rocketplay-game.com\/pt-br\/wp-json\/wp\/v2\/comments?post=2933"}],"version-history":[{"count":4,"href":"https:\/\/rocketplay-game.com\/pt-br\/wp-json\/wp\/v2\/pages\/2933\/revisions"}],"predecessor-version":[{"id":3054,"href":"https:\/\/rocketplay-game.com\/pt-br\/wp-json\/wp\/v2\/pages\/2933\/revisions\/3054"}],"up":[{"embeddable":true,"href":"https:\/\/rocketplay-game.com\/pt-br\/wp-json\/wp\/v2\/pages\/2645"}],"wp:attachment":[{"href":"https:\/\/rocketplay-game.com\/pt-br\/wp-json\/wp\/v2\/media?parent=2933"}],"curies":[{"name":"wp","href":"https:\/\/api.w.org\/{rel}","templated":true}]}}