{"id":2938,"date":"2022-08-18T16:23:00","date_gmt":"2022-08-18T13:23:00","guid":{"rendered":"https:\/\/rocketplay-game.com\/slots\/more-chilli\/"},"modified":"2022-10-31T00:58:37","modified_gmt":"2022-10-30T21:58:37","slug":"more-chilli","status":"publish","type":"page","link":"https:\/\/rocketplay-game.com\/pt-br\/slots\/more-chilli\/","title":{"rendered":"Reveja mais slot de pimenta"},"content":{"rendered":"<p>More Chilli pokie \u00e9 uma daquelas m\u00e1quinas ca\u00e7a-n\u00edqueis que s\u00e3o encontradas hoje em cassinos f\u00edsicos e online. E eles s\u00e3o muito populares entre o p\u00fablico de jogos de azar.<\/p>\n<p>O slot More Chilli atrair\u00e1 tanto os iniciantes quanto os grandes clientes com experi\u00eancia. Tudo porque este m casino tem jokers, s\u00e9ries de jogos de b\u00f3nus adicionais ou s\u00edmbolos scatter que ir\u00e3o multiplicar as suas hip\u00f3teses de obter o pr\u00e9mio m\u00e1ximo.<\/p>\n<p>Na apar\u00eancia, o slot \u00e9 atraente em design e permite que os jogadores passem o tempo confortavelmente durante o jogo. A m\u00e1quina ca\u00e7a-n\u00edqueis More Chilli foi originalmente criada pela Aristocrat especificamente para cassinos e ca\u00e7a-n\u00edqueis locais, mas sua grande popularidade agora agrada jogadores de todo o mundo.<\/p>\n<p style=\"text-align: center;\"><img loading=\"lazy\" decoding=\"async\" class=\"aligncenter wp-image-342 size-full\" src=\"https:\/\/rocketplay-game.com\/wp-content\/uploads\/2022\/08\/more-chilli-logo.jpeg\" alt=\"More Chilli logo\" width=\"948\" height=\"712\" srcset=\"https:\/\/rocketplay-game.com\/wp-content\/uploads\/2022\/08\/more-chilli-logo.jpeg 948w, https:\/\/rocketplay-game.com\/wp-content\/uploads\/2022\/08\/more-chilli-logo-300x225.jpeg 300w, https:\/\/rocketplay-game.com\/wp-content\/uploads\/2022\/08\/more-chilli-logo-768x577.jpeg 768w, https:\/\/rocketplay-game.com\/wp-content\/uploads\/2022\/08\/more-chilli-logo-600x450.jpeg 600w\" sizes=\"auto, (max-width: 948px) 100vw, 948px\" \/><\/p>\n<h2>Mais s\u00edmbolos e valores de pimenta<\/h2>\n<p>Existem s\u00edmbolos no aplicativo More Chilli, e eles incluem o sol, galinhas, uma bolsa de dinheiro, um cachorro chihuahua, uma barraca de chili, tequila, galos e um mexicano sorridente. Al\u00e9m disso, nas bobinas, voc\u00ea encontrar\u00e1 os s\u00edmbolos 9, 10, \u00e1s, dama, valete e rei. Quanto ao s\u00edmbolo de dispers\u00e3o, \u00e9 um saco de dinheiro ou pimenta. Uma caracter\u00edstica distintiva \u00e9 uma cultura mexicana em um sombrero que grita &#8220;Outro piment\u00e3o!&#8221; constantemente. O ca\u00e7a-n\u00edqueis o motiva regularmente para que voc\u00ea possa fazer tudo e, eventualmente, ganhar o jackpot.<\/p>\n<p>O s\u00edmbolo selvagem ser\u00e1 um mexicano sorridente. O s\u00edmbolo curinga substituir\u00e1 todos os outros \u00edcones, exceto o s\u00edmbolo de dispers\u00e3o. Se uma combina\u00e7\u00e3o de tr\u00eas ou, por exemplo, um n\u00famero maior de s\u00edmbolos de dispers\u00e3o, o usu\u00e1rio aguarda 10 rodadas gr\u00e1tis. A s\u00e9rie de rodadas pode ser aumentada para 15 quando cinco apostas adicionais forem feitas durante o recurso de rodadas ativas.<\/p>\n<p>A peculiaridade do recurso de rodadas gr\u00e1tis s\u00e3o os s\u00edmbolos de dispers\u00e3o precisos que voc\u00ea coleta simultaneamente no carretel, mais rodadas voc\u00ea receber\u00e1. Se voc\u00ea obtiver 9 spreads, tamb\u00e9m receber\u00e1 tr\u00eas conjuntos de bobinas. Quanto mais s\u00edmbolos, mais bobinas. E assim, 30 s\u00edmbolos levar\u00e3o ao fato de que voc\u00ea ver\u00e1 uma imagem do terceiro, quarto e quinto rolos, que est\u00e3o totalmente preenchidos com s\u00edmbolos selvagens e lhe dar\u00e3o muitas rodadas gr\u00e1tis.<\/p>\n<h2>Mais RTP\/Volatilidade do Slot Chilli<\/h2>\n<p>A taxa de pagamento no slot online More Chilli varia entre 96-97%. Essas porcentagens s\u00e3o consideradas bastante altas. Se tamb\u00e9m levarmos em conta o fato de que a volatilidade do ca\u00e7a-n\u00edqueis \u00e9 m\u00e9dia, os jogadores ter\u00e3o uma chance bastante alta de ganhar este ca\u00e7a-n\u00edqueis. E todos que tiverem sorte poder\u00e3o ganhar um jackpot que exceder\u00e1 sua aposta mil vezes.<\/p>\n<p>N\u00e3o apenas o RTP e a volatilidade o ajudar\u00e3o a vencer, mas tamb\u00e9m o n\u00famero de b\u00f4nus que voc\u00ea pode encontrar dentro do jogo.<\/p>\n<p style=\"text-align: center;\"><img loading=\"lazy\" decoding=\"async\" class=\"aligncenter wp-image-343 size-full\" src=\"https:\/\/rocketplay-game.com\/wp-content\/uploads\/2022\/08\/more-chilli-slot.jpeg\" alt=\"more chilli slot\" width=\"815\" height=\"608\" srcset=\"https:\/\/rocketplay-game.com\/wp-content\/uploads\/2022\/08\/more-chilli-slot.jpeg 815w, https:\/\/rocketplay-game.com\/wp-content\/uploads\/2022\/08\/more-chilli-slot-300x224.jpeg 300w, https:\/\/rocketplay-game.com\/wp-content\/uploads\/2022\/08\/more-chilli-slot-768x573.jpeg 768w\" sizes=\"auto, (max-width: 815px) 100vw, 815px\" \/><\/p>\n<h2>Jogue mais pimenta no celular<\/h2>\n<p>Quanto mais o jogo online se desenvolve, mais f\u00e3s de jogar More Chilli online gr\u00e1tis a partir de um celular se tornam. Afinal, \u00e9 muito conveniente e voc\u00ea pode ter acesso \u00e0 sua conta de cassino e ca\u00e7a-n\u00edqueis a qualquer momento. O acesso \u00e0 Internet revelar\u00e1 a voc\u00ea todas as possibilidades de um cassino online m\u00f3vel.<\/p>\n<p>Isso \u00e9 conveniente n\u00e3o s\u00f3 porque est\u00e1 dispon\u00edvel em qualquer lugar, mas tamb\u00e9m porque nada precisa ser mais Chilli pokie download de antem\u00e3o.<\/p>\n<p>A fim de atender aos desejos dos jogadores e proporcionar total conforto em dinheiro real online More Chilli, o est\u00fadio de desenvolvedores Aristocrat trabalha imediatamente para garantir que os jogos estejam dispon\u00edveis tanto em computadores quanto no telefone. Al\u00e9m do telefone, podem ser outros dispositivos que voc\u00ea usa no dia a dia, como um tablet.<\/p>\n<h2>Mais perguntas frequentes sobre pimenta<\/h2>\n<h3>Preciso baixar o aplicativo More Chilli?<\/h3>\n<p>Voc\u00ea n\u00e3o precisa baixar o aplicativo porque pode usar a vers\u00e3o web do site. No entanto, existem cassinos em que esse slot est\u00e1 presente no aplicativo. Se desejar, voc\u00ea pode instal\u00e1-lo e us\u00e1-lo. No entanto, a vers\u00e3o web n\u00e3o \u00e9 diferente e economizar\u00e1 mem\u00f3ria no seu dispositivo.<\/p>\n<h3>Posso jogar o slot More Chilli gratuitamente?<\/h3>\n<p>Existem vers\u00f5es demo deste slot que voc\u00ea pode experimentar em v\u00e1rios sites. Apesar do fato de que a vers\u00e3o \u00e9 apenas introdut\u00f3ria, e voc\u00ea n\u00e3o ter\u00e1 que arriscar seu dinheiro, em qualquer caso, voc\u00ea ter\u00e1 acesso a uma jogabilidade e bobinas completas. E b\u00f4nus, que tamb\u00e9m est\u00e3o dispon\u00edveis em um slot regular por dinheiro real.<\/p>\n<h3>\u00c9 melhor jogar More Chilli online ou em um cassino f\u00edsico?<\/h3>\n<p>Nesse caso, se voc\u00ea optou por jogar a vers\u00e3o online desta m\u00e1quina ca\u00e7a-n\u00edqueis, ter\u00e1 um belo b\u00f4nus esperando por voc\u00ea, que lhe dar\u00e1 a oportunidade de aumentar as linhas de pagamento. Isso significa que seu RTP tamb\u00e9m ser\u00e1 atualizado. Este \u00e9 um pequeno aumento percentual; no entanto, n\u00e3o existe essa possibilidade em slots terrestres.<\/p>\n<p><strong>Coment\u00e1rios sobre slots:<\/strong><\/p>\n<ul>\n<li><a href=\"https:\/\/rocketplay-game.com\/slots\/book-of-ra-deluxe\/\">Livro De R\u00e1 Deluxe<\/a><\/li>\n<li><a href=\"https:\/\/rocketplay-game.com\/slots\/mega-moolah\/\">Mega Moolah<\/a><\/li>\n<\/ul>\n","protected":false},"excerpt":{"rendered":"<p>More Chilli pokie \u00e9 uma daquelas m\u00e1quinas ca\u00e7a-n\u00edqueis que s\u00e3o encontradas hoje em cassinos f\u00edsicos e online. E eles s\u00e3o muito populares entre o p\u00fablico de jogos de azar. O slot More Chilli atrair\u00e1 tanto os iniciantes quanto os grandes clientes com experi\u00eancia. Tudo porque este m casino tem jokers, s\u00e9ries de jogos de b\u00f3nus&#8230;<\/p>\n","protected":false},"author":1,"featured_media":0,"parent":2645,"menu_order":0,"comment_status":"closed","ping_status":"closed","template":"page-with-slot.php","meta":{"_acf_changed":false,"_kad_post_transparent":"default","_kad_post_title":"default","_kad_post_layout":"default","_kad_post_sidebar_id":"","_kad_post_content_style":"default","_kad_post_vertical_padding":"default","_kad_post_feature":"","_kad_post_feature_position":"","_kad_post_header":false,"_kad_post_footer":false,"footnotes":""},"class_list":["post-2938","page","type-page","status-publish","hentry"],"acf":[],"rttpg_featured_image_url":null,"rttpg_author":{"display_name":"Tom","author_link":"https:\/\/rocketplay-game.com\/pt-br\/author\/pemvas95n89x\/"},"rttpg_comment":0,"rttpg_category":null,"rttpg_excerpt":"More Chilli pokie \u00e9 uma daquelas m\u00e1quinas ca\u00e7a-n\u00edqueis que s\u00e3o encontradas hoje em cassinos f\u00edsicos e online. E eles s\u00e3o muito populares entre o p\u00fablico de jogos de azar. O slot More Chilli atrair\u00e1 tanto os iniciantes quanto os grandes clientes com experi\u00eancia. Tudo porque este m casino tem jokers, s\u00e9ries de jogos de b\u00f3nus...","_links":{"self":[{"href":"https:\/\/rocketplay-game.com\/pt-br\/wp-json\/wp\/v2\/pages\/2938","targetHints":{"allow":["GET"]}}],"collection":[{"href":"https:\/\/rocketplay-game.com\/pt-br\/wp-json\/wp\/v2\/pages"}],"about":[{"href":"https:\/\/rocketplay-game.com\/pt-br\/wp-json\/wp\/v2\/types\/page"}],"author":[{"embeddable":true,"href":"https:\/\/rocketplay-game.com\/pt-br\/wp-json\/wp\/v2\/users\/1"}],"replies":[{"embeddable":true,"href":"https:\/\/rocketplay-game.com\/pt-br\/wp-json\/wp\/v2\/comments?post=2938"}],"version-history":[{"count":2,"href":"https:\/\/rocketplay-game.com\/pt-br\/wp-json\/wp\/v2\/pages\/2938\/revisions"}],"predecessor-version":[{"id":2940,"href":"https:\/\/rocketplay-game.com\/pt-br\/wp-json\/wp\/v2\/pages\/2938\/revisions\/2940"}],"up":[{"embeddable":true,"href":"https:\/\/rocketplay-game.com\/pt-br\/wp-json\/wp\/v2\/pages\/2645"}],"wp:attachment":[{"href":"https:\/\/rocketplay-game.com\/pt-br\/wp-json\/wp\/v2\/media?parent=2938"}],"curies":[{"name":"wp","href":"https:\/\/api.w.org\/{rel}","templated":true}]}}