{"id":2942,"date":"2022-08-18T17:24:15","date_gmt":"2022-08-18T14:24:15","guid":{"rendered":"https:\/\/rocketplay-game.com\/slots\/queen-of-the-nile\/"},"modified":"2025-11-25T23:09:45","modified_gmt":"2025-11-25T20:09:45","slug":"queen-of-the-nile","status":"publish","type":"page","link":"https:\/\/rocketplay-game.com\/pt-br\/slots\/queen-of-the-nile\/","title":{"rendered":"Resenha do ca\u00e7a-n\u00edqueis Rainha do Nilo"},"content":{"rendered":"<p>A empresa aristocrata uma vez criou os ca\u00e7a-n\u00edqueis gratuitos Queen of The Nile, que \u00e9 uma m\u00e1quina ca\u00e7a-n\u00edqueis de v\u00eddeo que tem 24 linhas de pagamento e at\u00e9 5 cilindros.<\/p>\n<p>A m\u00e1quina \u00e9 baseada no famoso fara\u00f3 do Egito Antigo &#8211; Rainha Cle\u00f3patra. Muitos anos atr\u00e1s, Cle\u00f3patra acabou por ser o \u00faltimo fara\u00f3 do Egito Antigo. Apesar disso, ela era Ptolomeu.<\/p>\n<p>O slot oferece a oportunidade de fazer apostas m\u00ednimas na rodada, que come\u00e7am com um valor de 0,25 moedas, enquanto a aposta m\u00e1xima ser\u00e1 de 50 moedas. O slot tem um jackpot de 1.500 moedas, al\u00e9m de v\u00e1rios multiplicadores e uma s\u00e9rie de rodadas gr\u00e1tis que ajudar\u00e3o voc\u00ea a obter o jackpot. Portanto, recomendamos o download gratuito de Rainha do Nilo.<\/p>\n<p><img loading=\"lazy\" decoding=\"async\" class=\"wp-image-350 size-full aligncenter\" src=\"https:\/\/rocketplay-game.com\/wp-content\/uploads\/2022\/08\/queen-of-the-nile-logo.jpeg\" alt=\"Queen of The Nile logo\" width=\"800\" height=\"600\" srcset=\"https:\/\/rocketplay-game.com\/wp-content\/uploads\/2022\/08\/queen-of-the-nile-logo.jpeg 800w, https:\/\/rocketplay-game.com\/wp-content\/uploads\/2022\/08\/queen-of-the-nile-logo-300x225.jpeg 300w, https:\/\/rocketplay-game.com\/wp-content\/uploads\/2022\/08\/queen-of-the-nile-logo-768x576.jpeg 768w, https:\/\/rocketplay-game.com\/wp-content\/uploads\/2022\/08\/queen-of-the-nile-logo-600x450.jpeg 600w\" sizes=\"auto, (max-width: 800px) 100vw, 800px\" \/><\/p>\n<h2>S\u00edmbolos e valores da Rainha do Nilo<\/h2>\n<p>Este ca\u00e7a-n\u00edqueis Rainha do Nilo \u00e9 bastante popular em cassinos comuns, e n\u00e3o \u00e9 de surpreender que o est\u00fadio Aristocrat tenha decidido lan\u00e7ar o ca\u00e7a-n\u00edqueis online tamb\u00e9m.<\/p>\n<p>Toda a apar\u00eancia da m\u00e1quina em um cassino online e, claro, os s\u00edmbolos transmitir\u00e3o exatamente esse per\u00edodo de tempo no Egito Antigo.<\/p>\n<p>Voc\u00ea ver\u00e1:<\/p>\n<ul>\n<li>pir\u00e2mide espalhada;<\/li>\n<li>Flor de Lotus;<\/li>\n<li>rainha Cle\u00f3patra;<\/li>\n<li>cartas de 9 a \u00e1s;<\/li>\n<li>olho de Horus;<\/li>\n<li>escaravelhos.<\/li>\n<\/ul>\n<p>O s\u00edmbolo curinga \u00e9 a Rainha Cle\u00f3patra, ela substitui os s\u00edmbolos vizinhos e, se uma combina\u00e7\u00e3o vencedora for feita, seus pagamentos de aposta ser\u00e3o dobrados. Cle\u00f3patra n\u00e3o substitui apenas os s\u00edmbolos de dispers\u00e3o no aplicativo Pokie Rainha do Nilo.<\/p>\n<p>O objetivo completo do seu jogo n\u00e3o \u00e9 apenas ganhar apostas, mas tamb\u00e9m desbloquear o recurso de rodadas gr\u00e1tis. Afinal, eles ajudar\u00e3o voc\u00ea a ganhar e aproximar\u00e3o suas chances de jackpot.<\/p>\n<p>As rodadas ser\u00e3o ativadas gra\u00e7as aos s\u00edmbolos scatter e \u00e0 op\u00e7\u00e3o de pagamento, ou seja, a pir\u00e2mide. Assim que 3 ou mais s\u00edmbolos aparecerem nas bobinas durante o jogo principal, uma nova tela ser\u00e1 aberta, onde a pr\u00f3pria Cle\u00f3patra oferecer\u00e1 ao jogador a escolha de um dos 4 recursos de rodadas gr\u00e1tis.<\/p>\n<p>O recurso de rodadas gr\u00e1tis iniciais lhe dar\u00e1 5 rodadas com um multiplicador de 10x e, em cada n\u00edvel, as rodadas aumentar\u00e3o em 5. Multiplicadores, pelo contr\u00e1rio. Na segunda fun\u00e7\u00e3o, voc\u00ea encontrar\u00e1 um multiplicador de 5 vezes, na terceira &#8211; um multiplicador de 3 vezes e, na \u00faltima, apenas um multiplicador de 2 vezes.<\/p>\n<p>O jogador tamb\u00e9m pode receber pagamentos por scatters. 5 scatters d\u00e3o 100 moedas. Os ganhos do s\u00edmbolo scatter ser\u00e3o multiplicados pela sua aposta total no slot.<\/p>\n<p>Al\u00e9m dos principais s\u00edmbolos e recursos de b\u00f4nus encontrados no jogo, h\u00e1 tamb\u00e9m um jogo de risco adicional. Voc\u00ea pode jog\u00e1-lo ap\u00f3s sua vit\u00f3ria, e este \u00e9 um tipo bastante comum de jogo adicional. Sua tarefa \u00e9 adivinhar a cor da carta ou seu naipe. Tudo \u00e9 simples e, se voc\u00ea ganhar, seus ganhos ser\u00e3o dobrados ou aumentados 4 vezes.<\/p>\n<h2>Rainha do Nilo Slot RTP\/Volatilidade<\/h2>\n<p>Esta slot machine tem volatilidade m\u00e9dia e \u00e9 mais adequada para jogadores que gostam de jogar em grande. No entanto, os jogadores com um banco pequeno tamb\u00e9m podem se divertir com o jogo gr\u00e1tis do Queen of The Nile.<\/p>\n<p>Se voc\u00ea conseguiu ganhar um bom pagamento, \u00e9 aconselh\u00e1vel sacar para que voc\u00ea tenha pelo menos 50% do seu saldo restante e os 50% restantes sejam o seu pr\u00eamio, que voc\u00ea ganhou honestamente.<\/p>\n<p>Voc\u00ea pode ter certeza de que ter\u00e1 uma boa chance de receber um pagamento, pois observe que o percentual de retorno ao jogador \u00e9 de 95,5%. Este \u00e9 um indicador bastante agrad\u00e1vel porque, em muitos slots, especialmente aqueles encontrados em cassinos f\u00edsicos, a porcentagem de RTP \u00e9 v\u00e1rias vezes menor.<\/p>\n<p style=\"text-align: center;\"><img loading=\"lazy\" decoding=\"async\" class=\"aligncenter wp-image-352 size-full\" src=\"https:\/\/rocketplay-game.com\/wp-content\/uploads\/2022\/08\/queen-of-the-nile-slot-1.jpeg\" alt=\"queen of the nile slot\" width=\"827\" height=\"620\" srcset=\"https:\/\/rocketplay-game.com\/wp-content\/uploads\/2022\/08\/queen-of-the-nile-slot-1.jpeg 827w, https:\/\/rocketplay-game.com\/wp-content\/uploads\/2022\/08\/queen-of-the-nile-slot-1-300x225.jpeg 300w, https:\/\/rocketplay-game.com\/wp-content\/uploads\/2022\/08\/queen-of-the-nile-slot-1-768x576.jpeg 768w, https:\/\/rocketplay-game.com\/wp-content\/uploads\/2022\/08\/queen-of-the-nile-slot-1-600x450.jpeg 600w\" sizes=\"auto, (max-width: 827px) 100vw, 827px\" \/><\/p>\n<h2>Jogue Rainha do Nilo no celular<\/h2>\n<p>A boa not\u00edcia para os jogadores m\u00f3veis ser\u00e1 que o slot \u00e9 perfeitamente jogado e sentido em telefones e outros dispositivos. Voc\u00ea pode abrir o jogo em seu navegador e aproveitar a jogabilidade em qualquer tela. Os desenvolvedores garantiram que a interface esteja confortavelmente localizada em toda a \u00e1rea do seu dispositivo e voc\u00ea n\u00e3o tenha nenhum desconforto ao jogar.<\/p>\n<p>Na vers\u00e3o, Queen of The Nile pokies dinheiro real, todas as fun\u00e7\u00f5es, todos os s\u00edmbolos e combina\u00e7\u00f5es estar\u00e3o dispon\u00edveis, que, assim como no computador, o levar\u00e3o \u00e0 vit\u00f3ria e ao jackpot desejados.<\/p>\n<h2>Perguntas frequentes sobre a Rainha do Nilo<\/h2>\n<h3>O slot \u00e9 progressivo?<\/h3>\n<p>O slot Queen of The Nile tem seu pr\u00f3prio jackpot no jogo, mas n\u00e3o \u00e9 progressivo. Apesar disso, fazendo apostas pequenas ou grandes, voc\u00ea ainda poder\u00e1 obter bons pagamentos.<\/p>\n<h3>Posso jogar o ca\u00e7a-n\u00edqueis Queen of The Nile gratuitamente?<\/h3>\n<p>Voc\u00ea pode usar o modo de demonstra\u00e7\u00e3o integrado para um jogo gratuito, que o apresentar\u00e1 \u00e0 jogabilidade e o mergulhar\u00e1 na atmosfera do Egito Antigo. Depois de experimentar o slot gratuitamente, voc\u00ea deve come\u00e7ar a apostar com dinheiro real e receber pagamentos substanciais.<\/p>\n<h3>Quantas moedas o s\u00edmbolo Wild d\u00e1?<\/h3>\n<p>Se voc\u00ea fizer a aposta m\u00e1xima e coletar uma combina\u00e7\u00e3o de 5 s\u00edmbolos selvagens de Cle\u00f3patra, poder\u00e1 contar com uma vit\u00f3ria de 3.000 moedas neste slot Rainha do Nilo.<\/p>\n<p><strong>Coment\u00e1rios sobre slots:<\/strong><\/p>\n<ul>\n<li><a href=\"https:\/\/rocketplay-game.com\/slots\/king-of-the-nile\/\">Rei do Nilo<\/a><\/li>\n<li><a href=\"https:\/\/rocketplay-game.com\/slots\/5-dragons\/\">5 Drag\u00f5es<\/a><\/li>\n<li><a href=\"https:\/\/rocketplay-game.com\/slots\/queen-and-dragons\/\">Rainha e drag\u00f5es<\/a><\/li>\n<\/ul>\n","protected":false},"excerpt":{"rendered":"<p>A empresa aristocrata uma vez criou os ca\u00e7a-n\u00edqueis gratuitos Queen of The Nile, que \u00e9 uma m\u00e1quina ca\u00e7a-n\u00edqueis de v\u00eddeo que tem 24 linhas de pagamento e at\u00e9 5 cilindros. A m\u00e1quina \u00e9 baseada no famoso fara\u00f3 do Egito Antigo &#8211; Rainha Cle\u00f3patra. Muitos anos atr\u00e1s, Cle\u00f3patra acabou por ser o \u00faltimo fara\u00f3 do Egito&#8230;<\/p>\n","protected":false},"author":1,"featured_media":0,"parent":2645,"menu_order":0,"comment_status":"closed","ping_status":"closed","template":"page-with-slot.php","meta":{"_acf_changed":false,"_kad_post_transparent":"default","_kad_post_title":"default","_kad_post_layout":"default","_kad_post_sidebar_id":"","_kad_post_content_style":"default","_kad_post_vertical_padding":"default","_kad_post_feature":"","_kad_post_feature_position":"","_kad_post_header":false,"_kad_post_footer":false,"footnotes":""},"class_list":["post-2942","page","type-page","status-publish","hentry"],"acf":[],"rttpg_featured_image_url":null,"rttpg_author":{"display_name":"Tom","author_link":"https:\/\/rocketplay-game.com\/pt-br\/author\/pemvas95n89x\/"},"rttpg_comment":0,"rttpg_category":null,"rttpg_excerpt":"A empresa aristocrata uma vez criou os ca\u00e7a-n\u00edqueis gratuitos Queen of The Nile, que \u00e9 uma m\u00e1quina ca\u00e7a-n\u00edqueis de v\u00eddeo que tem 24 linhas de pagamento e at\u00e9 5 cilindros. A m\u00e1quina \u00e9 baseada no famoso fara\u00f3 do Egito Antigo &#8211; Rainha Cle\u00f3patra. Muitos anos atr\u00e1s, Cle\u00f3patra acabou por ser o \u00faltimo fara\u00f3 do Egito...","_links":{"self":[{"href":"https:\/\/rocketplay-game.com\/pt-br\/wp-json\/wp\/v2\/pages\/2942","targetHints":{"allow":["GET"]}}],"collection":[{"href":"https:\/\/rocketplay-game.com\/pt-br\/wp-json\/wp\/v2\/pages"}],"about":[{"href":"https:\/\/rocketplay-game.com\/pt-br\/wp-json\/wp\/v2\/types\/page"}],"author":[{"embeddable":true,"href":"https:\/\/rocketplay-game.com\/pt-br\/wp-json\/wp\/v2\/users\/1"}],"replies":[{"embeddable":true,"href":"https:\/\/rocketplay-game.com\/pt-br\/wp-json\/wp\/v2\/comments?post=2942"}],"version-history":[{"count":2,"href":"https:\/\/rocketplay-game.com\/pt-br\/wp-json\/wp\/v2\/pages\/2942\/revisions"}],"predecessor-version":[{"id":2944,"href":"https:\/\/rocketplay-game.com\/pt-br\/wp-json\/wp\/v2\/pages\/2942\/revisions\/2944"}],"up":[{"embeddable":true,"href":"https:\/\/rocketplay-game.com\/pt-br\/wp-json\/wp\/v2\/pages\/2645"}],"wp:attachment":[{"href":"https:\/\/rocketplay-game.com\/pt-br\/wp-json\/wp\/v2\/media?parent=2942"}],"curies":[{"name":"wp","href":"https:\/\/api.w.org\/{rel}","templated":true}]}}