{"id":2953,"date":"2022-08-18T18:14:08","date_gmt":"2022-08-18T15:14:08","guid":{"rendered":"https:\/\/rocketplay-game.com\/slots\/wolf-treasure\/"},"modified":"2022-10-31T01:18:31","modified_gmt":"2022-10-30T22:18:31","slug":"wolf-treasure","status":"publish","type":"page","link":"https:\/\/rocketplay-game.com\/pt-br\/slots\/wolf-treasure\/","title":{"rendered":"Revise o Ca\u00e7a-n\u00edqueis do Tesouro do Lobo"},"content":{"rendered":"<p>Os ca\u00e7a-n\u00edqueis Wolf Treasure s\u00e3o slots que transportam os jogadores para o Velho Oeste e permitem que eles observem a vida de v\u00e1rios animais. Na tela do jogo, h\u00e1 a oportunidade de conhecer v\u00e1rios representantes do mundo animal, que, estando de bom humor e na companhia certa, podem at\u00e9 dar um mega jackpot. Este emocionante v\u00eddeo slot \u00e9 a cria\u00e7\u00e3o de um novo desenvolvedor de conte\u00fado de jogos, uma jovem empresa chamada IGTech. O tabuleiro do jogo cont\u00e9m 3 linhas, 5 cilindros e 25 linhas de pagamento.<\/p>\n<p>Essas excelentes caracter\u00edsticas d\u00e3o aos jogadores, al\u00e9m de emo\u00e7\u00f5es emocionantes e aventuras extraordin\u00e1rias com lobos, um s\u00f3lido potencial de pagamento. Mergulhe no mundo do Velho Oeste e embarque em uma aventura, e com gr\u00e1ficos de alta qualidade, efeitos especiais e trilhas sonoras apropriadas, ser\u00e1 muito f\u00e1cil fazer isso.<\/p>\n<p style=\"text-align: center;\"><img loading=\"lazy\" decoding=\"async\" class=\"wp-image-375 size-large aligncenter\" src=\"https:\/\/rocketplay-game.com\/wp-content\/uploads\/2022\/08\/wolf-treasure-logo-1-1024x576.jpeg\" alt=\"Wolf Treasure logo\" width=\"1024\" height=\"576\" srcset=\"https:\/\/rocketplay-game.com\/wp-content\/uploads\/2022\/08\/wolf-treasure-logo-1-1024x576.jpeg 1024w, https:\/\/rocketplay-game.com\/wp-content\/uploads\/2022\/08\/wolf-treasure-logo-1-300x169.jpeg 300w, https:\/\/rocketplay-game.com\/wp-content\/uploads\/2022\/08\/wolf-treasure-logo-1-768x432.jpeg 768w, https:\/\/rocketplay-game.com\/wp-content\/uploads\/2022\/08\/wolf-treasure-logo-1.jpeg 1200w\" sizes=\"auto, (max-width: 1024px) 100vw, 1024px\" \/><\/p>\n<h2>Como jogar online em AU?<\/h2>\n<p>Wolf Treasure Brasil transporta imediatamente o jogador para a natureza selvagem. Efeitos especiais e sons apropriados contribuem para isso perfeitamente. Os tambores no tabuleiro do jogo est\u00e3o localizados em frente ao c\u00e2nion, de modo que aterros de pedra e paisagens tem\u00e1ticas aparecer\u00e3o diante dos olhos dos jogadores. Tudo isso acontecer\u00e1 no contexto do crep\u00fasculo, que gradualmente come\u00e7a a envolver tudo ao redor. E a lua, que apareceu recentemente no c\u00e9u, j\u00e1 deu uma ordem aos lobos sobre o in\u00edcio de sua temporada.<\/p>\n<p>Ao lan\u00e7ar o ca\u00e7a-n\u00edqueis Wolf Treasure, o jogador v\u00ea uma tela com 5 cilindros e 25 linhas de pagamento \u00e0 sua frente. O slot deve ser lan\u00e7ado de forma que saia uma combina\u00e7\u00e3o vencedora, que \u00e9 paga de acordo com a tabela de valores de cada s\u00edmbolo. O tema do slot apresenta ao jogador combina\u00e7\u00f5es de imagens de animais e s\u00edmbolos de cartas.<\/p>\n<p>O desenvolvedor do cassino Wolf Treasure tamb\u00e9m mostrou grande engenhosidade na cria\u00e7\u00e3o de s\u00edmbolos de dinheiro. Entre eles est\u00e3o os letreiros mais bem pagos e mais baratos. Imagens de alto valor incluem:<\/p>\n<ul>\n<li>Le\u00f5es da montanha;<\/li>\n<li>Bis\u00f5es;<\/li>\n<li>\u00c1guias;<\/li>\n<li>Mustangs!<\/li>\n<\/ul>\n<p>Os s\u00edmbolos mais baratos t\u00eam imagens de cartas diferentes &#8211; valete, rainha, rei e \u00e1s. Al\u00e9m disso, existem s\u00edmbolos selvagens e dispersos.<\/p>\n<h2>Wolf Treasure Slot RTP, Detalhes e Limites de Apostas<\/h2>\n<p>Para maior comodidade, apresentamos \u00e0 sua aten\u00e7\u00e3o uma tabela que cont\u00e9m informa\u00e7\u00f5es b\u00e1sicas sobre o slot de v\u00eddeo.<\/p>\n<table border=\"0\" cellspacing=\"0\" cellpadding=\"0\">\n<colgroup>\n<col \/>\n<col \/> <\/colgroup>\n<tbody>\n<tr>\n<td>Caracter\u00edsticas<\/td>\n<td>Detalhes<\/td>\n<\/tr>\n<tr>\n<td>Quantidade de rodas<\/td>\n<td>5<\/td>\n<\/tr>\n<tr>\n<td>Quantidade de linhas<\/td>\n<td>3<\/td>\n<\/tr>\n<tr>\n<td>Linhas de pagamento<\/td>\n<td>25<\/td>\n<\/tr>\n<tr>\n<td>Aposta m\u00ednima<\/td>\n<td>0,25 BRL<\/td>\n<\/tr>\n<tr>\n<td>Aposta m\u00e1xima<\/td>\n<td>25 BRL<\/td>\n<\/tr>\n<tr>\n<td>Jackpot<\/td>\n<td>mini, mejor, mega<\/td>\n<\/tr>\n<tr>\n<td>Vers\u00e3o m\u00f3vel<\/td>\n<td>+<\/td>\n<\/tr>\n<tr>\n<td>Emblemas especiais<\/td>\n<td>selvagem, espalhar<\/td>\n<\/tr>\n<tr>\n<td>Desenvolvedora<\/td>\n<td>IGTech<\/td>\n<\/tr>\n<tr>\n<td>RTP<\/td>\n<td>noventa e seis%<\/td>\n<\/tr>\n<\/tbody>\n<\/table>\n<h2>Recursos e jogos de b\u00f4nus no slot Wolf Treasure<\/h2>\n<p>S\u00edmbolos especiais ajudar\u00e3o voc\u00ea n\u00e3o apenas a tornar o jogo interessante e emocionante, mas tamb\u00e9m a obter oportunidades adicionais de vit\u00f3ria. Desta forma, tr\u00eas scatters caindo ao mesmo tempo trar\u00e3o um fator de multiplica\u00e7\u00e3o de sua aposta inicial por 1 e cinco rodadas de b\u00f4nus.<\/p>\n<p>As rodadas gr\u00e1tis do Wolf Treasure ser\u00e3o concedidas aos jogadores sempre que tr\u00eas s\u00edmbolos scatter aparecerem no campo de jogo ao mesmo tempo. Este \u00e9 um recurso extremamente ben\u00e9fico que o ajudar\u00e1 a ganhar um pr\u00eamio em dinheiro com mais frequ\u00eancia.<\/p>\n<p>Al\u00e9m disso, o b\u00f4nus sem dep\u00f3sito do Wolf Treasure Brasil dar\u00e1 aos usu\u00e1rios oportunidades adicionais de ganhar. Eles s\u00e3o concedidos na forma de rodadas gr\u00e1tis e podem ser usados \u200b\u200bdurante o jogo. Normalmente, esses incentivos s\u00e3o dados a novos jogadores. No entanto, eles tamb\u00e9m oferecem condi\u00e7\u00f5es favor\u00e1veis \u200b\u200be presentes para jogadores experientes. E o pr\u00eamio mais importante ser\u00e1 a oportunidade de ganhar o mega jackpot.<\/p>\n<p>Se voc\u00ea n\u00e3o est\u00e1 pronto para apostar dinheiro imediatamente, pode experimentar o modo de demonstra\u00e7\u00e3o. Esta \u00e9 uma vers\u00e3o absolutamente id\u00eantica do jogo, na qual as apostas s\u00e3o feitas em moedas virtuais. Tamb\u00e9m \u00e9 uma \u00f3tima chance de conhecer o slot, entender como ele funciona, aprender as regras e o pre\u00e7o dos s\u00edmbolos, al\u00e9m de desenvolver suas pr\u00f3prias t\u00e1ticas e estrat\u00e9gias.<\/p>\n<h2>Perguntas frequentes<\/h2>\n<h3>Como jogar ca\u00e7a-n\u00edqueis Wolf Treasure?<\/h3>\n<p>Ao lan\u00e7ar o ca\u00e7a-n\u00edqueis Wolf Treasure, o jogador v\u00ea uma tela com 5 cilindros e 25 linhas de pagamento \u00e0 sua frente. O slot deve ser lan\u00e7ado de forma que saia uma combina\u00e7\u00e3o vencedora, que \u00e9 paga de acordo com a tabela de valores de cada \u00edcone.<\/p>\n<h3>O ca\u00e7a-n\u00edqueis Wolf Treasure pode ser jogado de gra\u00e7a?<\/h3>\n<p>Os desenvolvedores do slot forneceram uma op\u00e7\u00e3o de jogo gratuita na vers\u00e3o demo. A vers\u00e3o anal\u00f3gica n\u00e3o \u00e9 diferente da vers\u00e3o original. Gr\u00e1ficos, regras e s\u00edmbolos s\u00e3o os mesmos. A \u00fanica diferen\u00e7a est\u00e1 na vit\u00f3ria. Na vers\u00e3o demo, voc\u00ea pode ganhar, mas \u00e9 imposs\u00edvel ganhar dinheiro.<\/p>\n<h3>Como ganhar dinheiro no ca\u00e7a-n\u00edqueis Wolf Treasure?<\/h3>\n<p>Como em qualquer outro slot, para este, o momento de sorte do jogador \u00e9 o principal fator para ganhar. \u00c9 imposs\u00edvel garantir o sucesso da rodada, mas voc\u00ea pode maximizar as chances de ganhar. O segredo \u00e9 distribuir suas finan\u00e7as pelo maior n\u00famero de apostas poss\u00edvel.<\/p>\n<p><strong>Coment\u00e1rios sobre slots:<\/strong><\/p>\n<ul>\n<li><a href=\"https:\/\/rocketplay-game.com\/slots\/money-train-2\/\">Trem do Dinheiro 2<\/a><\/li>\n<li><a href=\"https:\/\/rocketplay-game.com\/slots\/queen-of-the-nile\/\">Rainha do Nilo<\/a><\/li>\n<\/ul>\n","protected":false},"excerpt":{"rendered":"<p>Os ca\u00e7a-n\u00edqueis Wolf Treasure s\u00e3o slots que transportam os jogadores para o Velho Oeste e permitem que eles observem a vida de v\u00e1rios animais. Na tela do jogo, h\u00e1 a oportunidade de conhecer v\u00e1rios representantes do mundo animal, que, estando de bom humor e na companhia certa, podem at\u00e9 dar um mega jackpot. Este emocionante&#8230;<\/p>\n","protected":false},"author":1,"featured_media":0,"parent":2645,"menu_order":0,"comment_status":"closed","ping_status":"closed","template":"page-with-slot.php","meta":{"_acf_changed":false,"_kad_post_transparent":"default","_kad_post_title":"default","_kad_post_layout":"default","_kad_post_sidebar_id":"","_kad_post_content_style":"default","_kad_post_vertical_padding":"default","_kad_post_feature":"","_kad_post_feature_position":"","_kad_post_header":false,"_kad_post_footer":false,"footnotes":""},"class_list":["post-2953","page","type-page","status-publish","hentry"],"acf":[],"rttpg_featured_image_url":null,"rttpg_author":{"display_name":"Tom","author_link":"https:\/\/rocketplay-game.com\/pt-br\/author\/pemvas95n89x\/"},"rttpg_comment":0,"rttpg_category":null,"rttpg_excerpt":"Os ca\u00e7a-n\u00edqueis Wolf Treasure s\u00e3o slots que transportam os jogadores para o Velho Oeste e permitem que eles observem a vida de v\u00e1rios animais. Na tela do jogo, h\u00e1 a oportunidade de conhecer v\u00e1rios representantes do mundo animal, que, estando de bom humor e na companhia certa, podem at\u00e9 dar um mega jackpot. Este emocionante...","_links":{"self":[{"href":"https:\/\/rocketplay-game.com\/pt-br\/wp-json\/wp\/v2\/pages\/2953","targetHints":{"allow":["GET"]}}],"collection":[{"href":"https:\/\/rocketplay-game.com\/pt-br\/wp-json\/wp\/v2\/pages"}],"about":[{"href":"https:\/\/rocketplay-game.com\/pt-br\/wp-json\/wp\/v2\/types\/page"}],"author":[{"embeddable":true,"href":"https:\/\/rocketplay-game.com\/pt-br\/wp-json\/wp\/v2\/users\/1"}],"replies":[{"embeddable":true,"href":"https:\/\/rocketplay-game.com\/pt-br\/wp-json\/wp\/v2\/comments?post=2953"}],"version-history":[{"count":2,"href":"https:\/\/rocketplay-game.com\/pt-br\/wp-json\/wp\/v2\/pages\/2953\/revisions"}],"predecessor-version":[{"id":2955,"href":"https:\/\/rocketplay-game.com\/pt-br\/wp-json\/wp\/v2\/pages\/2953\/revisions\/2955"}],"up":[{"embeddable":true,"href":"https:\/\/rocketplay-game.com\/pt-br\/wp-json\/wp\/v2\/pages\/2645"}],"wp:attachment":[{"href":"https:\/\/rocketplay-game.com\/pt-br\/wp-json\/wp\/v2\/media?parent=2953"}],"curies":[{"name":"wp","href":"https:\/\/api.w.org\/{rel}","templated":true}]}}