{"id":2958,"date":"2022-10-03T14:13:39","date_gmt":"2022-10-03T11:13:39","guid":{"rendered":"https:\/\/rocketplay-game.com\/slots\/sun-of-fortune\/"},"modified":"2025-11-25T22:46:11","modified_gmt":"2025-11-25T19:46:11","slug":"sun-of-fortune","status":"publish","type":"page","link":"https:\/\/rocketplay-game.com\/pt-br\/slots\/sun-of-fortune\/","title":{"rendered":"Sol da Fortuna no RocketPlay"},"content":{"rendered":"<p>O criador de jogos online &#8211; a empresa Wazdan lan\u00e7ou sua cria\u00e7\u00e3o, permitindo aos usu\u00e1rios competir pelo jackpot. O slot especial do Rocket Play Sun of Fortune \u00e9 acionado quando v\u00e1rias imagens especiais aparecem como uma combina\u00e7\u00e3o. Deve haver pelo menos 6 deles. No caso de aparecerem menos imagens, nada muda.<\/p>\n<p>Em seguida, outra rodada \u00e9 ativada, o que oferece a oportunidade de incluir uma oferta especial &#8211; Hold the Jackpot. Quando ele liga, o jogador deve passar por 3 est\u00e1gios. Ap\u00f3s cada um deles, ocorre uma redefini\u00e7\u00e3o quando imagens especiais aparecem.<\/p>\n<p>O slot online Rocket Play Sun of Fortune atrair\u00e1 muitos jogadores. Afinal, muitas pessoas conhecem e amam a fun\u00e7\u00e3o de reten\u00e7\u00e3o de jackpot. Um per\u00edodo especial \u00e9 ativado quando 6 ou mais imagens especiais aparecem em 1 rodada.<\/p>\n<p>Mas o fabricante facilitou o processo de habilita\u00e7\u00e3o de um per\u00edodo especial. Quando tr\u00eas, quatro ou cinco imagens especiais aparecem, elas s\u00e3o salvas na pr\u00f3xima rodada especial. Quando o per\u00edodo adicional \u00e9 ativado, o usu\u00e1rio recebe tr\u00eas rodadas especiais. Em seguida, as rota\u00e7\u00f5es s\u00e3o atualizadas com o advento de uma imagem especial.<\/p>\n<p><img loading=\"lazy\" decoding=\"async\" class=\"aligncenter wp-image-515 size-full\" style=\"text-align: center; font-family: var(--global-body-font-family);\" src=\"https:\/\/rocketplay-game.com\/wp-content\/uploads\/2022\/10\/sun-of-fortune.jpeg\" alt=\"Sun of Fortune\" width=\"1140\" height=\"350\" srcset=\"https:\/\/rocketplay-game.com\/wp-content\/uploads\/2022\/10\/sun-of-fortune.jpeg 1140w, https:\/\/rocketplay-game.com\/wp-content\/uploads\/2022\/10\/sun-of-fortune-300x92.jpeg 300w, https:\/\/rocketplay-game.com\/wp-content\/uploads\/2022\/10\/sun-of-fortune-1024x314.jpeg 1024w, https:\/\/rocketplay-game.com\/wp-content\/uploads\/2022\/10\/sun-of-fortune-768x236.jpeg 768w\" sizes=\"auto, (max-width: 1140px) 100vw, 1140px\" \/><\/p>\n<h2>Op\u00e7\u00f5es e recursos de apostas<\/h2>\n<p>Ap\u00f3s a revis\u00e3o do slot Rocket Play Sun of Fortune, vemos um campo de jogo 4&#215;4 e dezesseis bobinas individuais. A m\u00e1quina inicia o processo de jogo, no qual deve aparecer uma combina\u00e7\u00e3o de 8 imagens id\u00eanticas. Quando isso acontece, o jogador ganha dinheiro. Joker pode substituir qualquer imagem, mas n\u00e3o imagens especiais.<\/p>\n<p>Uma novidade do fabricante Wazdan &#8211; o jogo de slot Rocket Play Sun of Fortune oferece aos usu\u00e1rios uma funcionalidade moderna muito conveniente. Por exemplo, um modo acelerado, uma expans\u00e3o do campo de jogo e boa volatilidade. Voc\u00ea encontrar\u00e1 muitas surpresas agrad\u00e1veis \u200b\u200bna m\u00e1quina que o ajudar\u00e3o a ganhar um pr\u00eamio em dinheiro.<\/p>\n<h2>Tema e s\u00edmbolos<\/h2>\n<p>H\u00e1 uma taxa para cada imagem especial. \u00c9 dado quando a rodada extra especial termina. Esta rodada ser\u00e1 inclu\u00edda na forma de rodadas gr\u00e1tis do Rocket Play Sun of Fortune. O usu\u00e1rio pode ganhar um pequeno jackpot, um jackpot um pouco maior ou o ganho m\u00e1ximo. Esses jackpots s\u00e3o dados como surpresas especiais no jogo.<\/p>\n<p>A ess\u00eancia do jogo \u00e9 obter a maior quantidade de dinheiro &#8211; o Grand Jackpot. \u00c9 mil vezes mais do que o valor original. Mas para isso, todo o campo deve ser preenchido com imagens especiais. Em \u00faltima an\u00e1lise, o jogador pode obter muito dinheiro. O jackpot pode ser al\u00e9m de v\u00e1rios pr\u00eamios.<\/p>\n<p>Vemos que a m\u00e1quina ca\u00e7a-n\u00edqueis transmite a verdadeira atmosfera chinesa. \u00c9 transmitido por imagens especiais que s\u00e3o encontradas no campo de jogo. Voc\u00ea ver\u00e1 fotos de:<\/p>\n<ul>\n<li>drag\u00f5es,<\/li>\n<li>tartarugas drag\u00e3o,<\/li>\n<li>carpa,<\/li>\n<li>f\u00eanix chinesa,<\/li>\n<li>poderosos s\u00edmbolos de b\u00f4nus dourados com imagens de sol ardente.<\/li>\n<\/ul>\n<p>Como j\u00e1 mencionado, o slot est\u00e1 equipado com funcionalidades modernas e convenientes. Voc\u00ea pode acelerar o jogo, aumentar o campo de jogo no monitor e monitorar a volatilidade. Voc\u00ea tamb\u00e9m pode usar a fun\u00e7\u00e3o &#8220;comprar&#8221;. Com sua ajuda, um per\u00edodo adicional especial, &#8220;hold the jackpot&#8221;, \u00e9 ativado. Voc\u00ea pode ativ\u00e1-lo quando quiser.<\/p>\n<h2>Perguntas frequentes<\/h2>\n<h3>Como ganhar dinheiro?<\/h3>\n<p>Para ganhar nos 16 cilindros 4&#215;4 independentes no jogo padr\u00e3o, voc\u00ea precisa acertar oito s\u00edmbolos id\u00eanticos. Wild pode substituir qualquer imagem, mas n\u00e3o uma especial.<\/p>\n<h3>Existe um jackpot?<\/h3>\n<p>A maior vit\u00f3ria individual \u00e9 o Grand Jackpot, que aumenta a aposta em at\u00e9 1000x. Para obter tal vit\u00f3ria, todo o campo de jogo deve estar em imagens especiais. Mas isso n\u00e3o \u00e9 tudo &#8211; deve-se notar que os jackpots de sucesso s\u00e3o adicionados a outros ganhos!<\/p>\n<h3>Quais s\u00e3o os caracteres especiais?<\/h3>\n<p>Os s\u00edmbolos de b\u00f4nus garantem ganhos de v\u00e1rios valores, e voc\u00ea tamb\u00e9m pode ganhar jackpots de v\u00e1rios tamanhos.<\/p>\n<p><strong>Leia tamb\u00e9m sobre:<\/strong><\/p>\n<ul>\n<li><a href=\"https:\/\/rocketplay-game.com\/slots\/cash-pig\/\">Porco em dinheiro<\/a><\/li>\n<li><a href=\"https:\/\/rocketplay-game.com\/slots\/elvis-frog-vegas\/\">Elvis Sapo em Vegas<\/a><\/li>\n<\/ul>\n","protected":false},"excerpt":{"rendered":"<p>O criador de jogos online &#8211; a empresa Wazdan lan\u00e7ou sua cria\u00e7\u00e3o, permitindo aos usu\u00e1rios competir pelo jackpot. O slot especial do Rocket Play Sun of Fortune \u00e9 acionado quando v\u00e1rias imagens especiais aparecem como uma combina\u00e7\u00e3o. Deve haver pelo menos 6 deles. No caso de aparecerem menos imagens, nada muda. Em seguida, outra rodada&#8230;<\/p>\n","protected":false},"author":1,"featured_media":0,"parent":2645,"menu_order":0,"comment_status":"closed","ping_status":"closed","template":"page-with-slot.php","meta":{"_acf_changed":false,"_kad_post_transparent":"default","_kad_post_title":"default","_kad_post_layout":"default","_kad_post_sidebar_id":"","_kad_post_content_style":"default","_kad_post_vertical_padding":"default","_kad_post_feature":"","_kad_post_feature_position":"","_kad_post_header":false,"_kad_post_footer":false,"footnotes":""},"class_list":["post-2958","page","type-page","status-publish","hentry"],"acf":[],"rttpg_featured_image_url":null,"rttpg_author":{"display_name":"Tom","author_link":"https:\/\/rocketplay-game.com\/pt-br\/author\/pemvas95n89x\/"},"rttpg_comment":0,"rttpg_category":null,"rttpg_excerpt":"O criador de jogos online &#8211; a empresa Wazdan lan\u00e7ou sua cria\u00e7\u00e3o, permitindo aos usu\u00e1rios competir pelo jackpot. O slot especial do Rocket Play Sun of Fortune \u00e9 acionado quando v\u00e1rias imagens especiais aparecem como uma combina\u00e7\u00e3o. Deve haver pelo menos 6 deles. No caso de aparecerem menos imagens, nada muda. Em seguida, outra rodada...","_links":{"self":[{"href":"https:\/\/rocketplay-game.com\/pt-br\/wp-json\/wp\/v2\/pages\/2958","targetHints":{"allow":["GET"]}}],"collection":[{"href":"https:\/\/rocketplay-game.com\/pt-br\/wp-json\/wp\/v2\/pages"}],"about":[{"href":"https:\/\/rocketplay-game.com\/pt-br\/wp-json\/wp\/v2\/types\/page"}],"author":[{"embeddable":true,"href":"https:\/\/rocketplay-game.com\/pt-br\/wp-json\/wp\/v2\/users\/1"}],"replies":[{"embeddable":true,"href":"https:\/\/rocketplay-game.com\/pt-br\/wp-json\/wp\/v2\/comments?post=2958"}],"version-history":[{"count":2,"href":"https:\/\/rocketplay-game.com\/pt-br\/wp-json\/wp\/v2\/pages\/2958\/revisions"}],"predecessor-version":[{"id":2963,"href":"https:\/\/rocketplay-game.com\/pt-br\/wp-json\/wp\/v2\/pages\/2958\/revisions\/2963"}],"up":[{"embeddable":true,"href":"https:\/\/rocketplay-game.com\/pt-br\/wp-json\/wp\/v2\/pages\/2645"}],"wp:attachment":[{"href":"https:\/\/rocketplay-game.com\/pt-br\/wp-json\/wp\/v2\/media?parent=2958"}],"curies":[{"name":"wp","href":"https:\/\/api.w.org\/{rel}","templated":true}]}}