{"id":2965,"date":"2022-08-11T21:12:04","date_gmt":"2022-08-11T18:12:04","guid":{"rendered":"https:\/\/rocketplay-game.com\/cashback\/"},"modified":"2022-10-31T01:24:29","modified_gmt":"2022-10-30T22:24:29","slug":"cashback","status":"publish","type":"page","link":"https:\/\/rocketplay-game.com\/pt-br\/cashback\/","title":{"rendered":"Cashback do cassino RocketPlay"},"content":{"rendered":"<p><img loading=\"lazy\" decoding=\"async\" class=\" wp-image-316 aligncenter\" src=\"https:\/\/rocketplay-game.com\/wp-content\/uploads\/2022\/08\/what-is-a-casino-cashback-300x100.jpg\" alt=\"cashback\" width=\"612\" height=\"204\" srcset=\"https:\/\/rocketplay-game.com\/wp-content\/uploads\/2022\/08\/what-is-a-casino-cashback-300x100.jpg 300w, https:\/\/rocketplay-game.com\/wp-content\/uploads\/2022\/08\/what-is-a-casino-cashback-768x256.jpg 768w, https:\/\/rocketplay-game.com\/wp-content\/uploads\/2022\/08\/what-is-a-casino-cashback.jpg 827w\" sizes=\"auto, (max-width: 612px) 100vw, 612px\" \/><\/p>\n<p>O b\u00f4nus de reembolso do Casino <a href=\"https:\/\/rocketplay-game.com\/pt-br\/\">RocketPlay<\/a> \u00e9 um dos b\u00f4nus de cassino agrad\u00e1veis \u200b\u200bque podem ser recebidos n\u00e3o tanto por novos usu\u00e1rios quanto por jogadores experientes. Afinal, o cashback \u00e9 creditado apenas para aqueles jogadores que preferem um jogo normal por dinheiro real, e n\u00e3o importa se os usu\u00e1rios s\u00e3o apostadores baixos ou apostadores altos. No entanto, o valor do cashback depende do valor que o usu\u00e1rio joga no jogo de slot com dinheiro real.<\/p>\n<p>Portanto, o cashback \u00e9 um b\u00f4nus necess\u00e1rio para os usu\u00e1rios que perderam parte do dinheiro ou todo o dinheiro do dep\u00f3sito e est\u00e3o prontos para sair do jogo por dinheiro real. Usu\u00e1rios de cashback do cassino RocketPlay para retornar repetidamente ao site oficial do cassino para novos desafios e apresenta\u00e7\u00f5es \u00e0 cole\u00e7\u00e3o de jogos de azar online do RocketPlay.<\/p>\n<h2>Como usar o cashback?<\/h2>\n<p>Embora os novos usu\u00e1rios imediatamente aproveitem o pacote de b\u00f4nus privado, esta n\u00e3o \u00e9 a \u00fanica surpresa agrad\u00e1vel para jogadores online experientes. Al\u00e9m do pacote privado com b\u00f4nus de 100% e 100 <a href=\"https:\/\/rocketplay-game.com\/pt-br\/free-spins\/\">rodadas gr\u00e1tis<\/a>, o usu\u00e1rio tem acesso a cashback semanal. Cashback casino online RocketPlay para todos os usu\u00e1rios, mas nem todos os usu\u00e1rios podem aproveitar ao m\u00e1ximo uma oferta t\u00e3o exclusiva. \u00c9 disso que se trata?<\/p>\n<p>Antes de tudo, voc\u00ea precisa lembrar que o site oficial do cassino online est\u00e1 dispon\u00edvel em apenas um idioma &#8211; ingl\u00eas, o que \u00e9 conveniente. Um idioma n\u00e3o precisa ser alterado e o site \u00e9 acess\u00edvel aos maiores usu\u00e1rios do mundo. Ent\u00e3o, ap\u00f3s o registro, o usu\u00e1rio tem uma conta pessoal com uma conta de jogo.<\/p>\n<p>O registro \u00e9 instant\u00e2neo, voc\u00ea s\u00f3 precisa confirmar a conclus\u00e3o do procedimento de registro seguindo o link que pode ser encontrado na carta do cassino em seu correio pessoal. S\u00e3o alocados at\u00e9 14 dias para verifica\u00e7\u00e3o, que exige que o usu\u00e1rio envie uma c\u00f3pia de um documento confirmando a identidade do usu\u00e1rio como pessoa real. Ent\u00e3o come\u00e7a o jogo a dinheiro real, que \u00e9 uma garantia de receber seu primeiro cashback no site do cassino RocketPlay.<\/p>\n<p>O cashback do cassino online RocketPlay \u00e9 calculado de acordo com o programa de fidelidade do cassino. Existem 10 status de jogador, cada um dos quais d\u00e1 acesso a um determinado conjunto de privil\u00e9gios. Se for Bronze, o usu\u00e1rio ter\u00e1 regularmente 10 rodadas gr\u00e1tis, que s\u00e3o contadas como um presente. Enquanto o Silver aumenta o valor do cashback em at\u00e9 3% do valor dos fundos depositados, que tiveram que ser perdidos em uma semana e intenso jogo de v\u00e1rios jogos online em dinheiro em tempo real.<\/p>\n<p>A maior quantidade de cashback pode ser obtida se o usu\u00e1rio atingir o n\u00edvel Diamond Legend, embora seja de 15%. O que permanece o mesmo? O reembolso \u00e9 pago todas as segundas-feiras, aposta &#8211; x5.<\/p>\n<h2>Retirar b\u00f4nus de reembolso<\/h2>\n<p>Quando se trata de cashback do RocketPlay, o cashback \u00e9 toda a oferta de b\u00f4nus, ent\u00e3o os usu\u00e1rios se esfor\u00e7am um pouco para obter essa boa recompensa do b\u00f4nus do cassino. Este b\u00f4nus \u00e9 calculado junto com a aposta x5, portanto, deve ser cumprido. Este valor de cashback \u00e9 exigido de acordo com os termos do seu recebimento e de outra forma. As apostas muitas vezes disciplinam n\u00e3o apenas os usu\u00e1rios do RocketPlay, mas tamb\u00e9m sua tentativa ineg\u00e1vel.<\/p>\n<p>O usu\u00e1rio escolhe o m\u00e9todo de pagamento para reabastecer a conta de jogo e retirar fundos dela na fase de registro, mais precisamente, quando faz seu primeiro dep\u00f3sito pela primeira vez. H\u00e1 um limite de quanto dinheiro um jogador pode retirar de sua conta durante um m\u00eas.<\/p>\n<p>Apenas os usu\u00e1rios que atingiram o status VIP n\u00e3o ser\u00e3o afetados pelas restri\u00e7\u00f5es, para que possam sacar tanto quanto conseguiram jogar em ca\u00e7a-n\u00edqueis ou outros jogos de azar online com dinheiro real. Voc\u00ea pode escolher a moeda que o usu\u00e1rio usar\u00e1 para jogar com dinheiro real ao se registrar e criar uma nova conta RocketPlay.<\/p>\n<p><img loading=\"lazy\" decoding=\"async\" class=\" wp-image-317 aligncenter\" src=\"https:\/\/rocketplay-game.com\/wp-content\/uploads\/2022\/08\/cashback-300x99.jpg\" alt=\"cashback rocketplay\" width=\"673\" height=\"222\" srcset=\"https:\/\/rocketplay-game.com\/wp-content\/uploads\/2022\/08\/cashback-300x99.jpg 300w, https:\/\/rocketplay-game.com\/wp-content\/uploads\/2022\/08\/cashback-1024x336.jpg 1024w, https:\/\/rocketplay-game.com\/wp-content\/uploads\/2022\/08\/cashback-768x252.jpg 768w, https:\/\/rocketplay-game.com\/wp-content\/uploads\/2022\/08\/cashback.jpg 1200w\" sizes=\"auto, (max-width: 673px) 100vw, 673px\" \/><\/p>\n<h2>Perguntas frequentes<\/h2>\n<h3>Quais s\u00e3o os 10 n\u00edveis de jogadores gastos no programa de fidelidade do cassino, sob quais condi\u00e7\u00f5es voc\u00ea pode obter reembolso e v\u00e1rios b\u00f4nus?<\/h3>\n<p>Em rela\u00e7\u00e3o ao programa de fidelidade do cassino, existem 10 status de jogador que podem tornar sua estadia no site do cassino ainda mais maravilhosa. Afinal, a cada novo n\u00edvel, o usu\u00e1rio recebe mais e mais rodadas gr\u00e1tis como presente. Come\u00e7ando com Bronze, Silver, Golden, Platinum, Diamond, Silver Legend, o usu\u00e1rio recebe de 15 a 300 rodadas gr\u00e1tis em slots apresentados na cole\u00e7\u00e3o padr\u00e3o de jogos de azar online. Quanto ao cashback, aumenta de 3% para 10%. No n\u00edvel Golden Legend, o cashback aumenta para 12%, mas n\u00e3o h\u00e1 b\u00f4nus sem dep\u00f3sito como presente. Platinum Legend, Diamond Legend aumentam o valor do cashback para 13% e 15%, respectivamente, e novamente quaisquer rodadas gr\u00e1tis.<\/p>\n<h3>O cassino tem uma vers\u00e3o m\u00f3vel?<\/h3>\n<p>Para simplificar o jogo com dinheiro real para aqueles usu\u00e1rios que n\u00e3o jogam jogos de azar online pela primeira vez, o cassino oferece o download de um aplicativo m\u00f3vel. No entanto, o aplicativo m\u00f3vel pode ser baixado por todos os usu\u00e1rios que planejam jogar ca\u00e7a-n\u00edqueis ou outros jogos de azar online com dinheiro real. Al\u00e9m disso, ao baixar o aplicativo m\u00f3vel, o usu\u00e1rio recebe rodadas gr\u00e1tis adicionais dos rolos em determinados slots, o que \u00e9 um b\u00f4nus e um \u00f3timo come\u00e7o para jogar com dinheiro real. Os usu\u00e1rios de dispositivos baseados em Android e iOS podem baixar o aplicativo m\u00f3vel no site oficial do cassino online. Mas deve-se levar em considera\u00e7\u00e3o que a vers\u00e3o m\u00f3vel \u00e9 desprovida de algumas funcionalidades, portanto, o gebler n\u00e3o deve se recusar completamente a usar a vers\u00e3o completa do site RocketPlay.<\/p>\n","protected":false},"excerpt":{"rendered":"<p>O b\u00f4nus de reembolso do Casino RocketPlay \u00e9 um dos b\u00f4nus de cassino agrad\u00e1veis \u200b\u200bque podem ser recebidos n\u00e3o tanto por novos usu\u00e1rios quanto por jogadores experientes. Afinal, o cashback \u00e9 creditado apenas para aqueles jogadores que preferem um jogo normal por dinheiro real, e n\u00e3o importa se os usu\u00e1rios s\u00e3o apostadores baixos ou apostadores&#8230;<\/p>\n","protected":false},"author":1,"featured_media":0,"parent":0,"menu_order":0,"comment_status":"closed","ping_status":"closed","template":"","meta":{"_acf_changed":false,"_kad_post_transparent":"default","_kad_post_title":"default","_kad_post_layout":"default","_kad_post_sidebar_id":"","_kad_post_content_style":"default","_kad_post_vertical_padding":"default","_kad_post_feature":"","_kad_post_feature_position":"","_kad_post_header":false,"_kad_post_footer":false,"footnotes":""},"class_list":["post-2965","page","type-page","status-publish","hentry"],"acf":[],"rttpg_featured_image_url":null,"rttpg_author":{"display_name":"Tom","author_link":"https:\/\/rocketplay-game.com\/pt-br\/author\/pemvas95n89x\/"},"rttpg_comment":0,"rttpg_category":null,"rttpg_excerpt":"O b\u00f4nus de reembolso do Casino RocketPlay \u00e9 um dos b\u00f4nus de cassino agrad\u00e1veis \u200b\u200bque podem ser recebidos n\u00e3o tanto por novos usu\u00e1rios quanto por jogadores experientes. Afinal, o cashback \u00e9 creditado apenas para aqueles jogadores que preferem um jogo normal por dinheiro real, e n\u00e3o importa se os usu\u00e1rios s\u00e3o apostadores baixos ou apostadores...","_links":{"self":[{"href":"https:\/\/rocketplay-game.com\/pt-br\/wp-json\/wp\/v2\/pages\/2965","targetHints":{"allow":["GET"]}}],"collection":[{"href":"https:\/\/rocketplay-game.com\/pt-br\/wp-json\/wp\/v2\/pages"}],"about":[{"href":"https:\/\/rocketplay-game.com\/pt-br\/wp-json\/wp\/v2\/types\/page"}],"author":[{"embeddable":true,"href":"https:\/\/rocketplay-game.com\/pt-br\/wp-json\/wp\/v2\/users\/1"}],"replies":[{"embeddable":true,"href":"https:\/\/rocketplay-game.com\/pt-br\/wp-json\/wp\/v2\/comments?post=2965"}],"version-history":[{"count":2,"href":"https:\/\/rocketplay-game.com\/pt-br\/wp-json\/wp\/v2\/pages\/2965\/revisions"}],"predecessor-version":[{"id":2967,"href":"https:\/\/rocketplay-game.com\/pt-br\/wp-json\/wp\/v2\/pages\/2965\/revisions\/2967"}],"wp:attachment":[{"href":"https:\/\/rocketplay-game.com\/pt-br\/wp-json\/wp\/v2\/media?parent=2965"}],"curies":[{"name":"wp","href":"https:\/\/api.w.org\/{rel}","templated":true}]}}