{"id":2988,"date":"2022-08-11T20:58:28","date_gmt":"2022-08-11T17:58:28","guid":{"rendered":"https:\/\/rocketplay-game.com\/no-deposit-bonus\/"},"modified":"2022-10-31T01:51:43","modified_gmt":"2022-10-30T22:51:43","slug":"no-deposit-bonus","status":"publish","type":"page","link":"https:\/\/rocketplay-game.com\/pt-br\/no-deposit-bonus\/","title":{"rendered":"C\u00f3digos de b\u00f4nus sem dep\u00f3sito RocketPlay 2023"},"content":{"rendered":"<p><img loading=\"lazy\" decoding=\"async\" class=\" wp-image-305 aligncenter\" src=\"https:\/\/rocketplay-game.com\/wp-content\/uploads\/2022\/08\/different-types-of-bitcoin-casino-no-deposit-bonuses-300x156.jpg\" alt=\"no deposit bonus\" width=\"563\" height=\"293\" srcset=\"https:\/\/rocketplay-game.com\/wp-content\/uploads\/2022\/08\/different-types-of-bitcoin-casino-no-deposit-bonuses-300x156.jpg 300w, https:\/\/rocketplay-game.com\/wp-content\/uploads\/2022\/08\/different-types-of-bitcoin-casino-no-deposit-bonuses-1024x531.jpg 1024w, https:\/\/rocketplay-game.com\/wp-content\/uploads\/2022\/08\/different-types-of-bitcoin-casino-no-deposit-bonuses-768x398.jpg 768w, https:\/\/rocketplay-game.com\/wp-content\/uploads\/2022\/08\/different-types-of-bitcoin-casino-no-deposit-bonuses.jpg 1170w\" sizes=\"auto, (max-width: 563px) 100vw, 563px\" \/><\/p>\n<p>Novos usu\u00e1rios e jogadores experientes do cassino <a href=\"https:\/\/rocketplay-game.com\/pt-br\/\">RocketPlay<\/a> podem obter um b\u00f4nus sem dep\u00f3sito 2023 apenas para determinadas a\u00e7\u00f5es. Se estamos falando de um b\u00f4nus sem dep\u00f3sito, os fundos de dep\u00f3sito realmente n\u00e3o ser\u00e3o necess\u00e1rios para receber a oferta de b\u00f4nus. Outra situa\u00e7\u00e3o consiste na ativa\u00e7\u00e3o de uma oferta de b\u00f4nus, portanto, voc\u00ea ainda ter\u00e1 que fazer um dep\u00f3sito na conta de jogo, mas para uma finalidade diferente.<\/p>\n<p>Muitas vezes, os casinos online cooperam com outros sites relacionados com o jogo, fornecendo c\u00f3digos promocionais adicionais ou c\u00f3digos de b\u00f3nus. Esses c\u00f3digos de b\u00f4nus s\u00e3o necess\u00e1rios para obter dinheiro extra ou rodadas gr\u00e1tis em slots.<\/p>\n<h2>Como obter o b\u00f4nus sem dep\u00f3sito?<\/h2>\n<p>O b\u00f4nus sem dep\u00f3sito RocketPlay \u00e9 enviado quando o usu\u00e1rio cumpre todas as condi\u00e7\u00f5es para seu recebimento. Sobre o que \u00e9 isso? O primeiro b\u00f4nus, para o qual voc\u00ea n\u00e3o precisa recarregar sua conta de jogo, \u00e9 um b\u00f4nus de registro.<\/p>\n<p>O mais interessante \u00e9 que existem v\u00e1rios desses b\u00f4nus se voc\u00ea encontrar c\u00f3digos de b\u00f4nus sem dep\u00f3sito no cassino RocketPlay sem c\u00f3digos de b\u00f4nus de dep\u00f3sito. Afinal, apenas para criar uma conta no site do <a href=\"https:\/\/rocketplay-game.com\/pt-br\/casino\/\">cassino<\/a>, voc\u00ea pode obter 25 rodadas gr\u00e1tis adicionais com uma aposta de 50xV, mas precisa inserir o c\u00f3digo promocional ROCKET na coluna.<\/p>\n<p>Se n\u00e3o houver esse c\u00f3digo promocional ou n\u00e3o for poss\u00edvel inseri-lo, n\u00e3o fique chateado. Afinal, o b\u00f4nus de boas-vindas \u00e9 um b\u00f4nus de boas-vindas bastante generoso para novos usu\u00e1rios. Somente para criar uma nova conta, o usu\u00e1rio se torna imediatamente o propriet\u00e1rio de um b\u00f4nus no valor de 300% e 100 rodadas gr\u00e1tis. N\u00e3o menos interessante \u00e9 o b\u00f4nus de 100% e 100 rodadas gr\u00e1tis.<\/p>\n<p>Apesar do fato de que esses b\u00f4nus s\u00e3o realmente sem dep\u00f3sito, deve-se levar em considera\u00e7\u00e3o que os usu\u00e1rios registrados ainda t\u00eam certas obriga\u00e7\u00f5es com o cassino online. Portanto, o b\u00f4nus sem dep\u00f3sito deve ser jogado dentro de um determinado per\u00edodo. O procedimento para ativar esses b\u00f4nus envolve depositar fundos em uma conta de jogo e us\u00e1-los para jogar com dinheiro real.<\/p>\n<p>Claro, o usu\u00e1rio pode dar seus primeiros passos no campo do jogo sem usar fundos de dep\u00f3sito ou poupan\u00e7a pr\u00f3pria, porque os fundos RocketPlay de b\u00f4nus de cassino gr\u00e1tis sem dep\u00f3sito podem ser usados \u200b\u200bpara essas necessidades. Os fundos de dep\u00f3sito ser\u00e3o necess\u00e1rios para o jogador, porque se sup\u00f5e que ele continuar\u00e1 seu jogo com dinheiro real.<\/p>\n<h2>Outros b\u00f4nus RocketPlay<\/h2>\n<p>O b\u00f4nus sem dep\u00f3sito gratuito do cassino RocketPlay n\u00e3o \u00e9 o \u00fanico motivo para o registro urgente no site do cassino online. Afinal, muitos usu\u00e1rios de cassinos online podem n\u00e3o se atrever a jogar com dinheiro real. Enquanto um b\u00f4nus sem dep\u00f3sito pode ser uma raz\u00e3o suficiente para passar pelo procedimento de registro e verificar a conta que acabou de ser criada no site do cassino online. O que poderia ser melhor do que um b\u00f4nus sem dep\u00f3sito? Mais alguns b\u00f4nus sem dep\u00f3sito.<\/p>\n<p>Quais s\u00e3o os b\u00f4nus do RocketPlay? No site de cassino online, voc\u00ea pode obter muitos b\u00f4nus na forma de rodadas gr\u00e1tis. Rodadas gr\u00e1tis dos rolos no slot podem ser obtidas se o usu\u00e1rio baixar com sucesso o aplicativo m\u00f3vel em seu telefone e us\u00e1-lo para jogar por fundos de b\u00f4nus ou dinheiro real.<\/p>\n<p>A raz\u00e3o para receber o mesmo b\u00f4nus sem dep\u00f3sito do cassino RocketPlay 2023, mas com mais rodadas gr\u00e1tis, \u00e9 o procedimento de registro usual. Afinal, com alta probabilidade, um usu\u00e1rio registrado jogar\u00e1 ca\u00e7a-n\u00edqueis com dinheiro real pelo menos uma vez antes de desistir de tal prazer.<\/p>\n<p><img loading=\"lazy\" decoding=\"async\" class=\" wp-image-306 aligncenter\" src=\"https:\/\/rocketplay-game.com\/wp-content\/uploads\/2022\/08\/cashback_1300x640_2-300x148.png\" alt=\"no deposit bonuses rocketplay\" width=\"557\" height=\"275\" srcset=\"https:\/\/rocketplay-game.com\/wp-content\/uploads\/2022\/08\/cashback_1300x640_2-300x148.png 300w, https:\/\/rocketplay-game.com\/wp-content\/uploads\/2022\/08\/cashback_1300x640_2-1024x504.png 1024w, https:\/\/rocketplay-game.com\/wp-content\/uploads\/2022\/08\/cashback_1300x640_2-768x378.png 768w, https:\/\/rocketplay-game.com\/wp-content\/uploads\/2022\/08\/cashback_1300x640_2.png 1300w\" sizes=\"auto, (max-width: 557px) 100vw, 557px\" \/><\/p>\n<h2>Perguntas frequentes<\/h2>\n<h3>Se nenhum b\u00f4nus de dep\u00f3sito na Brasil for uma pr\u00e1tica comum no RocketPlay, existem b\u00f4nus de dep\u00f3sito?<\/h3>\n<p>Novos usu\u00e1rios tamb\u00e9m podem receber um b\u00f4nus por fazer seu primeiro dep\u00f3sito, mas para isso voc\u00ea precisa inserir um c\u00f3digo promocional. Pelo menos realmente existe um b\u00f4nus sem dep\u00f3sito do RocketPlay na Brasil. Afinal, \u00e9 um passo bastante s\u00e9rio &#8211; fazer seus primeiros fundos de dep\u00f3sito. Al\u00e9m disso, os b\u00f4nus sem dep\u00f3sito s\u00e3o praticamente imposs\u00edveis de ativar sem fazer um dep\u00f3sito. Portanto, depositar fundos \u00e9 uma quest\u00e3o de tempo para aqueles usu\u00e1rios que ainda se atreveram a se registrar no site do cassino online e planejam iniciar um jogo s\u00e9rio com dinheiro real, n\u00e3o importa o qu\u00e3o fr\u00edvolo o jogo online de entretenimento online possa ser.<\/p>\n<h3>\u00c9 poss\u00edvel baixar o aplicativo m\u00f3vel?<\/h3>\n<p>Todos os usu\u00e1rios que acabaram de se registrar ou planejam se registrar no site do cassino online t\u00eam acesso \u00e0 vers\u00e3o m\u00f3vel mais conveniente do cassino. No entanto, voc\u00ea ter\u00e1 que usar a vers\u00e3o completa do cassino online, porque a vers\u00e3o m\u00f3vel do cassino tem funcionalidade limitada. O aplicativo m\u00f3vel do cassino online foi projetado para jogar com dinheiro real 24 horas por dia, 7 dias por semana.<\/p>\n<h3>O site do cassino tem um b\u00f4nus de boas-vindas completo?<\/h3>\n<p>O b\u00f4nus de boas-vindas, ou b\u00f4nus de registro, pode ser recebido por todos os usu\u00e1rios do cassino, sem exce\u00e7\u00e3o, que acabaram de concluir o procedimento de registro. Registro significa criar uma conta no site do cassino, mas ainda sem verifica\u00e7\u00e3o de conta. O usu\u00e1rio insere dados pessoais em um formul\u00e1rio de registro especial. O usu\u00e1rio deve inserir um n\u00famero de telefone e e-mail. Um e-mail com um link para confirmar a cria\u00e7\u00e3o de uma nova conta ser\u00e1 enviado para o seu e-mail pessoal.<\/p>\n<h3>Existe um jogo de slot gr\u00e1tis?<\/h3>\n<p>Voc\u00ea pode jogar no site do cassino online de forma totalmente gratuita, mas, para isso, n\u00e3o precisa passar por um simples procedimento de registro. N\u00e3o h\u00e1 necessidade de recarregar a conta do jogo. Ou seja, o usu\u00e1rio n\u00e3o deve assumir nenhuma obriga\u00e7\u00e3o com o cassino. Para fazer isso, basta entrar na vers\u00e3o demo dos ca\u00e7a-n\u00edqueis com alguns rolos e linhas vencedoras, se o usu\u00e1rio n\u00e3o tiver experi\u00eancia em jogar com dinheiro real antes disso, e jogar jogos de azar online.<\/p>\n","protected":false},"excerpt":{"rendered":"<p>Novos usu\u00e1rios e jogadores experientes do cassino RocketPlay podem obter um b\u00f4nus sem dep\u00f3sito 2023 apenas para determinadas a\u00e7\u00f5es. Se estamos falando de um b\u00f4nus sem dep\u00f3sito, os fundos de dep\u00f3sito realmente n\u00e3o ser\u00e3o necess\u00e1rios para receber a oferta de b\u00f4nus. Outra situa\u00e7\u00e3o consiste na ativa\u00e7\u00e3o de uma oferta de b\u00f4nus, portanto, voc\u00ea ainda ter\u00e1&#8230;<\/p>\n","protected":false},"author":1,"featured_media":0,"parent":0,"menu_order":0,"comment_status":"closed","ping_status":"closed","template":"","meta":{"_acf_changed":false,"_kad_post_transparent":"default","_kad_post_title":"default","_kad_post_layout":"default","_kad_post_sidebar_id":"","_kad_post_content_style":"default","_kad_post_vertical_padding":"default","_kad_post_feature":"","_kad_post_feature_position":"","_kad_post_header":false,"_kad_post_footer":false,"footnotes":""},"class_list":["post-2988","page","type-page","status-publish","hentry"],"acf":[],"rttpg_featured_image_url":null,"rttpg_author":{"display_name":"Tom","author_link":"https:\/\/rocketplay-game.com\/pt-br\/author\/pemvas95n89x\/"},"rttpg_comment":0,"rttpg_category":null,"rttpg_excerpt":"Novos usu\u00e1rios e jogadores experientes do cassino RocketPlay podem obter um b\u00f4nus sem dep\u00f3sito 2023 apenas para determinadas a\u00e7\u00f5es. Se estamos falando de um b\u00f4nus sem dep\u00f3sito, os fundos de dep\u00f3sito realmente n\u00e3o ser\u00e3o necess\u00e1rios para receber a oferta de b\u00f4nus. Outra situa\u00e7\u00e3o consiste na ativa\u00e7\u00e3o de uma oferta de b\u00f4nus, portanto, voc\u00ea ainda ter\u00e1...","_links":{"self":[{"href":"https:\/\/rocketplay-game.com\/pt-br\/wp-json\/wp\/v2\/pages\/2988","targetHints":{"allow":["GET"]}}],"collection":[{"href":"https:\/\/rocketplay-game.com\/pt-br\/wp-json\/wp\/v2\/pages"}],"about":[{"href":"https:\/\/rocketplay-game.com\/pt-br\/wp-json\/wp\/v2\/types\/page"}],"author":[{"embeddable":true,"href":"https:\/\/rocketplay-game.com\/pt-br\/wp-json\/wp\/v2\/users\/1"}],"replies":[{"embeddable":true,"href":"https:\/\/rocketplay-game.com\/pt-br\/wp-json\/wp\/v2\/comments?post=2988"}],"version-history":[{"count":2,"href":"https:\/\/rocketplay-game.com\/pt-br\/wp-json\/wp\/v2\/pages\/2988\/revisions"}],"predecessor-version":[{"id":2991,"href":"https:\/\/rocketplay-game.com\/pt-br\/wp-json\/wp\/v2\/pages\/2988\/revisions\/2991"}],"wp:attachment":[{"href":"https:\/\/rocketplay-game.com\/pt-br\/wp-json\/wp\/v2\/media?parent=2988"}],"curies":[{"name":"wp","href":"https:\/\/api.w.org\/{rel}","templated":true}]}}