{"id":2995,"date":"2022-08-11T20:40:03","date_gmt":"2022-08-11T17:40:03","guid":{"rendered":"https:\/\/rocketplay-game.com\/free-spins\/"},"modified":"2022-10-31T01:55:12","modified_gmt":"2022-10-30T22:55:12","slug":"free-spins","status":"publish","type":"page","link":"https:\/\/rocketplay-game.com\/pt-br\/free-spins\/","title":{"rendered":"Aproveite nossos Freespins"},"content":{"rendered":"<p><img loading=\"lazy\" decoding=\"async\" class=\" wp-image-295 aligncenter\" src=\"https:\/\/rocketplay-game.com\/wp-content\/uploads\/2022\/08\/playamo-australia-review-why-should-you-play-on-playamo-casino-1-1-300x192.jpeg\" alt=\"free spins\" width=\"578\" height=\"370\" srcset=\"https:\/\/rocketplay-game.com\/wp-content\/uploads\/2022\/08\/playamo-australia-review-why-should-you-play-on-playamo-casino-1-1-300x192.jpeg 300w, https:\/\/rocketplay-game.com\/wp-content\/uploads\/2022\/08\/playamo-australia-review-why-should-you-play-on-playamo-casino-1-1-1024x656.jpeg 1024w, https:\/\/rocketplay-game.com\/wp-content\/uploads\/2022\/08\/playamo-australia-review-why-should-you-play-on-playamo-casino-1-1-768x492.jpeg 768w, https:\/\/rocketplay-game.com\/wp-content\/uploads\/2022\/08\/playamo-australia-review-why-should-you-play-on-playamo-casino-1-1-1536x983.jpeg 1536w, https:\/\/rocketplay-game.com\/wp-content\/uploads\/2022\/08\/playamo-australia-review-why-should-you-play-on-playamo-casino-1-1.jpeg 2048w\" sizes=\"auto, (max-width: 578px) 100vw, 578px\" \/><\/p>\n<p>Novos usu\u00e1rios de rodadas gr\u00e1tis de b\u00f4nus de cassino <a href=\"https:\/\/rocketplay-game.com\/pt-br\/\">RocketPlay<\/a> s\u00e3o suportados n\u00e3o para fazer um dep\u00f3sito, mas apenas para passar pelo procedimento de <a href=\"https:\/\/rocketplay-game.com\/pt-br\/registration\/\">registro<\/a> ou baixar o aplicativo m\u00f3vel &#8211; e come\u00e7ar a jogar com dinheiro real. Muitas vezes, voc\u00ea pode encontrar uma grande lista de b\u00f4nus sem dep\u00f3sito e dep\u00f3sito no site do cassino online. No site RocketPlay, n\u00e3o h\u00e1 b\u00f4nus de dep\u00f3sito, mas h\u00e1 b\u00f4nus sem dep\u00f3sito. E o b\u00f4nus para baixar o aplicativo m\u00f3vel e o registro \u00e9 o mesmo.<\/p>\n<p>No entanto, n\u00e3o s\u00f3 para o registro pode ser obtido. Usu\u00e1rios regulares do site de cassino online, que jogam constantemente jogos de azar online, que s\u00e3o propriet\u00e1rios de b\u00f4nus semanais e mensais. Esses b\u00f4nus motivam os usu\u00e1rios novamente e retornam ao site do cassino online novamente para novos ganhos. Os usu\u00e1rios que jogam regularmente no cassino podem obter um novo status de jogador, como o status VIP. Com o status VIP, surgiram n\u00e3o apenas novas obriga\u00e7\u00f5es, mas tamb\u00e9m novos b\u00f4nus n\u00e3o menos agrad\u00e1veis, al\u00e9m dos usu\u00e1rios comuns de cassinos online.<\/p>\n<h2>Como obter b\u00f4nus de rodadas gr\u00e1tis?<\/h2>\n<p>As rodadas gr\u00e1tis do RocketPlay est\u00e3o dispon\u00edveis para concluir o processo de registro padr\u00e3o. Quando se trata de b\u00f4nus de inscri\u00e7\u00e3o, eles realmente s\u00e3o b\u00f4nus de inscri\u00e7\u00e3o. Ou seja, ap\u00f3s o registro, os usu\u00e1rios podem jogar ca\u00e7a-n\u00edqueis ou outros jogos de azar online gratuitamente. Para decidir jogar com dinheiro real, voc\u00ea deve primeiro jogar com os b\u00f4nus reais que o cassino online oferece.<\/p>\n<p>O que preciso fazer para concluir o processo de registro? Claro, \u00e9 necess\u00e1rio inserir dados pessoais como n\u00famero de telefone e e-mail no formul\u00e1rio de inscri\u00e7\u00e3o. Uma carta com um link individual para confirmar o procedimento de inscri\u00e7\u00e3o ser\u00e1 enviada para o seu e-mail pessoal. Al\u00e9m do registro, h\u00e1 tamb\u00e9m um procedimento de verifica\u00e7\u00e3o, que tamb\u00e9m \u00e9 simples como o registro, mas o cassino online exige que voc\u00ea envie uma c\u00f3pia de um documento que confirme que o usu\u00e1rio \u00e9 uma pessoa real e n\u00e3o um bot, etc.<\/p>\n<p>Embora o b\u00f4nus possa ser obtido atrav\u00e9s de um procedimento de registro simples, como um b\u00f4nus de 300%, tamb\u00e9m chamado de b\u00f4nus de boas-vindas, \u00e9 poss\u00edvel depositar um valor de 20 euros na conta geral para ativ\u00e1-lo. Al\u00e9m do b\u00f4nus de 300%, o usu\u00e1rio recebe 100 rodadas gr\u00e1tis. Certifique-se de prestar aten\u00e7\u00e3o ao fato de que o b\u00f4nus de boas-vindas pode ser recebido apenas uma vez e apenas por ele. Os b\u00f4nus diferem n\u00e3o apenas nas caracter\u00edsticas de sua ativa\u00e7\u00e3o, mas tamb\u00e9m em seu per\u00edodo de validade.<\/p>\n<h2>Tipos de rodadas gr\u00e1tis<\/h2>\n<p>As rodadas gr\u00e1tis do cassino RocketPlay s\u00e3o um bom b\u00f4nus, embora com esses b\u00f4nus voc\u00ea possa jogar ca\u00e7a-n\u00edqueis de gra\u00e7a. Embora todas as rodadas gr\u00e1tis sejam bobinas girat\u00f3rias gr\u00e1tis em slots, existem maneiras gratuitas de obt\u00ea-las. Eles diferem nas maneiras de obter rodadas gr\u00e1tis. Tudo \u00e9 bom, simples e claro.<\/p>\n<p>Ent\u00e3o, quem realmente recebe b\u00f4nus no cassino de rodadas gr\u00e1tis RocketPlay na Brasil?<\/p>\n<ul>\n<li>Voc\u00ea pode obter rodadas gr\u00e1tis de b\u00f4nus para baixar o aplicativo m\u00f3vel. Ou seja, os usu\u00e1rios do aplicativo m\u00f3vel de cassino online RocketPlay deixam automaticamente aos propriet\u00e1rios um b\u00f4nus agrad\u00e1vel por essa a\u00e7\u00e3o simples.<\/li>\n<li>Novos usu\u00e1rios que conclu\u00edram o procedimento de registro permanecem automaticamente os propriet\u00e1rios do b\u00f4nus de boas-vindas com mais 100 rodadas gr\u00e1tis. Daremos a eles cem rodadas gr\u00e1tis para se registrar no site do cassino online!<\/li>\n<li>Novos usu\u00e1rios e jogadores regulares do RocketPlay Casino Free Spins Sem Dep\u00f3sito podem ganhar n\u00e3o apenas pela a\u00e7\u00e3o, mas tamb\u00e9m por jogar regularmente no cassino online. N\u00e3o h\u00e1 b\u00f4nus de dep\u00f3sito no site, e as rodadas gr\u00e1tis s\u00e3o um desses b\u00f4nus.<\/li>\n<\/ul>\n<p>Portanto, as rodadas gr\u00e1tis podem ser \u00fanicas, regulares e individuais. Este \u00e9 um bom detalhamento das rodadas gr\u00e1tis, apenas para ver que existem v\u00e1rias maneiras de obt\u00ea-las no site do cassino online como usu\u00e1rio do RocketPlay.<\/p>\n<p><img loading=\"lazy\" decoding=\"async\" class=\" wp-image-296 aligncenter\" src=\"https:\/\/rocketplay-game.com\/wp-content\/uploads\/2022\/08\/freespin2-300x145.png\" alt=\"rocketplay freespin\" width=\"569\" height=\"275\" srcset=\"https:\/\/rocketplay-game.com\/wp-content\/uploads\/2022\/08\/freespin2-300x145.png 300w, https:\/\/rocketplay-game.com\/wp-content\/uploads\/2022\/08\/freespin2.png 516w\" sizes=\"auto, (max-width: 569px) 100vw, 569px\" \/><\/p>\n<h2>Perguntas frequentes<\/h2>\n<h3>As rodadas gr\u00e1tis do cassino RocketPlay Brasil s\u00e3o individuais ou padr\u00e3o para todos os novos usu\u00e1rios e jogadores regulares?<\/h3>\n<p>Existem v\u00e1rios tipos de b\u00f4nus no site do cassino, que incluem rodadas gr\u00e1tis. Essas rodadas gr\u00e1tis podem ser usadas para jogar jogos de azar online gr\u00e1tis. Embora a maioria desses b\u00f4nus seja padr\u00e3o e possa ser recebida por todos os usu\u00e1rios registrados, tamb\u00e9m h\u00e1 um que ser\u00e1 calculado individualmente para uma conquista individual no jogo. Todos os usu\u00e1rios registrados podem se tornar propriet\u00e1rios de b\u00f4nus individuais e padr\u00e3o na forma de rodadas gr\u00e1tis.<\/p>\n<h3>Quando voc\u00ea pode obter 100 rodadas gr\u00e1tis para registro?<\/h3>\n<p>Esse b\u00f4nus \u00e9 calculado na forma de um b\u00f4nus de boas-vindas. Apenas novos usu\u00e1rios de cassino podem se tornar propriet\u00e1rios de tal b\u00f4nus. Al\u00e9m disso, esses b\u00f4nus podem ser recebidos apenas uma vez, por isso \u00e9 melhor aproveit\u00e1-los ao m\u00e1ximo. Al\u00e9m de todas as novas rodadas gr\u00e1tis para um agrad\u00e1vel jogo de slot, o jogador se torna automaticamente o propriet\u00e1rio de um b\u00f4nus de 300%. \u00c9 necess\u00e1rio um dep\u00f3sito para ativ\u00e1-lo. O valor a ser depositado na conta geral \u00e9 de 20 euros. Embora o b\u00f4nus n\u00e3o seja um dep\u00f3sito, o usu\u00e1rio precisa de dinheiro real para avan\u00e7ar ainda mais no jogo a dinheiro real.<\/p>\n<h3>B\u00f4nus por registrar e baixar um aplicativo m\u00f3vel &#8211; esses b\u00f4nus s\u00e3o diferentes?<\/h3>\n<p>Claro, estes s\u00e3o dois b\u00f4nus diferentes. Afinal de contas, um aplicativo m\u00f3vel pode os usu\u00e1rios que t\u00eam uma conta pessoal no site do cassino online tamb\u00e9m fazer o download &#8211; e obter seu b\u00f4nus de download. Os usu\u00e1rios que ainda n\u00e3o passaram pelo processo de registro podem baixar o aplicativo m\u00f3vel. Portanto, ap\u00f3s o download do aplicativo, eles tamb\u00e9m podem receber um b\u00f4nus de boas-vindas de 300% pelo registro. N\u00e3o perca a oportunidade de se divertir jogando jogos de azar online com dinheiro real!<\/p>\n","protected":false},"excerpt":{"rendered":"<p>Novos usu\u00e1rios de rodadas gr\u00e1tis de b\u00f4nus de cassino RocketPlay s\u00e3o suportados n\u00e3o para fazer um dep\u00f3sito, mas apenas para passar pelo procedimento de registro ou baixar o aplicativo m\u00f3vel &#8211; e come\u00e7ar a jogar com dinheiro real. Muitas vezes, voc\u00ea pode encontrar uma grande lista de b\u00f4nus sem dep\u00f3sito e dep\u00f3sito no site do&#8230;<\/p>\n","protected":false},"author":1,"featured_media":0,"parent":0,"menu_order":0,"comment_status":"closed","ping_status":"closed","template":"","meta":{"_acf_changed":false,"_kad_post_transparent":"default","_kad_post_title":"default","_kad_post_layout":"default","_kad_post_sidebar_id":"","_kad_post_content_style":"default","_kad_post_vertical_padding":"default","_kad_post_feature":"","_kad_post_feature_position":"","_kad_post_header":false,"_kad_post_footer":false,"footnotes":""},"class_list":["post-2995","page","type-page","status-publish","hentry"],"acf":[],"rttpg_featured_image_url":null,"rttpg_author":{"display_name":"Tom","author_link":"https:\/\/rocketplay-game.com\/pt-br\/author\/pemvas95n89x\/"},"rttpg_comment":0,"rttpg_category":null,"rttpg_excerpt":"Novos usu\u00e1rios de rodadas gr\u00e1tis de b\u00f4nus de cassino RocketPlay s\u00e3o suportados n\u00e3o para fazer um dep\u00f3sito, mas apenas para passar pelo procedimento de registro ou baixar o aplicativo m\u00f3vel &#8211; e come\u00e7ar a jogar com dinheiro real. Muitas vezes, voc\u00ea pode encontrar uma grande lista de b\u00f4nus sem dep\u00f3sito e dep\u00f3sito no site do...","_links":{"self":[{"href":"https:\/\/rocketplay-game.com\/pt-br\/wp-json\/wp\/v2\/pages\/2995","targetHints":{"allow":["GET"]}}],"collection":[{"href":"https:\/\/rocketplay-game.com\/pt-br\/wp-json\/wp\/v2\/pages"}],"about":[{"href":"https:\/\/rocketplay-game.com\/pt-br\/wp-json\/wp\/v2\/types\/page"}],"author":[{"embeddable":true,"href":"https:\/\/rocketplay-game.com\/pt-br\/wp-json\/wp\/v2\/users\/1"}],"replies":[{"embeddable":true,"href":"https:\/\/rocketplay-game.com\/pt-br\/wp-json\/wp\/v2\/comments?post=2995"}],"version-history":[{"count":2,"href":"https:\/\/rocketplay-game.com\/pt-br\/wp-json\/wp\/v2\/pages\/2995\/revisions"}],"predecessor-version":[{"id":2998,"href":"https:\/\/rocketplay-game.com\/pt-br\/wp-json\/wp\/v2\/pages\/2995\/revisions\/2998"}],"wp:attachment":[{"href":"https:\/\/rocketplay-game.com\/pt-br\/wp-json\/wp\/v2\/media?parent=2995"}],"curies":[{"name":"wp","href":"https:\/\/api.w.org\/{rel}","templated":true}]}}