{"id":3000,"date":"2022-05-15T16:51:32","date_gmt":"2022-05-15T13:51:32","guid":{"rendered":"https:\/\/rocketplay-game.com\/vip\/"},"modified":"2026-03-01T18:27:55","modified_gmt":"2026-03-01T15:27:55","slug":"vip","status":"publish","type":"page","link":"https:\/\/rocketplay-game.com\/pt-br\/vip\/","title":{"rendered":"Programa VIP no RocketPlay"},"content":{"rendered":"<p>Nos tempos desafiadores que o mundo como o conhecemos, \u00e9 mais importante do que nunca que as empresas criem um ambiente para seus clientes que os fa\u00e7a se sentir importantes e valorizados. Normalmente, os cassinos online fazem isso por meio de programas de jogadores dedicados que incluem eventos virtuais, loterias online e muitas outras promo\u00e7\u00f5es e b\u00f4nus de cassino. Uma dessas ofertas \u00e9 o programa VIP do cassino Rocket Play.<\/p>\n<p>Para muitos, esta oferta \u00e9 algo que todo mundo j\u00e1 ouviu falar, mas nunca tentou. Se voc\u00ea \u00e9 um verdadeiro f\u00e3 de cassinos online, pode receber recompensas individuais. O programa VIP Rocket Play do cassino online oferece muitos benef\u00edcios e presentes.<\/p>\n<p><img loading=\"lazy\" decoding=\"async\" class=\"alignnone wp-image-493 size-full\" style=\"text-align: center; font-family: var(--global-body-font-family);\" src=\"https:\/\/rocketplay-game.com\/wp-content\/uploads\/2022\/10\/vip-programs-rocketplay.png\" alt=\"vip programs rocketplay\" width=\"960\" height=\"400\" srcset=\"https:\/\/rocketplay-game.com\/wp-content\/uploads\/2022\/10\/vip-programs-rocketplay.png 960w, https:\/\/rocketplay-game.com\/wp-content\/uploads\/2022\/10\/vip-programs-rocketplay-300x125.png 300w, https:\/\/rocketplay-game.com\/wp-content\/uploads\/2022\/10\/vip-programs-rocketplay-768x320.png 768w\" sizes=\"auto, (max-width: 960px) 100vw, 960px\" \/><\/p>\n<h2>As vantagens de se tornar VIP<\/h2>\n<p>O programa VIP do cassino Rocket Play Australia funciona de tal forma que a institui\u00e7\u00e3o oferece aos usu\u00e1rios um b\u00f4nus, rodadas adicionais e muito mais. As empresas que desenvolvem programas VIP para seus clientes t\u00eam seus pr\u00f3prios crit\u00e9rios pelos quais um jogador recebe um status VIP. Na maioria das vezes, eles s\u00e3o baseados em um sistema de pontos e dep\u00f3sitos regulares na forma de quatro ou cinco d\u00edgitos. Comece a apostar regularmente, acumule pontos de jogo e o gerente do cassino entrar\u00e1 em contato com voc\u00ea para convid\u00e1-lo para o programa VIP.<\/p>\n<p>Dificilmente voc\u00ea encontrar\u00e1 uma pessoa que venha ao cassino para perder. Mesmo que a raz\u00e3o para ir a um estabelecimento de jogo seja apenas para se divertir, o objetivo que todos os jogadores perseguem \u00e9 apenas um &#8211; ganhar. Infelizmente, \u00e9 imposs\u00edvel vencer sempre; caso contr\u00e1rio, os cassinos seriam fechados, se n\u00e3o todos os dias, em dias alternados. Perder \u00e9 uma parte do processo de jogo que precisa ser tratada corretamente, especialmente considerando o fato de que os cassinos forneceram um excelente b\u00f4nus de mitiga\u00e7\u00e3o para este caso &#8211; o cashback do cassino.<\/p>\n<p>Ao contr\u00e1rio de outros b\u00f4nus fornecidos por c\u00f3digos promocionais ou de registro, este b\u00f4nus \u00e9 cumulativo. Este \u00e9 um b\u00f4nus muito bom, demonstrando que o cassino est\u00e1 tentando mitigar o poss\u00edvel efeito negativo de perder. A \u00fanica coisa que voc\u00ea precisa lembrar para n\u00e3o se decepcionar \u00e9 ler as condi\u00e7\u00f5es para receber este b\u00f4nus no site do cassino.<\/p>\n<h2>Perguntas frequentes sobre os programas VIP<\/h2>\n<h3>Como se tornar um membro da oferta especial?<\/h3>\n<p>Dependendo do n\u00edvel, o cliente do cassino recebe presentes. Por exemplo, o reverso dos fundos. H\u00e1 uma oferta especial para isso &#8211; o melhor programa VIP do cassino Rocket Play. Cada membro registrado recebe um valor de Ferro. S\u00e3o dez no total. \u00c9 uma esp\u00e9cie de novo n\u00edvel. Com cada um deles, mais presentes s\u00e3o dados.<\/p>\n<h3>Quais s\u00e3o as ofertas dadas para cada n\u00edvel?<\/h3>\n<p>A segunda \u00e9 10 rodadas adicionais. Na terceira &#8211; 15, na segunda-feira, o inverso \u00e9 de 3% (x5). 4\u00aa &#8211; 50 rodadas, na segunda-feira reversa &#8211; 5 por cento (x5). 5\u00ba &#8211; 75 rodadas, reverso &#8211; 7 por cento (x5). 6\u00aa &#8211; 150 rodadas, na segunda-feira reversa &#8211; 9 por cento (x5). 7\u00ba &#8211; 300 rodadas, reverso &#8211; 10 por cento (x5). 8\u00ba &#8211; reverter 12 por cento, sem dep\u00f3sito &#8211; $ 2.300. 9\u00ba reverso -13 por cento (x5), sem dep\u00f3sito &#8211; $ 9.000. O mais alto &#8211; reverso &#8211; 15 por cento, sem dep\u00f3sito 22,5 mil d\u00f3lares<\/p>\n<h3>Quais s\u00e3o as regras para receber?<\/h3>\n<p>As rodadas s\u00e3o dadas apenas em determinadas m\u00e1quinas. Cinco dias s\u00e3o dados para ativa\u00e7\u00e3o. Aposta x20. Qualquer aposta feita d\u00e1 pontos ao cliente. S\u00e3o eles que ajudam a alcan\u00e7ar os n\u00edveis.<\/p>\n","protected":false},"excerpt":{"rendered":"<p>Nos tempos desafiadores que o mundo como o conhecemos, \u00e9 mais importante do que nunca que as empresas criem um ambiente para seus clientes que os fa\u00e7a se sentir importantes e valorizados. Normalmente, os cassinos online fazem isso por meio de programas de jogadores dedicados que incluem eventos virtuais, loterias online e muitas outras promo\u00e7\u00f5es&#8230;<\/p>\n","protected":false},"author":1,"featured_media":0,"parent":0,"menu_order":0,"comment_status":"closed","ping_status":"closed","template":"","meta":{"_acf_changed":false,"_kad_post_transparent":"default","_kad_post_title":"default","_kad_post_layout":"default","_kad_post_sidebar_id":"","_kad_post_content_style":"default","_kad_post_vertical_padding":"default","_kad_post_feature":"","_kad_post_feature_position":"","_kad_post_header":false,"_kad_post_footer":false,"footnotes":""},"class_list":["post-3000","page","type-page","status-publish","hentry"],"acf":[],"rttpg_featured_image_url":null,"rttpg_author":{"display_name":"Tom","author_link":"https:\/\/rocketplay-game.com\/pt-br\/author\/pemvas95n89x\/"},"rttpg_comment":0,"rttpg_category":null,"rttpg_excerpt":"Nos tempos desafiadores que o mundo como o conhecemos, \u00e9 mais importante do que nunca que as empresas criem um ambiente para seus clientes que os fa\u00e7a se sentir importantes e valorizados. Normalmente, os cassinos online fazem isso por meio de programas de jogadores dedicados que incluem eventos virtuais, loterias online e muitas outras promo\u00e7\u00f5es...","_links":{"self":[{"href":"https:\/\/rocketplay-game.com\/pt-br\/wp-json\/wp\/v2\/pages\/3000","targetHints":{"allow":["GET"]}}],"collection":[{"href":"https:\/\/rocketplay-game.com\/pt-br\/wp-json\/wp\/v2\/pages"}],"about":[{"href":"https:\/\/rocketplay-game.com\/pt-br\/wp-json\/wp\/v2\/types\/page"}],"author":[{"embeddable":true,"href":"https:\/\/rocketplay-game.com\/pt-br\/wp-json\/wp\/v2\/users\/1"}],"replies":[{"embeddable":true,"href":"https:\/\/rocketplay-game.com\/pt-br\/wp-json\/wp\/v2\/comments?post=3000"}],"version-history":[{"count":3,"href":"https:\/\/rocketplay-game.com\/pt-br\/wp-json\/wp\/v2\/pages\/3000\/revisions"}],"predecessor-version":[{"id":10328,"href":"https:\/\/rocketplay-game.com\/pt-br\/wp-json\/wp\/v2\/pages\/3000\/revisions\/10328"}],"wp:attachment":[{"href":"https:\/\/rocketplay-game.com\/pt-br\/wp-json\/wp\/v2\/media?parent=3000"}],"curies":[{"name":"wp","href":"https:\/\/api.w.org\/{rel}","templated":true}]}}