{"id":3006,"date":"2022-08-11T21:03:08","date_gmt":"2022-08-11T18:03:08","guid":{"rendered":"https:\/\/rocketplay-game.com\/welcome-offer\/"},"modified":"2022-10-31T02:09:02","modified_gmt":"2022-10-30T23:09:02","slug":"welcome-offer","status":"publish","type":"page","link":"https:\/\/rocketplay-game.com\/pt-br\/welcome-offer\/","title":{"rendered":"O que \u00e9 uma oferta de boas-vindas?"},"content":{"rendered":"<p>Melhor oferta de boas-vindas do cassino O <a href=\"https:\/\/rocketplay-game.com\/pt-br\/\">Rocket Play<\/a> \u00e9 uma \u00f3tima perspectiva para os jogadores em potencial reabastecer seu dep\u00f3sito, mas tamb\u00e9m para obter um suprimento s\u00f3lido de per\u00edodos adicionais! Nenhum participante da jogabilidade perderia a oportunidade de pegar algumas rodadas auxiliares para prolongar o curso do duelo na esperan\u00e7a de receber uma rodada de recompensa e o lucro desejado.<\/p>\n<p>Os praticantes de estabelecimentos de jogo online s\u00e3o adeptos temperamentais e zelosos de competi\u00e7\u00f5es que passam seu tempo de lazer com paix\u00e3o e desejam obter uma boa pontua\u00e7\u00e3o. A oferta de boas-vindas do Casino Rocket Play oferece um presente: 100% + cem volumes de neg\u00f3cios preferenciais \u00e9 um \u00f3timo come\u00e7o. Fa\u00e7a um dep\u00f3sito no valor de trinta $ e receba sua promo\u00e7\u00e3o. Requisitos de incentivo:<\/p>\n<ul>\n<li>A taxa de inscri\u00e7\u00e3o deve ser de pelo menos trinta $, enquanto voc\u00ea merece uma recompensa de 100%.<\/li>\n<li>Cem giros preferenciais no in\u00edcio est\u00e3o inclu\u00eddos na configura\u00e7\u00e3o de vinte giros di\u00e1rios em cinco dias.<\/li>\n<li>A recompensa marginal \u00e9 de $ 300.<\/li>\n<li>O valor m\u00e1ximo de uma aposta atual \u00e9 de $ 7,50.<\/li>\n<li>multiplicador x40.<\/li>\n<\/ul>\n<p>Lucro no valor de tr\u00eas mil leva ao final do jogo. Volumes de neg\u00f3cios preferenciais no in\u00edcio s\u00e3o adicionados em um conjunto por cinco dias, vinte por um &#8211; no total, existem cem deles.<\/p>\n<p>As vinte promo\u00e7\u00f5es iniciais sem investimentos s\u00e3o apresentadas com um dep\u00f3sito bem-sucedido de fundos. O volume de neg\u00f3cios do dia seguinte fica dispon\u00edvel exatamente em um dia, desde que o requisito de vingan\u00e7a x1 seja atendido. Esse processo se estende por quatro dias. \u00c9 poss\u00edvel usar os <a href=\"https:\/\/rocketplay-game.com\/pt-br\/bonus\/\">b\u00f4nus<\/a> de boas-vindas do Rocket Play do cassino online em cinco dias. Voc\u00ea pode usar seu faturamento preferencial apenas durante as primeiras 24 horas. A dura\u00e7\u00e3o do desfecho da FS chega a cinco dias.<\/p>\n<p style=\"text-align: center;\"><img loading=\"lazy\" decoding=\"async\" class=\"size-medium wp-image-311 aligncenter\" src=\"https:\/\/rocketplay-game.com\/wp-content\/uploads\/2022\/08\/vip_header_icon1-300x300.png\" alt=\"rocket play casino\" width=\"300\" height=\"300\" srcset=\"https:\/\/rocketplay-game.com\/wp-content\/uploads\/2022\/08\/vip_header_icon1-300x300.png 300w, https:\/\/rocketplay-game.com\/wp-content\/uploads\/2022\/08\/vip_header_icon1-150x150.png 150w, https:\/\/rocketplay-game.com\/wp-content\/uploads\/2022\/08\/vip_header_icon1.png 552w\" sizes=\"auto, (max-width: 300px) 100vw, 300px\" \/><\/p>\n<h2>Como reivindicar um b\u00f4nus de boas-vindas<\/h2>\n<p>As casas de jogos de azar na web existentes anexam presentes do programa de fidelidade ao inicial ou algumas outras entradas para seus eventos necess\u00e1rios. A principal fun\u00e7\u00e3o dos melhores b\u00f4nus de boas-vindas do cassino Rocket Play \u00e9 mobilizar o maior n\u00famero poss\u00edvel de participantes e aumentar o pagamento em dinheiro pela participa\u00e7\u00e3o a longo prazo no jogo e uma oportunidade real de obter lucro.<\/p>\n<p>Essas ofertas preferenciais se aplicam apenas a recrutas, e \u00e9 por isso que os jogadores individuais existem em constante explora\u00e7\u00e3o de casas de jogo rec\u00e9m-inauguradas. L\u00e1 eles fazem sua contribui\u00e7\u00e3o inicial, recebem um bloco leal de recompensas, ecstasy da jogabilidade e muitas vezes vencem. As recompensas do programa de fidelidade do cassino aparecem na m\u00e1quina ap\u00f3s a contabiliza\u00e7\u00e3o e o dep\u00f3sito do valor na conta. \u00c0s vezes, eles recorrem ao apoio para recompensas. Antes de criar uma conta pessoal, familiarize-se com o programa de fidelidade.<\/p>\n<h2>Ofertas exclusivas para novos jogadores<\/h2>\n<p>Oferta de boas-vindas do Rocket Play Brasil na pr\u00f3xima parcela &#8211; recompensa de 200% na segunda parcela. Fa\u00e7a um segundo investimento de pelo menos setenta e cinco d\u00f3lares e a recompensa ser\u00e1 sua. Requisitos para receber o pr\u00eamio:<\/p>\n<ul>\n<li>Tendo feito a segunda entrada de setenta e cinco d\u00f3lares e o jogador tem a garantia de ganhar uma promo\u00e7\u00e3o de 200%.<\/li>\n<li>Esta recompensa pode ser usada ap\u00f3s o dep\u00f3sito inicial.<\/li>\n<li>O incentivo marginal \u00e9 de trezentos BRL.<\/li>\n<li>A tarifa promocional \u00e9 de sete d\u00f3lares brasileiros e cinquenta centavos.<\/li>\n<li>Coeficiente x40<\/li>\n<\/ul>\n<p>O jogo acabou em tr\u00eas mil BRL.<\/p>\n<h2>Perguntas frequentes<\/h2>\n<h3>Por que os cassinos oferecem b\u00f4nus?<\/h3>\n<p>O sistema de recompensas para estabelecimentos de jogos de azar n\u00e3o tem mais uma fun\u00e7\u00e3o espetacular, mas publicit\u00e1ria. Em que os participantes do processo de jogo recebem turnos adicionais como presente durante o jogo. Esses eventos t\u00eam um fim em si mesmos para persuadir o maior n\u00famero poss\u00edvel de f\u00e3s a se registrarem neste cassino online.<\/p>\n<h3>\u00c9 poss\u00edvel usar o b\u00f4nus de fidelidade duas vezes?<\/h3>\n<p>A resposta \u00e9 n\u00e3o. O Departamento est\u00e1 monitorando essas situa\u00e7\u00f5es. A quantidade m\u00e1xima de entrada para encorajamento de vingan\u00e7a tamb\u00e9m \u00e9 controlada, e isso pode impedir que voc\u00ea ganhe seu interesse. Ao mesmo tempo, prestigiadas plataformas de jogos de azar mant\u00eam informa\u00e7\u00f5es sobre o correto funcionamento de presentes e giros sem investimentos em dom\u00ednio p\u00fablico. Como regra, eles se familiarizam com ele antes de se registrarem no portal do cassino.<\/p>\n<h3>Quais s\u00e3o as instru\u00e7\u00f5es para comprar recompensas?<\/h3>\n<p>Portanto, para obter uma recompensa, voc\u00ea deve:<\/p>\n<ul>\n<li>certifique-se de passar por uma pequena opera\u00e7\u00e3o de registro;<\/li>\n<li>indicar seus dados pessoais;<\/li>\n<li>use as teclas corretas.<\/li>\n<\/ul>\n<p>Em todos os estabelecimentos de jogo, as recompensas podem ser usadas imediatamente ap\u00f3s serem acumuladas.<\/p>\n<p><strong>Leia tamb\u00e9m sobre:<\/strong><\/p>\n<ul>\n<li><a href=\"https:\/\/rocketplay-game.com\/bonus\/regular-bonuses\/\">B\u00f4nus Regulares<\/a><\/li>\n<li><a href=\"https:\/\/rocketplay-game.com\/bonus\/loyalty-program\/\">Programa de lealdade<\/a><\/li>\n<\/ul>\n","protected":false},"excerpt":{"rendered":"<p>Melhor oferta de boas-vindas do cassino O Rocket Play \u00e9 uma \u00f3tima perspectiva para os jogadores em potencial reabastecer seu dep\u00f3sito, mas tamb\u00e9m para obter um suprimento s\u00f3lido de per\u00edodos adicionais! Nenhum participante da jogabilidade perderia a oportunidade de pegar algumas rodadas auxiliares para prolongar o curso do duelo na esperan\u00e7a de receber uma rodada&#8230;<\/p>\n","protected":false},"author":1,"featured_media":0,"parent":0,"menu_order":0,"comment_status":"closed","ping_status":"closed","template":"page-with-bonus.php","meta":{"_acf_changed":false,"_kad_post_transparent":"default","_kad_post_title":"default","_kad_post_layout":"default","_kad_post_sidebar_id":"","_kad_post_content_style":"default","_kad_post_vertical_padding":"default","_kad_post_feature":"","_kad_post_feature_position":"","_kad_post_header":false,"_kad_post_footer":false,"footnotes":""},"class_list":["post-3006","page","type-page","status-publish","hentry"],"acf":[],"rttpg_featured_image_url":null,"rttpg_author":{"display_name":"Tom","author_link":"https:\/\/rocketplay-game.com\/pt-br\/author\/pemvas95n89x\/"},"rttpg_comment":0,"rttpg_category":null,"rttpg_excerpt":"Melhor oferta de boas-vindas do cassino O Rocket Play \u00e9 uma \u00f3tima perspectiva para os jogadores em potencial reabastecer seu dep\u00f3sito, mas tamb\u00e9m para obter um suprimento s\u00f3lido de per\u00edodos adicionais! Nenhum participante da jogabilidade perderia a oportunidade de pegar algumas rodadas auxiliares para prolongar o curso do duelo na esperan\u00e7a de receber uma rodada...","_links":{"self":[{"href":"https:\/\/rocketplay-game.com\/pt-br\/wp-json\/wp\/v2\/pages\/3006","targetHints":{"allow":["GET"]}}],"collection":[{"href":"https:\/\/rocketplay-game.com\/pt-br\/wp-json\/wp\/v2\/pages"}],"about":[{"href":"https:\/\/rocketplay-game.com\/pt-br\/wp-json\/wp\/v2\/types\/page"}],"author":[{"embeddable":true,"href":"https:\/\/rocketplay-game.com\/pt-br\/wp-json\/wp\/v2\/users\/1"}],"replies":[{"embeddable":true,"href":"https:\/\/rocketplay-game.com\/pt-br\/wp-json\/wp\/v2\/comments?post=3006"}],"version-history":[{"count":2,"href":"https:\/\/rocketplay-game.com\/pt-br\/wp-json\/wp\/v2\/pages\/3006\/revisions"}],"predecessor-version":[{"id":3008,"href":"https:\/\/rocketplay-game.com\/pt-br\/wp-json\/wp\/v2\/pages\/3006\/revisions\/3008"}],"wp:attachment":[{"href":"https:\/\/rocketplay-game.com\/pt-br\/wp-json\/wp\/v2\/media?parent=3006"}],"curies":[{"name":"wp","href":"https:\/\/api.w.org\/{rel}","templated":true}]}}