{"id":3010,"date":"2022-06-13T18:32:40","date_gmt":"2022-06-13T15:32:40","guid":{"rendered":"https:\/\/rocketplay-game.com\/poker\/"},"modified":"2025-11-25T23:12:17","modified_gmt":"2025-11-25T20:12:17","slug":"poker","status":"publish","type":"page","link":"https:\/\/rocketplay-game.com\/pt-br\/poker\/","title":{"rendered":"O que \u00e9 p\u00f4quer no RocketPlay Casino?"},"content":{"rendered":"<p>Existem muitas variedades de p\u00f4quer jogadas com baralhos de cartas e apostando na melhor combina\u00e7\u00e3o. As regras exatas depender\u00e3o do tipo de jogo que voc\u00ea decidir jogar. O poker online RocketPlay geralmente usa um baralho padr\u00e3o de 52 cartas, mas lembre-se de que o n\u00famero exato de cartas usadas, abertas ou fechadas, \u00e9 determinado pelo tipo de jogo que voc\u00ea escolhe jogar.<\/p>\n<p>O poker surgiu por volta do s\u00e9culo 19 nos Estados Unidos, onde logo se tornou um passatempo popular. O jogo evoluiu consideravelmente ao longo dos anos e agora, gra\u00e7as em parte ao poker online, \u00e9 um dos maiores jogos de azar do mundo. Torneios como o World Series of Poker s\u00e3o realizados anualmente desde a d\u00e9cada de 1970. Milh\u00f5es de d\u00f3lares s\u00e3o jogados durante os eventos.<\/p>\n<p>O tipo mais comum de p\u00f4quer que voc\u00ea encontrar\u00e1 online \u00e9 o Texas Hold&#8217;em. As apostas obrigat\u00f3rias existem em quase todos os tipos de jogos de poker RocketPlay &#8211; estamos falando do big blind e do small blind. Estas apostas s\u00e3o feitas antes das cartas serem distribu\u00eddas. Ap\u00f3s as apostas obrigat\u00f3rias terem sido feitas e as cartas terem sido distribu\u00eddas, outros jogadores tamb\u00e9m podem fazer suas apostas.<\/p>\n<p><img loading=\"lazy\" decoding=\"async\" class=\"aligncenter wp-image-4733\" src=\"https:\/\/rocketplay-game.com\/wp-content\/uploads\/2024\/02\/poker-2.png\" alt=\" RocketPlay poker\" width=\"800\" height=\"324\" srcset=\"https:\/\/rocketplay-game.com\/wp-content\/uploads\/2024\/02\/poker-2.png 1015w, https:\/\/rocketplay-game.com\/wp-content\/uploads\/2024\/02\/poker-2-300x121.png 300w, https:\/\/rocketplay-game.com\/wp-content\/uploads\/2024\/02\/poker-2-768x311.png 768w\" sizes=\"auto, (max-width: 800px) 100vw, 800px\" \/><\/p>\n<p>Durante o jogo, o jogador pode realizar v\u00e1rias a\u00e7\u00f5es, incluindo as chamadas &#8220;dobrar&#8221;. Dobrar uma carta significa que voc\u00ea n\u00e3o jogar\u00e1 aquela m\u00e3o e s\u00f3 retornar\u00e1 ao jogo quando aquela rodada tiver sido jogada. Voc\u00ea poder\u00e1 realizar uma a\u00e7\u00e3o chamada &#8220;call&#8221; &#8211; uma equa\u00e7\u00e3o de apostas com seus oponentes. Finalmente, voc\u00ea poder\u00e1 aumentar ou aumentar sua aposta. Os outros jogadores na mesa devem igualar sua aposta, aumentando ou diminuindo de acordo.<\/p>\n<p>O dealer adiciona cartas comuns, que os jogadores usam para tentar montar a combina\u00e7\u00e3o de m\u00e3os de poker de cinco cartas mais favor\u00e1vel. Normalmente, os jogos de p\u00f4quer usam cinco cartas comuns, com cada jogador usando suas pr\u00f3prias duas cartas para formar a melhor combina\u00e7\u00e3o poss\u00edvel.<\/p>\n<p>O n\u00famero de combina\u00e7\u00f5es de cartas e p\u00f4quer depender\u00e1 do tipo de p\u00f4quer que voc\u00ea est\u00e1 jogando. Normalmente, as combina\u00e7\u00f5es mais populares s\u00e3o duas cartas id\u00eanticas, tr\u00eas cartas id\u00eanticas, quatro cartas id\u00eanticas, uma sequ\u00eancia &#8211; cinco cartas consecutivas ou um flush &#8211; uma combina\u00e7\u00e3o de cinco cartas do mesmo naipe. Falaremos mais sobre todas as combina\u00e7\u00f5es em nosso guia mais tarde.<\/p>\n<p>Geralmente s\u00e3o quatro rodadas de apostas, ent\u00e3o os jogadores t\u00eam v\u00e1rias op\u00e7\u00f5es para apostar e tentar vencer uns aos outros. No p\u00f4quer, a melhor m\u00e3o nem sempre vence porque os outros jogadores n\u00e3o podem ver quais cartas voc\u00ea tem na sua m\u00e3o, ent\u00e3o voc\u00ea pode blefar e fazer seus oponentes passarem, mesmo se voc\u00ea tiver uma m\u00e3o mais fraca que n\u00e3o pode vencer a sua. combina\u00e7\u00e3o do oponente. A sala de p\u00f4quer RocketPlay tamb\u00e9m existe.<\/p>\n<h2>Por que jogar p\u00f4quer?<\/h2>\n<p>Sem d\u00favida, o poker \u00e9 um dos jogos de cartas mais populares do mundo. Jogue poker online RocketPlay \u00e9 muito divertido e, ao contr\u00e1rio de outros jogos de cassino, n\u00e3o \u00e9 apenas a sorte que conta, mas tamb\u00e9m suas habilidades de jogo. Aqui est\u00e3o algumas raz\u00f5es pelas quais o poker \u00e9 t\u00e3o popular e porque o amamos tanto:<\/p>\n<p>Muitas op\u00e7\u00f5es &#8211; existem centenas de variedades de p\u00f4quer. Embora isso possa ser confuso para o rec\u00e9m-chegado, essa variedade oferece uma \u00f3tima op\u00e7\u00e3o para quem procura algo novo. Mesmo jogando o mesmo tipo de jogo, os jogos de p\u00f4quer nunca ser\u00e3o os mesmos devido \u00e0 variedade de jogadores, combina\u00e7\u00f5es e regras.<\/p>\n<p>O jogo \u00e9 baseado em habilidades. Ao contr\u00e1rio de m\u00e1quinas ca\u00e7a-n\u00edqueis ou mesas de roleta, o p\u00f4quer requer habilidades de jogo. Claro, muito mais depende da sorte, como quais cartas s\u00e3o distribu\u00eddas, mas lembre-se de que as melhores cartas nem sempre vencem. Voc\u00ea precisa saber usar as cartas a seu favor usando t\u00e9cnicas psicol\u00f3gicas, como blefar, que o ajudar\u00e3o a vencer seus oponentes.<\/p>\n<p>Acessibilidade. O p\u00f4quer \u00e9 um dos jogos de cartas mais populares, por isso est\u00e1 dispon\u00edvel em quase todos os cassinos online. Existem tamb\u00e9m centenas de grandes sites de poker dedicados \u00e0s melhores mesas de poker para jogadores de todo o mundo.<\/p>\n<p>Jogando contra outros jogadores &#8211; Em vez de jogar contra o dealer, voc\u00ea est\u00e1 competindo contra outros jogadores. Isso excita aqueles jogadores que gostam de tirar seu oponente do jogo. Tamb\u00e9m permite que voc\u00ea jogue p\u00f4quer contra pessoas com diferentes n\u00edveis de habilidade.<\/p>\n<p>Excita\u00e7\u00e3o. O poker online gr\u00e1tis <a href=\"https:\/\/rocketplay-game.com\/pt-br\/\">RocketPlay<\/a> \u00e9 um dos jogos de cassino mais emocionantes com quatro rodadas de apostas onde voc\u00ea pode ver como seus oponentes est\u00e3o jogando. O jogo de p\u00f4quer pode ser lento em compara\u00e7\u00e3o com alguns outros jogos, mas nunca deixa de ser um jogo de expectativas crescentes.<\/p>\n<p>Grandes pr\u00eamios &#8211; Muitas pessoas jogam p\u00f4quer, ent\u00e3o n\u00e3o \u00e9 surpresa que com uma base de jogadores t\u00e3o grande, eles ganhem enormes quantias de dinheiro. Normalmente, os sites mais f\u00e1ceis oferecem jogos com apostas bastante altas. Muitos sites tamb\u00e9m oferecem torneios onde grandes pr\u00eamios em dinheiro s\u00e3o oferecidos aos vencedores.<\/p>\n<h2>Dicas para jogar p\u00f4quer<\/h2>\n<p>Antes de come\u00e7ar a jogar poker online, \u00e9 importante certificar-se de que compreende o jogo. A \u00faltima coisa que voc\u00ea quer fazer \u00e9 jogar contra jogadores que sabem muito mais sobre o jogo do que voc\u00ea. Os jogadores sempre podem ser mais experientes, mas voc\u00ea nunca deve entrar no jogo sabendo menos que seus oponentes.<\/p>\n<p>H\u00e1 um elemento de sorte no poker tamb\u00e9m, especialmente quando as cartas s\u00e3o distribu\u00eddas, mas como apostar e como jogar com as cartas que voc\u00ea recebe \u00e9 uma quest\u00e3o de estrat\u00e9gia. Forneceremos informa\u00e7\u00f5es sobre quais combina\u00e7\u00f5es s\u00e3o mais vantajosas, al\u00e9m de compartilhar algumas dicas gerais.<\/p>\n<p>Na maioria das vezes, essas dicas se aplicam ao jogo de p\u00f4quer Texas Hold&#8217;em, que \u00e9 considerado a forma mais popular de p\u00f4quer.<\/p>\n<p><img loading=\"lazy\" decoding=\"async\" class=\"aligncenter wp-image-225\" src=\"https:\/\/rocketplay-game.com\/wp-content\/uploads\/2022\/06\/rocketplay-friday-reload-bonus-855x458-1.webp\" alt=\" RocketPlay poker 2\" width=\"800\" height=\"429\" srcset=\"https:\/\/rocketplay-game.com\/wp-content\/uploads\/2022\/06\/rocketplay-friday-reload-bonus-855x458-1.webp 855w, https:\/\/rocketplay-game.com\/wp-content\/uploads\/2022\/06\/rocketplay-friday-reload-bonus-855x458-1-300x161.webp 300w, https:\/\/rocketplay-game.com\/wp-content\/uploads\/2022\/06\/rocketplay-friday-reload-bonus-855x458-1-768x411.webp 768w\" sizes=\"auto, (max-width: 800px) 100vw, 800px\" \/><\/p>\n<h2>Combina\u00e7\u00f5es de p\u00f4quer<\/h2>\n<p>No p\u00f4quer, o objetivo do jogo \u00e9 montar a melhor combina\u00e7\u00e3o poss\u00edvel de cinco cartas usando suas cartas na m\u00e3o e as cartas comuns na mesa. Voc\u00ea pode combinar cartas de diferentes maneiras, usando uma ou ambas as cartas existentes em sua m\u00e3o. A maioria dos tipos de p\u00f4quer tem regras diferentes para obter as melhores combina\u00e7\u00f5es poss\u00edveis, ent\u00e3o veremos algumas das principais combina\u00e7\u00f5es nas regras do p\u00f4quer Texas Hold&#8217;em.<\/p>\n<p>As combina\u00e7\u00f5es s\u00e3o descritas abaixo, come\u00e7ando com a combina\u00e7\u00e3o mais favor\u00e1vel:<\/p>\n<ul>\n<li>Royal flush \u00e9 a combina\u00e7\u00e3o de poker mais forte e ao mesmo tempo a mais rara. \u00c9 uma combina\u00e7\u00e3o de um \u00e1s, rei, rainha, valete e dez no mesmo naipe.<\/li>\n<li>Straight-flush &#8211; Cinco cartas do mesmo naipe seguidas.<\/li>\n<li>Four of a Kind &#8211; Esta \u00e9 uma combina\u00e7\u00e3o de quatro da mesma carta, como quatro ases ou quatro reis.<\/li>\n<li>Full House &#8211; Uma combina\u00e7\u00e3o que consiste em um set (tr\u00eas cartas) e um par.<\/li>\n<li>Flush &#8211; Uma combina\u00e7\u00e3o de cinco cartas do mesmo naipe.<\/li>\n<li>Straight &#8211; uma combina\u00e7\u00e3o de m\u00e3os de 5 cartas consecutivas, mas n\u00e3o necessariamente do mesmo naipe.<\/li>\n<li>Dois Pares &#8211; Uma combina\u00e7\u00e3o de dois pares.<\/li>\n<li>Carta alta &#8211; a carta mais forte quando voc\u00ea n\u00e3o fez nenhuma combina\u00e7\u00e3o. Neste caso, a sua carta mais alta ser\u00e1 jogada.<\/li>\n<\/ul>\n<h2>Estrat\u00e9gia de p\u00f4quer<\/h2>\n<p>Como o p\u00f4quer n\u00e3o \u00e9 s\u00f3 sorte, voc\u00ea tem a capacidade de mudar as coisas a seu favor:<\/p>\n<p>Um in\u00edcio lento &#8211; voc\u00ea ser\u00e1 considerado um iniciante quando iniciar o jogo. Isso pode facilitar a escolha de outros jogadores se voc\u00ea n\u00e3o for cuidadoso. Antes de come\u00e7ar a jogar poker online RocketPlay com dinheiro real, \u00e9 recomendado que voc\u00ea pratique algumas habilidades b\u00e1sicas de poker. Voc\u00ea tamb\u00e9m pode come\u00e7ar com jogos de apostas baixas, para que a perda m\u00e1xima tamb\u00e9m seja menor. N\u00e3o se deixe levar por aumentar as apostas mesmo se achar que tem uma grande m\u00e3o. Mova-se devagar e com confian\u00e7a para aprender muito mais sobre seus oponentes. \u00c0 medida que voc\u00ea se torna mais experiente ao longo do tempo, poder\u00e1 aumentar suas apostas e, eventualmente, passar para jogos de apostas mais altas e jogos de v\u00e1rias mesas.<\/p>\n<p>Entendendo o tipo de jogo. Muitos jogadores ficam empolgados e perdem o controle quando come\u00e7am a jogar, acreditando que as regras que conhecem se aplicam a todos os tipos de jogos de p\u00f4quer. Infelizmente, esse n\u00e3o \u00e9 o caso, e voc\u00ea ficar\u00e1 surpreso se entrar correndo sem ler as regras. Antes de iniciar qualquer jogo, certifique-se de saber quais s\u00e3o as melhores combina\u00e7\u00f5es, lembre-se de que a maioria dos jogadores ser\u00e1 mais experiente que voc\u00ea, portanto, certifique-se de que seu oponente tenha uma vantagem menor sobre voc\u00ea no in\u00edcio do jogo!<\/p>\n<p>Aproveite os <a href=\"https:\/\/rocketplay-game.com\/pt-br\/bonus\/\">b\u00f4nus<\/a> &#8211; RocketPlay online poker Brasil oferece \u00f3timas promo\u00e7\u00f5es e b\u00f4nus para novos jogadores. Aproveite todas essas op\u00e7\u00f5es, elas permitir\u00e3o que voc\u00ea jogue algumas rodadas com menos risco. Antes de se inscrever, certifique-se de se familiarizar com os termos e condi\u00e7\u00f5es do jogo, pois alguns deles ter\u00e3o requisitos de apostas ou outras restri\u00e7\u00f5es.<\/p>\n<p>Criando uma \u00e1rea de jogo discreta &#8211; \u00e9 importante n\u00e3o se distrair antes de retomar o jogo. O download de poker online RocketPlay requer muita concentra\u00e7\u00e3o e voc\u00ea precisa ter cuidado para ganhar. Ligue uma m\u00fasica relaxante, coloque seu smartphone no modo silencioso e mergulhe na sua zona de conforto. A diferen\u00e7a entre bons jogadores e grandes jogadores \u00e9 muitas vezes a seriedade com que eles levam o jogo.<\/p>\n<p>Controle de Equil\u00edbrio. Seu saldo \u00e9 quanto dinheiro voc\u00ea tem dispon\u00edvel para apostar no jogo. Este ser\u00e1 o dinheiro depositado na conta de jogador do seu casino ou site de poker. Certifique-se de definir um limite de quanto voc\u00ea pode jogar por dia e n\u00e3o o exceda. Se a quantidade de dinheiro diminuir, jogue o aplicativo de p\u00f4quer online RocketPlay com apostas mais baixas. Se a quantidade de dinheiro aumentar, voc\u00ea pode correr mais riscos jogando p\u00f4quer com apostas mais altas. Fique de olho no seu saldo e pare de jogar se achar que est\u00e1 gastando demais.<\/p>\n<p>Limites de perdas e ganhos. Antes de come\u00e7ar a jogar, \u00e9 importante definir limites de quanto voc\u00ea est\u00e1 disposto a perder. Voc\u00ea tamb\u00e9m deve determinar o valor m\u00e1ximo que pode ganhar antes de terminar o jogo naquele dia. \u00c9 sempre aconselh\u00e1vel estabelecer limites no jogo, pois o jogo pode ser viciante. Especialmente ao perder, quando os jogadores tendem a ganhar de volta, o que geralmente s\u00f3 leva a mais perdas. Ao jogar poker, \u00e9 importante manter a calma, ent\u00e3o voc\u00ea deve evitar jogar quando estiver muito confiante em ganhar ou com raiva de perder.<\/p>\n<p><img loading=\"lazy\" decoding=\"async\" class=\"aligncenter wp-image-4742\" src=\"https:\/\/rocketplay-game.com\/wp-content\/uploads\/2024\/02\/poker-1.png\" alt=\" RocketPlay poker 3\" width=\"600\" height=\"317\" srcset=\"https:\/\/rocketplay-game.com\/wp-content\/uploads\/2024\/02\/poker-1.png 766w, https:\/\/rocketplay-game.com\/wp-content\/uploads\/2024\/02\/poker-1-300x159.png 300w\" sizes=\"auto, (max-width: 600px) 100vw, 600px\" \/><\/p>\n<h2>Perguntas frequentes<\/h2>\n<h3>\u00c9 seguro jogar poker online?<\/h3>\n<p>Sim, claro que \u00e9. O site RocketPlay \u00e9 seguro e confi\u00e1vel.<\/p>\n<h3>Como posso aprender a jogar poker?<\/h3>\n<p>O p\u00f4quer para novos jogadores \u00e0s vezes pode parecer complicado porque existem muitas variedades diferentes do jogo e suas regras. No entanto, uma vez que voc\u00ea come\u00e7ar a jogar novamente, voc\u00ea descobrir\u00e1 que \u00e9 muito f\u00e1cil de jogar, \u00e9 mais dif\u00edcil de aprender.<\/p>\n<h3>Posso ganhar dinheiro jogando poker online?<\/h3>\n<p>Claro. Existem muitos jogadores que usam suas habilidades e conhecimentos no jogo para ganhar dinheiro. No entanto, \u00e9 sempre importante lembrar que o poker \u00e9 um jogo de azar e voc\u00ea est\u00e1 arriscando seu dinheiro para ganhar. Sempre jogue com responsabilidade e n\u00e3o se empolgue em ganhar dinheiro. O poker online deve ser um jogo divertido em primeiro lugar.<\/p>\n","protected":false},"excerpt":{"rendered":"<p>Existem muitas variedades de p\u00f4quer jogadas com baralhos de cartas e apostando na melhor combina\u00e7\u00e3o. As regras exatas depender\u00e3o do tipo de jogo que voc\u00ea decidir jogar. O poker online RocketPlay geralmente usa um baralho padr\u00e3o de 52 cartas, mas lembre-se de que o n\u00famero exato de cartas usadas, abertas ou fechadas, \u00e9 determinado pelo&#8230;<\/p>\n","protected":false},"author":1,"featured_media":0,"parent":0,"menu_order":0,"comment_status":"closed","ping_status":"closed","template":"page-with-bonus.php","meta":{"_acf_changed":false,"_kad_post_transparent":"default","_kad_post_title":"default","_kad_post_layout":"default","_kad_post_sidebar_id":"","_kad_post_content_style":"default","_kad_post_vertical_padding":"default","_kad_post_feature":"","_kad_post_feature_position":"","_kad_post_header":false,"_kad_post_footer":false,"footnotes":""},"class_list":["post-3010","page","type-page","status-publish","hentry"],"acf":[],"rttpg_featured_image_url":null,"rttpg_author":{"display_name":"Tom","author_link":"https:\/\/rocketplay-game.com\/pt-br\/author\/pemvas95n89x\/"},"rttpg_comment":0,"rttpg_category":null,"rttpg_excerpt":"Existem muitas variedades de p\u00f4quer jogadas com baralhos de cartas e apostando na melhor combina\u00e7\u00e3o. As regras exatas depender\u00e3o do tipo de jogo que voc\u00ea decidir jogar. O poker online RocketPlay geralmente usa um baralho padr\u00e3o de 52 cartas, mas lembre-se de que o n\u00famero exato de cartas usadas, abertas ou fechadas, \u00e9 determinado pelo...","_links":{"self":[{"href":"https:\/\/rocketplay-game.com\/pt-br\/wp-json\/wp\/v2\/pages\/3010","targetHints":{"allow":["GET"]}}],"collection":[{"href":"https:\/\/rocketplay-game.com\/pt-br\/wp-json\/wp\/v2\/pages"}],"about":[{"href":"https:\/\/rocketplay-game.com\/pt-br\/wp-json\/wp\/v2\/types\/page"}],"author":[{"embeddable":true,"href":"https:\/\/rocketplay-game.com\/pt-br\/wp-json\/wp\/v2\/users\/1"}],"replies":[{"embeddable":true,"href":"https:\/\/rocketplay-game.com\/pt-br\/wp-json\/wp\/v2\/comments?post=3010"}],"version-history":[{"count":3,"href":"https:\/\/rocketplay-game.com\/pt-br\/wp-json\/wp\/v2\/pages\/3010\/revisions"}],"predecessor-version":[{"id":5225,"href":"https:\/\/rocketplay-game.com\/pt-br\/wp-json\/wp\/v2\/pages\/3010\/revisions\/5225"}],"wp:attachment":[{"href":"https:\/\/rocketplay-game.com\/pt-br\/wp-json\/wp\/v2\/media?parent=3010"}],"curies":[{"name":"wp","href":"https:\/\/api.w.org\/{rel}","templated":true}]}}