{"id":3014,"date":"2022-08-11T20:51:13","date_gmt":"2022-08-11T17:51:13","guid":{"rendered":"https:\/\/rocketplay-game.com\/promo-code\/"},"modified":"2022-10-31T02:16:46","modified_gmt":"2022-10-30T23:16:46","slug":"promo-code","status":"publish","type":"page","link":"https:\/\/rocketplay-game.com\/pt-br\/promo-code\/","title":{"rendered":"C\u00f3digo promocional RocketPlay 2023"},"content":{"rendered":"<p><img loading=\"lazy\" decoding=\"async\" class=\" wp-image-300 aligncenter\" src=\"https:\/\/rocketplay-game.com\/wp-content\/uploads\/2022\/08\/rocketplay-casino-bonuses-300x125.jpg\" alt=\"promo code\" width=\"624\" height=\"260\" srcset=\"https:\/\/rocketplay-game.com\/wp-content\/uploads\/2022\/08\/rocketplay-casino-bonuses-300x125.jpg 300w, https:\/\/rocketplay-game.com\/wp-content\/uploads\/2022\/08\/rocketplay-casino-bonuses.jpg 700w\" sizes=\"auto, (max-width: 624px) 100vw, 624px\" \/><\/p>\n<p>O c\u00f3digo promocional do cassino <a href=\"https:\/\/rocketplay-game.com\/pt-br\/\">RocketPlay<\/a> \u00e9 uma pr\u00e1tica comum para os regulares do cassino online brasileiros. Embora seja f\u00e1cil para todos os novos usu\u00e1rios decidirem se registrar neste ou naquele cassino online se houver um c\u00f3digo promocional com bons b\u00f4nus para um jogo longo com dinheiro real.<\/p>\n<p>Voc\u00ea pode encontrar um c\u00f3digo promocional nas p\u00e1ginas oficiais do cassino online nas redes sociais ou no site oficial, ou nas p\u00e1ginas das redes sociais e nos sites dos parceiros do cassino online. Normalmente, o pr\u00f3prio cassino parceiro expande as informa\u00e7\u00f5es sobre b\u00f4nus agrad\u00e1veis, incentivando assim os usu\u00e1rios a se registrarem no site do cassino.<\/p>\n<h2>Como obter um c\u00f3digo promocional?<\/h2>\n<p>Embora o cassino forne\u00e7a alguns c\u00f3digos promocionais para usu\u00e1rios novos e regulares, todos eles podem ser obtidos dessa maneira. Acima de tudo, voc\u00ea precisa se registrar ou confirmar a presen\u00e7a de um registro no site oficial do cassino online. Antes de receber este ou aquele b\u00f3nus com um c\u00f3digo promocional, deve certificar-se de que \u00e9 adequado ao apostador e que realmente o ajudar\u00e1 a ter sucesso no jogo por dinheiro virtual ou real.<\/p>\n<p>Como obter o c\u00f3digo promocional RocketPlay 2023? Se o usu\u00e1rio se cadastrou, ele deve inserir um login e senha para entrar em sua pr\u00f3pria conta, ir ao perfil e depois \u00e0 se\u00e7\u00e3o de ofertas de b\u00f4nus. Em seguida, voc\u00ea deve verificar o b\u00f4nus em que est\u00e1 interessado e confirmar sua inten\u00e7\u00e3o de inserir uma senha espec\u00edfica.<\/p>\n<p>Os usu\u00e1rios que acabaram de registrar sua pr\u00f3pria conta podem obter um c\u00f3digo promocional sem dep\u00f3sito do RocketPlay e 25 rodadas gr\u00e1tis. Para se tornar o propriet\u00e1rio de tantas rodadas gr\u00e1tis, voc\u00ea precisa inserir o c\u00f3digo de b\u00f4nus RocketPlay ROCKET no campo especial e confirmar o recebimento do b\u00f4nus. No entanto, n\u00e3o h\u00e1 necessidade de esperar muito para obter o b\u00f4nus de apostas 50xV, pois o usu\u00e1rio ter\u00e1 apenas 1 dia para ativar a oferta de b\u00f4nus e apenas 5 dias para usar as 25 rodadas gr\u00e1tis. Parece que as regras s\u00e3o simples, mas nem todos os usu\u00e1rios conseguem ativar e criar um b\u00f4nus a tempo.<\/p>\n<p>Se forem cerca de 25 rodadas gr\u00e1tis para criar uma nova faixa de m\u00fasica no site do cassino RocketPlay, onde elas podem ser usadas? H\u00e1 uma lista limitada de slots que podem exigir rodadas gr\u00e1tis. Em primeiro lugar, estamos falando de um dos slots populares do provedor global de software de jogos BGaming, o West Town. O que se sabe sobre este slot? O indicador RTP \u00e9 de 96,95%. Esta \u00e9 uma porcentagem bastante alta de apostas que s\u00e3o devolvidas ao jogador de um slot espec\u00edfico. Se o jogador tem experi\u00eancia em jogar ca\u00e7a-n\u00edqueis com dinheiro real, ent\u00e3o o ca\u00e7a-n\u00edqueis West Town \u00e9 muito semelhante a outro ca\u00e7a-n\u00edqueis bastante popular no campo do jogo &#8211; Dead Or Alive.<\/p>\n<h2>Outros b\u00f4nus RocketPlay<\/h2>\n<p>Al\u00e9m do c\u00f3digo de b\u00f4nus sem dep\u00f3sito RocketPlay sem dep\u00f3sito, voc\u00ea pode obter outros b\u00f4nus por registrar ou <a href=\"https:\/\/rocketplay-game.com\/pt-br\/download\/\">baixar<\/a> um aplicativo m\u00f3vel no site RocketPlay. apenas novos usu\u00e1rios que n\u00e3o jogaram slots ou outros jogos de azar online no site do cassino RocketPlay podem receber um b\u00f4nus no momento do registro, para que o b\u00f4nus por baixar o aplicativo m\u00f3vel possa ser recebido por todos os usu\u00e1rios que deram para baix\u00e1-lo. Obviamente, estes podem ser novos usu\u00e1rios que acabaram de se registrar e jogadores que jogam ca\u00e7a-n\u00edqueis no site do cassino desde o in\u00edcio.<\/p>\n<p>Apesar do fato de que muitos b\u00f4nus de cassino podem ser obtidos por realizar uma ou outra a\u00e7\u00e3o, em vez de reabastecer a conta de jogo, sem depositar fundos, \u00e9 improv\u00e1vel que o usu\u00e1rio consiga ativar a oferta de b\u00f4nus. Caso o apostador aceite receber este ou aquele b\u00f3nus, dever\u00e1 verificar quais s\u00e3o as condi\u00e7\u00f5es para a sua ativa\u00e7\u00e3o. O tamanho do dep\u00f3sito varia de b\u00f4nus para b\u00f4nus.<\/p>\n<p>Na forma de b\u00f4nus, voc\u00ea pode contar n\u00e3o apenas rodadas gr\u00e1tis, rodadas gr\u00e1tis do tambor, mas tamb\u00e9m dinheiro real, que pode ser investido no jogo por dinheiro real. O tamanho dos ganhos depende dos termos de recebimento de um b\u00f4nus espec\u00edfico e do valor do dep\u00f3sito que o usu\u00e1rio ter\u00e1 na conta principal para ativar a oferta de b\u00f4nus.<\/p>\n<p><img loading=\"lazy\" decoding=\"async\" class=\" wp-image-301 aligncenter\" src=\"https:\/\/rocketplay-game.com\/wp-content\/uploads\/2022\/08\/b5cafdb1ad0027f89a28ea8aa9901b83-300x144.jpg\" alt=\"promo code rocketplay\" width=\"652\" height=\"313\" srcset=\"https:\/\/rocketplay-game.com\/wp-content\/uploads\/2022\/08\/b5cafdb1ad0027f89a28ea8aa9901b83-300x144.jpg 300w, https:\/\/rocketplay-game.com\/wp-content\/uploads\/2022\/08\/b5cafdb1ad0027f89a28ea8aa9901b83-768x370.jpg 768w, https:\/\/rocketplay-game.com\/wp-content\/uploads\/2022\/08\/b5cafdb1ad0027f89a28ea8aa9901b83.jpg 800w\" sizes=\"auto, (max-width: 652px) 100vw, 652px\" \/><\/p>\n<h2>Perguntas frequentes<\/h2>\n<h3>Um usu\u00e1rio do c\u00f3digo de b\u00f4nus RocketPlay do cassino online pode criar apenas um novo registro de m\u00fasica?<\/h3>\n<p>Nos sites parceiros, os cassinos online oferecem muitas outras ofertas que podem ser adequadas para os usu\u00e1rios que j\u00e1 passaram pelo processo de registro, para que n\u00e3o precisem se registrar novamente. Existem c\u00f3digos promocionais para ativar b\u00f4nus para um certo n\u00famero de rodadas gr\u00e1tis, como 20 rodadas gr\u00e1tis adicionais para jogar com dinheiro real em um determinado slot de cassino online. Al\u00e9m disso, voc\u00ea pode reivindicar um b\u00f4nus de 125% se inserir um c\u00f3digo de b\u00f4nus especial. H\u00e1 tamb\u00e9m um c\u00f3digo promocional para ativar um b\u00f4nus de primeiro dep\u00f3sito de 100%. 100 rodadas gr\u00e1tis, ou rodadas gr\u00e1tis do carretel em slots, s\u00e3o adicionadas ao b\u00f4nus de 100%.<\/p>\n<h3>Quais b\u00f4nus est\u00e3o dispon\u00edveis no site do cassino RocketPlay?<\/h3>\n<p>No site do cassino online brasileiros, voc\u00ea pode encontrar muitos b\u00f4nus \u00fateis e agrad\u00e1veis \u200b\u200bpara usu\u00e1rios novos e regulares, conhecedores de jogos de azar online. Em geral, todos os b\u00f4nus podem ser divididos em dois grupos &#8211; dep\u00f3sito e n\u00e3o dep\u00f3sito. Esta \u00e9 uma distribui\u00e7\u00e3o bastante conveniente, especialmente para novos usu\u00e1rios. Afinal, existem b\u00f4nus, que podem ser obtidos apenas para registro, baixando o aplicativo m\u00f3vel, e h\u00e1 b\u00f4nus para fazer o primeiro, segundo ou terceiro dep\u00f3sito. A vantagem dos b\u00f4nus sem dep\u00f3sito \u00e9 que voc\u00ea pode jogar ca\u00e7a-n\u00edqueis com dinheiro real sem usar fundos de dep\u00f3sito. Embora os fundos de dep\u00f3sito ainda sejam necess\u00e1rios para ativar uma ou outra oferta de b\u00f4nus.<\/p>\n","protected":false},"excerpt":{"rendered":"<p>O c\u00f3digo promocional do cassino RocketPlay \u00e9 uma pr\u00e1tica comum para os regulares do cassino online brasileiros. Embora seja f\u00e1cil para todos os novos usu\u00e1rios decidirem se registrar neste ou naquele cassino online se houver um c\u00f3digo promocional com bons b\u00f4nus para um jogo longo com dinheiro real. Voc\u00ea pode encontrar um c\u00f3digo promocional nas&#8230;<\/p>\n","protected":false},"author":1,"featured_media":0,"parent":0,"menu_order":0,"comment_status":"closed","ping_status":"closed","template":"","meta":{"_acf_changed":false,"_kad_post_transparent":"default","_kad_post_title":"default","_kad_post_layout":"default","_kad_post_sidebar_id":"","_kad_post_content_style":"default","_kad_post_vertical_padding":"default","_kad_post_feature":"","_kad_post_feature_position":"","_kad_post_header":false,"_kad_post_footer":false,"footnotes":""},"class_list":["post-3014","page","type-page","status-publish","hentry"],"acf":[],"rttpg_featured_image_url":null,"rttpg_author":{"display_name":"Tom","author_link":"https:\/\/rocketplay-game.com\/pt-br\/author\/pemvas95n89x\/"},"rttpg_comment":0,"rttpg_category":null,"rttpg_excerpt":"O c\u00f3digo promocional do cassino RocketPlay \u00e9 uma pr\u00e1tica comum para os regulares do cassino online brasileiros. Embora seja f\u00e1cil para todos os novos usu\u00e1rios decidirem se registrar neste ou naquele cassino online se houver um c\u00f3digo promocional com bons b\u00f4nus para um jogo longo com dinheiro real. Voc\u00ea pode encontrar um c\u00f3digo promocional nas...","_links":{"self":[{"href":"https:\/\/rocketplay-game.com\/pt-br\/wp-json\/wp\/v2\/pages\/3014","targetHints":{"allow":["GET"]}}],"collection":[{"href":"https:\/\/rocketplay-game.com\/pt-br\/wp-json\/wp\/v2\/pages"}],"about":[{"href":"https:\/\/rocketplay-game.com\/pt-br\/wp-json\/wp\/v2\/types\/page"}],"author":[{"embeddable":true,"href":"https:\/\/rocketplay-game.com\/pt-br\/wp-json\/wp\/v2\/users\/1"}],"replies":[{"embeddable":true,"href":"https:\/\/rocketplay-game.com\/pt-br\/wp-json\/wp\/v2\/comments?post=3014"}],"version-history":[{"count":2,"href":"https:\/\/rocketplay-game.com\/pt-br\/wp-json\/wp\/v2\/pages\/3014\/revisions"}],"predecessor-version":[{"id":3016,"href":"https:\/\/rocketplay-game.com\/pt-br\/wp-json\/wp\/v2\/pages\/3014\/revisions\/3016"}],"wp:attachment":[{"href":"https:\/\/rocketplay-game.com\/pt-br\/wp-json\/wp\/v2\/media?parent=3014"}],"curies":[{"name":"wp","href":"https:\/\/api.w.org\/{rel}","templated":true}]}}