{"id":3810,"date":"2023-01-10T16:01:48","date_gmt":"2023-01-10T13:01:48","guid":{"rendered":"https:\/\/rocketplay-game.com\/live-betting\/"},"modified":"2025-11-21T22:43:05","modified_gmt":"2025-11-21T19:43:05","slug":"live-betting","status":"publish","type":"page","link":"https:\/\/rocketplay-game.com\/pt-br\/live-betting\/","title":{"rendered":"Guia detalhado para apostas esportivas ao vivo"},"content":{"rendered":"<p>As apostas ao vivo no Brasil s\u00e3o escolhidas por quem decide apostar em esportes em tempo real. O apostador n\u00e3o faz apostas antes do in\u00edcio da partida, mas durante o jogo.\u00a0D\u00e1 chances de ganhar e aumenta a probabilidade de prever o vencedor.<\/p>\n<p><img loading=\"lazy\" decoding=\"async\" class=\"aligncenter wp-image-4765\" src=\"https:\/\/rocketplay-game.com\/wp-content\/uploads\/2024\/02\/soccer-players-action-professional-stadium.jpg\" alt=\"Live Sports Betting\" width=\"800\" height=\"492\" srcset=\"https:\/\/rocketplay-game.com\/wp-content\/uploads\/2024\/02\/soccer-players-action-professional-stadium.jpg 1000w, https:\/\/rocketplay-game.com\/wp-content\/uploads\/2024\/02\/soccer-players-action-professional-stadium-300x185.jpg 300w, https:\/\/rocketplay-game.com\/wp-content\/uploads\/2024\/02\/soccer-players-action-professional-stadium-768x472.jpg 768w\" sizes=\"auto, (max-width: 800px) 100vw, 800px\" \/><\/p>\n<h2>O que s\u00e3o apostas ao vivo?<\/h2>\n<p>Muitos apostadores preferem apostar ao vivo para aumentar ao m\u00e1ximo a probabilidade de ganhar.\u00a0H\u00e1 muitas raz\u00f5es para isso:<\/p>\n<ol>\n<li aria-level=\"1\">Gra\u00e7as aos sites de apostas esportivas ao vivo, \u00e9 poss\u00edvel aumentar rapidamente, sem esfor\u00e7o f\u00edsico, seus rendimentos financeiros.<\/li>\n<li aria-level=\"1\">Durante a partida, tudo pode acontecer.\u00a0E se de repente a partida do seu time favorito n\u00e3o for boa, voc\u00ea pode apostar n\u00e3o como planejado.<\/li>\n<li aria-level=\"1\">\u00c9 poss\u00edvel fazer apostas com odds maiores.<\/li>\n<li aria-level=\"1\">Na linha viva, h\u00e1 mais bifurca\u00e7\u00f5es do que na normal.\u00a0E isso aumenta as chances dos apostadores de uma vit\u00f3ria brilhante e lucrativa.<\/li>\n<li aria-level=\"1\">Gra\u00e7as \u00e0s apostas ao vivo, \u00e9 poss\u00edvel minimizar as perdas apostando no resultado contr\u00e1rio dos eventos.<\/li>\n<\/ol>\n<p>Estas n\u00e3o s\u00e3o todas as raz\u00f5es pelas quais os apostadores escolhem o aplicativo de apostas esportivas ao vivo.\u00a0H\u00e1 muitos mais.\u00a0E todos n\u00e3o se arrepender\u00e3o de fazer essa escolha.<\/p>\n<h2>Tipos de apostas ao vivo<\/h2>\n<p>Existem muitos tipos de apostas esportivas ao vivo que muitas pessoas adoram.\u00a0E cada aposta \u00e9 atraente \u00e0 sua maneira:<\/p>\n<ol>\n<li aria-level=\"1\">resultado principal.\u00a0Esta aposta permite prever a vit\u00f3ria de determinados participantes em uma partida ou empate.<\/li>\n<li aria-level=\"1\">chance dupla.\u00a0Tal aposta pode ser feita se houver confian\u00e7a de que uma das equipes ou um determinado atleta n\u00e3o perder\u00e1 durante a partida.<\/li>\n<li aria-level=\"1\">Prever quantos gols ser\u00e3o durante a partida.\u00a0\u00c9 poss\u00edvel escolher esse tipo de aposta como Total, mais ou menos.<\/li>\n<\/ol>\n<p>Muitos apostadores gostam de apostar em partidas que j\u00e1 come\u00e7aram.\u00a0Torna-se poss\u00edvel fazer uma aposta em um evento que j\u00e1 come\u00e7ou.<\/p>\n<h2>Benef\u00edcios das apostas ao vivo<\/h2>\n<p>Muitos apostadores profissionais fazem apostas ao vivo.\u00a0Assim \u00e9 poss\u00edvel aumentar o capital financeiro, fechando v\u00e1rias apostas em uma esteira e prevendo o resultado dos eventos.\u00a0Este tipo de aposta tem muitas vantagens:<\/p>\n<ol>\n<li>\n<ol>\n<li aria-level=\"1\">Torna-se poss\u00edvel ver o jogo pessoalmente e diretamente durante a partida para fazer apostas.<\/li>\n<li aria-level=\"1\">Existe uma oportunidade real de aumentar significativamente os ganhos nos resultados de um \u00fanico jogo.<\/li>\n<li aria-level=\"1\">As odds altas, que podem aumentar \u00e0 medida que a partida avan\u00e7a, tamb\u00e9m merecem destaque.\u00a0A probabilidade de pegar uma probabilidade excelente caso a probabilidade de passar seja alta o suficiente aumenta.<\/li>\n<\/ol>\n<\/li>\n<\/ol>\n<p>Os benef\u00edcios n\u00e3o param por a\u00ed, claro.\u00a0E todos ficar\u00e3o felizes em apostar em esportes, escolhendo solu\u00e7\u00f5es de apostas esportivas ao vivo.<\/p>\n<p><img loading=\"lazy\" decoding=\"async\" class=\"aligncenter wp-image-4774\" src=\"https:\/\/rocketplay-game.com\/wp-content\/uploads\/2024\/02\/sports-betting-american-football-player-appearing-from-smartphone-field-money-shower.jpg\" alt=\"Live Sports Betting 2\" width=\"800\" height=\"534\" srcset=\"https:\/\/rocketplay-game.com\/wp-content\/uploads\/2024\/02\/sports-betting-american-football-player-appearing-from-smartphone-field-money-shower.jpg 1000w, https:\/\/rocketplay-game.com\/wp-content\/uploads\/2024\/02\/sports-betting-american-football-player-appearing-from-smartphone-field-money-shower-300x200.jpg 300w, https:\/\/rocketplay-game.com\/wp-content\/uploads\/2024\/02\/sports-betting-american-football-player-appearing-from-smartphone-field-money-shower-768x512.jpg 768w\" sizes=\"auto, (max-width: 800px) 100vw, 800px\" \/><\/p>\n<h2>Estrat\u00e9gia de apostas ao vivo<\/h2>\n<p>A estrat\u00e9gia de apostas ao vivo \u00e9 um jogo em tempo real.\u00a0Existe uma oportunidade de aumentar a probabilidade de que a aposta seja jogada significativamente.\u00a0Basta acompanhar o desenvolvimento da partida para que voc\u00ea possa determinar com mais precis\u00e3o quem sair\u00e1 vencedor da competi\u00e7\u00e3o em que voc\u00ea apostou.<\/p>\n<p>A an\u00e1lise do que voc\u00ea v\u00ea e o conhecimento da escala\u00e7\u00e3o do time aumentam significativamente a probabilidade de voc\u00ea ganhar apostando.\u00a0E, neste caso, voc\u00ea poder\u00e1 sacar todo o valor com facilidade, rapidez e seguran\u00e7a, escolhendo um m\u00e9todo de pagamento conveniente.<\/p>\n<h2>Conclus\u00e3o<\/h2>\n<p>A forma de apostas esportivas ao vivo \u00e9 predominante em v\u00e1rios esportes.\u00a0\u00c9 a preferida de muitos dos que gostam de apostar em ciberesportes.\u00a0Futebol e t\u00eanis, assim como o h\u00f3quei, esportes favoritos de muitos apostadores, tamb\u00e9m podem ser assistidos apostando durante a partida.<\/p>\n<p>Gra\u00e7as \u00e0 variedade de tipos de apostas ao vivo, todo apostador tem a oportunidade de fazer a escolha certa.\u00a0Todos v\u00e3o gostar de assistir ao jogo enquanto melhoram significativamente seu bem-estar financeiro &#8211; sem esfor\u00e7o f\u00edsico.<\/p>\n<h2>Perguntas frequentes<\/h2>\n<p>Para todos aqueles que gostam de apostar em esportes em tempo real, ser\u00e1 \u00fatil e emocionante saber as respostas para as perguntas que os apostadores costumam fazer.\u00a0Aqui est\u00e3o alguns deles.<\/p>\n<h3>Qual \u00e9 a atra\u00e7\u00e3o das apostas ao vivo?<\/h3>\n<p>Existem raz\u00f5es mais do que suficientes pelas quais os apostadores costumam escolher apostas ao vivo:<\/p>\n<ol>\n<li aria-level=\"1\">\u00c9 poss\u00edvel apostar durante a partida.<\/li>\n<li aria-level=\"1\">A possibilidade de apostar durante o jogo aumenta a probabilidade de previs\u00f5es mais precisas.<\/li>\n<li aria-level=\"1\">Observando o desenrolar dos acontecimentos, \u00e9 poss\u00edvel prever com mais precis\u00e3o quem ser\u00e1 o vencedor desta partida.<\/li>\n<\/ol>\n<p>Claro, essas n\u00e3o s\u00e3o todas as vantagens das dicas de apostas esportivas ao vivo.<\/p>\n<h3>Como as probabilidades mudam nas apostas ao vivo?<\/h3>\n<p>Ao fazer qualquer aposta em um evento que j\u00e1 come\u00e7ou, as probabilidades mudam proporcionalmente ao decorrer do jogo.\u00a0Isso se aplica a gols marcados, p\u00eanaltis e outros componentes do jogo.\u00a0as apostas ao vivo permitem que voc\u00ea tenha mais confian\u00e7a em ganhar.<\/p>\n<h3>Como ganhar apostando ao vivo?<\/h3>\n<p>Para ganhar, o apostador \u00e9 obrigado a:<\/p>\n<ul>\n<li aria-level=\"1\">concentra\u00e7\u00e3o e aten\u00e7\u00e3o;<\/li>\n<li aria-level=\"1\">a capacidade de controlar as emo\u00e7\u00f5es;<\/li>\n<li aria-level=\"1\">escolher a estrat\u00e9gia certa, a melhor das mais fechadas, onde a perda \u00e9 minimizada;<\/li>\n<li aria-level=\"1\">assista atentamente \u00e0 transmiss\u00e3o online para avaliar a situa\u00e7\u00e3o com a maior precis\u00e3o poss\u00edvel durante a partida para prever o momento em que o jogo ser\u00e1 um ponto de virada.<\/li>\n<\/ul>\n<p>Observando de perto o desenrolar dos eventos, h\u00e1 todas as chances de ganhar.<\/p>\n","protected":false},"excerpt":{"rendered":"<p>As apostas ao vivo no Brasil s\u00e3o escolhidas por quem decide apostar em esportes em tempo real. O apostador n\u00e3o faz apostas antes do in\u00edcio da partida, mas durante o jogo.\u00a0D\u00e1 chances de ganhar e aumenta a probabilidade de prever o vencedor. O que s\u00e3o apostas ao vivo? Muitos apostadores preferem apostar ao vivo para&#8230;<\/p>\n","protected":false},"author":1,"featured_media":0,"parent":0,"menu_order":0,"comment_status":"closed","ping_status":"closed","template":"page-with-bonus.php","meta":{"_acf_changed":false,"_kad_post_transparent":"default","_kad_post_title":"default","_kad_post_layout":"default","_kad_post_sidebar_id":"","_kad_post_content_style":"default","_kad_post_vertical_padding":"default","_kad_post_feature":"","_kad_post_feature_position":"","_kad_post_header":false,"_kad_post_footer":false,"footnotes":""},"class_list":["post-3810","page","type-page","status-publish","hentry"],"acf":[],"rttpg_featured_image_url":null,"rttpg_author":{"display_name":"Tom","author_link":"https:\/\/rocketplay-game.com\/pt-br\/author\/pemvas95n89x\/"},"rttpg_comment":0,"rttpg_category":null,"rttpg_excerpt":"As apostas ao vivo no Brasil s\u00e3o escolhidas por quem decide apostar em esportes em tempo real. O apostador n\u00e3o faz apostas antes do in\u00edcio da partida, mas durante o jogo.\u00a0D\u00e1 chances de ganhar e aumenta a probabilidade de prever o vencedor. O que s\u00e3o apostas ao vivo? Muitos apostadores preferem apostar ao vivo para...","_links":{"self":[{"href":"https:\/\/rocketplay-game.com\/pt-br\/wp-json\/wp\/v2\/pages\/3810","targetHints":{"allow":["GET"]}}],"collection":[{"href":"https:\/\/rocketplay-game.com\/pt-br\/wp-json\/wp\/v2\/pages"}],"about":[{"href":"https:\/\/rocketplay-game.com\/pt-br\/wp-json\/wp\/v2\/types\/page"}],"author":[{"embeddable":true,"href":"https:\/\/rocketplay-game.com\/pt-br\/wp-json\/wp\/v2\/users\/1"}],"replies":[{"embeddable":true,"href":"https:\/\/rocketplay-game.com\/pt-br\/wp-json\/wp\/v2\/comments?post=3810"}],"version-history":[{"count":4,"href":"https:\/\/rocketplay-game.com\/pt-br\/wp-json\/wp\/v2\/pages\/3810\/revisions"}],"predecessor-version":[{"id":5276,"href":"https:\/\/rocketplay-game.com\/pt-br\/wp-json\/wp\/v2\/pages\/3810\/revisions\/5276"}],"wp:attachment":[{"href":"https:\/\/rocketplay-game.com\/pt-br\/wp-json\/wp\/v2\/media?parent=3810"}],"curies":[{"name":"wp","href":"https:\/\/api.w.org\/{rel}","templated":true}]}}