{"id":3814,"date":"2023-01-10T10:58:28","date_gmt":"2023-01-10T07:58:28","guid":{"rendered":"https:\/\/rocketplay-game.com\/live-games\/"},"modified":"2024-02-09T15:54:52","modified_gmt":"2024-02-09T12:54:52","slug":"live-games","status":"publish","type":"page","link":"https:\/\/rocketplay-game.com\/pt-br\/live-games\/","title":{"rendered":"Revis\u00e3o de jogos de cassino ao vivo Rocket Play"},"content":{"rendered":"<p>Os casinos online s\u00e3o agora mais relevantes do que nunca.\u00a0Muitas pessoas adoram passar as noites jogando em cassinos online.\u00a0E os cassinos est\u00e3o constantemente vibrando.\u00a0Desenvolvido junto com o desenvolvimento da tecnologia e da Internet mais acess\u00edvel.<\/p>\n<p>Foi assim que os jogos do Casino Live apareceram nos anos 2000.\u00a0Mas naquela \u00e9poca n\u00e3o era conveniente, a conex\u00e3o deixava muito a desejar e a parte t\u00e9cnica n\u00e3o era bem feita.\u00a0Desde ent\u00e3o, muito tempo se passou e muita coisa melhorou.<\/p>\n<p><img loading=\"lazy\" decoding=\"async\" class=\"aligncenter wp-image-4825\" src=\"https:\/\/rocketplay-game.com\/wp-content\/uploads\/2024\/02\/live-cas.png\" alt=\"Rocket Play Live Casino\" width=\"800\" height=\"661\" srcset=\"https:\/\/rocketplay-game.com\/wp-content\/uploads\/2024\/02\/live-cas.png 886w, https:\/\/rocketplay-game.com\/wp-content\/uploads\/2024\/02\/live-cas-300x248.png 300w, https:\/\/rocketplay-game.com\/wp-content\/uploads\/2024\/02\/live-cas-768x635.png 768w\" sizes=\"auto, (max-width: 800px) 100vw, 800px\" \/><\/p>\n<h2>Tipos de jogos ao vivo<\/h2>\n<p>Na Internet, voc\u00ea pode encontrar muitos jogos diferentes do Casino Live.\u00a0Muitas vezes, esses s\u00e3o os jogos de cartas que todo mundo adora.\u00a0Entre os melhores jogos de cassino ao vivo est\u00e3o p\u00f4quer, blackjack e loterias.<\/p>\n<h2>Como come\u00e7ar a jogar?<\/h2>\n<p>Se voc\u00ea est\u00e1 come\u00e7ando a se familiarizar com o mundo dos jogos de azar, pode ter d\u00favidas sobre como come\u00e7ar a jogar.\u00a0Para come\u00e7ar a jogar jogos de cassino online ao vivo, voc\u00ea precisa acessar o site oficial do cassino online.\u00a0Certifique-se de fazer login.\u00a0Caso contr\u00e1rio, voc\u00ea n\u00e3o poder\u00e1 iniciar o jogo.\u00a0Em seguida, selecione o item para jogar jogos de cassino ao vivo no topo do menu.\u00a0Uma lista de jogos dispon\u00edveis em formato ao vivo aparecer\u00e1 na sua frente.<\/p>\n<p>Os jogos ao vivo diferem dos jogos regulares porque o dealer joga com voc\u00ea.\u00a0Ele mostra suas cartas de p\u00f4quer, aceita apostas e se comunica com os jogadores.\u00a0Isso cria emo\u00e7\u00f5es inesquec\u00edveis e uma atmosfera pr\u00f3xima do que voc\u00ea pode encontrar em cassinos f\u00edsicos.<\/p>\n<h2>b\u00f4nus<\/h2>\n<p>Entre os b\u00f4nus em cassinos com formato ao vivo do jogo, podem ser encontrados tais b\u00f4nus:<\/p>\n<ul>\n<li aria-level=\"1\">b\u00f4nus de boas-vindas \u2013 o b\u00f4nus de boas-vindas que voc\u00ea pode pegar assim que visitar o site do cassino online.\u00a0Isso \u00e9 projetado para atrair novos usu\u00e1rios;<\/li>\n<li aria-level=\"1\">b\u00f4nus de inscri\u00e7\u00e3o \u2013 voc\u00ea receber\u00e1 um b\u00f4nus de inscri\u00e7\u00e3o ao se inscrever e confirmar o registro da sua conta no e-mail que chegar\u00e1 ao e-mail que voc\u00ea forneceu durante o registro;<\/li>\n<li aria-level=\"1\">b\u00f4nus do programa de refer\u00eancia \u2013 todo cassino online tem um sistema de refer\u00eancia.\u00a0Freq\u00fcentemente, este \u00e9 um c\u00f3digo que um usu\u00e1rio j\u00e1 registrado pode fornecer a um usu\u00e1rio ainda n\u00e3o registrado.\u00a0Quando este c\u00f3digo \u00e9 especificado durante o registro \u2013 ambos os usu\u00e1rios recebem um b\u00f4nus;<\/li>\n<li aria-level=\"1\">promo\u00e7\u00f5es gerais \u2013 cada cassino faz regularmente ofertas promocionais que voc\u00ea pode encontrar na p\u00e1gina principal do cassino.\u00a0Leia atentamente os termos e condi\u00e7\u00f5es do b\u00f4nus;<\/li>\n<li aria-level=\"1\">ofertas individuais \u2013 tais ofertas chegam ao posto que o usu\u00e1rio especificou no cadastro, ent\u00e3o n\u00e3o se esque\u00e7a de conferir;<\/li>\n<li aria-level=\"1\">b\u00f4nus de fidelidade \u2013 Este tipo de b\u00f4nus est\u00e1 dispon\u00edvel para muitos jogadores experientes por sua lealdade ao cassino e pelo tempo gasto jogando.<\/li>\n<\/ul>\n<p>Todos esses b\u00f4nus sempre t\u00eam um preenchimento diferente, mas voc\u00ea deve prestar aten\u00e7\u00e3o ao multiplicador de b\u00f4nus de dep\u00f3sito que pode obter.\u00a0Al\u00e9m disso, n\u00e3o negligencie o tempo de jogo gratuito que voc\u00ea pode obter como b\u00f4nus.<\/p>\n<p><img loading=\"lazy\" decoding=\"async\" class=\"aligncenter wp-image-4834\" src=\"https:\/\/rocketplay-game.com\/wp-content\/uploads\/2024\/02\/live-cas-24-e1707316963692.png\" alt=\"Rocket Play Live Casino 2\" width=\"800\" height=\"501\" srcset=\"https:\/\/rocketplay-game.com\/wp-content\/uploads\/2024\/02\/live-cas-24-e1707316963692.png 1112w, https:\/\/rocketplay-game.com\/wp-content\/uploads\/2024\/02\/live-cas-24-e1707316963692-300x188.png 300w, https:\/\/rocketplay-game.com\/wp-content\/uploads\/2024\/02\/live-cas-24-e1707316963692-1024x642.png 1024w, https:\/\/rocketplay-game.com\/wp-content\/uploads\/2024\/02\/live-cas-24-e1707316963692-768x481.png 768w\" sizes=\"auto, (max-width: 800px) 100vw, 800px\" \/><\/p>\n<h2>Programas<\/h2>\n<p>\u00c0 luz da crescente popularidade dos principais jogos de cassino ao vivo, muitos desenvolvedores priorizam o desenvolvimento de software para jogos com um dealer ao vivo.\u00a0Dos principais desenvolvedores desse software, posso destacar o seguinte:<\/p>\n<ul>\n<li aria-level=\"1\">A Blueprint \u00e9 l\u00edder no n\u00famero de jogos live-action desenvolvidos.\u00a0E quantidade n\u00e3o \u00e9 igual a qualidade, mas n\u00e3o \u00e9 sobre esses caras.\u00a0Eles fazem jogos decentes;<\/li>\n<li aria-level=\"1\">SoftBet \u2013 esses desenvolvedores de jogos, embora n\u00e3o possam se gabar de tantos jogos, merecem sua aten\u00e7\u00e3o, pelo menos porque seu software \u00e9 \u00fanico.<\/li>\n<li aria-level=\"1\">A NetEnt \u00e9 um dos desenvolvedores de software mais justos do mundo do jogo, por isso \u00e9 \u00f3timo ver seus jogos com um dealer ao vivo.\u00a0Eles sempre tiveram o RTP mais alto poss\u00edvel e seus usu\u00e1rios nunca reclamaram da qualidade do software.<\/li>\n<\/ul>\n<p>Claro, voc\u00ea tamb\u00e9m pode experimentar novos jogos de cassino ao vivo de outros fornecedores de software.\u00a0E estar\u00e1 correto porque \u00e9 sempre importante encontrar algo que lhe agrade.<\/p>\n<h2>Dep\u00f3sito e Retirada<\/h2>\n<p>Tamb\u00e9m \u00e9 essencial que o cassino online tenha maneiras convenientes de depositar e sacar seus ganhos.\u00a0E este casino online tem.\u00a0O valor m\u00ednimo do dep\u00f3sito no Rocket Play \u00e9 de $ 20.\u00a0O valor da retirada \u00e9 maior &#8211; $ 50.\u00a0O valor da retirada \u00e9 maior que o valor m\u00ednimo do dep\u00f3sito em todos os cassinos.\u00a0Isso \u00e9 feito para evitar que os usu\u00e1rios trapaceiem e lucrem apenas com os b\u00f4nus.\u00a0Voc\u00ea pode reabastecer seu saldo das seguintes maneiras:<\/p>\n<ul>\n<li aria-level=\"1\">atrav\u00e9s do seu cart\u00e3o banc\u00e1rio, Visa, MasterCard ou American Express;<\/li>\n<li aria-level=\"1\">via PayPal, Payoneer ou servi\u00e7o de pagamento online Payeer<\/li>\n<li aria-level=\"1\">da sua carteira de criptomoedas.<\/li>\n<\/ul>\n<p>Voc\u00ea tamb\u00e9m pode usar esses m\u00e9todos para retirar fundos de volta.<\/p>\n<h2>Perguntas frequentes<\/h2>\n<p>Nosso principal objetivo sempre foi ajudar nossos usu\u00e1rios.\u00a0\u00c9 por isso que coletamos e respondemos \u00e0s perguntas mais populares dos usu\u00e1rios iniciantes.<\/p>\n<h3>Posso jogar a dinheiro real a partir do meu dispositivo m\u00f3vel?<\/h3>\n<p>Sim, voc\u00ea pode jogar no seu dispositivo m\u00f3vel com dinheiro real.\u00a0Para fazer isso, voc\u00ea deve acessar o site oficial do cassino e baixar o aplicativo do cassino online.\u00a0Ou, se voc\u00ea possui um iPhone, precisa fazer login no site e pode recarregar seu saldo e apostar com dinheiro real.<\/p>\n<h3>Com que idade posso fazer um dep\u00f3sito?<\/h3>\n<p>Voc\u00ea pode se registrar em um cassino online apenas se tiver pelo menos 18 anos de idade.\u00a0seguir, voc\u00ea pode depositar somente ap\u00f3s o registro, o que significa 18 anos.<\/p>\n<h3>Posso tentar jogar em um cassino sem dinheiro?<\/h3>\n<p>Sim, voc\u00ea sempre pode jogar no modo de demonstra\u00e7\u00e3o.\u00a0L\u00e1, voc\u00ea ter\u00e1 acesso \u00e0 sua conta de dep\u00f3sito.\u00a0Mas lembre-se de que o dinheiro que voc\u00ea ganha no modo de demonstra\u00e7\u00e3o permanece.<\/p>\n","protected":false},"excerpt":{"rendered":"<p>Os casinos online s\u00e3o agora mais relevantes do que nunca.\u00a0Muitas pessoas adoram passar as noites jogando em cassinos online.\u00a0E os cassinos est\u00e3o constantemente vibrando.\u00a0Desenvolvido junto com o desenvolvimento da tecnologia e da Internet mais acess\u00edvel. Foi assim que os jogos do Casino Live apareceram nos anos 2000.\u00a0Mas naquela \u00e9poca n\u00e3o era conveniente, a conex\u00e3o deixava&#8230;<\/p>\n","protected":false},"author":1,"featured_media":0,"parent":0,"menu_order":0,"comment_status":"closed","ping_status":"closed","template":"page-with-bonus.php","meta":{"_acf_changed":false,"_kad_post_transparent":"default","_kad_post_title":"default","_kad_post_layout":"default","_kad_post_sidebar_id":"","_kad_post_content_style":"default","_kad_post_vertical_padding":"default","_kad_post_feature":"","_kad_post_feature_position":"","_kad_post_header":false,"_kad_post_footer":false,"footnotes":""},"class_list":["post-3814","page","type-page","status-publish","hentry"],"acf":[],"rttpg_featured_image_url":null,"rttpg_author":{"display_name":"Tom","author_link":"https:\/\/rocketplay-game.com\/pt-br\/author\/pemvas95n89x\/"},"rttpg_comment":0,"rttpg_category":null,"rttpg_excerpt":"Os casinos online s\u00e3o agora mais relevantes do que nunca.\u00a0Muitas pessoas adoram passar as noites jogando em cassinos online.\u00a0E os cassinos est\u00e3o constantemente vibrando.\u00a0Desenvolvido junto com o desenvolvimento da tecnologia e da Internet mais acess\u00edvel. Foi assim que os jogos do Casino Live apareceram nos anos 2000.\u00a0Mas naquela \u00e9poca n\u00e3o era conveniente, a conex\u00e3o deixava...","_links":{"self":[{"href":"https:\/\/rocketplay-game.com\/pt-br\/wp-json\/wp\/v2\/pages\/3814","targetHints":{"allow":["GET"]}}],"collection":[{"href":"https:\/\/rocketplay-game.com\/pt-br\/wp-json\/wp\/v2\/pages"}],"about":[{"href":"https:\/\/rocketplay-game.com\/pt-br\/wp-json\/wp\/v2\/types\/page"}],"author":[{"embeddable":true,"href":"https:\/\/rocketplay-game.com\/pt-br\/wp-json\/wp\/v2\/users\/1"}],"replies":[{"embeddable":true,"href":"https:\/\/rocketplay-game.com\/pt-br\/wp-json\/wp\/v2\/comments?post=3814"}],"version-history":[{"count":3,"href":"https:\/\/rocketplay-game.com\/pt-br\/wp-json\/wp\/v2\/pages\/3814\/revisions"}],"predecessor-version":[{"id":5250,"href":"https:\/\/rocketplay-game.com\/pt-br\/wp-json\/wp\/v2\/pages\/3814\/revisions\/5250"}],"wp:attachment":[{"href":"https:\/\/rocketplay-game.com\/pt-br\/wp-json\/wp\/v2\/media?parent=3814"}],"curies":[{"name":"wp","href":"https:\/\/api.w.org\/{rel}","templated":true}]}}