{"id":3818,"date":"2023-01-10T11:36:33","date_gmt":"2023-01-10T08:36:33","guid":{"rendered":"https:\/\/rocketplay-game.com\/live-games\/blackjck\/"},"modified":"2024-02-09T15:50:09","modified_gmt":"2024-02-09T12:50:09","slug":"blackjck","status":"publish","type":"page","link":"https:\/\/rocketplay-game.com\/pt-br\/live-games\/blackjck\/","title":{"rendered":"Guia de Blackjack ao Vivo"},"content":{"rendered":"<p>O blackjack \u00e9 um dos jogos de cartas mais antigos dos cassinos.\u00a0Segundo alguns estudos, o blackjack come\u00e7ou no s\u00e9culo XVII, mas depois foi chamado de \u201c21\u201d, mas a ess\u00eancia do jogo permaneceu a mesma.<\/p>\n<p>Com o tempo, tudo muda, mudan\u00e7as na disponibilidade de jogos de azar, mudan\u00e7as nos jogos de azar e mudan\u00e7as nos locais onde as pessoas jogam.\u00a0Os cassinos come\u00e7aram a aparecer e, com o advento da Internet dispon\u00edvel, as pessoas tamb\u00e9m come\u00e7aram a jogar em cassinos online.\u00a0Portanto, oferecemos a voc\u00ea nossa an\u00e1lise sobre a sempre popular forma moderna do jogo Live Blackjack.<\/p>\n<p><img loading=\"lazy\" decoding=\"async\" class=\"aligncenter wp-image-4846\" src=\"https:\/\/rocketplay-game.com\/wp-content\/uploads\/2024\/02\/blckjk.png\" alt=\"Live Blackjack \" width=\"800\" height=\"392\" srcset=\"https:\/\/rocketplay-game.com\/wp-content\/uploads\/2024\/02\/blckjk.png 1340w, https:\/\/rocketplay-game.com\/wp-content\/uploads\/2024\/02\/blckjk-300x147.png 300w, https:\/\/rocketplay-game.com\/wp-content\/uploads\/2024\/02\/blckjk-1024x502.png 1024w, https:\/\/rocketplay-game.com\/wp-content\/uploads\/2024\/02\/blckjk-768x377.png 768w\" sizes=\"auto, (max-width: 800px) 100vw, 800px\" \/><\/p>\n<h2>Vantagens do Blackjack ao Vivo no Rocket Play<\/h2>\n<p>O Blackjack ao vivo online tem muitas vantagens sobre outros jogos de cassino.\u00a0Portanto, sugerimos que voc\u00ea considere quais vantagens podem lhe interessar:<\/p>\n<ul>\n<li aria-level=\"1\">a simplicidade das regras \u2013 ao longo dos muitos anos de exist\u00eancia, Live Blackjack Todos j\u00e1 jogaram blackjack antes da primeira vez que visitaram um cassino.\u00a0Pode ser em casa com a fam\u00edlia, ou pode ser numa festa com os amigos, mas todos conhecem as regras do jogo;<\/li>\n<li aria-level=\"1\">velocidade da festa &#8211; ao comparar o cassino Live Blackjack com outros jogos, voc\u00ea pode notar imediatamente que a dura\u00e7\u00e3o m\u00e9dia da festa em jogos de cassino online no Live Blackjack Brazil \u00e9 cerca de 2,5 vezes menor.Mas isso n\u00e3o \u00e9 surpreendente porque simplesmente n\u00e3o h\u00e1 nada para jogar por um longo tempo;<\/li>\n<li aria-level=\"1\">dealer ao vivo \u2013 claro, isso n\u00e3o \u00e9 mais uma coisa \u00fanica, e os primeiros dealers ao vivo em jogos de cassino apareceram nos anos 2000.\u00a0Os dealers ao vivo se tornaram populares quando as pessoas come\u00e7aram a ter acesso \u00e0 internet de qualidade.\u00a0Um crupi\u00ea ao vivo \u00e9 uma intera\u00e7\u00e3o \u00fanica, garantia de justi\u00e7a e apenas uma boa atmosfera que o leva aos sal\u00f5es dos cassinos f\u00edsicos com seu espa\u00e7o, carisma e emo\u00e7\u00e3o pairando nesta sala.<\/li>\n<\/ul>\n<p>Conhecendo todas as vantagens do jogo, voc\u00ea pode come\u00e7ar a jogar com seguran\u00e7a.\u00a0E obter grandes ganhos.<\/p>\n<h2>Tipos de jogos populares de blackjack ao vivo<\/h2>\n<p>Durante sua exist\u00eancia, houve muitas varia\u00e7\u00f5es diferentes deste jogo.\u00a0E cada um deles tem um grande n\u00famero de f\u00e3s.\u00a0Por isso, convidamos voc\u00ea a considerar cinco dos mais populares deles em um formato r\u00e1pido, sem entrar nos meandros das regras de cada um deles:<\/p>\n<ul>\n<li aria-level=\"1\">Blackjack americano \u2013 Este blackjack \u00e9 conhecido principalmente como blackjack cl\u00e1ssico.\u00a0E \u00e9 um dos tipos mais comuns de blackjack.<\/li>\n<li aria-level=\"1\">Blackjack Perfect Pairs \u2013 Uma das principais diferen\u00e7as entre este tipo de blackjack e o blackjack cl\u00e1ssico \u00e9 que aqui o papel principal \u00e9 desempenhado pelas apostas paralelas e pela primeira retirada de cartas;<\/li>\n<li aria-level=\"1\">European Blackjack \u2013 Este tipo de Blackjack tem poucas diferen\u00e7as significativas em rela\u00e7\u00e3o ao Blackjack cl\u00e1ssico, o que n\u00e3o \u00e9 surpreendente uma vez que o blackjack nasceu no continente europeu;<\/li>\n<li aria-level=\"1\">Blackjack Switch \u2013 A principal diferen\u00e7a nesta variante de blackjack est\u00e1 perfeitamente refletida no nome do jogo.\u00a0A peculiaridade deste blackjack \u00e9 que voc\u00ea tem duas m\u00e3os ao mesmo tempo e pode trocar as segundas cartas distribu\u00eddas em cada m\u00e3o entre os dois jogadores.<\/li>\n<li aria-level=\"1\">Vegas Strip Blackjack \u00e9 uma forma cl\u00e1ssica de strip blackjack, este tipo de blackjack tem muitos f\u00e3s em todo o mundo, e come\u00e7ou no sul de Las Vegas.<\/li>\n<\/ul>\n<p>Voc\u00ea pode ler mais sobre as regras e caracter\u00edsticas de cada um desses blackjacks no site oficial do cassino online.<\/p>\n<h2>Programas<\/h2>\n<p>H\u00e1 muita concorr\u00eancia no mercado de fornecedores de software.\u00a0Portanto, cada desenvolvedor tenta fazer muitos jogos diferentes para cada usu\u00e1rio.\u00a0Portanto, n\u00e3o \u00e9 surpreendente que quase todos eles ofere\u00e7am diferentes variantes de blackjack.\u00a0Sugerimos que voc\u00ea preste aten\u00e7\u00e3o a esses desenvolvedores com o melhor Live Blackjack online online que voc\u00ea pode encontrar em cassinos online:<\/p>\n<ul>\n<li aria-level=\"1\">PGSoft;<\/li>\n<li aria-level=\"1\">Microgaming;<\/li>\n<li aria-level=\"1\">Play&#8217;n&#8217;Go;<\/li>\n<\/ul>\n<p>Podemos recomendar cada um desses desenvolvedores de software a voc\u00ea porque eles provaram suas habilidades ao longo de anos de trabalho neste mercado e dezenas de varia\u00e7\u00f5es jogam Blackjack ao vivo.<\/p>\n<h2>suporte ao cliente<\/h2>\n<p>Al\u00e9m disso, um dos problemas n\u00e3o insignificantes \u00e9 o suporte ao usu\u00e1rio, porque todo usu\u00e1rio pode ter uma dificuldade ou uma d\u00favida.\u00a0Portanto, em quase todas as varia\u00e7\u00f5es de blackjack, voc\u00ea pode recorrer a especialistas que lhe dar\u00e3o uma ajuda abrangente e de qualidade que resolver\u00e1 qualquer uma de suas d\u00favidas.<\/p>\n<p><img loading=\"lazy\" decoding=\"async\" class=\"aligncenter wp-image-4856 size-full\" src=\"https:\/\/rocketplay-game.com\/wp-content\/uploads\/2024\/02\/bot.png\" alt=\"Live Blackjack 2\" width=\"443\" height=\"626\" srcset=\"https:\/\/rocketplay-game.com\/wp-content\/uploads\/2024\/02\/bot.png 443w, https:\/\/rocketplay-game.com\/wp-content\/uploads\/2024\/02\/bot-212x300.png 212w\" sizes=\"auto, (max-width: 443px) 100vw, 443px\" \/><\/p>\n<h2>Conclus\u00e3o<\/h2>\n<p>O Blackjack tem uma enorme hist\u00f3ria de desenvolvimento, que as pr\u00f3prias pessoas criaram.\u00a0O Blackjack era amado por pessoas diferentes em momentos diferentes.\u00a0Se voc\u00ea ainda n\u00e3o experimentou jogar blackjack, visite os sites de Live Blackjack, e temos certeza de que este jogo pode cativ\u00e1-lo por muitas noites.<\/p>\n<h2>Perguntas frequentes<\/h2>\n<p>Muitas vezes recebemos muitas perguntas.\u00a0Jogadores experientes e iniciantes escrevem para n\u00f3s.\u00a0Reunimos v\u00e1rios populares e os respondemos de forma abrangente.<\/p>\n<h3>Posso jogar blackjack de gra\u00e7a?<\/h3>\n<p>Sim, voc\u00ea pode come\u00e7ar a jogar blackjack sem fazer nenhum investimento.\u00a0Para fazer isso, voc\u00ea precisa usar nosso modo de demonstra\u00e7\u00e3o, que todo jogo tem.<\/p>\n<h3>Posso jogar blackjack no meu celular?<\/h3>\n<p>Nossos desenvolvedores est\u00e3o fazendo todo o poss\u00edvel para que nossos usu\u00e1rios possam jogar como quiserem e onde for conveniente.\u00a0\u00c9 por isso que temos uma vers\u00e3o m\u00f3vel perfeitamente otimizada do nosso site.\u00a0Certifique-se de experiment\u00e1-lo.<\/p>\n<h3>Posso recarregar meu saldo da minha carteira de criptomoedas?<\/h3>\n<p>Sim, nosso cassino oferece a possibilidade de depositar seu saldo em criptomoeda.\u00a0Al\u00e9m disso, voc\u00ea pode sacar seus ganhos para sua carteira de criptomoeda ou cart\u00e3o banc\u00e1rio.<\/p>\n","protected":false},"excerpt":{"rendered":"<p>O blackjack \u00e9 um dos jogos de cartas mais antigos dos cassinos.\u00a0Segundo alguns estudos, o blackjack come\u00e7ou no s\u00e9culo XVII, mas depois foi chamado de \u201c21\u201d, mas a ess\u00eancia do jogo permaneceu a mesma. Com o tempo, tudo muda, mudan\u00e7as na disponibilidade de jogos de azar, mudan\u00e7as nos jogos de azar e mudan\u00e7as nos locais&#8230;<\/p>\n","protected":false},"author":1,"featured_media":0,"parent":3814,"menu_order":0,"comment_status":"closed","ping_status":"closed","template":"page-with-bonus.php","meta":{"_acf_changed":false,"_kad_post_transparent":"default","_kad_post_title":"default","_kad_post_layout":"default","_kad_post_sidebar_id":"","_kad_post_content_style":"default","_kad_post_vertical_padding":"default","_kad_post_feature":"","_kad_post_feature_position":"","_kad_post_header":false,"_kad_post_footer":false,"footnotes":""},"class_list":["post-3818","page","type-page","status-publish","hentry"],"acf":[],"rttpg_featured_image_url":null,"rttpg_author":{"display_name":"Tom","author_link":"https:\/\/rocketplay-game.com\/pt-br\/author\/pemvas95n89x\/"},"rttpg_comment":0,"rttpg_category":null,"rttpg_excerpt":"O blackjack \u00e9 um dos jogos de cartas mais antigos dos cassinos.\u00a0Segundo alguns estudos, o blackjack come\u00e7ou no s\u00e9culo XVII, mas depois foi chamado de \u201c21\u201d, mas a ess\u00eancia do jogo permaneceu a mesma. Com o tempo, tudo muda, mudan\u00e7as na disponibilidade de jogos de azar, mudan\u00e7as nos jogos de azar e mudan\u00e7as nos locais...","_links":{"self":[{"href":"https:\/\/rocketplay-game.com\/pt-br\/wp-json\/wp\/v2\/pages\/3818","targetHints":{"allow":["GET"]}}],"collection":[{"href":"https:\/\/rocketplay-game.com\/pt-br\/wp-json\/wp\/v2\/pages"}],"about":[{"href":"https:\/\/rocketplay-game.com\/pt-br\/wp-json\/wp\/v2\/types\/page"}],"author":[{"embeddable":true,"href":"https:\/\/rocketplay-game.com\/pt-br\/wp-json\/wp\/v2\/users\/1"}],"replies":[{"embeddable":true,"href":"https:\/\/rocketplay-game.com\/pt-br\/wp-json\/wp\/v2\/comments?post=3818"}],"version-history":[{"count":4,"href":"https:\/\/rocketplay-game.com\/pt-br\/wp-json\/wp\/v2\/pages\/3818\/revisions"}],"predecessor-version":[{"id":5242,"href":"https:\/\/rocketplay-game.com\/pt-br\/wp-json\/wp\/v2\/pages\/3818\/revisions\/5242"}],"up":[{"embeddable":true,"href":"https:\/\/rocketplay-game.com\/pt-br\/wp-json\/wp\/v2\/pages\/3814"}],"wp:attachment":[{"href":"https:\/\/rocketplay-game.com\/pt-br\/wp-json\/wp\/v2\/media?parent=3818"}],"curies":[{"name":"wp","href":"https:\/\/api.w.org\/{rel}","templated":true}]}}