{"id":3822,"date":"2023-01-10T15:42:17","date_gmt":"2023-01-10T12:42:17","guid":{"rendered":"https:\/\/rocketplay-game.com\/live-games\/blackjck\/free\/"},"modified":"2024-02-09T15:44:32","modified_gmt":"2024-02-09T12:44:32","slug":"free","status":"publish","type":"page","link":"https:\/\/rocketplay-game.com\/pt-br\/live-games\/blackjck\/free\/","title":{"rendered":"Jogue Blackjack Gr\u00e1tis ao Vivo com o Rocket Play Casino"},"content":{"rendered":"<p>Muitas pessoas gostam de passar as noites em cassinos online.\u00a0Afinal, \u00e9 sempre interessante.\u00a0Isso \u00e9 um monte de emo\u00e7\u00f5es diferentes.\u00a0Mas muitas pessoas t\u00eam medo de gastar seu dinheiro.<\/p>\n<p>Alguns pensam que podem ser enganados.\u00a0Algu\u00e9m n\u00e3o \u00e9 um jogador experiente.\u00a0Voc\u00ea n\u00e3o precisa jogar com dinheiro real imediatamente porque existe Blackjack ao vivo gr\u00e1tis.\u00a0Voc\u00ea n\u00e3o precisa gastar um \u00fanico centavo para aproveitar o blackjack.\u00a0Vamos dar uma olhada em como fazer isso.<\/p>\n<p><img loading=\"lazy\" decoding=\"async\" class=\"aligncenter wp-image-4866\" src=\"https:\/\/rocketplay-game.com\/wp-content\/uploads\/2024\/02\/blckfejwfw-12132123.png\" alt=\"Rocket Play Blackjack\" width=\"800\" height=\"423\" srcset=\"https:\/\/rocketplay-game.com\/wp-content\/uploads\/2024\/02\/blckfejwfw-12132123.png 1348w, https:\/\/rocketplay-game.com\/wp-content\/uploads\/2024\/02\/blckfejwfw-12132123-300x159.png 300w, https:\/\/rocketplay-game.com\/wp-content\/uploads\/2024\/02\/blckfejwfw-12132123-1024x542.png 1024w, https:\/\/rocketplay-game.com\/wp-content\/uploads\/2024\/02\/blckfejwfw-12132123-768x406.png 768w\" sizes=\"auto, (max-width: 800px) 100vw, 800px\" \/><\/p>\n<h2>Introdu\u00e7\u00e3o ao Blackjack ao vivo gr\u00e1tis<\/h2>\n<p>Blackjack \u00e9 um dos mais antigos jogos de cartas de azar.\u00a0A hist\u00f3ria do blackjack remonta ao s\u00e9culo XVII.\u00a0Mas durante todo esse tempo, o blackjack s\u00f3 cresceu em popularidade e nunca foi sobrecarregado com regras.\u00a0No Free Live Blackjack online, existem dezenas de variedades que voc\u00ea pode encontrar em cassinos online.\u00a0E voc\u00ea sempre pode aproveitar o Free Live Blackjack porque n\u00e3o requer investimento, \u00e9 interessante e r\u00e1pido o suficiente.<\/p>\n<h2>Como jogar Blackjack gr\u00e1tis ao vivo<\/h2>\n<p>Voc\u00ea sempre pode encontrar jogos de Blackjack ao vivo gr\u00e1tis no cassino online em uma se\u00e7\u00e3o especial.\u00a0Para come\u00e7ar a jogar de gra\u00e7a, voc\u00ea deve escolher o jogo no modo de demonstra\u00e7\u00e3o.\u00a0Voc\u00ea ter\u00e1 uma conta espec\u00edfica reabastecida automaticamente se perder tudo, mas n\u00e3o poder\u00e1 ficar com seus ganhos.\u00a0E as regras para jogar blackjack cl\u00e1ssico s\u00e3o elementares:<\/p>\n<ol>\n<li aria-level=\"1\">Voc\u00ea pode ver o dealer jogando cartas em formato ao vivo na tela \u00e0 sua frente.\u00a0Voc\u00ea tamb\u00e9m pode ver sua aposta e as cartas que tem na m\u00e3o.<\/li>\n<li aria-level=\"1\">Depois de fazer uma aposta, o dealer dir\u00e1 a conhecida frase \u201cAs apostas est\u00e3o feitas, n\u00e3o h\u00e1 mais apostas\u201d e distribuir\u00e1 as cartas a todos os participantes da festa.<\/li>\n<li aria-level=\"1\">Na primeira distribui\u00e7\u00e3o, voc\u00ea recebe duas cartas.\u00a0Para ganhar, voc\u00ea precisa que o valor total das cartas seja 21 ou o mais pr\u00f3ximo poss\u00edvel desse n\u00famero sem ultrapass\u00e1-lo.\u00a0Voc\u00ea sempre pode encontrar o peso de cada cart\u00e3o na tela.<\/li>\n<li aria-level=\"1\">Afinal, os participantes receberam seus cart\u00f5es, cada participante pensa se deve pegar outro cart\u00e3o ou parar agora.\u00a0Se o participante pegar a pr\u00f3xima carta e o peso da sua carta for menor ou igual a 21 \u2013 o participante permanece no jogo.\u00a0Se mais, o participante est\u00e1 fora.\u00a0Cada participante pode pegar quantos cart\u00f5es adicionais precisar.<\/li>\n<li aria-level=\"1\">Ap\u00f3s cada participante ter pegado quantas cartas forem necess\u00e1rias, todos os jogadores mostram suas m\u00e3os.\u00a0O vencedor \u00e9 o vencedor com um peso de cartas igual ou pr\u00f3ximo a 21. O perdedor n\u00e3o ganha nada.<\/li>\n<\/ol>\n<p>Conhecendo essas regras simples, voc\u00ea sempre pode jogar um ou mais jogos de blackjack em um cassino online.\u00a0Mas para vencer regularmente, voc\u00ea deve estudar o jogo detalhadamente, aprender dicas de profissionais e desenvolver sua estrat\u00e9gia para vencer.\u00a0Tudo isso \u00e9 incrivelmente importante, especialmente se voc\u00ea planeja jogar com dinheiro real depois.<\/p>\n<p><img loading=\"lazy\" decoding=\"async\" class=\"aligncenter wp-image-4875\" src=\"https:\/\/rocketplay-game.com\/wp-content\/uploads\/2024\/02\/blckfejwfw-12132123323.png\" alt=\"Rocket Play Blackjack 2\" width=\"800\" height=\"428\" srcset=\"https:\/\/rocketplay-game.com\/wp-content\/uploads\/2024\/02\/blckfejwfw-12132123323.png 1352w, https:\/\/rocketplay-game.com\/wp-content\/uploads\/2024\/02\/blckfejwfw-12132123323-300x160.png 300w, https:\/\/rocketplay-game.com\/wp-content\/uploads\/2024\/02\/blckfejwfw-12132123323-1024x548.png 1024w, https:\/\/rocketplay-game.com\/wp-content\/uploads\/2024\/02\/blckfejwfw-12132123323-768x411.png 768w\" sizes=\"auto, (max-width: 800px) 100vw, 800px\" \/><\/p>\n<h2>Por que jogar Blackjack ao vivo gr\u00e1tis<\/h2>\n<p>Existem muitas raz\u00f5es pelas quais voc\u00ea deve jogar Blackjack ao Vivo online gr\u00e1tis, que certamente iremos considerar com voc\u00ea:<\/p>\n<ul>\n<li aria-level=\"1\">o blackjack \u00e9 fascinante \u2013 \u00e9 dif\u00edcil argumentar contra esse fato porque o blackjack \u00e9 reconhecido por muitos como um dos jogos de cartas mais empolgantes.\u00a0Claro, f\u00e3s fervorosos de p\u00f4quer podem argumentar contra isso, mas nada os impede de jogar p\u00f4quer e blackjack.<\/li>\n<li aria-level=\"1\">\u00c9 seguro \u2013 para quem tem medo de perder todas as suas economias jogando cartas.\u00a0Ou que voc\u00ea n\u00e3o pode parar no tempo.\u00a0Eles n\u00e3o precisam gastar um centavo jogando o modo de demonstra\u00e7\u00e3o de blackjack online.\u00a0Jogando no modo de demonstra\u00e7\u00e3o, voc\u00ea n\u00e3o gasta suas economias.\u00a0Voc\u00ea joga por dinheiro virtual, que est\u00e1 em uma conta virtual.\u00a0Esta conta \u00e9 reabastecida se voc\u00ea perder todo o dinheiro dela.\u00a0Mas voc\u00ea n\u00e3o pode retirar seus ganhos desta conta.\u00a0Lembre-se disso.<\/li>\n<li aria-level=\"1\">intera\u00e7\u00e3o \u2013 quando voc\u00ea joga blackjack ao vivo, sempre v\u00ea um crupi\u00ea ao vivo \u00e0 sua frente, conversando com os jogadores na mesa em tempo real, distribuindo cartas e chamando o vencedor.\u00a0\u00c9 simplesmente inacredit\u00e1vel de assistir.<\/li>\n<li aria-level=\"1\">essas s\u00e3o emo\u00e7\u00f5es ao vivo \u2013 quando voc\u00ea joga qualquer jogo de azar e blackjack em particular, voc\u00ea obt\u00e9m uma grande dose de emo\u00e7\u00e3o, que \u00e9 uma das emo\u00e7\u00f5es mais fortes que as pessoas sentem.\u00a0Mas \u00e9 seguro perceber essas emo\u00e7\u00f5es quando voc\u00ea joga blackjack gr\u00e1tis.\u00a0Voc\u00ea n\u00e3o desperdi\u00e7a seu investimento e n\u00e3o corre o risco de perd\u00ea-lo.<\/li>\n<\/ul>\n<p>Quando voc\u00ea tentar jogar blackjack, sem d\u00favida encontrar\u00e1 suas pr\u00f3prias emo\u00e7\u00f5es \u00fanicas que este jogo evoca, e isso \u00e9 \u00f3timo.\u00a0Portanto, certifique-se de entrar e tentar jogar de gra\u00e7a.<\/p>\n<h2>Conclus\u00e3o<\/h2>\n<p>O Blackjack tem milh\u00f5es de f\u00e3s em todo o mundo.\u00a0Os casinos online podem jogar blackjack com um dealer ao vivo.\u00a0N\u00e3o se esque\u00e7a do b\u00f4nus Gr\u00e1tis de Blackjack ao Vivo.\u00a0Isso permitir\u00e1 ganhar dinheiro real sem investimento.<\/p>\n<h2>Perguntas frequentes<\/h2>\n<p>Muitos usu\u00e1rios costumam nos escrever com perguntas.\u00a0E sempre encontramos tempo para respond\u00ea-las.\u00a0\u00c9 por isso que compilamos algumas das perguntas mais populares, para que voc\u00ea sempre encontre as respostas que lhe interessam mais rapidamente.<\/p>\n<h3>O que \u00e9 um b\u00f4nus de boas-vindas?<\/h3>\n<p>Este \u00e9 um b\u00f4nus que recebe todo usu\u00e1rio que entra no site oficial do cassino online pela primeira vez.\u00a0Para retirar este b\u00f4nus, o usu\u00e1rio deve preencher um cadastro simples e retirar o b\u00f4nus em seu gabinete.<\/p>\n<h3>Posso jogar de gra\u00e7a no meu telefone?<\/h3>\n<p>Sim, voc\u00ea pode jogar blackjack gr\u00e1tis, n\u00e3o apenas no seu celular.\u00a0Voc\u00ea deve baixar nosso aplicativo de cassino em seu dispositivo Android no site oficial.<\/p>\n<h3>A partir de que idade posso jogar blackjack gr\u00e1tis?<\/h3>\n<p>De acordo com a lei, voc\u00ea pode se registrar no cassino apenas a partir dos 18 anos. Infelizmente, voc\u00ea n\u00e3o pode jogar nem de gra\u00e7a sem atingir essa idade.<\/p>\n","protected":false},"excerpt":{"rendered":"<p>Muitas pessoas gostam de passar as noites em cassinos online.\u00a0Afinal, \u00e9 sempre interessante.\u00a0Isso \u00e9 um monte de emo\u00e7\u00f5es diferentes.\u00a0Mas muitas pessoas t\u00eam medo de gastar seu dinheiro. Alguns pensam que podem ser enganados.\u00a0Algu\u00e9m n\u00e3o \u00e9 um jogador experiente.\u00a0Voc\u00ea n\u00e3o precisa jogar com dinheiro real imediatamente porque existe Blackjack ao vivo gr\u00e1tis.\u00a0Voc\u00ea n\u00e3o precisa gastar um&#8230;<\/p>\n","protected":false},"author":1,"featured_media":0,"parent":3818,"menu_order":0,"comment_status":"closed","ping_status":"closed","template":"page-with-bonus.php","meta":{"_acf_changed":false,"_kad_post_transparent":"default","_kad_post_title":"default","_kad_post_layout":"default","_kad_post_sidebar_id":"","_kad_post_content_style":"default","_kad_post_vertical_padding":"default","_kad_post_feature":"","_kad_post_feature_position":"","_kad_post_header":false,"_kad_post_footer":false,"footnotes":""},"class_list":["post-3822","page","type-page","status-publish","hentry"],"acf":[],"rttpg_featured_image_url":null,"rttpg_author":{"display_name":"Tom","author_link":"https:\/\/rocketplay-game.com\/pt-br\/author\/pemvas95n89x\/"},"rttpg_comment":0,"rttpg_category":null,"rttpg_excerpt":"Muitas pessoas gostam de passar as noites em cassinos online.\u00a0Afinal, \u00e9 sempre interessante.\u00a0Isso \u00e9 um monte de emo\u00e7\u00f5es diferentes.\u00a0Mas muitas pessoas t\u00eam medo de gastar seu dinheiro. Alguns pensam que podem ser enganados.\u00a0Algu\u00e9m n\u00e3o \u00e9 um jogador experiente.\u00a0Voc\u00ea n\u00e3o precisa jogar com dinheiro real imediatamente porque existe Blackjack ao vivo gr\u00e1tis.\u00a0Voc\u00ea n\u00e3o precisa gastar um...","_links":{"self":[{"href":"https:\/\/rocketplay-game.com\/pt-br\/wp-json\/wp\/v2\/pages\/3822","targetHints":{"allow":["GET"]}}],"collection":[{"href":"https:\/\/rocketplay-game.com\/pt-br\/wp-json\/wp\/v2\/pages"}],"about":[{"href":"https:\/\/rocketplay-game.com\/pt-br\/wp-json\/wp\/v2\/types\/page"}],"author":[{"embeddable":true,"href":"https:\/\/rocketplay-game.com\/pt-br\/wp-json\/wp\/v2\/users\/1"}],"replies":[{"embeddable":true,"href":"https:\/\/rocketplay-game.com\/pt-br\/wp-json\/wp\/v2\/comments?post=3822"}],"version-history":[{"count":4,"href":"https:\/\/rocketplay-game.com\/pt-br\/wp-json\/wp\/v2\/pages\/3822\/revisions"}],"predecessor-version":[{"id":5233,"href":"https:\/\/rocketplay-game.com\/pt-br\/wp-json\/wp\/v2\/pages\/3822\/revisions\/5233"}],"up":[{"embeddable":true,"href":"https:\/\/rocketplay-game.com\/pt-br\/wp-json\/wp\/v2\/pages\/3818"}],"wp:attachment":[{"href":"https:\/\/rocketplay-game.com\/pt-br\/wp-json\/wp\/v2\/media?parent=3822"}],"curies":[{"name":"wp","href":"https:\/\/api.w.org\/{rel}","templated":true}]}}