{"id":3826,"date":"2023-01-09T19:25:29","date_gmt":"2023-01-09T16:25:29","guid":{"rendered":"https:\/\/rocketplay-game.com\/live-casino\/"},"modified":"2026-03-01T18:21:42","modified_gmt":"2026-03-01T15:21:42","slug":"live-casino","status":"publish","type":"page","link":"https:\/\/rocketplay-game.com\/pt-br\/live-casino\/","title":{"rendered":"Revis\u00e3o do cassino ao vivo Rocket Play"},"content":{"rendered":"<p>Acredita-se que os primeiros cassinos surgiram na Europa no s\u00e9culo XVII.\u00a0Eles pareciam controlar o jogo.\u00a0Naquela \u00e9poca, o jogo j\u00e1 era comum entre as pessoas.\u00a0Claro que nem todos conseguiam chegar l\u00e1, mas apenas membros da nobreza e aristocracia, e no meio deles, esperavam pre\u00e7os alt\u00edssimos pelos jogos.\u00a0E eles jogavam principalmente jogos de cartas, como blackjack ou bridge, e tamb\u00e9m gostavam de jogar na loteria.<\/p>\n<p>\u00c0 medida que o cassino crescia, os pre\u00e7os se tornavam acess\u00edveis e as pessoas podiam jogar.\u00a0Ent\u00e3o veio a Internet.\u00a0E assim apareceu a melhor revis\u00e3o de cassino ao vivo abaixo!<\/p>\n<p><img loading=\"lazy\" decoding=\"async\" class=\"aligncenter wp-image-4785\" src=\"https:\/\/rocketplay-game.com\/wp-content\/uploads\/2024\/02\/live-2.png\" alt=\"Live Casino Rocket Play \" width=\"800\" height=\"391\" srcset=\"https:\/\/rocketplay-game.com\/wp-content\/uploads\/2024\/02\/live-2.png 1355w, https:\/\/rocketplay-game.com\/wp-content\/uploads\/2024\/02\/live-2-300x147.png 300w, https:\/\/rocketplay-game.com\/wp-content\/uploads\/2024\/02\/live-2-1024x501.png 1024w, https:\/\/rocketplay-game.com\/wp-content\/uploads\/2024\/02\/live-2-768x376.png 768w\" sizes=\"auto, (max-width: 800px) 100vw, 800px\" \/><\/p>\n<h2>Software de cassino ao vivo<\/h2>\n<p>Para come\u00e7ar, vamos olhar para os fornecedores de software.\u00a0Como em qualquer outro lugar, h\u00e1 uma tremenda concorr\u00eancia no mercado de fornecedores de software.\u00a0\u00c9 por isso que o cassino online ao vivo da Brazil pode escolher alguns dos melhores.<\/p>\n<p>Escolher um fornecedor de software \u00e9 uma atividade significativa.\u00a0Afeta a qualidade dos jogos do cassino, suporte, atualiza\u00e7\u00e3o do jogo, conforto dos jogadores e quanto eles podem ganhar.\u00a0O melhor cassino online ao vivo \u00e9 uma abordagem respons\u00e1vel para esse problema.\u00a0\u00c9 por isso que voc\u00ea pode conhecer esses l\u00edderes de mercado:<\/p>\n<ul>\n<li>\n<ul>\n<li aria-level=\"1\">NetEnt;<\/li>\n<li aria-level=\"1\">BetSoft;<\/li>\n<li aria-level=\"1\">impress\u00e3o azul;<\/li>\n<\/ul>\n<\/li>\n<\/ul>\n<p>E isso n\u00e3o \u00e9 tudo;\u00a0voc\u00ea pode encontrar mais no site do cassino ao vivo na Brazil, certifique-se de verificar seus provedores e escolher qual deles voc\u00ea mais gosta.<\/p>\n<h2>B\u00f4nus e Promo\u00e7\u00f5es<\/h2>\n<p>B\u00f4nus e promo\u00e7\u00f5es s\u00e3o o que mais cativam o usu\u00e1rio, e o cassino online ao vivo entende isso.\u00a0Portanto, voc\u00ea pode encontrar muitas ofertas de b\u00f4nus diferentes enquanto joga.\u00a0Vejamos quais s\u00e3o:<\/p>\n<p><img loading=\"lazy\" decoding=\"async\" class=\"aligncenter wp-image-4795\" src=\"https:\/\/rocketplay-game.com\/wp-content\/uploads\/2024\/02\/live.png\" alt=\"Live Casino Rocket Play 2\" width=\"800\" height=\"490\" srcset=\"https:\/\/rocketplay-game.com\/wp-content\/uploads\/2024\/02\/live.png 1007w, https:\/\/rocketplay-game.com\/wp-content\/uploads\/2024\/02\/live-300x184.png 300w, https:\/\/rocketplay-game.com\/wp-content\/uploads\/2024\/02\/live-768x471.png 768w\" sizes=\"auto, (max-width: 800px) 100vw, 800px\" \/><\/p>\n<ul>\n<li aria-level=\"1\">o b\u00f4nus de boas-vindas \u00e9 um b\u00f4nus que cada jogador pode obter assim que entrar no site oficial do cassino.\u00a0Isso \u00e9 feito para atrair novos usu\u00e1rios;<\/li>\n<li aria-level=\"1\">b\u00f4nus de registro \u00e9 um b\u00f4nus dado a cada usu\u00e1rio depois que ele se registra e confirma seu e-mail.\u00a0Isso \u00e9 feito para que novos usu\u00e1rios possam encontrar algo para fazer no cassino e tentar fazer suas primeiras apostas e investimentos;<\/li>\n<li aria-level=\"1\">b\u00f4nus de refer\u00eancia \u2013 este b\u00f4nus s\u00f3 pode ser obtido se voc\u00ea indicar o c\u00f3digo do jogador que o convidou para o cassino ao vivo durante o registro.\u00a0Este jogador tamb\u00e9m receber\u00e1 sua parte do b\u00f4nus.\u00a0\u00c9 feito para as pessoas convidarem seus amigos para o cassino;<\/li>\n<li aria-level=\"1\">o b\u00f4nus de primeiro dep\u00f3sito \u00e9 um b\u00f4nus que \u00e9 adicionado ao seu saldo assim que voc\u00ea faz seu primeiro investimento no cassino online.\u00a0Isso \u00e9 feito para que novos usu\u00e1rios tenham um maior incentivo para investir no cassino;<\/li>\n<li aria-level=\"1\">promo\u00e7\u00f5es regulares \u2013 voc\u00ea sempre pode encontr\u00e1-las na p\u00e1gina principal do cassino online.\u00a0Estes s\u00e3o b\u00f4nus totalmente diferentes.\u00a0Por favor, leia as condi\u00e7\u00f5es sobre como obt\u00ea-los com aten\u00e7\u00e3o.\u00a0Isso \u00e9 feito para diversificar o jogo de usu\u00e1rios de cassino online j\u00e1 experientes;<\/li>\n<li aria-level=\"1\">ofertas pessoais s\u00e3o promo\u00e7\u00f5es que voc\u00ea recebe em seu e-mail.\u00a0Leia atentamente os termos e condi\u00e7\u00f5es sobre como obt\u00ea-los.\u00a0Eles s\u00e3o projetados principalmente para ativar jogadores passivos, mas \u00e0s vezes o cassino quer agrad\u00e1-lo.<\/li>\n<li aria-level=\"1\">um b\u00f4nus de fidelidade \u00e9 um b\u00f4nus que os usu\u00e1rios experientes do cassino recebem.\u00a0Este b\u00f4nus existe para que jogadores experientes permane\u00e7am no cassino o m\u00e1ximo poss\u00edvel.<\/li>\n<\/ul>\n<p>Como voc\u00ea pode ver, o cassino tem uma enorme variedade de ofertas de b\u00f4nus.\u00a0Seu conte\u00fado pode variar, ent\u00e3o visite o site do cassino online para descobrir o que est\u00e1 dentro do b\u00f4nus com o qual voc\u00ea est\u00e1 contando.<\/p>\n<h2>Dep\u00f3sito e Retirada<\/h2>\n<p>Al\u00e9m disso, uma parte importante \u00e9 a conveni\u00eancia de como voc\u00ea pode depositar seu saldo e como pode sacar seus ganhos.\u00a0O melhor site de cassino ao vivo oferece aos seus usu\u00e1rios muitas maneiras diferentes.\u00a0Ent\u00e3o, vamos dar uma olhada em como voc\u00ea pode fazer seu dep\u00f3sito.\u00a0Voc\u00ea pode fazer seu dep\u00f3sito com o seguinte:<\/p>\n<ul>\n<li aria-level=\"1\">seu cart\u00e3o banc\u00e1rio Visa, MasterCard, American Express;<\/li>\n<li aria-level=\"1\">internet banking PayPal, Payoneer, Payer;<\/li>\n<li aria-level=\"1\">v\u00e1rias carteiras de criptomoedas.<\/li>\n<\/ul>\n<p>O cassino oferece muitas op\u00e7\u00f5es para depositar seu saldo.\u00a0Voc\u00ea pode fazer seu dep\u00f3sito de $ 20.\u00a0Voc\u00ea pode retirar seus ganhos do seu saldo.\u00a0Infelizmente, voc\u00ea n\u00e3o pode sacar seu saldo para o cart\u00e3o do banco, mas ainda pode usar o banco online ou sua carteira de criptomoedas.<\/p>\n<h2>suporte ao cliente<\/h2>\n<p>Uma parte essencial de qualquer cassino \u00e9 o suporte ao usu\u00e1rio.\u00a0Afinal, d\u00favidas e dificuldades podem surgir de qualquer pessoa a qualquer momento.\u00a0E este cassino online est\u00e1 no mais alto n\u00edvel.\u00a0Voc\u00ea pode pedir ajuda 24 horas por dia, 7 dias por semana, e com certeza vai ajudar porque aqui, com o seu pedido vai entender a equipe de profissionais altamente qualificados.<\/p>\n<h2>Conclus\u00e3o<\/h2>\n<p>Depois de ler nossas an\u00e1lises de cassinos online ao vivo, v\u00e1 e registre-se imediatamente em um cassino online.\u00a0Mas antes de fazer isso, leia as recomenda\u00e7\u00f5es dos profissionais sobre como jogar no cassino ao vivo.\u00a0Isso certamente ir\u00e1 ajud\u00e1-lo.<\/p>\n<h2>Perguntas frequentes<\/h2>\n<p>Pedimos \u00e0 nossa equipe de suporte t\u00e9cnico que nos desse as tr\u00eas perguntas mais comuns para que possamos ajud\u00e1-lo a encontrar sua resposta o mais r\u00e1pido poss\u00edvel.\u00a0E voc\u00ea pode encontr\u00e1-los abaixo.<\/p>\n<h3>Com que idade posso jogar em um cassino online?<\/h3>\n<p>Est\u00e1 escrito na lei que voc\u00ea pode praticar jogos de azar estritamente a partir dos 18 anos. E n\u00e3o podemos discutir com a lei.<\/p>\n<h3>Como jogar de gra\u00e7a?<\/h3>\n<p>No site oficial do cassino online, voc\u00ea pode encontrar uma vers\u00e3o demo de qualquer jogo que lhe interesse e experimentar.<\/p>\n<h3>Posso jogar do meu celular?<\/h3>\n<p>Sim, voc\u00ea pode baixar nosso aplicativo do site oficial do cassino online ou jogar diretamente dele.\u00a0Afinal, \u00e9 perfeitamente otimizado para dispositivos m\u00f3veis.<\/p>\n","protected":false},"excerpt":{"rendered":"<p>Acredita-se que os primeiros cassinos surgiram na Europa no s\u00e9culo XVII.\u00a0Eles pareciam controlar o jogo.\u00a0Naquela \u00e9poca, o jogo j\u00e1 era comum entre as pessoas.\u00a0Claro que nem todos conseguiam chegar l\u00e1, mas apenas membros da nobreza e aristocracia, e no meio deles, esperavam pre\u00e7os alt\u00edssimos pelos jogos.\u00a0E eles jogavam principalmente jogos de cartas, como blackjack ou&#8230;<\/p>\n","protected":false},"author":1,"featured_media":0,"parent":0,"menu_order":0,"comment_status":"closed","ping_status":"closed","template":"page-with-bonus.php","meta":{"_acf_changed":false,"_kad_post_transparent":"default","_kad_post_title":"default","_kad_post_layout":"default","_kad_post_sidebar_id":"","_kad_post_content_style":"default","_kad_post_vertical_padding":"default","_kad_post_feature":"","_kad_post_feature_position":"","_kad_post_header":false,"_kad_post_footer":false,"footnotes":""},"class_list":["post-3826","page","type-page","status-publish","hentry"],"acf":[],"rttpg_featured_image_url":null,"rttpg_author":{"display_name":"Tom","author_link":"https:\/\/rocketplay-game.com\/pt-br\/author\/pemvas95n89x\/"},"rttpg_comment":0,"rttpg_category":null,"rttpg_excerpt":"Acredita-se que os primeiros cassinos surgiram na Europa no s\u00e9culo XVII.\u00a0Eles pareciam controlar o jogo.\u00a0Naquela \u00e9poca, o jogo j\u00e1 era comum entre as pessoas.\u00a0Claro que nem todos conseguiam chegar l\u00e1, mas apenas membros da nobreza e aristocracia, e no meio deles, esperavam pre\u00e7os alt\u00edssimos pelos jogos.\u00a0E eles jogavam principalmente jogos de cartas, como blackjack ou...","_links":{"self":[{"href":"https:\/\/rocketplay-game.com\/pt-br\/wp-json\/wp\/v2\/pages\/3826","targetHints":{"allow":["GET"]}}],"collection":[{"href":"https:\/\/rocketplay-game.com\/pt-br\/wp-json\/wp\/v2\/pages"}],"about":[{"href":"https:\/\/rocketplay-game.com\/pt-br\/wp-json\/wp\/v2\/types\/page"}],"author":[{"embeddable":true,"href":"https:\/\/rocketplay-game.com\/pt-br\/wp-json\/wp\/v2\/users\/1"}],"replies":[{"embeddable":true,"href":"https:\/\/rocketplay-game.com\/pt-br\/wp-json\/wp\/v2\/comments?post=3826"}],"version-history":[{"count":5,"href":"https:\/\/rocketplay-game.com\/pt-br\/wp-json\/wp\/v2\/pages\/3826\/revisions"}],"predecessor-version":[{"id":10326,"href":"https:\/\/rocketplay-game.com\/pt-br\/wp-json\/wp\/v2\/pages\/3826\/revisions\/10326"}],"wp:attachment":[{"href":"https:\/\/rocketplay-game.com\/pt-br\/wp-json\/wp\/v2\/media?parent=3826"}],"curies":[{"name":"wp","href":"https:\/\/api.w.org\/{rel}","templated":true}]}}