{"id":3830,"date":"2023-01-09T19:46:20","date_gmt":"2023-01-09T16:46:20","guid":{"rendered":"https:\/\/rocketplay-game.com\/live-casino\/real-money\/"},"modified":"2024-02-09T16:03:01","modified_gmt":"2024-02-09T13:03:01","slug":"real-money","status":"publish","type":"page","link":"https:\/\/rocketplay-game.com\/pt-br\/live-casino\/real-money\/","title":{"rendered":"Cassino ao vivo com dinheiro real na revis\u00e3o do Rocket Play Casino"},"content":{"rendered":"<p>Muitas pessoas est\u00e3o procurando um lugar onde possam se divertir e muitas querem ganhar um dinheiro extra.\u00a0E tudo isso \u00e9 poss\u00edvel jogando ao vivo em um cassino online com dinheiro real.\u00a0Aqui voc\u00ea pode, com um investimento m\u00ednimo, ganhar um valor dois ou mais do que o investimento, e pessoas com sorte especial t\u00eam a oportunidade de obter seu primeiro jackpot.\u00a0Leia mais em nossa an\u00e1lise de cassino ao vivo com dinheiro real sobre como fazer isso.<\/p>\n<h2>B\u00f4nus e Promo\u00e7\u00f5es<\/h2>\n<p>Para aproveitar ao m\u00e1ximo seu saldo, \u00e9 essencial ficar de olho nos sistemas de b\u00f4nus e ofertas promocionais.\u00a0Voc\u00ea pode obter rodadas gr\u00e1tis ou tempo de jogo gr\u00e1tis.\u00a0Muitas vezes, voc\u00ea pode obter um multiplicador crescente em seu dep\u00f3sito e muitos outros b\u00f4nus excelentes.<\/p>\n<p><img loading=\"lazy\" decoding=\"async\" class=\"aligncenter wp-image-4805\" src=\"https:\/\/rocketplay-game.com\/wp-content\/uploads\/2024\/02\/promoc-2.png\" alt=\"Live casino real money\" width=\"800\" height=\"491\" srcset=\"https:\/\/rocketplay-game.com\/wp-content\/uploads\/2024\/02\/promoc-2.png 1012w, https:\/\/rocketplay-game.com\/wp-content\/uploads\/2024\/02\/promoc-2-300x184.png 300w, https:\/\/rocketplay-game.com\/wp-content\/uploads\/2024\/02\/promoc-2-768x471.png 768w\" sizes=\"auto, (max-width: 800px) 100vw, 800px\" \/><\/p>\n<p>Todos esses excelentes b\u00f4nus voc\u00ea pode obter de sistemas de b\u00f4nus, como:<\/p>\n<ul>\n<li aria-level=\"1\">B\u00f3nus de boas-vindas \u2013 Trata-se de um b\u00f3nus que oferece a cada utilizador que visita o site oficial do casino pela primeira vez;<\/li>\n<li aria-level=\"1\">b\u00f3nus de registo \u2013 este b\u00f3nus \u00e9 atribu\u00eddo a cada utilizador que se registe e confirme o seu email;<\/li>\n<li aria-level=\"1\">b\u00f4nus de refer\u00eancia \u2013 para obter esse b\u00f4nus, voc\u00ea precisa especificar o c\u00f3digo de convite no momento do registro.\u00a0O b\u00f4nus \u00e9 dado a quem o especificou e a quem deu este c\u00f3digo;<\/li>\n<li aria-level=\"1\">b\u00f4nus de primeiro dep\u00f3sito \u2013 Este b\u00f4nus \u00e9 concedido na primeira vez que voc\u00ea investe em um cassino online;<\/li>\n<li aria-level=\"1\">as promo\u00e7\u00f5es gerais s\u00e3o as promo\u00e7\u00f5es mais comuns que voc\u00ea pode encontrar na p\u00e1gina principal do cassino online.\u00a0Essas promo\u00e7\u00f5es s\u00e3o atualizadas regularmente.\u00a0Siga cuidadosamente os termos e condi\u00e7\u00f5es para aproveitar ao m\u00e1ximo essas promo\u00e7\u00f5es.<\/li>\n<li aria-level=\"1\">as ofertas individuais s\u00e3o b\u00f4nus que podem chegar a qualquer usu\u00e1rio do cassino no posto que ele especificar.<\/li>\n<li aria-level=\"1\">um b\u00f4nus de fidelidade \u00e9 um b\u00f4nus que todos os jogadores experientes recebem regularmente por sua lealdade a este cassino online.<\/li>\n<\/ul>\n<p>Todos esses b\u00f4nus ajudar\u00e3o voc\u00ea a aproveitar ao m\u00e1ximo seu investimento e a ganhar o m\u00e1ximo de dinheiro poss\u00edvel no melhor cassino ao vivo com dinheiro real.<\/p>\n<p><img loading=\"lazy\" decoding=\"async\" class=\"aligncenter wp-image-4814\" src=\"https:\/\/rocketplay-game.com\/wp-content\/uploads\/2024\/02\/promro-23.png\" alt=\"Live casino real money 2\" width=\"800\" height=\"365\" srcset=\"https:\/\/rocketplay-game.com\/wp-content\/uploads\/2024\/02\/promro-23.png 1157w, https:\/\/rocketplay-game.com\/wp-content\/uploads\/2024\/02\/promro-23-300x137.png 300w, https:\/\/rocketplay-game.com\/wp-content\/uploads\/2024\/02\/promro-23-1024x467.png 1024w, https:\/\/rocketplay-game.com\/wp-content\/uploads\/2024\/02\/promro-23-768x350.png 768w\" sizes=\"auto, (max-width: 800px) 100vw, 800px\" \/><\/p>\n<h2>Programas<\/h2>\n<p>Al\u00e9m disso, a empresa que fornece o software desempenha um papel significativo nos ganhos.\u00a0Afinal, o mundo do jogo tem muitos desenvolvedores de software sem escr\u00fapulos.\u00a0Mas a maioria dos cassinos online ao vivo com dinheiro real ainda tenta escolher o melhor.\u00a0Tudo isso \u00e9 feito para que as pessoas confiem mais no cassino.\u00a0Portanto, fizemos uma pequena lista de 3 desenvolvedores de software que podemos recomendar a voc\u00ea:<\/p>\n<ul>\n<li aria-level=\"1\">NetEnt;<\/li>\n<li aria-level=\"1\">BetSoft;<\/li>\n<li aria-level=\"1\">projeto.<\/li>\n<\/ul>\n<p>Todos esses desenvolvedores de software h\u00e1 muito se estabeleceram como confi\u00e1veis.\u00a0Eles podem satisfazer at\u00e9 o jogador mais sofisticado.\u00a0RTP \u00e9 consistentemente acima de 95%.<\/p>\n<h2>Como ganhar dinheiro?<\/h2>\n<p>Na Internet, voc\u00ea pode encontrar centenas de guias diferentes sobre como ganhar dinheiro no cassino ao vivo com dinheiro real.\u00a0Mas, principalmente, eles s\u00e3o falsos.\u00a0Se voc\u00ea for oferecido para jogar em um slot espec\u00edfico e apostar em uma determinada ordem \u2013 voc\u00ea est\u00e1 tentando trapacear.\u00a0Podemos dar-lhe dicas gerais que o ajudar\u00e3o a n\u00e3o perder tudo e, se fizer bastante esfor\u00e7o, ganhar\u00e1 muito dinheiro.<\/p>\n<ul>\n<li aria-level=\"1\">n\u00e3o jogue embriagado;<\/li>\n<li aria-level=\"1\">n\u00e3o tente ganhar de volta no cassino;<\/li>\n<li aria-level=\"1\">n\u00e3o se esque\u00e7a de fazer uma pausa a cada poucas horas.\u00a0Isso trar\u00e1 sua mente aos sentidos e remover\u00e1 a excita\u00e7\u00e3o excessiva.<\/li>\n<\/ul>\n<p>Seguindo essas dicas essenciais, voc\u00ea pode ganhar mais, mesmo que esteja passando por uma fase dif\u00edcil.<\/p>\n<h2>Pagamento e Retirada<\/h2>\n<p>Muitos cassinos oferecem diferentes maneiras de depositar e sacar do seu saldo.\u00a0Voc\u00ea pode usar seu cart\u00e3o banc\u00e1rio ou PayPal, e at\u00e9 mesmo o cassino pode aceitar carteiras de criptomoedas.\u00a0O dep\u00f3sito m\u00ednimo \u00e9 de $ 20 e o saque m\u00ednimo \u00e9 de $ 50.<\/p>\n<h2>Perguntas frequentes<\/h2>\n<p>Muitos usu\u00e1rios iniciantes de cassino online costumam nos escrever com perguntas.\u00a0E n\u00e3o podemos deixar de dar nossas respostas.\u00a0Ent\u00e3o reunimos 3 das mais populares delas e demos nossas respostas.<\/p>\n<h3>Posso jogar no cassino de gra\u00e7a?<\/h3>\n<p>Sim, voc\u00ea pode experimentar suas estrat\u00e9gias para ganhar no modo de demonstra\u00e7\u00e3o.\u00a0Cada slot que voc\u00ea encontrar\u00e1 tem um modo de demonstra\u00e7\u00e3o.<\/p>\n<h3>Posso jogar em cassinos online se tiver menos de 18 anos?<\/h3>\n<p>N\u00e3o, a legisla\u00e7\u00e3o estipula que as atividades de jogo s\u00f3 s\u00e3o permitidas estritamente a partir dos 18 anos.<\/p>\n<h3>Posso ganhar dinheiro com meu telefone?<\/h3>\n<p>Sim, voc\u00ea pode usar nossa vers\u00e3o m\u00f3vel do site.\u00a0Ou, se voc\u00ea tiver um smartphone Android, pode baixar o aplicativo.<\/p>\n","protected":false},"excerpt":{"rendered":"<p>Muitas pessoas est\u00e3o procurando um lugar onde possam se divertir e muitas querem ganhar um dinheiro extra.\u00a0E tudo isso \u00e9 poss\u00edvel jogando ao vivo em um cassino online com dinheiro real.\u00a0Aqui voc\u00ea pode, com um investimento m\u00ednimo, ganhar um valor dois ou mais do que o investimento, e pessoas com sorte especial t\u00eam a oportunidade&#8230;<\/p>\n","protected":false},"author":1,"featured_media":0,"parent":3826,"menu_order":0,"comment_status":"closed","ping_status":"closed","template":"page-with-bonus.php","meta":{"_acf_changed":false,"_kad_post_transparent":"default","_kad_post_title":"default","_kad_post_layout":"default","_kad_post_sidebar_id":"","_kad_post_content_style":"default","_kad_post_vertical_padding":"default","_kad_post_feature":"","_kad_post_feature_position":"","_kad_post_header":false,"_kad_post_footer":false,"footnotes":""},"class_list":["post-3830","page","type-page","status-publish","hentry"],"acf":[],"rttpg_featured_image_url":null,"rttpg_author":{"display_name":"Tom","author_link":"https:\/\/rocketplay-game.com\/pt-br\/author\/pemvas95n89x\/"},"rttpg_comment":0,"rttpg_category":null,"rttpg_excerpt":"Muitas pessoas est\u00e3o procurando um lugar onde possam se divertir e muitas querem ganhar um dinheiro extra.\u00a0E tudo isso \u00e9 poss\u00edvel jogando ao vivo em um cassino online com dinheiro real.\u00a0Aqui voc\u00ea pode, com um investimento m\u00ednimo, ganhar um valor dois ou mais do que o investimento, e pessoas com sorte especial t\u00eam a oportunidade...","_links":{"self":[{"href":"https:\/\/rocketplay-game.com\/pt-br\/wp-json\/wp\/v2\/pages\/3830","targetHints":{"allow":["GET"]}}],"collection":[{"href":"https:\/\/rocketplay-game.com\/pt-br\/wp-json\/wp\/v2\/pages"}],"about":[{"href":"https:\/\/rocketplay-game.com\/pt-br\/wp-json\/wp\/v2\/types\/page"}],"author":[{"embeddable":true,"href":"https:\/\/rocketplay-game.com\/pt-br\/wp-json\/wp\/v2\/users\/1"}],"replies":[{"embeddable":true,"href":"https:\/\/rocketplay-game.com\/pt-br\/wp-json\/wp\/v2\/comments?post=3830"}],"version-history":[{"count":3,"href":"https:\/\/rocketplay-game.com\/pt-br\/wp-json\/wp\/v2\/pages\/3830\/revisions"}],"predecessor-version":[{"id":5259,"href":"https:\/\/rocketplay-game.com\/pt-br\/wp-json\/wp\/v2\/pages\/3830\/revisions\/5259"}],"up":[{"embeddable":true,"href":"https:\/\/rocketplay-game.com\/pt-br\/wp-json\/wp\/v2\/pages\/3826"}],"wp:attachment":[{"href":"https:\/\/rocketplay-game.com\/pt-br\/wp-json\/wp\/v2\/media?parent=3830"}],"curies":[{"name":"wp","href":"https:\/\/api.w.org\/{rel}","templated":true}]}}