{"id":3833,"date":"2023-01-10T15:54:18","date_gmt":"2023-01-10T12:54:18","guid":{"rendered":"https:\/\/rocketplay-game.com\/sports-betting\/"},"modified":"2024-02-09T15:25:07","modified_gmt":"2024-02-09T12:25:07","slug":"sports-betting","status":"publish","type":"page","link":"https:\/\/rocketplay-game.com\/pt-br\/sports-betting\/","title":{"rendered":"Revis\u00e3o de apostas esportivas"},"content":{"rendered":"<p>A vantagem cr\u00edtica das apostas esportivas \u00e9 se divertir de forma r\u00e1pida e eficiente e ganhar grandes pr\u00eamios em dinheiro.\u00a0Voc\u00ea tamb\u00e9m pode experimentar as apostas esportivas gratuitamente, porque a empresa de apostas ter\u00e1 prazer em ajud\u00e1-lo a obter b\u00f4nus extras.\u00a0Obtenha uma reputa\u00e7\u00e3o de jogador sortudo e comece a lucrar diariamente gra\u00e7as \u00e0 nossa an\u00e1lise.\u00a0Deixe-nos falar sobre todos os recursos das apostas online.<\/p>\n<p><img loading=\"lazy\" decoding=\"async\" class=\"aligncenter wp-image-4653\" src=\"https:\/\/rocketplay-game.com\/wp-content\/uploads\/2024\/02\/soccer-ball-dollar-banknotes-keyboard-sport-gambling-bet-concept.jpg\" alt=\"Revis\u00e3o de apostas esportivas \" width=\"800\" height=\"534\" srcset=\"https:\/\/rocketplay-game.com\/wp-content\/uploads\/2024\/02\/soccer-ball-dollar-banknotes-keyboard-sport-gambling-bet-concept.jpg 1000w, https:\/\/rocketplay-game.com\/wp-content\/uploads\/2024\/02\/soccer-ball-dollar-banknotes-keyboard-sport-gambling-bet-concept-300x200.jpg 300w, https:\/\/rocketplay-game.com\/wp-content\/uploads\/2024\/02\/soccer-ball-dollar-banknotes-keyboard-sport-gambling-bet-concept-768x512.jpg 768w\" sizes=\"auto, (max-width: 800px) 100vw, 800px\" \/><\/p>\n<h2>Como apostar em esportes?<\/h2>\n<p>A primeira coisa que um iniciante precisa \u00e9 de um site de apostas esportivas adequado.\u00a0Pode ser um cassino cl\u00e1ssico ou um projeto especializado em apostas.\u00a0No entanto, recomendamos que voc\u00ea aproveite as ofertas exclusivas do nosso portal.\u00a0Especialmente para voc\u00ea criou dezenas de an\u00e1lises com as melhores solu\u00e7\u00f5es para os f\u00e3s de jogos de azar.<\/p>\n<p>Para come\u00e7ar a apostar, voc\u00ea precisa se registrar na plataforma:<\/p>\n<ol>\n<li aria-level=\"1\">V\u00e1 para o site oficial do jogo e registre uma conta pessoal inserindo dados pessoais.\u00a0Verifique novamente as informa\u00e7\u00f5es porque n\u00e3o ser\u00e1 poss\u00edvel alter\u00e1-las e, muitas vezes, \u00e9 mais dif\u00edcil passar na verifica\u00e7\u00e3o.<\/li>\n<li aria-level=\"1\">Em seguida, confirme sua conta por e-mail ou SMS e comece a usar o sistema de caixa exclusivo.\u00a0Recarregue sua conta atrav\u00e9s de um dos sistemas de pagamento sugeridos.\u00a0Criptomoedas tamb\u00e9m est\u00e3o dispon\u00edveis.\u00a0As restri\u00e7\u00f5es de valores e comiss\u00f5es s\u00e3o diferentes.<\/li>\n<li aria-level=\"1\">Depois disso, voc\u00ea pode prosseguir para a sele\u00e7\u00e3o de uma correspond\u00eancia adequada. As modernas apostas esportivas brasileiras exigem aten\u00e7\u00e3o aos detalhes e concentra\u00e7\u00e3o m\u00e1xima. Tente usar diferentes op\u00e7\u00f5es de apostas e voc\u00ea poder\u00e1 ganhar.\u00a0Recomenda-se usar o modo de demonstra\u00e7\u00e3o primeiro e depois iniciar as apostas ativas.<\/li>\n<\/ol>\n<p>Depois de criar uma conta pessoal, o jogador ser\u00e1 solicitado a passar pelo procedimento de verifica\u00e7\u00e3o.\u00a0Esta \u00e9 uma parte obrigat\u00f3ria do registro, exigindo que voc\u00ea forne\u00e7a documentos pessoais.\u00a0Depois de confirmar sua identidade, voc\u00ea pode usar todos os recursos exclusivos de jogo do sistema sem problemas para depositar em sua conta rapidamente.\u00a0Voc\u00ea tamb\u00e9m poder\u00e1 sacar rapidamente e aumentar seu limite m\u00e1ximo de aposta.<\/p>\n<h2>Como ler as probabilidades esportivas?<\/h2>\n<p>Na maioria dos casos, entender as melhores apostas esportivas \u00e9 bastante simples.\u00a0Tente usar o sistema de apostas cl\u00e1ssico, no qual tudo fica claro.\u00a0A primeira coisa a observar \u00e9 que as probabilidades cl\u00e1ssicas s\u00e3o de 1,7.\u00a0Esse \u00e9 o n\u00famero pelo qual voc\u00ea precisa multiplicar o valor da aposta para obter seus ganhos.\u00a0Se voc\u00ea apostar $ 100 nessas probabilidades, ficar\u00e1 com $ 170 em seu saldo se ganhar, $ 70 dos quais s\u00e3o seu lucro.<\/p>\n<h2>Dicas de apostas esportivas<\/h2>\n<p>Todas as previs\u00f5es de apostas esportivas exigem an\u00e1lise aprofundada e coleta de dados estat\u00edsticos para ajud\u00e1-lo a descobrir os favoritos da partida.\u00a0Tente usar t\u00e1ticas e estrat\u00e9gias diferentes e ou\u00e7a atentamente os conselhos de especialistas:<\/p>\n<ul>\n<li aria-level=\"1\">\u00e9 necess\u00e1rio controlar suas emo\u00e7\u00f5es e apostar dinheiro com cuidado.\u00a0Lembre-se de que voc\u00ea n\u00e3o deve perder, portanto, as tentativas de apostas devem ser interrompidas imediatamente.\u00a0Tente usar diferentes estrat\u00e9gias e t\u00e1ticas para obter dinheiro em sua conta;<\/li>\n<li aria-level=\"1\">desenvolva sua estrat\u00e9gia de apostas para o futuro com um sistema de apostas gr\u00e1tis espec\u00edfico.\u00a0Isso permitir\u00e1 que voc\u00ea use todos os seus recursos com mais efici\u00eancia e n\u00e3o gaste dinheiro sozinho.\u00a0Atenha-se estritamente ao sistema porque, caso contr\u00e1rio, \u00e9 f\u00e1cil perder todo o seu dinheiro;<\/li>\n<li aria-level=\"1\">divida o pote total antecipadamente em um grande n\u00famero de apostas.\u00a0Isso limitar\u00e1 artificialmente suas vit\u00f3rias e derrotas m\u00e1ximas.\u00a0Isso tamb\u00e9m evitar\u00e1 que voc\u00ea perca todo o valor de uma s\u00f3 vez.<\/li>\n<\/ul>\n<p>As recomenda\u00e7\u00f5es cl\u00e1ssicas ajudar\u00e3o os iniciantes a gerenciar seus recursos com mais efici\u00eancia e a ganhar grandes somas em suas contas.<\/p>\n<p><img loading=\"lazy\" decoding=\"async\" class=\"aligncenter wp-image-4662\" src=\"https:\/\/rocketplay-game.com\/wp-content\/uploads\/2024\/02\/people-bet-soccer-game-match-internet.jpg\" alt=\"Revis\u00e3o de apostas esportivas 2\" width=\"800\" height=\"534\" srcset=\"https:\/\/rocketplay-game.com\/wp-content\/uploads\/2024\/02\/people-bet-soccer-game-match-internet.jpg 1000w, https:\/\/rocketplay-game.com\/wp-content\/uploads\/2024\/02\/people-bet-soccer-game-match-internet-300x200.jpg 300w, https:\/\/rocketplay-game.com\/wp-content\/uploads\/2024\/02\/people-bet-soccer-game-match-internet-768x512.jpg 768w\" sizes=\"auto, (max-width: 800px) 100vw, 800px\" \/><\/p>\n<h2>Melhor Estrat\u00e9gia de Aposta<\/h2>\n<p>Altas probabilidades caracterizam as principais apostas esportivas.\u00a0Os melhores especialistas est\u00e3o procurando novas maneiras de vencer, enquanto voc\u00ea pode usar as estrat\u00e9gias cl\u00e1ssicas.\u00a0Isso ajudar\u00e1 voc\u00ea a manter uma parte espec\u00edfica do seu equil\u00edbrio e a n\u00e3o ser pego em um alto risco.\u00a0\u00c9 assim que agem a maioria dos melhores jogadores, que sabem controlar suas emo\u00e7\u00f5es e sabem o pre\u00e7o da vit\u00f3ria.<\/p>\n<p>Uma das dicas de apostas esportivas mais \u00fateis \u00e9 manter suas estat\u00edsticas.\u00a0Isso n\u00e3o apenas ajudar\u00e1 voc\u00ea a avaliar imediatamente a lucratividade de sua estrat\u00e9gia, mas tamb\u00e9m a enfrentar a verdade.\u00a0Voc\u00ea n\u00e3o deve continuar dobrando a mesma linha se observar perdas constantes.\u00a0Voc\u00ea deve ser capaz de ajustar e mudar dependendo da situa\u00e7\u00e3o.\u00a0\u00c9 nisso que se baseia a maioria das apostas vencedoras.<\/p>\n<p>Recomendamos que consulte a sec\u00e7\u00e3o de promo\u00e7\u00f5es e ofertas especiais.\u00a0L\u00e1 voc\u00ea pode encontrar b\u00f4nus especiais que o ajudar\u00e3o a come\u00e7ar a jogar com mais efici\u00eancia e a ganhar grandes somas em sua conta.\u00a0Experimente agora e voc\u00ea certamente desfrutar\u00e1 dos resultados.<\/p>\n<h2>Perguntas frequentes<\/h2>\n<p>Especialmente para voc\u00ea, reunimos as perguntas mais populares dos iniciantes, que podem ajud\u00e1-lo a resolver problemas espec\u00edficos no futuro.\u00a0Descubra as apostas o mais r\u00e1pido poss\u00edvel e comece a ganhar dinheiro real!<\/p>\n<h3>Quais s\u00e3o as vantagens das apostas esportivas?<\/h3>\n<p>A vantagem essencial do aplicativo de apostas esportivas \u00e9 a capacidade de aumentar seu banco de maneira r\u00e1pida e eficiente.\u00a0Voc\u00ea pode analisar um grande n\u00famero de partidas e usar o m\u00e1ximo de informa\u00e7\u00f5es \u00fateis poss\u00edvel para vencer com mais frequ\u00eancia e mais.\u00a0Experimente os diferentes modos de jogo e ganhe um presente VIP especial.\u00a0Voc\u00ea tamb\u00e9m pode se inscrever em nosso boletim informativo promocional e obter mais benef\u00edcios.<\/p>\n<h3>Quanto posso ganhar em uma aposta?<\/h3>\n<p>Em geral, o limite do ganho m\u00e1ximo depende exclusivamente do seu banco e dos limites estabelecidos pelo cassino.\u00a0Por exemplo, a melhor partida de futebol pode permitir que voc\u00ea aposte at\u00e9 v\u00e1rias centenas de milhares de d\u00f3lares.\u00a0Mas \u00e9 improv\u00e1vel que um evento de t\u00eanis de mesa amador lhe d\u00ea mais do que uma aposta de $ 100.\u00a0Experimente uma variedade de op\u00e7\u00f5es e encontre o seu nicho de apostas ideal.<\/p>\n<h3>Quais s\u00e3o as restri\u00e7\u00f5es de retirada depois de ganhar?<\/h3>\n<p>Depois de ganhar, voc\u00ea n\u00e3o ter\u00e1 nenhuma restri\u00e7\u00e3o porque a empresa de jogos de azar distribui todos os pr\u00eamios instantaneamente e voc\u00ea pode retir\u00e1-los.\u00a0No entanto, voc\u00ea deve ter em mente a limita\u00e7\u00e3o do valor m\u00e1ximo de retirada por dia, que geralmente \u00e9 igual a $ 2.000.\u00a0Voc\u00ea tamb\u00e9m deve saber que usar apenas nossos sites com avalia\u00e7\u00f5es \u00e9 melhor.\u00a0Eles j\u00e1 foram testados e, portanto, voc\u00ea n\u00e3o ter\u00e1 problemas.<\/p>\n","protected":false},"excerpt":{"rendered":"<p>A vantagem cr\u00edtica das apostas esportivas \u00e9 se divertir de forma r\u00e1pida e eficiente e ganhar grandes pr\u00eamios em dinheiro.\u00a0Voc\u00ea tamb\u00e9m pode experimentar as apostas esportivas gratuitamente, porque a empresa de apostas ter\u00e1 prazer em ajud\u00e1-lo a obter b\u00f4nus extras.\u00a0Obtenha uma reputa\u00e7\u00e3o de jogador sortudo e comece a lucrar diariamente gra\u00e7as \u00e0 nossa an\u00e1lise.\u00a0Deixe-nos falar&#8230;<\/p>\n","protected":false},"author":1,"featured_media":0,"parent":0,"menu_order":0,"comment_status":"closed","ping_status":"closed","template":"page-with-bonus.php","meta":{"_acf_changed":false,"_kad_post_transparent":"default","_kad_post_title":"default","_kad_post_layout":"default","_kad_post_sidebar_id":"","_kad_post_content_style":"default","_kad_post_vertical_padding":"default","_kad_post_feature":"","_kad_post_feature_position":"","_kad_post_header":false,"_kad_post_footer":false,"footnotes":""},"class_list":["post-3833","page","type-page","status-publish","hentry"],"acf":[],"rttpg_featured_image_url":null,"rttpg_author":{"display_name":"Tom","author_link":"https:\/\/rocketplay-game.com\/pt-br\/author\/pemvas95n89x\/"},"rttpg_comment":0,"rttpg_category":null,"rttpg_excerpt":"A vantagem cr\u00edtica das apostas esportivas \u00e9 se divertir de forma r\u00e1pida e eficiente e ganhar grandes pr\u00eamios em dinheiro.\u00a0Voc\u00ea tamb\u00e9m pode experimentar as apostas esportivas gratuitamente, porque a empresa de apostas ter\u00e1 prazer em ajud\u00e1-lo a obter b\u00f4nus extras.\u00a0Obtenha uma reputa\u00e7\u00e3o de jogador sortudo e comece a lucrar diariamente gra\u00e7as \u00e0 nossa an\u00e1lise.\u00a0Deixe-nos falar...","_links":{"self":[{"href":"https:\/\/rocketplay-game.com\/pt-br\/wp-json\/wp\/v2\/pages\/3833","targetHints":{"allow":["GET"]}}],"collection":[{"href":"https:\/\/rocketplay-game.com\/pt-br\/wp-json\/wp\/v2\/pages"}],"about":[{"href":"https:\/\/rocketplay-game.com\/pt-br\/wp-json\/wp\/v2\/types\/page"}],"author":[{"embeddable":true,"href":"https:\/\/rocketplay-game.com\/pt-br\/wp-json\/wp\/v2\/users\/1"}],"replies":[{"embeddable":true,"href":"https:\/\/rocketplay-game.com\/pt-br\/wp-json\/wp\/v2\/comments?post=3833"}],"version-history":[{"count":4,"href":"https:\/\/rocketplay-game.com\/pt-br\/wp-json\/wp\/v2\/pages\/3833\/revisions"}],"predecessor-version":[{"id":5216,"href":"https:\/\/rocketplay-game.com\/pt-br\/wp-json\/wp\/v2\/pages\/3833\/revisions\/5216"}],"wp:attachment":[{"href":"https:\/\/rocketplay-game.com\/pt-br\/wp-json\/wp\/v2\/media?parent=3833"}],"curies":[{"name":"wp","href":"https:\/\/api.w.org\/{rel}","templated":true}]}}