{"id":3837,"date":"2023-01-10T16:16:03","date_gmt":"2023-01-10T13:16:03","guid":{"rendered":"https:\/\/rocketplay-game.com\/sports-betting\/cricket\/"},"modified":"2025-11-25T23:12:52","modified_gmt":"2025-11-25T20:12:52","slug":"cricket","status":"publish","type":"page","link":"https:\/\/rocketplay-game.com\/pt-br\/cricket\/","title":{"rendered":"Um guia para iniciantes sobre apostas em cr\u00edquete"},"content":{"rendered":"<p>Na maioria dos casos, as apostas de cr\u00edquete atraem usu\u00e1rios com regras simples e a capacidade de ganhar uma grande quantia de dinheiro rapidamente.\u00a0Para correr bem, voc\u00ea precisa conhecer todas as caracter\u00edsticas da modalidade esportiva e experimentar algumas op\u00e7\u00f5es de apostas.\u00a0Agora recomendamos a leitura de uma breve revis\u00e3o de nossos especialistas e ganhar grandes pr\u00eamios ativamente.<\/p>\n<p><img loading=\"lazy\" decoding=\"async\" class=\"lazy-loaded aligncenter wp-image-3326\" src=\"https:\/\/rocketplay-game.com\/wp-content\/uploads\/2023\/01\/best-cricket-betting-apps-300x169.jpg\" sizes=\"auto, (max-width: 800px) 100vw, 800px\" srcset=\"https:\/\/rocketplay-game.com\/wp-content\/uploads\/2023\/01\/best-cricket-betting-apps-300x169.jpg 300w, https:\/\/rocketplay-game.com\/wp-content\/uploads\/2023\/01\/best-cricket-betting-apps-768x432.jpg 768w, https:\/\/rocketplay-game.com\/wp-content\/uploads\/2023\/01\/best-cricket-betting-apps.jpg 994w\" alt=\"\" width=\"800\" height=\"450\" data-lazy-type=\"image\" data-src=\"https:\/\/rocketplay-game.com\/wp-content\/uploads\/2023\/01\/best-cricket-betting-apps-300x169.jpg\" data-srcset=\"\" \/><\/p>\n<h2>Os tipos de apostas<\/h2>\n<p>A maneira mais f\u00e1cil de lidar com as dicas de apostas do Cricket \u00e9 para iniciantes que est\u00e3o come\u00e7ando o jogo.\u00a0O mercado de jogos de azar passou por uma longa transforma\u00e7\u00e3o, ent\u00e3o os usu\u00e1rios s\u00f3 agora podem fazer v\u00e1rias apostas nas partidas.\u00a0Entre os mais populares, voc\u00ea pode descobrir:<\/p>\n<ul>\n<li aria-level=\"1\">totais individuais.\u00a0A aposta mais popular permite escolher apenas um atleta ou equipa e apostar nos pontos ganhos.\u00a0Gra\u00e7as a isso, \u00e9 mais f\u00e1cil analisar toda a partida e imediatamente desde a primeira aposta ganhar uma grande quantia em dinheiro.\u00a0No entanto, preste aten\u00e7\u00e3o \u00e0s probabilidades, porque se forem muito grandes, haver\u00e1 algum problema;<\/li>\n<li aria-level=\"1\">o melhor jogador.\u00a0Simples e compreens\u00edvel para a maioria dos jogadores apostar, permitindo que voc\u00ea conhe\u00e7a as peculiaridades do jogo e comece a ganhar.\u00a0A principal caracter\u00edstica \u00e9 que voc\u00ea deve escolher um atleta.\u00a0Se ele mostrar o resultado mais eficaz, voc\u00ea ter\u00e1 sucesso e receber\u00e1 seus ganhos;<\/li>\n<li aria-level=\"1\">o resultado da partida.\u00a0Uma aposta cl\u00e1ssica que sempre apelou pela sua simplicidade.\u00a0Voc\u00ea pode ganhar um jogador ou equipe que ganhar\u00e1 o pr\u00eamio com seu excelente jogo.\u00a0A coisa mais f\u00e1cil de fazer aqui \u00e9 analisar o advers\u00e1rio e o favorito imediatamente.\u00a0Aprenda todos os pr\u00f3s e contras do jogo e comece a calcular o valor da aposta ideal para o seu or\u00e7amento.<\/li>\n<\/ul>\n<p>Escolhendo a aposta certa para voc\u00ea, n\u00e3o esque\u00e7a que voc\u00ea deve registrar uma conta pessoal e passar pelo procedimento de verifica\u00e7\u00e3o.\u00a0Isso ajudar\u00e1 a aumentar os limites m\u00e1ximos de apostas e obter acesso a uma retirada r\u00e1pida de fundos da plataforma de jogo sem problemas.\u00a0Voc\u00ea tamb\u00e9m pode escolher um m\u00e9todo de dep\u00f3sito adequado para evitar comiss\u00f5es adicionais ou tempo de espera para o dep\u00f3sito.<\/p>\n<h2>As probabilidades explicadas no cr\u00edquete<\/h2>\n<p>We will give you the top Cricket betting tips free, but you should study betting on your own. For example, the odds reflect how confident the bookmaker is in the victory of a particular team. Sometimes it is possible to make a bet based only on the odds, but this is done mainly by beginners.<\/p>\n<p>If you bet money on live Cricket betting odds of 1.7, you will win your sum and another 70% on top. With 100 dollars, you can get an extra 70, which means you\u2019ll be in the black, and you can take your money. You can find out all the details when you make a coupon.<\/p>\n<h2>Tips and Strategy<\/h2>\n<p>Most of the odds Cricket betting is determined automatically, so you should be careful in choosing a suitable strategy for betting:<\/p>\n<ul>\n<li aria-level=\"1\">try to divide your balance into many parts and not use them all at once;<\/li>\n<li aria-level=\"1\">take your emotions as responsibly as possible, so you don\u2019t lose a large sum all at once. Try to stop if you see that you are constantly losing or winning;<\/li>\n<li aria-level=\"1\">take the time to analyze because this separates you from an amateur in betting. Use all available data to predict the right outcome.<\/li>\n<\/ul>\n<p>In betting, everything depends on luck and your ability to make correct predictions. That\u2019s why we wish you luck and recommend you try the demo mode first.<\/p>\n<p><img loading=\"lazy\" decoding=\"async\" class=\"lazy-hidden aligncenter wp-image-3416\" src=\"https:\/\/rocketplay-game.com\/wp-content\/uploads\/2023\/01\/cricket-betting-guide-300x150.webp\" sizes=\"auto, (max-width: 800px) 100vw, 800px\" srcset=\"https:\/\/rocketplay-game.com\/wp-content\/uploads\/2023\/01\/cricket-betting-guide-300x150.webp 300w, https:\/\/rocketplay-game.com\/wp-content\/uploads\/2023\/01\/cricket-betting-guide-1024x512.webp 1024w, https:\/\/rocketplay-game.com\/wp-content\/uploads\/2023\/01\/cricket-betting-guide-768x384.webp 768w, https:\/\/rocketplay-game.com\/wp-content\/uploads\/2023\/01\/cricket-betting-guide.webp 1200w\" alt=\"\" width=\"800\" height=\"400\" data-lazy-type=\"image\" data-src=\"https:\/\/rocketplay-game.com\/wp-content\/uploads\/2023\/01\/cricket-betting-guide-300x150.webp\" data-srcset=\"\" \/><\/p>\n<h2>Best Cricket Betting markets to bet on<\/h2>\n<p>The most popular Cricket betting Brazil is on the victory of a particular athlete. You can look at the statistics on the official gambling site and choose a suitable betting option. We recommend you try different variants and find the most suitable one. We also advise you to try different regions because each region has tournaments.<\/p>\n<h2>FAQ<\/h2>\n<p>Every user needs a little support when just starting online betting. That\u2019s why we have gathered a lot of valuable questions and answers from experts. Try to study more information and start playing actively.<\/p>\n<h3>What are the advantages of betting on cricket?<\/h3>\n<p>Most users like using the Cricket betting app to earn more and always be in the game. In this case, you can easily understand the established rules and use the bet on the favorite in the tournament. There is also a more advanced grid of different outcomes used by professionals who want to earn more money.<\/p>\n<h3>How much can I earn in a single cricket bet?<\/h3>\n<p>Se voc\u00ea pode ganhar um milh\u00e3o de d\u00f3lares em uma \u00fanica aposta, precisa de um saldo consider\u00e1vel e da capacidade de sacar esse valor.\u00a0Os usu\u00e1rios ganham entre US$ 50 e US$ 1.500 por aposta.\u00a0O campeonato, os t\u00edtulos dos jogadores e o capital do site s\u00e3o afetados.\u00a0Experimente diferentes variantes de jogo e escolha aquela que melhor se adapta a voc\u00ea.<\/p>\n<h3>Quais s\u00e3o as restri\u00e7\u00f5es de retirada ap\u00f3s vencer no cr\u00edquete?<\/h3>\n<p>Depois de ler nosso guia de apostas em Cricket, voc\u00ea pode usar qualquer b\u00f4nus no site oficial e receber o dinheiro em sua conta ap\u00f3s vencer.\u00a0Qualquer jogador pode retirar sem restri\u00e7\u00f5es, mas voc\u00ea deve considerar a quantia m\u00e1xima de dinheiro recebida.\u00a0Voc\u00ea tamb\u00e9m poder\u00e1 experimentar diferentes sistemas para fazer a retirada mais lucrativa do seu dinheiro.<\/p>\n","protected":false},"excerpt":{"rendered":"<p>Na maioria dos casos, as apostas de cr\u00edquete atraem usu\u00e1rios com regras simples e a capacidade de ganhar uma grande quantia de dinheiro rapidamente.\u00a0Para correr bem, voc\u00ea precisa conhecer todas as caracter\u00edsticas da modalidade esportiva e experimentar algumas op\u00e7\u00f5es de apostas.\u00a0Agora recomendamos a leitura de uma breve revis\u00e3o de nossos especialistas e ganhar grandes pr\u00eamios&#8230;<\/p>\n","protected":false},"author":1,"featured_media":0,"parent":0,"menu_order":0,"comment_status":"closed","ping_status":"closed","template":"page-with-bonus.php","meta":{"_acf_changed":false,"_kad_post_transparent":"default","_kad_post_title":"default","_kad_post_layout":"default","_kad_post_sidebar_id":"","_kad_post_content_style":"default","_kad_post_vertical_padding":"default","_kad_post_feature":"","_kad_post_feature_position":"","_kad_post_header":false,"_kad_post_footer":false,"footnotes":""},"class_list":["post-3837","page","type-page","status-publish","hentry"],"acf":[],"rttpg_featured_image_url":null,"rttpg_author":{"display_name":"Tom","author_link":"https:\/\/rocketplay-game.com\/pt-br\/author\/pemvas95n89x\/"},"rttpg_comment":0,"rttpg_category":null,"rttpg_excerpt":"Na maioria dos casos, as apostas de cr\u00edquete atraem usu\u00e1rios com regras simples e a capacidade de ganhar uma grande quantia de dinheiro rapidamente.\u00a0Para correr bem, voc\u00ea precisa conhecer todas as caracter\u00edsticas da modalidade esportiva e experimentar algumas op\u00e7\u00f5es de apostas.\u00a0Agora recomendamos a leitura de uma breve revis\u00e3o de nossos especialistas e ganhar grandes pr\u00eamios...","_links":{"self":[{"href":"https:\/\/rocketplay-game.com\/pt-br\/wp-json\/wp\/v2\/pages\/3837","targetHints":{"allow":["GET"]}}],"collection":[{"href":"https:\/\/rocketplay-game.com\/pt-br\/wp-json\/wp\/v2\/pages"}],"about":[{"href":"https:\/\/rocketplay-game.com\/pt-br\/wp-json\/wp\/v2\/types\/page"}],"author":[{"embeddable":true,"href":"https:\/\/rocketplay-game.com\/pt-br\/wp-json\/wp\/v2\/users\/1"}],"replies":[{"embeddable":true,"href":"https:\/\/rocketplay-game.com\/pt-br\/wp-json\/wp\/v2\/comments?post=3837"}],"version-history":[{"count":2,"href":"https:\/\/rocketplay-game.com\/pt-br\/wp-json\/wp\/v2\/pages\/3837\/revisions"}],"predecessor-version":[{"id":3963,"href":"https:\/\/rocketplay-game.com\/pt-br\/wp-json\/wp\/v2\/pages\/3837\/revisions\/3963"}],"wp:attachment":[{"href":"https:\/\/rocketplay-game.com\/pt-br\/wp-json\/wp\/v2\/media?parent=3837"}],"curies":[{"name":"wp","href":"https:\/\/api.w.org\/{rel}","templated":true}]}}