{"id":3840,"date":"2023-01-10T16:21:38","date_gmt":"2023-01-10T13:21:38","guid":{"rendered":"https:\/\/rocketplay-game.com\/sports-betting\/horse-racing\/"},"modified":"2023-01-20T10:38:36","modified_gmt":"2023-01-20T07:38:36","slug":"horse-racing","status":"publish","type":"page","link":"https:\/\/rocketplay-game.com\/pt-br\/horse-racing\/","title":{"rendered":"Revis\u00e3o de apostas em corridas de cavalos"},"content":{"rendered":"<p>Acima de tudo, os usu\u00e1rios de apostas em corridas de cavalos j\u00e1 est\u00e3o acostumados com altas probabilidades e b\u00f4nus altos.\u00a0\u00c9 uma oferta nos sites em nossas an\u00e1lises da administra\u00e7\u00e3o do cassino.\u00a0Voc\u00ea pode escolher o cavalo certo e obter uma grande soma de dinheiro gra\u00e7as a ele.\u00a0Basta experiment\u00e1-lo e voc\u00ea ter\u00e1 a garantia de ganhar ainda mais em sua conta.<\/p>\n<p><img loading=\"lazy\" decoding=\"async\" class=\"aligncenter wp-image-3427 lazy-loaded\" src=\"https:\/\/rocketplay-game.com\/wp-content\/uploads\/2023\/01\/126horsebackriding-2-300x150.jpg\" sizes=\"auto, (max-width: 800px) 100vw, 800px\" srcset=\"https:\/\/rocketplay-game.com\/wp-content\/uploads\/2023\/01\/126horsebackriding-2-300x150.jpg 300w, https:\/\/rocketplay-game.com\/wp-content\/uploads\/2023\/01\/126horsebackriding-2-1024x512.jpg 1024w, https:\/\/rocketplay-game.com\/wp-content\/uploads\/2023\/01\/126horsebackriding-2-768x384.jpg 768w, https:\/\/rocketplay-game.com\/wp-content\/uploads\/2023\/01\/126horsebackriding-2.jpg 1200w\" alt=\"\" width=\"800\" height=\"400\" data-lazy-type=\"image\" data-src=\"https:\/\/rocketplay-game.com\/wp-content\/uploads\/2023\/01\/126horsebackriding-2-300x150.jpg\" data-srcset=\"\" \/><\/p>\n<h2>Como apostar em corridas de cavalos<\/h2>\n<p>Primeiro, voc\u00ea deve estudar detalhadamente o aplicativo de apostas em corridas de cavalos da empresa de jogos de azar.\u00a0Gra\u00e7as a isso, voc\u00ea pode investir seu dinheiro em apostas com muito mais lucro e fazer a melhor aposta da sua vida.\u00a0O acesso ao jogo ser\u00e1 adequado ao seu bolso, o que significa que voc\u00ea pode abrir corridas de cavalos a qualquer momento, assistir \u00e0 transmiss\u00e3o e apostar dinheiro para grandes ganhos.<\/p>\n<p>Al\u00e9m disso, os iniciantes devem come\u00e7ar com um simples registro no site oficial do jogo:<\/p>\n<ol>\n<li aria-level=\"1\">Crie um perfil pessoal pressionando o bot\u00e3o de registro.\u00a0Preencha as informa\u00e7\u00f5es sobre voc\u00ea com o m\u00e1ximo de cuidado para n\u00e3o cometer erros e passar no procedimento de verifica\u00e7\u00e3o sem problemas no futuro.\u00a0Depois disso, voc\u00ea pode ativar sua conta por e-mail.<\/li>\n<li aria-level=\"1\">Tente usar um dos sistemas de pagamento para aumentar seu saldo e ganhar dinheiro real.\u00a0Certifique-se de usar diferentes op\u00e7\u00f5es de apostas e tente ganhar dinheiro.\u00a0Ative o modo de demonstra\u00e7\u00e3o se estiver dispon\u00edvel para voc\u00ea.<\/li>\n<li aria-level=\"1\">N\u00e3o se esque\u00e7a de analisar o mercado de corridas de cavalos o mais minuciosamente poss\u00edvel e escolher apenas as apostas que podem lhe render dinheiro.\u00a0N\u00e3o se distraia com competi\u00e7\u00f5es amadoras e concentre-se naqueles pilotos sobre os quais h\u00e1 informa\u00e7\u00f5es.<\/li>\n<\/ol>\n<p>Certifique-se de usar o procedimento de verifica\u00e7\u00e3o para obter acesso mais r\u00e1pido a todos os recursos financeiros da plataforma online e ganhar muito mais dinheiro.\u00a0Isso permitir\u00e1 que voc\u00ea aumente seus lucros e seja recompensado diretamente em sua conta.\u00a0Voc\u00ea tamb\u00e9m poder\u00e1 aproveitar recursos adicionais e obter ajuda priorit\u00e1ria do suporte t\u00e9cnico.<\/p>\n<h2>Termos comuns em corridas de cavalos<\/h2>\n<p>Na maioria dos casos, o iniciante sobre as melhores apostas em corridas de cavalos n\u00e3o deve se preocupar porque a empresa de apostas chama todos os mercados de apostas.\u00a0Escolha uma op\u00e7\u00e3o adequada e comece a escrever um cupom por um determinado valor.\u00a0Voc\u00ea ver\u00e1 o resultado na transmiss\u00e3o online em apenas alguns minutos, tamb\u00e9m dispon\u00edvel diretamente no seu navegador.<\/p>\n<p>Nas corridas de cavalos, algumas regras e condi\u00e7\u00f5es adicionais n\u00e3o devem ser violadas durante o jogo.\u00a0\u00c9 por isso que recomendamos que voc\u00ea se familiarize cuidadosamente com conceitos como:<\/p>\n<ul>\n<li aria-level=\"1\">a vit\u00f3ria de um piloto;<\/li>\n<li aria-level=\"1\">in\u00edcio falso;<\/li>\n<li aria-level=\"1\">categorias de ra\u00e7a.<\/li>\n<\/ul>\n<p>Isso ajudar\u00e1 voc\u00ea a entender rapidamente o jogo e ganhar mais dinheiro em sua conta.<\/p>\n<h2>Como escolher um cavalo vencedor<\/h2>\n<p>Usar o sistema exclusivo de classifica\u00e7\u00e3o e an\u00e1lise de apostas em corridas de cavalos da Brazil \u00e9 o melhor. Muitas plataformas oferecem aos usu\u00e1rios de jogos de azar uma maneira de escolher um cavalo adequado e encontrar estat\u00edsticas sobre suas corridas.\u00a0Alguns cavalos s\u00e3o melhores quando correm apenas durante o dia, enquanto outros podem mostrar altos resultados com cavaleiros confiantes.<\/p>\n<p>Aprenda ainda mais sobre a teoria vencedora em nossas an\u00e1lises.\u00a0Antes de apostar com dinheiro real, tente usar o modo de demonstra\u00e7\u00e3o para ganhar da maneira mais honesta e confiante poss\u00edvel.\u00a0Voc\u00ea tamb\u00e9m poder\u00e1 aproveitar diferentes modos de jogo e tentar obter uma grande quantia em sua conta.<\/p>\n<p><img loading=\"lazy\" decoding=\"async\" class=\"aligncenter wp-image-3436 lazy-loaded\" src=\"https:\/\/rocketplay-game.com\/wp-content\/uploads\/2023\/01\/ypes-of-horse-racing-bets-1024x700-1-300x205.jpg\" sizes=\"auto, (max-width: 800px) 100vw, 800px\" srcset=\"https:\/\/rocketplay-game.com\/wp-content\/uploads\/2023\/01\/ypes-of-horse-racing-bets-1024x700-1-300x205.jpg 300w, https:\/\/rocketplay-game.com\/wp-content\/uploads\/2023\/01\/ypes-of-horse-racing-bets-1024x700-1-768x525.jpg 768w, https:\/\/rocketplay-game.com\/wp-content\/uploads\/2023\/01\/ypes-of-horse-racing-bets-1024x700-1.jpg 1024w\" alt=\"\" width=\"800\" height=\"547\" data-lazy-type=\"image\" data-src=\"https:\/\/rocketplay-game.com\/wp-content\/uploads\/2023\/01\/ypes-of-horse-racing-bets-1024x700-1-300x205.jpg\" data-srcset=\"\" \/><\/p>\n<h2>Tipos de apostas<\/h2>\n<p>Recomendamos apostar em dicas de corridas de cavalos para experimentar o site oficial de jogos de azar.\u00a0Especialmente para voc\u00ea, reunimos as melhores plataformas com acesso a cassinos e apostas.\u00a0Use seu capital com sabedoria e tente ganhar o m\u00e1ximo de dinheiro de cada vez.\u00a0Isso o ajudar\u00e1 significativamente a obter pr\u00eamios e b\u00f4nus adicionais da administra\u00e7\u00e3o da plataforma de jogos.<\/p>\n<h2>Perguntas frequentes<\/h2>\n<p>Na maioria dos casos, os iniciantes precisam de uma ajudinha, por isso reunimos uma se\u00e7\u00e3o de respostas para as perguntas mais comuns.\u00a0Tente encontrar o tipo de aposta que mais lhe conv\u00e9m e comece a jogar com o m\u00e1ximo de dinheiro em seu saldo.<\/p>\n<h3>Quais s\u00e3o as vantagens de apostar em corridas de cavalos?<\/h3>\n<p>A disciplina esportiva est\u00e1 na moda e, portanto, voc\u00ea poder\u00e1 obter apostas gratuitas em corridas de cavalos em breve.\u00a0As empresas de jogos de azar est\u00e3o constantemente motivando os usu\u00e1rios a jogar e ganhar para ganhar ainda mais dinheiro.\u00a0Ent\u00e3o voc\u00ea pode aproveitar uma oferta t\u00e3o lucrativa agora e sentir todos os benef\u00edcios dos jogos ativos.<\/p>\n<h3>Quanto posso ganhar por aposta em corridas de cavalos?<\/h3>\n<p>Em geral, voc\u00ea poder\u00e1 obter uma grande quantia de dinheiro em apostas ao vivo em corridas de cavalos.\u00a0Mesmo uma aposta regular permitir\u00e1 que voc\u00ea aumente seu saldo v\u00e1rias vezes, mas voc\u00ea deve aprender a prever os eventos corretamente.\u00a0Experimente op\u00e7\u00f5es diferentes, use b\u00f4nus extras e inscreva-se em um boletim informativo promocional.\u00a0Tudo isso ajudar\u00e1 a reduzir os riscos e come\u00e7ar a ganhar com mais frequ\u00eancia.<\/p>\n<h3>Quais s\u00e3o as restri\u00e7\u00f5es de desist\u00eancia ap\u00f3s vencer uma corrida?<\/h3>\n<p>Geralmente, n\u00e3o h\u00e1 restri\u00e7\u00f5es \u00e0 retirada em um site t\u00edpico.\u00a0No entanto, recomendamos usar apenas as empresas de jogos de azar da nossa lista.\u00a0Isso proteger\u00e1 contra fraudadores e obter\u00e1 o mais alto n\u00edvel de servi\u00e7o.\u00a0Al\u00e9m disso, tamb\u00e9m testamos o servi\u00e7o de suporte t\u00e9cnico durante a revis\u00e3o;\u00a0portanto, voc\u00ea pode obter rapidamente as informa\u00e7\u00f5es de que precisa a qualquer momento.<\/p>\n","protected":false},"excerpt":{"rendered":"<p>Acima de tudo, os usu\u00e1rios de apostas em corridas de cavalos j\u00e1 est\u00e3o acostumados com altas probabilidades e b\u00f4nus altos.\u00a0\u00c9 uma oferta nos sites em nossas an\u00e1lises da administra\u00e7\u00e3o do cassino.\u00a0Voc\u00ea pode escolher o cavalo certo e obter uma grande soma de dinheiro gra\u00e7as a ele.\u00a0Basta experiment\u00e1-lo e voc\u00ea ter\u00e1 a garantia de ganhar ainda&#8230;<\/p>\n","protected":false},"author":1,"featured_media":0,"parent":0,"menu_order":0,"comment_status":"closed","ping_status":"closed","template":"page-with-bonus.php","meta":{"_acf_changed":false,"_kad_post_transparent":"default","_kad_post_title":"default","_kad_post_layout":"default","_kad_post_sidebar_id":"","_kad_post_content_style":"default","_kad_post_vertical_padding":"default","_kad_post_feature":"","_kad_post_feature_position":"","_kad_post_header":false,"_kad_post_footer":false,"footnotes":""},"class_list":["post-3840","page","type-page","status-publish","hentry"],"acf":[],"rttpg_featured_image_url":null,"rttpg_author":{"display_name":"Tom","author_link":"https:\/\/rocketplay-game.com\/pt-br\/author\/pemvas95n89x\/"},"rttpg_comment":0,"rttpg_category":null,"rttpg_excerpt":"Acima de tudo, os usu\u00e1rios de apostas em corridas de cavalos j\u00e1 est\u00e3o acostumados com altas probabilidades e b\u00f4nus altos.\u00a0\u00c9 uma oferta nos sites em nossas an\u00e1lises da administra\u00e7\u00e3o do cassino.\u00a0Voc\u00ea pode escolher o cavalo certo e obter uma grande soma de dinheiro gra\u00e7as a ele.\u00a0Basta experiment\u00e1-lo e voc\u00ea ter\u00e1 a garantia de ganhar ainda...","_links":{"self":[{"href":"https:\/\/rocketplay-game.com\/pt-br\/wp-json\/wp\/v2\/pages\/3840","targetHints":{"allow":["GET"]}}],"collection":[{"href":"https:\/\/rocketplay-game.com\/pt-br\/wp-json\/wp\/v2\/pages"}],"about":[{"href":"https:\/\/rocketplay-game.com\/pt-br\/wp-json\/wp\/v2\/types\/page"}],"author":[{"embeddable":true,"href":"https:\/\/rocketplay-game.com\/pt-br\/wp-json\/wp\/v2\/users\/1"}],"replies":[{"embeddable":true,"href":"https:\/\/rocketplay-game.com\/pt-br\/wp-json\/wp\/v2\/comments?post=3840"}],"version-history":[{"count":2,"href":"https:\/\/rocketplay-game.com\/pt-br\/wp-json\/wp\/v2\/pages\/3840\/revisions"}],"predecessor-version":[{"id":3962,"href":"https:\/\/rocketplay-game.com\/pt-br\/wp-json\/wp\/v2\/pages\/3840\/revisions\/3962"}],"wp:attachment":[{"href":"https:\/\/rocketplay-game.com\/pt-br\/wp-json\/wp\/v2\/media?parent=3840"}],"curies":[{"name":"wp","href":"https:\/\/api.w.org\/{rel}","templated":true}]}}