{"id":3843,"date":"2023-01-10T16:25:10","date_gmt":"2023-01-10T13:25:10","guid":{"rendered":"https:\/\/rocketplay-game.com\/sports-betting\/table-tennis\/"},"modified":"2025-11-25T23:07:16","modified_gmt":"2025-11-25T20:07:16","slug":"table-tennis","status":"publish","type":"page","link":"https:\/\/rocketplay-game.com\/pt-br\/table-tennis\/","title":{"rendered":"Revis\u00e3o de apostas em t\u00eanis de mesa"},"content":{"rendered":"<p>A principal raz\u00e3o para a popularidade das apostas em t\u00eanis de mesa \u00e9 que qualquer pessoa pode ganhar dezenas de milhares de d\u00f3lares com essas apostas.\u00a0As regras s\u00e3o simples e os jogadores est\u00e3o em constante mudan\u00e7a.\u00a0Cada jogo dura n\u00e3o mais que 10 a 15 minutos, o que significa que h\u00e1 muitos eventos todos os dias.\u00a0Recomendamos confiar nos grandes torneios e saber mais sobre as vantagens do t\u00eanis de mesa para apostar agora.<\/p>\n<p><img loading=\"lazy\" decoding=\"async\" class=\"aligncenter wp-image-3448 lazy-loaded\" src=\"https:\/\/rocketplay-game.com\/wp-content\/uploads\/2023\/01\/table-tennis-shots-300x169.jpg\" sizes=\"auto, (max-width: 800px) 100vw, 800px\" srcset=\"https:\/\/rocketplay-game.com\/wp-content\/uploads\/2023\/01\/table-tennis-shots-300x169.jpg 300w, https:\/\/rocketplay-game.com\/wp-content\/uploads\/2023\/01\/table-tennis-shots-1024x576.jpg 1024w, https:\/\/rocketplay-game.com\/wp-content\/uploads\/2023\/01\/table-tennis-shots-768x432.jpg 768w, https:\/\/rocketplay-game.com\/wp-content\/uploads\/2023\/01\/table-tennis-shots-1536x864.jpg 1536w, https:\/\/rocketplay-game.com\/wp-content\/uploads\/2023\/01\/table-tennis-shots.jpg 1920w\" alt=\"\" width=\"800\" height=\"450\" data-lazy-type=\"image\" data-src=\"https:\/\/rocketplay-game.com\/wp-content\/uploads\/2023\/01\/table-tennis-shots-300x169.jpg\" data-srcset=\"\" \/><\/p>\n<h2>Como apostar no t\u00eanis de mesa<\/h2>\n<p>Para fazer uma aposta em dicas de t\u00eanis de mesa, voc\u00ea precisa usar um dos sites de apostas.\u00a0\u00c9 necess\u00e1rio registar-se e depositar na sua conta para proceder \u00e0 sele\u00e7\u00e3o dos jogos adequados:<\/p>\n<ul>\n<li aria-level=\"1\">antes de tudo, aprecie as equipes que est\u00e3o representadas.\u00a0Os oponentes n\u00e3o raramente j\u00e1 se encontraram, o que significa que voc\u00ea pode coletar estat\u00edsticas espec\u00edficas e escolher a op\u00e7\u00e3o de aposta mais promissora com anteced\u00eancia;<\/li>\n<li aria-level=\"1\">voc\u00ea n\u00e3o deve apostar uma grande quantia de uma s\u00f3 vez em um determinado jogador.\u00a0Mesmo que seja o favorito desta partida e as chances sejam pr\u00f3ximas de 1,1, voc\u00ea ainda pode perder.\u00a0\u00c9 assim que os iniciantes perdem seus or\u00e7amentos;<\/li>\n<li aria-level=\"1\">tente manter suas emo\u00e7\u00f5es sob controle e n\u00e3o tente apostar mais na pr\u00f3xima vez para ganhar de volta.\u00a0Primeiro, o sucesso nas apostas \u00e9 uma disciplina e segue uma estrat\u00e9gia espec\u00edfica.<\/li>\n<\/ul>\n<p>Escolher as t\u00e1ticas certas pode ser dif\u00edcil, por isso \u00e9 recomend\u00e1vel estudar detalhadamente as regras da disciplina esportiva.\u00a0Nesse caso, voc\u00ea tamb\u00e9m deve verificar as an\u00e1lises dos profissionais e fazer as suas com base nas estat\u00edsticas dispon\u00edveis.\u00a0Este \u00e9 o m\u00ednimo que voc\u00ea precisa fazer para ganhar uma grande quantia.<\/p>\n<h2>Mercados populares de apostas em t\u00eanis de mesa<\/h2>\n<p>A variante mais famosa \u00e9 a estrat\u00e9gia de apostas no t\u00eanis de mesa, com a escolha de um vencedor espec\u00edfico.\u00a0Tente analisar os jogos anteriores de seus oponentes e escolha o resultado mais prov\u00e1vel.\u00a0Nesse caso, voc\u00ea pode obter rapidamente sua recompensa e prosseguir para a pr\u00f3xima fase do jogo.<\/p>\n<p>N\u00e3o se esque\u00e7a que as partidas ocorrem a cada poucas dezenas de minutos, ent\u00e3o n\u00e3o aposte uma grande quantia de uma s\u00f3 vez.\u00a0Apenas concentre-se no jogo e espere por uma oportunidade de receber seu dinheiro.\u00a0O pr\u00eamio total n\u00e3o ir\u00e1 a lugar nenhum de voc\u00ea, o que significa que voc\u00ea pode receber o presente quase instantaneamente.<\/p>\n<h2>Eventos de t\u00eanis de mesa<\/h2>\n<p>Existem regras cl\u00e1ssicas de apostas em t\u00eanis de mesa, permitindo que voc\u00ea escolha uma op\u00e7\u00e3o de aposta adequada.\u00a0Neste caso, os torneios s\u00e3o realizados quase diariamente, mas os iniciantes devem prestar aten\u00e7\u00e3o aos jogos de n\u00edvel mundial em primeiro lugar.\u00a0Algumas delas incluem a Raquete Europa e Mundial.\u00a0Tente jogar sua aposta e receba uma recompensa em sua conta.<\/p>\n<h2>Dicas e Estrat\u00e9gia<\/h2>\n<p>As op\u00e7\u00f5es mais famosas s\u00e3o apostas em t\u00eanis de mesa com odds de 1,7 ou 1,8.\u00a0Tudo porque as partidas s\u00e3o r\u00e1pidas e o risco aqui \u00e9 alto.\u00a0No entanto, a recompensa por concordar em participar desse risco tamb\u00e9m \u00e9 excelente.\u00a0Voc\u00ea pode tentar diferentes t\u00e1ticas e estrat\u00e9gias para obter a recompensa em sua conta.<\/p>\n<p>Algumas das dicas mais famosas de especialistas incluem o seguinte:<\/p>\n<ul>\n<li aria-level=\"1\">tente dividir seu or\u00e7amento em 30 ou mais partes desde o in\u00edcio.\u00a0Aposte n\u00e3o mais do que uma parte para limitar suas perdas e ganhos.\u00a0Gra\u00e7as a isso, ser\u00e1 poss\u00edvel corrigir sua previs\u00e3o e sacar o dinheiro \u00e0 dist\u00e2ncia;<\/li>\n<li aria-level=\"1\">voc\u00ea deve retirar o dinheiro ganho de sua conta com mais frequ\u00eancia para poder ver seus resultados.\u00a0Isso permitir\u00e1 que voc\u00ea sinta o peso do dinheiro e entenda a ess\u00eancia do jogo.\u00a0Caso contr\u00e1rio, \u00e9 f\u00e1cil perder o contato com a realidade e come\u00e7ar a gastar tudo de uma vez;<\/li>\n<li aria-level=\"1\">tente controlar suas emo\u00e7\u00f5es e anote imediatamente os resultados de suas apostas.\u00a0Nesse caso, ser\u00e1 mais f\u00e1cil encontrar o equil\u00edbrio perfeito entre o valor da aposta e as odds.<\/li>\n<\/ul>\n<p>Certifique-se de tentar diferentes estrat\u00e9gias e t\u00e1ticas para vencer.\u00a0Al\u00e9m disso, n\u00e3o se esque\u00e7a dos excelentes b\u00f4nus que voc\u00ea pode obter rapidamente na p\u00e1gina principal.<\/p>\n<p><img loading=\"lazy\" decoding=\"async\" class=\"aligncenter wp-image-3457 lazy-loaded\" src=\"https:\/\/rocketplay-game.com\/wp-content\/uploads\/2023\/01\/table-tennis-300x143.jpg\" sizes=\"auto, (max-width: 800px) 100vw, 800px\" srcset=\"https:\/\/rocketplay-game.com\/wp-content\/uploads\/2023\/01\/table-tennis-300x143.jpg 300w, https:\/\/rocketplay-game.com\/wp-content\/uploads\/2023\/01\/table-tennis-1024x487.jpg 1024w, https:\/\/rocketplay-game.com\/wp-content\/uploads\/2023\/01\/table-tennis-768x365.jpg 768w, https:\/\/rocketplay-game.com\/wp-content\/uploads\/2023\/01\/table-tennis.jpg 1220w\" alt=\"\" width=\"800\" height=\"380\" data-lazy-type=\"image\" data-src=\"https:\/\/rocketplay-game.com\/wp-content\/uploads\/2023\/01\/table-tennis-300x143.jpg\" data-srcset=\"\" \/><\/p>\n<h2>Perguntas frequentes<\/h2>\n<p>Al\u00e9m de dicas \u00fateis de apostas em t\u00eanis de mesa, recomendamos a leitura de uma s\u00e9rie de respostas a perguntas populares de iniciantes.\u00a0Tente entender todas as peculiaridades da disciplina esportiva e comece a aproveitar suas apostas.<\/p>\n<h3>Quais as vantagens de apostar no t\u00eanis de mesa?<\/h3>\n<p>A principal vantagem \u00e9 que voc\u00ea pode mergulhar no jogo o mais r\u00e1pido poss\u00edvel, aprender as regras e come\u00e7ar a ganhar.\u00a0Todas as partidas s\u00e3o disputadas em um intervalo de 15 minutos, o que significa que voc\u00ea tem chance de vit\u00f3ria garantida.\u00a0Muitos resultados e atletas famosos tornar\u00e3o o jogo mais emocionante e vari\u00e1vel.<\/p>\n<h3>Quanto posso ganhar por aposta no t\u00eanis de mesa?<\/h3>\n<p>N\u00e3o h\u00e1 limite para os ganhos m\u00e1ximos per se, mas voc\u00ea pode ver as regras gerais nos documentos principais do cassino.\u00a0Quanto mais popular for o torneio que voc\u00ea escolher, mais chances ter\u00e1 de apostar uma grande quantia de dinheiro de uma s\u00f3 vez.\u00a0Tente aproveitar a oportunidade \u00fanica de ganhar muito de uma s\u00f3 vez em uma \u00fanica aposta.\u00a0Por\u00e9m, como as partidas costumam ser r\u00e1pidas, o valor por aposta n\u00e3o \u00e9 muito significativo.<\/p>\n<h3>Quais s\u00e3o as restri\u00e7\u00f5es de retirada ap\u00f3s vencer no t\u00eanis de mesa?<\/h3>\n<p>Nos melhores sites de apostas em t\u00eanis de mesa, voc\u00ea n\u00e3o ter\u00e1 problemas para sacar fundos depois de ganhar.\u00a0Essas empresas de jogos de azar podem ser encontradas em nosso site porque criamos avalia\u00e7\u00f5es de alta qualidade.\u00a0Testamos cuidadosamente a funcionalidade do cassino ao escrever materiais e at\u00e9 entrar em contato com o suporte t\u00e9cnico.\u00a0Isso significa que voc\u00ea pode confiar nos dados que recebemos de n\u00f3s e come\u00e7ar seu divertido jogo agora mesmo.<\/p>\n","protected":false},"excerpt":{"rendered":"<p>A principal raz\u00e3o para a popularidade das apostas em t\u00eanis de mesa \u00e9 que qualquer pessoa pode ganhar dezenas de milhares de d\u00f3lares com essas apostas.\u00a0As regras s\u00e3o simples e os jogadores est\u00e3o em constante mudan\u00e7a.\u00a0Cada jogo dura n\u00e3o mais que 10 a 15 minutos, o que significa que h\u00e1 muitos eventos todos os dias.\u00a0Recomendamos&#8230;<\/p>\n","protected":false},"author":1,"featured_media":0,"parent":0,"menu_order":0,"comment_status":"closed","ping_status":"closed","template":"page-with-bonus.php","meta":{"_acf_changed":false,"_kad_post_transparent":"default","_kad_post_title":"default","_kad_post_layout":"default","_kad_post_sidebar_id":"","_kad_post_content_style":"default","_kad_post_vertical_padding":"default","_kad_post_feature":"","_kad_post_feature_position":"","_kad_post_header":false,"_kad_post_footer":false,"footnotes":""},"class_list":["post-3843","page","type-page","status-publish","hentry"],"acf":[],"rttpg_featured_image_url":null,"rttpg_author":{"display_name":"Tom","author_link":"https:\/\/rocketplay-game.com\/pt-br\/author\/pemvas95n89x\/"},"rttpg_comment":0,"rttpg_category":null,"rttpg_excerpt":"A principal raz\u00e3o para a popularidade das apostas em t\u00eanis de mesa \u00e9 que qualquer pessoa pode ganhar dezenas de milhares de d\u00f3lares com essas apostas.\u00a0As regras s\u00e3o simples e os jogadores est\u00e3o em constante mudan\u00e7a.\u00a0Cada jogo dura n\u00e3o mais que 10 a 15 minutos, o que significa que h\u00e1 muitos eventos todos os dias.\u00a0Recomendamos...","_links":{"self":[{"href":"https:\/\/rocketplay-game.com\/pt-br\/wp-json\/wp\/v2\/pages\/3843","targetHints":{"allow":["GET"]}}],"collection":[{"href":"https:\/\/rocketplay-game.com\/pt-br\/wp-json\/wp\/v2\/pages"}],"about":[{"href":"https:\/\/rocketplay-game.com\/pt-br\/wp-json\/wp\/v2\/types\/page"}],"author":[{"embeddable":true,"href":"https:\/\/rocketplay-game.com\/pt-br\/wp-json\/wp\/v2\/users\/1"}],"replies":[{"embeddable":true,"href":"https:\/\/rocketplay-game.com\/pt-br\/wp-json\/wp\/v2\/comments?post=3843"}],"version-history":[{"count":3,"href":"https:\/\/rocketplay-game.com\/pt-br\/wp-json\/wp\/v2\/pages\/3843\/revisions"}],"predecessor-version":[{"id":3961,"href":"https:\/\/rocketplay-game.com\/pt-br\/wp-json\/wp\/v2\/pages\/3843\/revisions\/3961"}],"wp:attachment":[{"href":"https:\/\/rocketplay-game.com\/pt-br\/wp-json\/wp\/v2\/media?parent=3843"}],"curies":[{"name":"wp","href":"https:\/\/api.w.org\/{rel}","templated":true}]}}