{"id":3847,"date":"2023-01-10T16:05:13","date_gmt":"2023-01-10T13:05:13","guid":{"rendered":"https:\/\/rocketplay-game.com\/sports-betting\/ufc\/"},"modified":"2023-01-20T10:44:12","modified_gmt":"2023-01-20T07:44:12","slug":"ufc","status":"publish","type":"page","link":"https:\/\/rocketplay-game.com\/pt-br\/ufc\/","title":{"rendered":"Revis\u00e3o de Apostas UFC"},"content":{"rendered":"<p><span class=\"\">As competi\u00e7\u00f5es de artes marciais mistas s\u00e3o chamadas de lutas sem regras.\u00a0<\/span>No entanto, existem regras espec\u00edficas.\u00a0Eles s\u00e3o rigorosos.\u00a0Portanto, \u00e9 fundamental levar em considera\u00e7\u00e3o tudo isso ao escolher a aposta UFC para apostar.\u00a0Muitos apostadores apostam no UFC, se divertindo vendo o que est\u00e1 acontecendo.\u00a0H\u00e1 uma oportunidade de melhorar significativamente seu bem-estar financeiro sem se esfor\u00e7ar fisicamente.<\/p>\n<p><img loading=\"lazy\" decoding=\"async\" class=\"aligncenter wp-image-3377 lazy-loaded\" src=\"https:\/\/rocketplay-game.com\/wp-content\/uploads\/2023\/01\/ecfc44ff4496f67_886x452-300x153.png\" sizes=\"auto, (max-width: 800px) 100vw, 800px\" srcset=\"https:\/\/rocketplay-game.com\/wp-content\/uploads\/2023\/01\/ecfc44ff4496f67_886x452-300x153.png 300w, https:\/\/rocketplay-game.com\/wp-content\/uploads\/2023\/01\/ecfc44ff4496f67_886x452-768x392.png 768w, https:\/\/rocketplay-game.com\/wp-content\/uploads\/2023\/01\/ecfc44ff4496f67_886x452.png 886w\" alt=\"\" width=\"800\" height=\"408\" data-lazy-type=\"image\" data-src=\"https:\/\/rocketplay-game.com\/wp-content\/uploads\/2023\/01\/ecfc44ff4496f67_886x452-300x153.png\" data-srcset=\"\" \/><\/p>\n<h2>Popular e as melhores apostas do UFC explicadas<\/h2>\n<p>Existe uma grande variedade de apostas no melhor site de apostas do UFC:<\/p>\n<ol>\n<li aria-level=\"1\">Ao escolher uma aposta no resultado exato da luta, o apostador deve apostar na vit\u00f3ria de um ou outro advers\u00e1rio.\u00a0Na maioria das vezes, eles est\u00e3o aproximadamente na mesma classe de peso.\u00a0Portanto, n\u00e3o h\u00e1 favoritos claros.\u00a0Mas o apostador est\u00e1 esperando por probabilidades atraentes.<\/li>\n<li aria-level=\"1\">Ao escolher uma aposta na dura\u00e7\u00e3o da luta, as chances n\u00e3o s\u00e3o menos altas.\u00a0E se a aposta for jogada, o apostador obter\u00e1 uma receita financeira significativa.<\/li>\n<li aria-level=\"1\">Escolhendo o modo Live, ser\u00e1 sensato apostar na decis\u00e3o do \u00e1rbitro.\u00a0\u00c9 poss\u00edvel observar as rea\u00e7\u00f5es dos jurados.<\/li>\n<li aria-level=\"1\">Na presen\u00e7a de um estranho pronunciado, voc\u00ea pode apostar na vit\u00f3ria do jogador com uma pegada dolorosa ou sufocante.<\/li>\n<\/ol>\n<p>H\u00e1 outras apostas no UFC.\u00a0E todos podem decidir por si mesmos qual escolher.<\/p>\n<h2>Como apostar no UFC<\/h2>\n<p>Para apostar no melhor aplicativo de apostas do UFC.\u00a0\u00c9 essencial analisar com compet\u00eancia o curso dos eventos, prestando aten\u00e7\u00e3o aos componentes significativos:<\/p>\n<ol>\n<li aria-level=\"1\">A forma dos lutadores desempenha um papel.\u00a0Para analisar essa quest\u00e3o, vale olhar as estat\u00edsticas das \u00faltimas lutas de cada lutador.<\/li>\n<li aria-level=\"1\">Estudar as \u00faltimas not\u00edcias sobre os atletas que participam da luta em que voc\u00ea vai apostar \u00e9 necess\u00e1rio.\u00a0Desta forma, \u00e9 poss\u00edvel saber sobre a condi\u00e7\u00e3o dos participantes.<\/li>\n<li aria-level=\"1\">As caracter\u00edsticas dos lutadores tamb\u00e9m devem ser consideradas de forma obrigat\u00f3ria.\u00a0Cada um tem seus pontos fortes e fracos.\u00a0E conhecendo-os, voc\u00ea pode prever com mais precis\u00e3o o resultado da luta.<\/li>\n<li aria-level=\"1\">Nenhum extra ser\u00e1 a opini\u00e3o de especialistas.\u00a0Isso diz respeito \u00e0 pr\u00f3xima luta, bem como \u00e0s chances dos competidores se envolverem na luta.<\/li>\n<\/ol>\n<p>Todos podem escolher um tipo de guia de apostas UFC para passar momentos divertidos e emocionantes, tendo todas as chances de mudar drasticamente sua vida, aumentando seu capital financeiro gra\u00e7as \u00e0s apostas realizadas.<\/p>\n<h2>Dicas e estrat\u00e9gias de apostas no UFC<\/h2>\n<p>Para apostar com sucesso nas apostas ao vivo do UFC e muitas vezes ganhar, os apostadores experientes usam diferentes abordagens de jogo:<\/p>\n<ol>\n<li aria-level=\"1\">As informa\u00e7\u00f5es dos campos de treinamento dos lutadores devem ser estudadas.<\/li>\n<li aria-level=\"1\">Flutua\u00e7\u00f5es de cota\u00e7\u00f5es devem ser levadas em considera\u00e7\u00e3o.\u00a0E se houver mudan\u00e7as significativas na linha, vale a pena reconsiderar a previs\u00e3o e fazer ajustes.<\/li>\n<\/ol>\n<p>Este n\u00e3o \u00e9 o fim das dicas de apostas do UFC:<\/p>\n<ol>\n<li aria-level=\"1\">Ao optar pelas apostas ao vivo, \u00e9 poss\u00edvel apostar durante a luta.<\/li>\n<li aria-level=\"1\">Se um dos rivais sofrer alguma les\u00e3o no in\u00edcio da luta, as coisas podem piorar com o passar dos rounds.\u00a0E isso \u00e9 importante levar em considera\u00e7\u00e3o na hora de fazer uma aposta durante a luta.<\/li>\n<li aria-level=\"1\">\u00c9 essencial em que condi\u00e7\u00e3o os atletas est\u00e3o.\u00a0Preparar-se para os cen\u00e1rios mais inesperados durante a luta \u00e9 necess\u00e1rio.<\/li>\n<\/ol>\n<p>Para vencer ao apostar no UFC \u00e9 fundamental estar atento, ter a mente tranquila, n\u00e3o depender das emo\u00e7\u00f5es e saber control\u00e1-las.<\/p>\n<p><img loading=\"lazy\" decoding=\"async\" class=\"aligncenter wp-image-3387 lazy-loaded\" src=\"https:\/\/rocketplay-game.com\/wp-content\/uploads\/2023\/01\/5858663a830ec-300x176.jpg\" sizes=\"auto, (max-width: 800px) 100vw, 800px\" srcset=\"https:\/\/rocketplay-game.com\/wp-content\/uploads\/2023\/01\/5858663a830ec-300x176.jpg 300w, https:\/\/rocketplay-game.com\/wp-content\/uploads\/2023\/01\/5858663a830ec-1024x602.jpg 1024w, https:\/\/rocketplay-game.com\/wp-content\/uploads\/2023\/01\/5858663a830ec-768x452.jpg 768w, https:\/\/rocketplay-game.com\/wp-content\/uploads\/2023\/01\/5858663a830ec.jpg 1360w\" alt=\"\" width=\"800\" height=\"471\" data-lazy-type=\"image\" data-src=\"https:\/\/rocketplay-game.com\/wp-content\/uploads\/2023\/01\/5858663a830ec-300x176.jpg\" data-srcset=\"\" \/><\/p>\n<h2>Erros mais comuns nas apostas no UFC<\/h2>\n<p>Um dos principais erros pode ser chamado com seguran\u00e7a de autoconfian\u00e7a.\u00a0Para apostar no app de apostas do UFC, conhecer as regras do esporte \u00e9 fundamental.\u00a0Al\u00e9m disso, uma an\u00e1lise completa \u00e9 cr\u00edtica aqui.<\/p>\n<p>\u00c9 fundamental estudar com anteced\u00eancia os pontos fortes e fracos dos advers\u00e1rios, assim voc\u00ea consegue prever o desfecho da luta com mais precis\u00e3o e fazer as apostas certas.<\/p>\n<h2>Perguntas frequentes<\/h2>\n<p>Para quem decidiu apostar no UFC e ama o esporte, ser\u00e1 \u00fatil ler as respostas para as perguntas mais frequentes.\u00a0Para os apostadores, esta informa\u00e7\u00e3o ser\u00e1 significativa.<\/p>\n<h3>Por que muitas pessoas optam por apostar no UFC?<\/h3>\n<p>Existe uma oportunidade real de assistir a uma luta suficientemente din\u00e2mica e feroz, ganhando uma quantia decente neste esporte sem se esfor\u00e7ar fisicamente.\u00a0Em tais duelos, h\u00e1 uma atra\u00e7\u00e3o:<\/p>\n<ul>\n<li aria-level=\"1\">espet\u00e1culo;<\/li>\n<li aria-level=\"1\">din\u00e2mica;<\/li>\n<li aria-level=\"1\">confronto de advers\u00e1rios profissionais;<\/li>\n<li aria-level=\"1\">a imprevisibilidade do resultado da competi\u00e7\u00e3o.<\/li>\n<\/ul>\n<p>Apostando nas probabilidades de apostas do UFC, todo apostador pode obter um lucro significativo.<\/p>\n<h3>Qual \u00e9 a forma certa de apostar no UFC?<\/h3>\n<p>Para apostar nas dicas de apostas do UFC, \u00e9 essencial:<\/p>\n<ul>\n<li aria-level=\"1\">saber navegar pelas estat\u00edsticas;<\/li>\n<li aria-level=\"1\">esteja preparado para os desfechos mais inesperados nas lutas finais;<\/li>\n<li aria-level=\"1\">ser capaz de construir uma estrat\u00e9gia;<\/li>\n<li aria-level=\"1\">considere as regras das competi\u00e7\u00f5es porque elas podem diferir dependendo de onde os torneios s\u00e3o realizados.<\/li>\n<\/ul>\n<p>\u00c9 essencial controlar as emo\u00e7\u00f5es, acompanhar de perto os acontecimentos e desenvolver uma estrat\u00e9gia.<\/p>\n<h3>Que tipo de aposta UFC vale a pena escolher?<\/h3>\n<p>Entre os mais populares est\u00e3o:<\/p>\n<ul>\n<li aria-level=\"1\">uma aposta no resultado exato da luta;<\/li>\n<li aria-level=\"1\">aposta na dura\u00e7\u00e3o da luta;<\/li>\n<li aria-level=\"1\">a aposta na decis\u00e3o dos ju\u00edzes \u00e9 bem-vinda;<\/li>\n<li aria-level=\"1\">\u00e9 poss\u00edvel apostar na vit\u00f3ria do jogador usando um golpe doloroso ou sufocante.<\/li>\n<\/ul>\n<p>Existem outras apostas poss\u00edveis no UFC Betting Brazil. E todos podem escolher exatamente o que preferem.\u00a0Cada op\u00e7\u00e3o \u00e9 atraente e pode gerar uma renda decente se a aposta for v\u00e1lida.<\/p>\n","protected":false},"excerpt":{"rendered":"<p>As competi\u00e7\u00f5es de artes marciais mistas s\u00e3o chamadas de lutas sem regras.\u00a0No entanto, existem regras espec\u00edficas.\u00a0Eles s\u00e3o rigorosos.\u00a0Portanto, \u00e9 fundamental levar em considera\u00e7\u00e3o tudo isso ao escolher a aposta UFC para apostar.\u00a0Muitos apostadores apostam no UFC, se divertindo vendo o que est\u00e1 acontecendo.\u00a0H\u00e1 uma oportunidade de melhorar significativamente seu bem-estar financeiro sem se esfor\u00e7ar fisicamente&#8230;.<\/p>\n","protected":false},"author":1,"featured_media":0,"parent":0,"menu_order":0,"comment_status":"closed","ping_status":"closed","template":"page-with-bonus.php","meta":{"_acf_changed":false,"_kad_post_transparent":"default","_kad_post_title":"default","_kad_post_layout":"default","_kad_post_sidebar_id":"","_kad_post_content_style":"default","_kad_post_vertical_padding":"default","_kad_post_feature":"","_kad_post_feature_position":"","_kad_post_header":false,"_kad_post_footer":false,"footnotes":""},"class_list":["post-3847","page","type-page","status-publish","hentry"],"acf":[],"rttpg_featured_image_url":null,"rttpg_author":{"display_name":"Tom","author_link":"https:\/\/rocketplay-game.com\/pt-br\/author\/pemvas95n89x\/"},"rttpg_comment":0,"rttpg_category":null,"rttpg_excerpt":"As competi\u00e7\u00f5es de artes marciais mistas s\u00e3o chamadas de lutas sem regras.\u00a0No entanto, existem regras espec\u00edficas.\u00a0Eles s\u00e3o rigorosos.\u00a0Portanto, \u00e9 fundamental levar em considera\u00e7\u00e3o tudo isso ao escolher a aposta UFC para apostar.\u00a0Muitos apostadores apostam no UFC, se divertindo vendo o que est\u00e1 acontecendo.\u00a0H\u00e1 uma oportunidade de melhorar significativamente seu bem-estar financeiro sem se esfor\u00e7ar fisicamente....","_links":{"self":[{"href":"https:\/\/rocketplay-game.com\/pt-br\/wp-json\/wp\/v2\/pages\/3847","targetHints":{"allow":["GET"]}}],"collection":[{"href":"https:\/\/rocketplay-game.com\/pt-br\/wp-json\/wp\/v2\/pages"}],"about":[{"href":"https:\/\/rocketplay-game.com\/pt-br\/wp-json\/wp\/v2\/types\/page"}],"author":[{"embeddable":true,"href":"https:\/\/rocketplay-game.com\/pt-br\/wp-json\/wp\/v2\/users\/1"}],"replies":[{"embeddable":true,"href":"https:\/\/rocketplay-game.com\/pt-br\/wp-json\/wp\/v2\/comments?post=3847"}],"version-history":[{"count":3,"href":"https:\/\/rocketplay-game.com\/pt-br\/wp-json\/wp\/v2\/pages\/3847\/revisions"}],"predecessor-version":[{"id":3964,"href":"https:\/\/rocketplay-game.com\/pt-br\/wp-json\/wp\/v2\/pages\/3847\/revisions\/3964"}],"wp:attachment":[{"href":"https:\/\/rocketplay-game.com\/pt-br\/wp-json\/wp\/v2\/media?parent=3847"}],"curies":[{"name":"wp","href":"https:\/\/api.w.org\/{rel}","templated":true}]}}