{"id":4302,"date":"2024-01-22T14:49:45","date_gmt":"2024-01-22T11:49:45","guid":{"rendered":"https:\/\/rocketplay-game.com\/about-us\/"},"modified":"2024-01-22T17:20:15","modified_gmt":"2024-01-22T14:20:15","slug":"about-us","status":"publish","type":"page","link":"https:\/\/rocketplay-game.com\/pt-br\/about-us\/","title":{"rendered":"Sobre o RocketPlay"},"content":{"rendered":"<p>Bem-vindo ao RocketPlay Casino, onde a emo\u00e7\u00e3o dos jogos encontra o entusiasmo da explora\u00e7\u00e3o espacial. Descubra um universo de entretenimento, inova\u00e7\u00e3o e recompensas estelares enquanto redefinimos a experi\u00eancia do cassino on-line.<\/p>\n<h2>Nossa miss\u00e3o: Acender a Divers\u00e3o nos Jogos<\/h2>\n<p>No RocketPlay Casino, nossa miss\u00e3o \u00e9 simples: despertar a divers\u00e3o nos jogos. Todo jogador merece uma experi\u00eancia fora do comum, e nos propusemos a criar uma plataforma que vai al\u00e9m dos cassinos on-line tradicionais. Nosso compromisso \u00e9 oferecer um ambiente de jogo imersivo e estimulante que o fa\u00e7a voltar para jogar mais.<\/p>\n<h2>A diferen\u00e7a da RocketPlay: Onde a inova\u00e7\u00e3o encontra o entretenimento<\/h2>\n<p>O RocketPlay Casino se destaca da multid\u00e3o ao combinar perfeitamente inova\u00e7\u00e3o e entretenimento. Combinamos os melhores elementos dos cassinos tradicionais com tecnologia de ponta, criando uma aventura de jogo inigual\u00e1vel. Ao entrar em nossa plataforma, voc\u00ea notar\u00e1 a diferen\u00e7a &#8211; uma interface com tema espacial que captura a ess\u00eancia da explora\u00e7\u00e3o e da descoberta.<\/p>\n<h2>Uma Gal\u00e1xia de Jogos: Liberte o jogador que h\u00e1 em voc\u00ea<\/h2>\n<p>Embarque em uma jornada por nossa vasta gal\u00e1xia de jogos, onde cada giro, jogada ou transa\u00e7\u00e3o \u00e9 uma aventura c\u00f3smica. Criamos uma extensa cole\u00e7\u00e3o de jogos para atender a todos os gostos e prefer\u00eancias. Seja voc\u00ea um f\u00e3 de ca\u00e7a-n\u00edqueis cl\u00e1ssicos, p\u00f4quer, blackjack ou dos mais recentes ca\u00e7a-n\u00edqueis de v\u00eddeo com gr\u00e1ficos impressionantes, o RocketPlay Casino tem tudo o que voc\u00ea precisa. Nossas parcerias com desenvolvedores de jogos de primeira linha garantem uma biblioteca de jogos em constante evolu\u00e7\u00e3o que acompanha as \u00faltimas tend\u00eancias.<\/p>\n<h2>Seguran\u00e7a: Seu ref\u00fagio seguro na gal\u00e1xia<\/h2>\n<p>Sua seguran\u00e7a \u00e9 nossa maior prioridade no RocketPlay Casino. Entendemos a import\u00e2ncia de um ambiente de jogo seguro e implementamos medidas de \u00faltima gera\u00e7\u00e3o para proteger seus dados e transa\u00e7\u00f5es. Nossa plataforma utiliza a mais recente tecnologia de criptografia, proporcionando-lhe um ref\u00fagio para explorar as maravilhas de nossa gal\u00e1xia de jogos sem qualquer preocupa\u00e7\u00e3o.<\/p>\n<h2>Jogos Respons\u00e1veis: Navegando no Cosmos com Responsabilidade<\/h2>\n<p>O RocketPlay Casino tem o compromisso de promover pr\u00e1ticas de jogo respons\u00e1veis. Acreditamos que o entretenimento deve ser desfrutado com responsabilidade e fornecemos ferramentas e recursos para ajud\u00e1-lo a manter o controle de sua experi\u00eancia de jogo. Estabele\u00e7a limites, fa\u00e7a pausas e explore nossos recursos de jogo respons\u00e1vel para garantir que seu tempo no RocketPlay continue sendo uma experi\u00eancia positiva e agrad\u00e1vel.<\/p>\n<h2>B\u00f4nus e promo\u00e7\u00f5es: Atirando nas estrelas<\/h2>\n<p>Prepare-se para decolar com nossos b\u00f4nus e promo\u00e7\u00f5es estelares. No RocketPlay Casino, recompensamos nossos jogadores quando eles se juntam \u00e0 nossa comunidade c\u00f3smica. Desfrute de um b\u00f4nus de boas-vindas que o coloca em \u00f3rbita e fique de olho nas promo\u00e7\u00f5es regulares que adicionam combust\u00edvel extra \u00e0s suas sess\u00f5es de jogo. Nosso programa de fidelidade garante que quanto mais voc\u00ea joga, mais recompensas voc\u00ea ganha &#8211; alcan\u00e7ar novos patamares nunca foi t\u00e3o gratificante!<\/p>\n<h2>Suporte ao cliente: Sua equipe de controle de solo<\/h2>\n<p>O RocketPlay Casino \u00e9 mais do que apenas uma plataforma de jogos; somos a sua equipe dedicada de controle de solo. Nosso suporte ao cliente est\u00e1 dispon\u00edvel 24 horas por dia, 7 dias por semana, pronto para ajud\u00e1-lo com qualquer d\u00favida ou preocupa\u00e7\u00e3o. Seja voc\u00ea um explorador espacial experiente ou um novato na gal\u00e1xia dos jogos, nossa equipe de suporte amig\u00e1vel e experiente est\u00e1 aqui para garantir que sua experi\u00eancia no RocketPlay seja tranquila e agrad\u00e1vel.<\/p>\n<h2>Jogos para celular: A gal\u00e1xia em seu bolso<\/h2>\n<p>Experimente o RocketPlay Casino a qualquer hora, em qualquer lugar, com nossa plataforma de jogos para celular. A Gal\u00e1xia agora est\u00e1 em seu bolso, permitindo que voc\u00ea aproveite seus jogos favoritos em qualquer lugar. Quer esteja esperando o lan\u00e7amento de um foguete ou simplesmente relaxando em casa, nossa plataforma m\u00f3vel garante que a emo\u00e7\u00e3o do RocketPlay esteja sempre ao seu alcance.<\/p>\n<h2>Comunidade: Junte-se \u00e0 Gal\u00e1xia RocketPlay<\/h2>\n<p>O RocketPlay Casino \u00e9 mais do que uma plataforma; \u00e9 uma comunidade de jogadores que compartilham a paix\u00e3o pela explora\u00e7\u00e3o e pela divers\u00e3o. Conecte-se com outros jogadores, compartilhe suas experi\u00eancias e participe de eventos da comunidade que unem a Gal\u00e1xia. Nossos f\u00f3runs e canais de m\u00eddia social permitem que voc\u00ea se envolva com outros jogadores, compartilhe estrat\u00e9gias e fique atualizado sobre os \u00faltimos acontecimentos no universo RocketPlay.<\/p>\n<h2>Lan\u00e7amento no futuro dos jogos com o RocketPlay Casino<\/h2>\n<p>No vasto cosmos dos jogos on-line, o RocketPlay Casino \u00e9 o seu ingresso para um futuro de emo\u00e7\u00e3o, inova\u00e7\u00e3o e entretenimento sem limites. Desde a nossa miss\u00e3o de despertar a divers\u00e3o nos jogos at\u00e9 o nosso compromisso com a seguran\u00e7a, o jogo respons\u00e1vel e o excelente atendimento ao cliente &#8211; o RocketPlay \u00e9 mais do que um cassino on-line; \u00e9 uma aventura no desconhecido.<\/p>\n<p>Junte-se a n\u00f3s nessa jornada c\u00f3smica e, juntos, vamos redefinir os limites dos jogos on-line. RocketPlay Casino &#8211; onde o universo da divers\u00e3o encontra a emo\u00e7\u00e3o da explora\u00e7\u00e3o!<\/p>\n","protected":false},"excerpt":{"rendered":"<p>Bem-vindo ao RocketPlay Casino, onde a emo\u00e7\u00e3o dos jogos encontra o entusiasmo da explora\u00e7\u00e3o espacial. Descubra um universo de entretenimento, inova\u00e7\u00e3o e recompensas estelares enquanto redefinimos a experi\u00eancia do cassino on-line. Nossa miss\u00e3o: Acender a Divers\u00e3o nos Jogos No RocketPlay Casino, nossa miss\u00e3o \u00e9 simples: despertar a divers\u00e3o nos jogos. Todo jogador merece uma experi\u00eancia&#8230;<\/p>\n","protected":false},"author":1,"featured_media":0,"parent":0,"menu_order":0,"comment_status":"closed","ping_status":"closed","template":"page-with-bonus.php","meta":{"_acf_changed":false,"_kad_post_transparent":"default","_kad_post_title":"default","_kad_post_layout":"default","_kad_post_sidebar_id":"","_kad_post_content_style":"default","_kad_post_vertical_padding":"default","_kad_post_feature":"","_kad_post_feature_position":"","_kad_post_header":false,"_kad_post_footer":false,"footnotes":""},"class_list":["post-4302","page","type-page","status-publish","hentry"],"acf":[],"rttpg_featured_image_url":null,"rttpg_author":{"display_name":"Tom","author_link":"https:\/\/rocketplay-game.com\/pt-br\/author\/pemvas95n89x\/"},"rttpg_comment":0,"rttpg_category":null,"rttpg_excerpt":"Bem-vindo ao RocketPlay Casino, onde a emo\u00e7\u00e3o dos jogos encontra o entusiasmo da explora\u00e7\u00e3o espacial. Descubra um universo de entretenimento, inova\u00e7\u00e3o e recompensas estelares enquanto redefinimos a experi\u00eancia do cassino on-line. Nossa miss\u00e3o: Acender a Divers\u00e3o nos Jogos No RocketPlay Casino, nossa miss\u00e3o \u00e9 simples: despertar a divers\u00e3o nos jogos. Todo jogador merece uma experi\u00eancia...","_links":{"self":[{"href":"https:\/\/rocketplay-game.com\/pt-br\/wp-json\/wp\/v2\/pages\/4302","targetHints":{"allow":["GET"]}}],"collection":[{"href":"https:\/\/rocketplay-game.com\/pt-br\/wp-json\/wp\/v2\/pages"}],"about":[{"href":"https:\/\/rocketplay-game.com\/pt-br\/wp-json\/wp\/v2\/types\/page"}],"author":[{"embeddable":true,"href":"https:\/\/rocketplay-game.com\/pt-br\/wp-json\/wp\/v2\/users\/1"}],"replies":[{"embeddable":true,"href":"https:\/\/rocketplay-game.com\/pt-br\/wp-json\/wp\/v2\/comments?post=4302"}],"version-history":[{"count":1,"href":"https:\/\/rocketplay-game.com\/pt-br\/wp-json\/wp\/v2\/pages\/4302\/revisions"}],"predecessor-version":[{"id":4303,"href":"https:\/\/rocketplay-game.com\/pt-br\/wp-json\/wp\/v2\/pages\/4302\/revisions\/4303"}],"wp:attachment":[{"href":"https:\/\/rocketplay-game.com\/pt-br\/wp-json\/wp\/v2\/media?parent=4302"}],"curies":[{"name":"wp","href":"https:\/\/api.w.org\/{rel}","templated":true}]}}