{"id":4327,"date":"2024-01-22T15:56:52","date_gmt":"2024-01-22T12:56:52","guid":{"rendered":"https:\/\/rocketplay-game.com\/aml-policy\/"},"modified":"2024-01-22T17:29:27","modified_gmt":"2024-01-22T14:29:27","slug":"aml-policy","status":"publish","type":"page","link":"https:\/\/rocketplay-game.com\/pt-br\/aml-policy\/","title":{"rendered":"Pol\u00edtica AML"},"content":{"rendered":"<p>No RocketPlay Casino, reconhecemos a import\u00e2ncia de manter os mais altos padr\u00f5es de integridade e seguran\u00e7a. Nossa pol\u00edtica de AML \u00e9 uma estrutura abrangente para detectar e prevenir poss\u00edveis atividades de lavagem de dinheiro em nossa plataforma. Ao aderir a diretrizes regulat\u00f3rias rigorosas, garantimos que nosso cassino continue sendo um para\u00edso para o entretenimento, mantendo as atividades nefastas afastadas.<\/p>\n<h2>Procedimentos de identifica\u00e7\u00e3o e verifica\u00e7\u00e3o<\/h2>\n<p>Para fortalecer nossas defesas contra a lavagem de dinheiro, o RocketPlay Casino emprega procedimentos robustos de identifica\u00e7\u00e3o e verifica\u00e7\u00e3o. Quando um jogador se registra em nossa plataforma, exigimos que ele forne\u00e7a informa\u00e7\u00f5es precisas e atualizadas, incluindo detalhes pessoais e informa\u00e7\u00f5es financeiras. Esses dados s\u00e3o ent\u00e3o submetidos a um exame minucioso para confirmar sua legitimidade.<\/p>\n<p>Nossos processos de verifica\u00e7\u00e3o de \u00faltima gera\u00e7\u00e3o envolvem autentica\u00e7\u00e3o de documentos e empregam tecnologia avan\u00e7ada para detectar quaisquer anomalias ou discrep\u00e2ncias. Essa abordagem multifacetada garante que todos os jogadores do RocketPlay Casino passem por um processo de verifica\u00e7\u00e3o minucioso, contribuindo para um ambiente de jogo seguro e confi\u00e1vel.<\/p>\n<h2>Avalia\u00e7\u00e3o e monitoramento de riscos<\/h2>\n<p>Entendendo que os riscos evoluem, o RocketPlay Casino realiza avalia\u00e7\u00f5es de risco cont\u00ednuas para ficar um passo \u00e0 frente das amea\u00e7as potenciais de lavagem de dinheiro. Ao empregar tecnologia e an\u00e1lise de ponta, monitoramos o comportamento dos jogadores em tempo real, identificando padr\u00f5es ou transa\u00e7\u00f5es incomuns que possam indicar atividades il\u00edcitas.<\/p>\n<p>Nossos protocolos de avalia\u00e7\u00e3o de risco s\u00e3o din\u00e2micos, adaptando-se \u00e0s tend\u00eancias emergentes e garantindo que nossas defesas evoluam junto com as poss\u00edveis amea\u00e7as. Essa abordagem proativa nos permite abordar e mitigar prontamente quaisquer riscos associados \u00e0 lavagem de dinheiro, protegendo assim a integridade do nosso cassino.<\/p>\n<h2>Monitoramento de transa\u00e7\u00f5es e relat\u00f3rios<\/h2>\n<p>O RocketPlay Casino emprega um sistema rigoroso de monitoramento de transa\u00e7\u00f5es para identificar prontamente atividades financeiras suspeitas. Transa\u00e7\u00f5es grandes ou comuns disparam alertas autom\u00e1ticos, levando a uma investiga\u00e7\u00e3o minuciosa por nossa equipe dedicada de AML. Essa equipe \u00e9 treinada para reconhecer padr\u00f5es e comportamentos associados \u00e0 lavagem de dinheiro e age rapidamente para evitar qualquer dano potencial.<\/p>\n<p>Em conformidade com os requisitos regulamentares, tamb\u00e9m mantemos linhas abertas de comunica\u00e7\u00e3o com as autoridades relevantes, relatando quaisquer atividades suspeitas, conforme exigido. Essa colabora\u00e7\u00e3o garante que o RocketPlay Casino contribua ativamente para o esfor\u00e7o global contra a lavagem de dinheiro, promovendo um ambiente de jogo on-line mais seguro para todos.<\/p>\n<h2>Medidas de Dilig\u00eancia Devida do Cliente (CDD)<\/h2>\n<p>A Due Diligence do Cliente \u00e9 a pedra angular da pol\u00edtica AML do RocketPlay Casino. Ao realizar verifica\u00e7\u00f5es completas dos antecedentes de nossos jogadores, aumentamos nossa capacidade de detectar e prevenir atividades de lavagem de dinheiro de forma eficaz. Isso inclui monitorar e verificar a origem dos fundos, averiguar a legitimidade das transa\u00e7\u00f5es financeiras do jogador e garantir que o nosso cassino n\u00e3o seja usado inadvertidamente como uma ferramenta para lavagem de dinheiro.<\/p>\n<p>Nosso compromisso com o CDD vai al\u00e9m da configura\u00e7\u00e3o inicial da conta; periodicamente, revisamos e atualizamos os perfis dos clientes para refletir quaisquer mudan\u00e7as em seu comportamento financeiro. Essa dilig\u00eancia cont\u00ednua nos permite manter uma postura vigilante contra poss\u00edveis riscos e proteger os interesses de nossos jogadores leg\u00edtimos.<\/p>\n<h2>Treinamento e conscientiza\u00e7\u00e3o dos funcion\u00e1rios<\/h2>\n<p>Garantir o sucesso da nossa pol\u00edtica de AML requer o envolvimento ativo de todos os membros da equipe do RocketPlay Casino. Investimos significativamente no treinamento de nossa equipe para reconhecer e responder a poss\u00edveis atividades de lavagem de dinheiro. Ao promover uma cultura de conscientiza\u00e7\u00e3o e responsabilidade, capacitamos nossos funcion\u00e1rios a desempenhar um papel ativo na manuten\u00e7\u00e3o da integridade de nossa plataforma.<\/p>\n<p>Sess\u00f5es regulares de treinamento mant\u00eam nossa equipe a par das mais recentes t\u00e1ticas de lavagem de dinheiro, mudan\u00e7as regulat\u00f3rias e desenvolvimentos. Essa abordagem proativa fortalece nossas defesas e inspira confian\u00e7a em nossos jogadores, assegurando-lhes que estamos comprometidos em oferecer uma experi\u00eancia de jogo segura e justa.<\/p>\n<h2>Fortalecendo o Jogo Limpo no Cassino RocketPlay<\/h2>\n<p>A pol\u00edtica AML do RocketPlay Casino \u00e9 mais do que apenas um conjunto de diretrizes; \u00e9 um compromisso com o jogo limpo, a seguran\u00e7a e a transpar\u00eancia. Ao implementar processos rigorosos de identifica\u00e7\u00e3o, monitoramento e relat\u00f3rios, criamos um ambiente de jogo que entret\u00e9m e protege os interesses de nossos jogadores e da comunidade em geral. \u00c0 medida que evolu\u00edmos em conjunto com o cen\u00e1rio em constante mudan\u00e7a dos jogos on-line, nossa pol\u00edtica de AML continua sendo uma pedra angular, garantindo que o RocketPlay Casino n\u00e3o seja apenas um destino de entretenimento, mas um para\u00edso de confian\u00e7a e integridade.<\/p>\n","protected":false},"excerpt":{"rendered":"<p>No RocketPlay Casino, reconhecemos a import\u00e2ncia de manter os mais altos padr\u00f5es de integridade e seguran\u00e7a. Nossa pol\u00edtica de AML \u00e9 uma estrutura abrangente para detectar e prevenir poss\u00edveis atividades de lavagem de dinheiro em nossa plataforma. Ao aderir a diretrizes regulat\u00f3rias rigorosas, garantimos que nosso cassino continue sendo um para\u00edso para o entretenimento, mantendo&#8230;<\/p>\n","protected":false},"author":1,"featured_media":0,"parent":0,"menu_order":0,"comment_status":"closed","ping_status":"closed","template":"page-with-bonus.php","meta":{"_acf_changed":false,"_kad_post_transparent":"default","_kad_post_title":"default","_kad_post_layout":"default","_kad_post_sidebar_id":"","_kad_post_content_style":"default","_kad_post_vertical_padding":"default","_kad_post_feature":"","_kad_post_feature_position":"","_kad_post_header":false,"_kad_post_footer":false,"footnotes":""},"class_list":["post-4327","page","type-page","status-publish","hentry"],"acf":[],"rttpg_featured_image_url":null,"rttpg_author":{"display_name":"Tom","author_link":"https:\/\/rocketplay-game.com\/pt-br\/author\/pemvas95n89x\/"},"rttpg_comment":0,"rttpg_category":null,"rttpg_excerpt":"No RocketPlay Casino, reconhecemos a import\u00e2ncia de manter os mais altos padr\u00f5es de integridade e seguran\u00e7a. Nossa pol\u00edtica de AML \u00e9 uma estrutura abrangente para detectar e prevenir poss\u00edveis atividades de lavagem de dinheiro em nossa plataforma. Ao aderir a diretrizes regulat\u00f3rias rigorosas, garantimos que nosso cassino continue sendo um para\u00edso para o entretenimento, mantendo...","_links":{"self":[{"href":"https:\/\/rocketplay-game.com\/pt-br\/wp-json\/wp\/v2\/pages\/4327","targetHints":{"allow":["GET"]}}],"collection":[{"href":"https:\/\/rocketplay-game.com\/pt-br\/wp-json\/wp\/v2\/pages"}],"about":[{"href":"https:\/\/rocketplay-game.com\/pt-br\/wp-json\/wp\/v2\/types\/page"}],"author":[{"embeddable":true,"href":"https:\/\/rocketplay-game.com\/pt-br\/wp-json\/wp\/v2\/users\/1"}],"replies":[{"embeddable":true,"href":"https:\/\/rocketplay-game.com\/pt-br\/wp-json\/wp\/v2\/comments?post=4327"}],"version-history":[{"count":1,"href":"https:\/\/rocketplay-game.com\/pt-br\/wp-json\/wp\/v2\/pages\/4327\/revisions"}],"predecessor-version":[{"id":4328,"href":"https:\/\/rocketplay-game.com\/pt-br\/wp-json\/wp\/v2\/pages\/4327\/revisions\/4328"}],"wp:attachment":[{"href":"https:\/\/rocketplay-game.com\/pt-br\/wp-json\/wp\/v2\/media?parent=4327"}],"curies":[{"name":"wp","href":"https:\/\/api.w.org\/{rel}","templated":true}]}}