{"id":4342,"date":"2024-01-22T16:01:41","date_gmt":"2024-01-22T13:01:41","guid":{"rendered":"https:\/\/rocketplay-game.com\/bonus-policy\/"},"modified":"2024-01-22T17:47:05","modified_gmt":"2024-01-22T14:47:05","slug":"bonus-policy","status":"publish","type":"page","link":"https:\/\/rocketplay-game.com\/pt-br\/bonus-policy\/","title":{"rendered":"Pol\u00edtica de b\u00f4nus"},"content":{"rendered":"<p>Os cassinos on-line se tornaram um centro pr\u00f3spero de entretenimento e emo\u00e7\u00e3o, oferecendo aos jogadores um ref\u00fagio virtual para se entregarem aos seus jogos favoritos. O RocketPlay Casino, um pioneiro na ind\u00fastria de jogos on-line, oferece uma experi\u00eancia de jogo estelar e ado\u00e7a o neg\u00f3cio com uma atraente Pol\u00edtica de B\u00f4nus. Vamos mergulhar nos detalhes dessa pol\u00edtica, explorando os v\u00e1rios b\u00f4nus que aguardam os jogadores nessa plataforma intergal\u00e1ctica de jogos.<\/p>\n<h3>B\u00f4nus de boas-vindas: lan\u00e7ando sua aventura<\/h3>\n<p>Embarcar em sua jornada no RocketPlay \u00e9 uma experi\u00eancia emocionante, que se torna ainda mais empolgante com o generoso b\u00f4nus de boas-vindas. O RocketPlay Casino leva a hospitalidade a novos patamares ao oferecer um pacote de b\u00f4nus substancial aos novos jogadores. Ao se cadastrar e fazer o dep\u00f3sito inicial, os jogadores s\u00e3o recebidos com um impulso de foguete em seu saldo de jogo. Essa muni\u00e7\u00e3o extra permite que eles explorem a vasta gal\u00e1xia de jogos dispon\u00edveis na plataforma, preparando o terreno para uma viagem \u00e9pica nos jogos.<\/p>\n<h2>B\u00f4nus de recarga: Mantenha o \u00edmpeto<\/h2>\n<p>A empolga\u00e7\u00e3o n\u00e3o diminui ap\u00f3s a decolagem inicial. O RocketPlay entende a import\u00e2ncia de manter o ritmo, e \u00e9 a\u00ed que os B\u00f4nus de Recarga entram em a\u00e7\u00e3o. Os jogadores regulares podem desfrutar de B\u00f4nus de Recarga peri\u00f3dicos, dando \u00e0s suas contas um impulso refrescante sempre que fizerem dep\u00f3sitos subsequentes. Esses b\u00f4nus s\u00e3o projetados para manter as emo\u00e7\u00f5es vivas, garantindo que os jogadores possam continuar a explorar a gama diversificada de jogos sem quaisquer restri\u00e7\u00f5es financeiras.<\/p>\n<h2>Giros Gr\u00e1tis: Libere o Frenesi das Rodadas<\/h2>\n<p>Para os entusiastas de ca\u00e7a-n\u00edqueis, o RocketPlay Casino apresenta um b\u00f4nus eletrizante de Giros Gr\u00e1tis. Essas rodadas gratuitas permitem que os jogadores tentem a sorte nos jogos de ca\u00e7a-n\u00edqueis mais recentes e populares sem precisar investir em seus pr\u00f3prios fundos. Seja desvendando os mist\u00e9rios de civiliza\u00e7\u00f5es antigas ou se aventurando em reinos fant\u00e1sticos de criaturas m\u00edticas, as Rodadas Gr\u00e1tis estimulam a experi\u00eancia de jogo.<\/p>\n<h2>Programa VIP: Suba \u00e0s Alturas Celestiais<\/h2>\n<p>O RocketPlay Casino acredita na recompensa da lealdade e seu Programa VIP \u00e9 uma prova desse compromisso. \u00c0 medida que os jogadores continuam sua jornada c\u00f3smica na plataforma, eles acumulam pontos de fidelidade que abrem caminho para o status VIP. Uma vez admitidos nas fileiras VIP, os jogadores desbloqueiam um tesouro de b\u00f4nus exclusivos, ofertas personalizadas e tempos de saque ainda mais r\u00e1pidos. O RocketPlay se orgulha de tratar seus VIPs como a realeza celestial, garantindo que sua lealdade seja atendida com vantagens e privil\u00e9gios incompar\u00e1veis.<\/p>\n<h2>B\u00f4nus de Cashback: Uma rede de seguran\u00e7a na gal\u00e1xia dos jogos<\/h2>\n<p>O universo dos jogos on-line \u00e9 imprevis\u00edvel, e o RocketPlay Casino entende que at\u00e9 mesmo os jogadores mais habilidosos podem se deparar com um contratempo c\u00f3smico. Para amenizar o impacto de uma mar\u00e9 de azar, o RocketPlay oferece B\u00f4nus de Cashback. Esses b\u00f4nus oferecem aos jogadores uma porcentagem de suas perdas l\u00edquidas de volta, agindo como uma rede de seguran\u00e7a na vasta extens\u00e3o da gal\u00e1xia dos jogos. \u00c9 um gesto atencioso que garante que os jogadores possam se recuperar e continuar sua aventura intergal\u00e1ctica com entusiasmo renovado.<\/p>\n<h2>Promo\u00e7\u00f5es sazonais e especiais: Surpresas Celestiais<\/h2>\n<p>O RocketPlay Casino mant\u00e9m constantemente seus jogadores atentos com uma lista rotativa de promo\u00e7\u00f5es sazonais e especiais. De b\u00f4nus com tema de f\u00e9rias a brindes surpresa, essas promo\u00e7\u00f5es injetam um elemento de imprevisibilidade na experi\u00eancia de jogo. Os jogadores podem antecipar surpresas celestiais que adicionam uma camada extra de emo\u00e7\u00e3o \u00e0 sua aventura no RocketPlay, tornando cada visita ao cassino um evento \u00fanico e memor\u00e1vel.<\/p>\n<h2>Requisitos de apostas: Navegando pelas letras mi\u00fadas c\u00f3smicas<\/h2>\n<p>Embora os b\u00f4nus do RocketPlay Casino sejam inegavelmente atraentes, \u00e9 essencial navegar pelas letras mi\u00fadas c\u00f3smicas. Os requisitos de apostas, um aspecto comum dos b\u00f4nus de cassino on-line, determinam o n\u00famero de vezes que os jogadores devem apostar o valor do b\u00f4nus antes de serem eleg\u00edveis para retirar quaisquer ganhos. O RocketPlay mant\u00e9m requisitos de apostas transparentes e razo\u00e1veis, garantindo que os jogadores possam aproveitar seus b\u00f4nus com uma compreens\u00e3o clara dos termos e condi\u00e7\u00f5es.<\/p>\n<h2>Eleve sua experi\u00eancia de jogo com o RocketPlay Casino<\/h2>\n<p>A Pol\u00edtica de B\u00f4nus do RocketPlay Casino \u00e9 um exemplo estelar de como uma plataforma de jogos on-line pode elevar a experi\u00eancia do jogador. Desde o explosivo B\u00f4nus de Boas-Vindas at\u00e9 as vantagens celestiais do Programa VIP, o RocketPlay vai al\u00e9m para atender \u00e0s diversas prefer\u00eancias de seus jogadores. O universo dos jogos \u00e9 vasto, e a RocketPlay garante que todos os jogadores, sejam eles novatos ou entusiastas experientes, possam navegar por essa extens\u00e3o c\u00f3smica com uma vantagem de foguete. Ao embarcar em sua aventura nos jogos, deixe que o RocketPlay Casino seja seu guia, impulsionando-o a novos patamares de emo\u00e7\u00e3o e entretenimento na gal\u00e1xia em constante expans\u00e3o dos jogos on-line.<\/p>\n","protected":false},"excerpt":{"rendered":"<p>Os cassinos on-line se tornaram um centro pr\u00f3spero de entretenimento e emo\u00e7\u00e3o, oferecendo aos jogadores um ref\u00fagio virtual para se entregarem aos seus jogos favoritos. O RocketPlay Casino, um pioneiro na ind\u00fastria de jogos on-line, oferece uma experi\u00eancia de jogo estelar e ado\u00e7a o neg\u00f3cio com uma atraente Pol\u00edtica de B\u00f4nus. Vamos mergulhar nos detalhes&#8230;<\/p>\n","protected":false},"author":1,"featured_media":0,"parent":0,"menu_order":0,"comment_status":"closed","ping_status":"closed","template":"page-with-bonus.php","meta":{"_acf_changed":false,"_kad_post_transparent":"default","_kad_post_title":"default","_kad_post_layout":"default","_kad_post_sidebar_id":"","_kad_post_content_style":"default","_kad_post_vertical_padding":"default","_kad_post_feature":"","_kad_post_feature_position":"","_kad_post_header":false,"_kad_post_footer":false,"footnotes":""},"class_list":["post-4342","page","type-page","status-publish","hentry"],"acf":[],"rttpg_featured_image_url":null,"rttpg_author":{"display_name":"Tom","author_link":"https:\/\/rocketplay-game.com\/pt-br\/author\/pemvas95n89x\/"},"rttpg_comment":0,"rttpg_category":null,"rttpg_excerpt":"Os cassinos on-line se tornaram um centro pr\u00f3spero de entretenimento e emo\u00e7\u00e3o, oferecendo aos jogadores um ref\u00fagio virtual para se entregarem aos seus jogos favoritos. O RocketPlay Casino, um pioneiro na ind\u00fastria de jogos on-line, oferece uma experi\u00eancia de jogo estelar e ado\u00e7a o neg\u00f3cio com uma atraente Pol\u00edtica de B\u00f4nus. Vamos mergulhar nos detalhes...","_links":{"self":[{"href":"https:\/\/rocketplay-game.com\/pt-br\/wp-json\/wp\/v2\/pages\/4342","targetHints":{"allow":["GET"]}}],"collection":[{"href":"https:\/\/rocketplay-game.com\/pt-br\/wp-json\/wp\/v2\/pages"}],"about":[{"href":"https:\/\/rocketplay-game.com\/pt-br\/wp-json\/wp\/v2\/types\/page"}],"author":[{"embeddable":true,"href":"https:\/\/rocketplay-game.com\/pt-br\/wp-json\/wp\/v2\/users\/1"}],"replies":[{"embeddable":true,"href":"https:\/\/rocketplay-game.com\/pt-br\/wp-json\/wp\/v2\/comments?post=4342"}],"version-history":[{"count":1,"href":"https:\/\/rocketplay-game.com\/pt-br\/wp-json\/wp\/v2\/pages\/4342\/revisions"}],"predecessor-version":[{"id":4343,"href":"https:\/\/rocketplay-game.com\/pt-br\/wp-json\/wp\/v2\/pages\/4342\/revisions\/4343"}],"wp:attachment":[{"href":"https:\/\/rocketplay-game.com\/pt-br\/wp-json\/wp\/v2\/media?parent=4342"}],"curies":[{"name":"wp","href":"https:\/\/api.w.org\/{rel}","templated":true}]}}