{"id":4375,"date":"2024-01-22T15:02:18","date_gmt":"2024-01-22T12:02:18","guid":{"rendered":"https:\/\/rocketplay-game.com\/contact-us\/"},"modified":"2024-01-22T17:57:40","modified_gmt":"2024-01-22T14:57:40","slug":"contact-us","status":"publish","type":"page","link":"https:\/\/rocketplay-game.com\/pt-br\/contact-us\/","title":{"rendered":"Entre em contato conosco"},"content":{"rendered":"<p>Entendemos que navegar na gal\u00e1xia do jogo pode levantar d\u00favidas ou despertar curiosidade. \u00c9 por isso que o RocketPlay Casino oferece um servi\u00e7o de contato eficiente e acess\u00edvel, garantindo que suas perguntas sejam atendidas com assist\u00eancia r\u00e1pida e \u00fatil.<\/p>\n<h2>Suporte ao Cliente: Assist\u00eancia 24 horas por dia<\/h2>\n<p>No RocketPlay Casino, o nosso Suporte ao Cliente \u00e9 o seu recurso de refer\u00eancia para quaisquer d\u00favidas, preocupa\u00e7\u00f5es ou assist\u00eancia. Nossa equipe de profissionais dedicados opera 24 horas por dia, 7 dias por semana, pronta para fornecer suporte 24 horas por dia aos jogadores de todos os cantos da gal\u00e1xia. Quer esteja enfrentando problemas t\u00e9cnicos, tenha d\u00favidas sobre promo\u00e7\u00f5es ou precise de orienta\u00e7\u00e3o, nossa equipe de Suporte ao Cliente garante que sua experi\u00eancia no RocketPlay permane\u00e7a tranquila e agrad\u00e1vel.<\/p>\n<h2>Op\u00e7\u00f5es de contato: Escolha seu canal preferido<\/h2>\n<p>O RocketPlay Casino entende que as prefer\u00eancias de comunica\u00e7\u00e3o variam, por isso oferecemos v\u00e1rios canais de contato para atender \u00e0s suas necessidades. Voc\u00ea pode entrar em contato com a nossa equipe de Suporte ao Cliente por e-mail, chat ao vivo ou pela nossa linha direta dedicada. Por favor, escolha a op\u00e7\u00e3o que melhor se adapta ao seu estilo de comunica\u00e7\u00e3o, e tenha certeza de que nossa equipe est\u00e1 pronta para ajud\u00e1-lo prontamente.<\/p>\n<h2>Suporte por e-mail: Consultas por escrito tratadas com cuidado<\/h2>\n<p>Nosso suporte por e-mail \u00e9 o canal perfeito para jogadores que preferem um registro por escrito de suas consultas ou que t\u00eam perguntas mais detalhadas. Envie-nos um e-mail descrevendo sua d\u00favida e nossa equipe de suporte responder\u00e1 com a precis\u00e3o e o cuidado pelos quais a RocketPlay \u00e9 conhecida. Espere uma resposta completa e \u00fatil que atenda prontamente \u00e0s suas preocupa\u00e7\u00f5es.<\/p>\n<h2>Bate-papo ao vivo: Assist\u00eancia instant\u00e2nea na ponta de seus dedos<\/h2>\n<p>Nosso recurso de bate-papo ao vivo est\u00e1 a apenas um clique de dist\u00e2ncia se voc\u00ea estiver procurando por assist\u00eancia imediata. Conecte-se com um membro da nossa equipe de suporte ao cliente em tempo real, permitindo uma resolu\u00e7\u00e3o r\u00e1pida e eficiente de suas preocupa\u00e7\u00f5es. A op\u00e7\u00e3o de bate-papo ao vivo \u00e9 perfeita quando voc\u00ea precisa de respostas ou orienta\u00e7\u00f5es instant\u00e2neas enquanto explora o universo do RocketPlay.<\/p>\n<h2>Hotline: Conex\u00e3o direta para quest\u00f5es urgentes<\/h2>\n<p>Nossa linha direta oferece uma conex\u00e3o direta e imediata com nossa equipe de suporte ao cliente para assuntos urgentes ou situa\u00e7\u00f5es em que \u00e9 necess\u00e1rio um toque pessoal. Nossa linha direta dedicada \u00e9 operada por profissionais experientes e simp\u00e1ticos, prontos para ajud\u00e1-lo com qualquer problema urgente, garantindo que voc\u00ea receba o suporte de que precisa quando necess\u00e1rio.<\/p>\n<h2>Feedback: Sua voz molda a experi\u00eancia do RocketPlay<\/h2>\n<p>O RocketPlay Casino valoriza o seu feedback, e n\u00f3s o encorajamos a compartilhar seus pensamentos, sugest\u00f5es e experi\u00eancias conosco. Sua opini\u00e3o nos ajuda a melhorar e aprimorar continuamente o universo de jogos do RocketPlay. Se tiver ideias para novos recursos ou melhorias ou quiser compartilhar suas experi\u00eancias positivas, agradecemos seu feedback como parte integrante de nosso compromisso de oferecer a melhor experi\u00eancia de jogo poss\u00edvel.<\/p>\n<h2>Contato RocketPlay Casino &#8211; Sua porta de entrada para um suporte excepcional<\/h2>\n<p>No RocketPlay Casino, n\u00f3s nos orgulhamos de proporcionar uma experi\u00eancia de jogo excepcional e de oferecer um suporte excepcional ao cliente. O nosso servi\u00e7o Fale Conosco foi criado para ser a sua linha direta com a nossa excelente equipe de suporte, garantindo que a sua jornada pela gal\u00e1xia dos jogos seja tranquila, agrad\u00e1vel e sem complica\u00e7\u00f5es. Entre em contato conosco hoje mesmo e deixe que o RocketPlay Casino eleve sua experi\u00eancia de jogo a novos patamares!<\/p>\n","protected":false},"excerpt":{"rendered":"<p>Entendemos que navegar na gal\u00e1xia do jogo pode levantar d\u00favidas ou despertar curiosidade. \u00c9 por isso que o RocketPlay Casino oferece um servi\u00e7o de contato eficiente e acess\u00edvel, garantindo que suas perguntas sejam atendidas com assist\u00eancia r\u00e1pida e \u00fatil. Suporte ao Cliente: Assist\u00eancia 24 horas por dia No RocketPlay Casino, o nosso Suporte ao Cliente&#8230;<\/p>\n","protected":false},"author":1,"featured_media":0,"parent":0,"menu_order":0,"comment_status":"closed","ping_status":"closed","template":"page-with-bonus.php","meta":{"_acf_changed":false,"_kad_post_transparent":"default","_kad_post_title":"default","_kad_post_layout":"default","_kad_post_sidebar_id":"","_kad_post_content_style":"default","_kad_post_vertical_padding":"default","_kad_post_feature":"","_kad_post_feature_position":"","_kad_post_header":false,"_kad_post_footer":false,"footnotes":""},"class_list":["post-4375","page","type-page","status-publish","hentry"],"acf":[],"rttpg_featured_image_url":null,"rttpg_author":{"display_name":"Tom","author_link":"https:\/\/rocketplay-game.com\/pt-br\/author\/pemvas95n89x\/"},"rttpg_comment":0,"rttpg_category":null,"rttpg_excerpt":"Entendemos que navegar na gal\u00e1xia do jogo pode levantar d\u00favidas ou despertar curiosidade. \u00c9 por isso que o RocketPlay Casino oferece um servi\u00e7o de contato eficiente e acess\u00edvel, garantindo que suas perguntas sejam atendidas com assist\u00eancia r\u00e1pida e \u00fatil. Suporte ao Cliente: Assist\u00eancia 24 horas por dia No RocketPlay Casino, o nosso Suporte ao Cliente...","_links":{"self":[{"href":"https:\/\/rocketplay-game.com\/pt-br\/wp-json\/wp\/v2\/pages\/4375","targetHints":{"allow":["GET"]}}],"collection":[{"href":"https:\/\/rocketplay-game.com\/pt-br\/wp-json\/wp\/v2\/pages"}],"about":[{"href":"https:\/\/rocketplay-game.com\/pt-br\/wp-json\/wp\/v2\/types\/page"}],"author":[{"embeddable":true,"href":"https:\/\/rocketplay-game.com\/pt-br\/wp-json\/wp\/v2\/users\/1"}],"replies":[{"embeddable":true,"href":"https:\/\/rocketplay-game.com\/pt-br\/wp-json\/wp\/v2\/comments?post=4375"}],"version-history":[{"count":1,"href":"https:\/\/rocketplay-game.com\/pt-br\/wp-json\/wp\/v2\/pages\/4375\/revisions"}],"predecessor-version":[{"id":4376,"href":"https:\/\/rocketplay-game.com\/pt-br\/wp-json\/wp\/v2\/pages\/4375\/revisions\/4376"}],"wp:attachment":[{"href":"https:\/\/rocketplay-game.com\/pt-br\/wp-json\/wp\/v2\/media?parent=4375"}],"curies":[{"name":"wp","href":"https:\/\/api.w.org\/{rel}","templated":true}]}}