{"id":4403,"date":"2024-01-22T15:37:01","date_gmt":"2024-01-22T12:37:01","guid":{"rendered":"https:\/\/rocketplay-game.com\/gdpr-policy\/"},"modified":"2024-01-22T18:12:23","modified_gmt":"2024-01-22T15:12:23","slug":"gdpr-policy","status":"publish","type":"page","link":"https:\/\/rocketplay-game.com\/pt-br\/gdpr-policy\/","title":{"rendered":"Pol\u00edtica de GDPR"},"content":{"rendered":"<p>No mundo din\u00e2mico dos jogos on-line, o RocketPlay Casino se destaca n\u00e3o apenas por seus jogos emocionantes e experi\u00eancias imersivas, mas tamb\u00e9m por seu compromisso inabal\u00e1vel de proteger os dados dos usu\u00e1rios. Em conformidade com o Regulamento Geral de Prote\u00e7\u00e3o de Dados (GDPR), o RocketPlay Casino implementou uma pol\u00edtica de privacidade robusta para garantir que as informa\u00e7\u00f5es pessoais dos jogadores sejam tratadas com o m\u00e1ximo de cuidado e transpar\u00eancia. Essa pol\u00edtica de GDPR \u00e9 uma prova de nossa dedica\u00e7\u00e3o em criar um ambiente de jogo seguro e agrad\u00e1vel para nossos usu\u00e1rios.<\/p>\n<h2>Transpar\u00eancia e responsabilidade<\/h2>\n<p>No RocketPlay Casino, a transpar\u00eancia est\u00e1 no centro de nossa estrat\u00e9gia de conformidade com o GDPR. Acreditamos em informar nossos jogadores sobre como seus dados s\u00e3o coletados, processados e utilizados. Nossa pol\u00edtica de privacidade \u00e9 facilmente acess\u00edvel em nosso site, fornecendo aos usu\u00e1rios uma vis\u00e3o geral abrangente das informa\u00e7\u00f5es que coletamos e as finalidades para as quais as utilizamos.<\/p>\n<p>Para garantir a responsabilidade, designamos um Diretor de Prote\u00e7\u00e3o de Dados (DPO) respons\u00e1vel por supervisionar a conformidade com as leis de prote\u00e7\u00e3o de dados e atender a quaisquer d\u00favidas ou preocupa\u00e7\u00f5es dos usu\u00e1rios. O DPO serve como um ponto de contato entre o RocketPlay Casino e as autoridades de prote\u00e7\u00e3o de dados, promovendo uma abordagem transparente e respons\u00e1vel \u00e0 privacidade de dados.<\/p>\n<h2>Processamento Legal e Justo de Dados<\/h2>\n<p>O RocketPlay Casino adere aos princ\u00edpios de processamento de dados legal e justo descritos no GDPR. Coletamos e processamos informa\u00e7\u00f5es pessoais apenas para fins espec\u00edficos e leg\u00edtimos, garantindo que nossos usu\u00e1rios saibam os motivos por tr\u00e1s da coleta de dados. Seja no registro da conta, no processamento de transa\u00e7\u00f5es ou em experi\u00eancias de jogo personalizadas, priorizamos a transpar\u00eancia em nossas pr\u00e1ticas de processamento de dados.<\/p>\n<p>Al\u00e9m disso, aderimos estritamente ao princ\u00edpio da minimiza\u00e7\u00e3o, coletando apenas os dados necess\u00e1rios para a finalidade pretendida. Isso garante que o RocketPlay Casino mantenha uma abordagem enxuta e focada no processamento de dados, minimizando o impacto potencial na privacidade do usu\u00e1rio.<\/p>\n<h2>Consentimento e controle do usu\u00e1rio<\/h2>\n<p>O respeito ao consentimento do usu\u00e1rio \u00e9 fundamental nos esfor\u00e7os de conformidade com o GDPR do RocketPlay Casino. Buscamos o consentimento expl\u00edcito de nossos usu\u00e1rios antes de coletar e processar suas informa\u00e7\u00f5es pessoais. Durante o processo de registro da conta, os jogadores recebem informa\u00e7\u00f5es claras e concisas sobre os dados que coletamos e como eles ser\u00e3o usados. Os usu\u00e1rios podem optar por n\u00e3o participar de determinadas atividades de processamento de dados, garantindo-lhes o controle sobre suas informa\u00e7\u00f5es pessoais.<\/p>\n<p>O RocketPlay Casino tamb\u00e9m reconhece o direito dos usu\u00e1rios de acessar, retificar ou apagar seus dados. Nossa interface de f\u00e1cil utiliza\u00e7\u00e3o permite que os jogadores gerenciem suas configura\u00e7\u00f5es de privacidade e personalizem sua experi\u00eancia de jogo de acordo com suas prefer\u00eancias. Esse compromisso com o controle do usu\u00e1rio d\u00e1 poder aos nossos jogadores e refor\u00e7a nossa dedica\u00e7\u00e3o em respeitar os direitos de privacidade individuais.<\/p>\n<h2>Medidas de seguran\u00e7a e integridade dos dados<\/h2>\n<p>A prote\u00e7\u00e3o dos dados do usu\u00e1rio \u00e9 uma prioridade m\u00e1xima no RocketPlay Casino. Empregamos medidas de seguran\u00e7a de \u00faltima gera\u00e7\u00e3o para proteger as informa\u00e7\u00f5es pessoais contra acesso n\u00e3o autorizado, divulga\u00e7\u00e3o, altera\u00e7\u00e3o e destrui\u00e7\u00e3o. Nossos servidores seguros, protocolos de criptografia e auditorias de seguran\u00e7a regulares garantem a integridade e a confidencialidade dos dados que manipulamos.<\/p>\n<p>Em conformidade com os princ\u00edpios de prote\u00e7\u00e3o de dados por design e por padr\u00e3o do GDPR, integramos medidas de privacidade em nossa plataforma de jogos desde o in\u00edcio. Essa abordagem proativa atende aos requisitos regulat\u00f3rios e reflete nosso compromisso de fornecer um ambiente de jogo seguro e confi\u00e1vel.<\/p>\n<h2>Transfer\u00eancias internacionais de dados e contratos com terceiros<\/h2>\n<p>Como uma plataforma global de jogos on-line, o RocketPlay Casino pode envolver a transfer\u00eancia de dados de usu\u00e1rios atrav\u00e9s de fronteiras internacionais. Para garantir a conformidade com o GDPR, implementamos salvaguardas apropriadas, como Cl\u00e1usulas Contratuais Padr\u00e3o (SCCs), para garantir a transfer\u00eancia legal de informa\u00e7\u00f5es pessoais. Esses acordos contratuais com terceiros garantem que os dados sejam tratados com o mesmo n\u00edvel de prote\u00e7\u00e3o exigido pelo GDPR.<\/p>\n<p>Ao contratar prestadores de servi\u00e7os terceirizados, o RocketPlay Casino seleciona cuidadosamente parceiros que compartilham nosso compromisso com a prote\u00e7\u00e3o de dados. Nossos contratos com essas entidades incluem cl\u00e1usulas espec\u00edficas que abordam a privacidade e a seguran\u00e7a dos dados, refor\u00e7ando nossa dedica\u00e7\u00e3o em manter os mais altos padr\u00f5es de prote\u00e7\u00e3o ao usu\u00e1rio.<\/p>\n<h2>Resposta e Notifica\u00e7\u00e3o de Viola\u00e7\u00e3o de Dados<\/h2>\n<p>Apesar das rigorosas medidas de seguran\u00e7a, o RocketPlay Casino reconhece a possibilidade de viola\u00e7\u00f5es de dados. Em um incidente de seguran\u00e7a, nossa equipe de resposta r\u00e1pida est\u00e1 preparada para tomar medidas imediatas para mitigar o impacto. N\u00f3s aderimos aos requisitos de notifica\u00e7\u00e3o do GDPR, informando imediatamente os usu\u00e1rios afetados e as autoridades relevantes sobre a viola\u00e7\u00e3o. Essa comunica\u00e7\u00e3o transparente garante que nossos usu\u00e1rios sejam notificados e capacitados a tomar as medidas adequadas para proteger suas informa\u00e7\u00f5es.<\/p>\n<h2>Melhoria Cont\u00ednua e Monitoramento de Conformidade<\/h2>\n<p>O RocketPlay Casino v\u00ea a conformidade com o GDPR como um compromisso cont\u00ednuo, em vez de uma tarefa \u00fanica. Monitoramos continuamente os desenvolvimentos regulat\u00f3rios, atualizando nossas pr\u00e1ticas de privacidade para nos alinharmos com quaisquer altera\u00e7\u00f5es nas leis de prote\u00e7\u00e3o de dados. Nosso compromisso com a conformidade vai al\u00e9m das obriga\u00e7\u00f5es legais; ele reflete nossa dedica\u00e7\u00e3o em promover a confian\u00e7a e a transpar\u00eancia com nossa comunidade de jogadores.<\/p>\n<p>Auditorias e avalia\u00e7\u00f5es regulares s\u00e3o realizadas para avaliar a efic\u00e1cia de nossas medidas de conformidade com o GDPR. O feedback dos usu\u00e1rios, das autoridades reguladoras e das avalia\u00e7\u00f5es internas contribuem para melhorar continuamente nossas pr\u00e1ticas de prote\u00e7\u00e3o de dados. Essa abordagem proativa refor\u00e7a a posi\u00e7\u00e3o do RocketPlay Casino como um administrador respons\u00e1vel dos dados do usu\u00e1rio no setor de jogos on-line.<\/p>\n","protected":false},"excerpt":{"rendered":"<p>No mundo din\u00e2mico dos jogos on-line, o RocketPlay Casino se destaca n\u00e3o apenas por seus jogos emocionantes e experi\u00eancias imersivas, mas tamb\u00e9m por seu compromisso inabal\u00e1vel de proteger os dados dos usu\u00e1rios. Em conformidade com o Regulamento Geral de Prote\u00e7\u00e3o de Dados (GDPR), o RocketPlay Casino implementou uma pol\u00edtica de privacidade robusta para garantir que&#8230;<\/p>\n","protected":false},"author":1,"featured_media":0,"parent":0,"menu_order":0,"comment_status":"closed","ping_status":"closed","template":"page-with-bonus.php","meta":{"_acf_changed":false,"_kad_post_transparent":"default","_kad_post_title":"default","_kad_post_layout":"default","_kad_post_sidebar_id":"","_kad_post_content_style":"default","_kad_post_vertical_padding":"default","_kad_post_feature":"","_kad_post_feature_position":"","_kad_post_header":false,"_kad_post_footer":false,"footnotes":""},"class_list":["post-4403","page","type-page","status-publish","hentry"],"acf":[],"rttpg_featured_image_url":null,"rttpg_author":{"display_name":"Tom","author_link":"https:\/\/rocketplay-game.com\/pt-br\/author\/pemvas95n89x\/"},"rttpg_comment":0,"rttpg_category":null,"rttpg_excerpt":"No mundo din\u00e2mico dos jogos on-line, o RocketPlay Casino se destaca n\u00e3o apenas por seus jogos emocionantes e experi\u00eancias imersivas, mas tamb\u00e9m por seu compromisso inabal\u00e1vel de proteger os dados dos usu\u00e1rios. Em conformidade com o Regulamento Geral de Prote\u00e7\u00e3o de Dados (GDPR), o RocketPlay Casino implementou uma pol\u00edtica de privacidade robusta para garantir que...","_links":{"self":[{"href":"https:\/\/rocketplay-game.com\/pt-br\/wp-json\/wp\/v2\/pages\/4403","targetHints":{"allow":["GET"]}}],"collection":[{"href":"https:\/\/rocketplay-game.com\/pt-br\/wp-json\/wp\/v2\/pages"}],"about":[{"href":"https:\/\/rocketplay-game.com\/pt-br\/wp-json\/wp\/v2\/types\/page"}],"author":[{"embeddable":true,"href":"https:\/\/rocketplay-game.com\/pt-br\/wp-json\/wp\/v2\/users\/1"}],"replies":[{"embeddable":true,"href":"https:\/\/rocketplay-game.com\/pt-br\/wp-json\/wp\/v2\/comments?post=4403"}],"version-history":[{"count":2,"href":"https:\/\/rocketplay-game.com\/pt-br\/wp-json\/wp\/v2\/pages\/4403\/revisions"}],"predecessor-version":[{"id":4406,"href":"https:\/\/rocketplay-game.com\/pt-br\/wp-json\/wp\/v2\/pages\/4403\/revisions\/4406"}],"wp:attachment":[{"href":"https:\/\/rocketplay-game.com\/pt-br\/wp-json\/wp\/v2\/media?parent=4403"}],"curies":[{"name":"wp","href":"https:\/\/api.w.org\/{rel}","templated":true}]}}