{"id":4532,"date":"2024-01-22T15:28:18","date_gmt":"2024-01-22T12:28:18","guid":{"rendered":"https:\/\/rocketplay-game.com\/underage-gaming-policy\/"},"modified":"2024-01-22T19:19:42","modified_gmt":"2024-01-22T16:19:42","slug":"underage-gaming-policy","status":"publish","type":"page","link":"https:\/\/rocketplay-game.com\/pt-br\/underage-gaming-policy\/","title":{"rendered":"Pol\u00edtica de Jogo para Menores de Idade"},"content":{"rendered":"<p>No din\u00e2mico cen\u00e1rio dos jogos on-line, o RocketPlay Casino se destaca n\u00e3o apenas por seus jogos emocionantes e recompensas atraentes, mas tamb\u00e9m por seu compromisso inabal\u00e1vel com o jogo respons\u00e1vel. No RocketPlay, o bem-estar dos jogadores \u00e9 primordial, e esse compromisso se estende para garantir que o jogo continue sendo uma atividade agrad\u00e1vel e apropriada para a idade. Isso se reflete na abrangente Pol\u00edtica de Jogo para Menores de Idade do RocketPlay Casino.<\/p>\n<h2>Por que o jogo para menores de idade \u00e9 importante<\/h2>\n<p>A quest\u00e3o do jogo para menores de idade \u00e9 uma preocupa\u00e7\u00e3o significativa no setor de jogos. Permitir que indiv\u00edduos abaixo da idade legal participem de atividades de jogos de azar n\u00e3o apenas viola os regulamentos legais, mas tamb\u00e9m apresenta riscos graves para o bem-estar dos jogadores menores de idade. O RocketPlay Casino reconhece a gravidade dessa quest\u00e3o e implementou medidas robustas para prevenir e lidar com o jogo de menores de idade.<\/p>\n<h2>Procedimentos rigorosos de verifica\u00e7\u00e3o de idade<\/h2>\n<p>O RocketPlay Casino emprega procedimentos rigorosos de verifica\u00e7\u00e3o de idade para manter a integridade de sua plataforma de jogos. Durante o processo de registro, os jogadores devem fornecer informa\u00e7\u00f5es precisas e verific\u00e1veis, incluindo sua data de nascimento. O RocketPlay utiliza tecnologias avan\u00e7adas de verifica\u00e7\u00e3o para cruzar essas informa\u00e7\u00f5es com bancos de dados confi\u00e1veis, garantindo que somente indiv\u00edduos com idade legal para jogar tenham acesso \u00e0 plataforma.<\/p>\n<h2>Colabora\u00e7\u00e3o com servi\u00e7os de verifica\u00e7\u00e3o de idade<\/h2>\n<p>O RocketPlay Casino vai um passo al\u00e9m ao colaborar com servi\u00e7os de verifica\u00e7\u00e3o de idade respeit\u00e1veis. Esses servi\u00e7os utilizam uma combina\u00e7\u00e3o de bancos de dados governamentais e outras fontes confi\u00e1veis para verificar a idade dos jogadores de forma independente. Essa camada adicional de verifica\u00e7\u00e3o aumenta a efic\u00e1cia do processo de verifica\u00e7\u00e3o de idade do RocketPlay, criando um ambiente mais seguro para todos os jogadores.<\/p>\n<h2>Iniciativas educacionais<\/h2>\n<p>A preven\u00e7\u00e3o \u00e9 um aspecto crucial da abordagem do RocketPlay Casino em rela\u00e7\u00e3o aos jogos para menores de idade. A plataforma tem o compromisso de educar tanto os jogadores quanto seus pais sobre os riscos potenciais associados ao jogo para menores de idade. O RocketPlay fornece recursos informativos, incluindo artigos e guias, para ajudar os usu\u00e1rios a entender a import\u00e2ncia do jogo respons\u00e1vel e as poss\u00edveis consequ\u00eancias do jogo para menores de idade.<\/p>\n<h2>Controle dos pais e monitoramento da conta<\/h2>\n<p>O RocketPlay Casino permite que os pais assumam um papel ativo no monitoramento e controle das atividades de jogo de seus filhos. A plataforma oferece recursos robustos de controle parental, permitindo que os pais limitem os gastos da conta, o acesso aos jogos e outros par\u00e2metros. Al\u00e9m disso, o RocketPlay emprega ferramentas de monitoramento sofisticadas para detectar padr\u00f5es incomuns de atividade que possam indicar jogos de menores de idade. S\u00e3o tomadas medidas imediatas para lidar com essas situa\u00e7\u00f5es e evitar mais acessos n\u00e3o autorizados.<\/p>\n<h2>Suspens\u00e3o imediata da conta<\/h2>\n<p>Se o RocketPlay Casino identificar um jogador menor de idade ou que tenha fornecido informa\u00e7\u00f5es falsas sobre sua idade, a plataforma tomar\u00e1 medidas imediatas e decisivas. A conta do jogador \u00e9 suspensa e todo o acesso \u00e0s atividades de jogo \u00e9 revogado at\u00e9 que uma investiga\u00e7\u00e3o completa seja conduzida. Essa resposta r\u00e1pida n\u00e3o apenas sustenta o compromisso do cassino com o jogo respons\u00e1vel, mas tamb\u00e9m serve como um impedimento para outras pessoas que tentam burlar as restri\u00e7\u00f5es de idade.<\/p>\n<h2>Colabora\u00e7\u00e3o com Organiza\u00e7\u00f5es de Jogo Respons\u00e1vel<\/h2>\n<p>O RocketPlay Casino colabora ativamente com organiza\u00e7\u00f5es de jogos respons\u00e1veis e de boa reputa\u00e7\u00e3o para se manter na vanguarda das melhores pr\u00e1ticas e padr\u00f5es do setor. Ao participar dessas parcerias, o cassino obt\u00e9m informa\u00e7\u00f5es valiosas sobre os mais recentes desenvolvimentos em jogos respons\u00e1veis e os incorpora em suas pol\u00edticas e procedimentos.<\/p>\n<h2>Aperfei\u00e7oamento e Adapta\u00e7\u00e3o Cont\u00ednuos<\/h2>\n<p>O RocketPlay Casino entende que o cen\u00e1rio do jogo est\u00e1 em constante evolu\u00e7\u00e3o e, como tal, o cassino est\u00e1 comprometido com a melhoria cont\u00ednua e a adapta\u00e7\u00e3o de suas pol\u00edticas de jogo para menores de idade. S\u00e3o realizadas revis\u00f5es regulares para avaliar a efic\u00e1cia das medidas existentes e s\u00e3o feitos ajustes para enfrentar os desafios emergentes. Essa abordagem proativa garante que o RocketPlay continue sendo um l\u00edder na promo\u00e7\u00e3o de pr\u00e1ticas de jogo respons\u00e1veis.<\/p>\n<p>A Pol\u00edtica de Jogo para Menores de Idade do RocketPlay Casino ressalta a dedica\u00e7\u00e3o da plataforma em criar um ambiente de jogo seguro e agrad\u00e1vel. Por meio de procedimentos rigorosos de verifica\u00e7\u00e3o de idade, iniciativas educacionais, controles parentais e colabora\u00e7\u00e3o com organiza\u00e7\u00f5es de jogos respons\u00e1veis, o RocketPlay se esfor\u00e7a para definir o padr\u00e3o de jogos respons\u00e1veis no setor de cassinos on-line. Quando os jogadores se envolvem na emo\u00e7\u00e3o dos jogos do RocketPlay, eles podem faz\u00ea-lo com a confian\u00e7a de que seu bem-estar e a integridade da experi\u00eancia de jogo s\u00e3o as principais prioridades do cassino.<\/p>\n","protected":false},"excerpt":{"rendered":"<p>No din\u00e2mico cen\u00e1rio dos jogos on-line, o RocketPlay Casino se destaca n\u00e3o apenas por seus jogos emocionantes e recompensas atraentes, mas tamb\u00e9m por seu compromisso inabal\u00e1vel com o jogo respons\u00e1vel. No RocketPlay, o bem-estar dos jogadores \u00e9 primordial, e esse compromisso se estende para garantir que o jogo continue sendo uma atividade agrad\u00e1vel e apropriada&#8230;<\/p>\n","protected":false},"author":1,"featured_media":0,"parent":0,"menu_order":0,"comment_status":"closed","ping_status":"closed","template":"page-with-bonus.php","meta":{"_acf_changed":false,"_kad_post_transparent":"default","_kad_post_title":"default","_kad_post_layout":"default","_kad_post_sidebar_id":"","_kad_post_content_style":"default","_kad_post_vertical_padding":"default","_kad_post_feature":"","_kad_post_feature_position":"","_kad_post_header":false,"_kad_post_footer":false,"footnotes":""},"class_list":["post-4532","page","type-page","status-publish","hentry"],"acf":[],"rttpg_featured_image_url":null,"rttpg_author":{"display_name":"Tom","author_link":"https:\/\/rocketplay-game.com\/pt-br\/author\/pemvas95n89x\/"},"rttpg_comment":0,"rttpg_category":null,"rttpg_excerpt":"No din\u00e2mico cen\u00e1rio dos jogos on-line, o RocketPlay Casino se destaca n\u00e3o apenas por seus jogos emocionantes e recompensas atraentes, mas tamb\u00e9m por seu compromisso inabal\u00e1vel com o jogo respons\u00e1vel. No RocketPlay, o bem-estar dos jogadores \u00e9 primordial, e esse compromisso se estende para garantir que o jogo continue sendo uma atividade agrad\u00e1vel e apropriada...","_links":{"self":[{"href":"https:\/\/rocketplay-game.com\/pt-br\/wp-json\/wp\/v2\/pages\/4532","targetHints":{"allow":["GET"]}}],"collection":[{"href":"https:\/\/rocketplay-game.com\/pt-br\/wp-json\/wp\/v2\/pages"}],"about":[{"href":"https:\/\/rocketplay-game.com\/pt-br\/wp-json\/wp\/v2\/types\/page"}],"author":[{"embeddable":true,"href":"https:\/\/rocketplay-game.com\/pt-br\/wp-json\/wp\/v2\/users\/1"}],"replies":[{"embeddable":true,"href":"https:\/\/rocketplay-game.com\/pt-br\/wp-json\/wp\/v2\/comments?post=4532"}],"version-history":[{"count":1,"href":"https:\/\/rocketplay-game.com\/pt-br\/wp-json\/wp\/v2\/pages\/4532\/revisions"}],"predecessor-version":[{"id":4533,"href":"https:\/\/rocketplay-game.com\/pt-br\/wp-json\/wp\/v2\/pages\/4532\/revisions\/4533"}],"wp:attachment":[{"href":"https:\/\/rocketplay-game.com\/pt-br\/wp-json\/wp\/v2\/media?parent=4532"}],"curies":[{"name":"wp","href":"https:\/\/api.w.org\/{rel}","templated":true}]}}